{"id":1270,"date":"2020-03-24T10:29:03","date_gmt":"2020-03-24T14:29:03","guid":{"rendered":"https:\/\/prest-math.org\/a-propos\/"},"modified":"2024-03-20T08:28:46","modified_gmt":"2024-03-20T12:28:46","slug":"about-us","status":"publish","type":"page","link":"https:\/\/prest-math.org\/en\/about-us\/","title":{"rendered":"About Us"},"content":{"rendered":"<h1>PREST-Presco bins will take you and your students on a wonderful adventure.<\/h1>\n<p>PREST is a non-profit organization (NFP) that offers educational resources for everyone in the education community. Their team of teachers, educational consultants, and researchers have joined forces to create practical, groundbreaking, and accessible content.<\/p>\n<p>Beyond all of its\u2019 offered resources, PREST-Math makes it\u00a0 easy for teachers to communicate with one another on Facebook. Its\u2019 networking option gives teachers the opportunity to conduct collaborative planning.<\/p>\n<h5>Our mission<\/h5>\n<p>Develop a centre of innovation and educational development for teaching and promoting mathematics, science and technology.<\/p>\n<h5>Our goals<\/h5>\n<ul>\n<li>Teach open, critical, eloquent, creative and qualified students in mathematics, science and technology.<\/li>\n<li>Develop new educational practices that promote quality mathematics teaching in primary school.<\/li>\n<li>Develop new educational practices that promote science education, from primary school to high school.<\/li>\n<li>Promote careers in science and technology.<\/li>\n<\/ul>\n<h5>Members of our Board of Directors<\/h5>\n<p><strong>MR. FABIEN GIGU\u00c8RE<\/strong><br \/>\nPresident<br \/>\nGeneral Director<br \/>\nSchool Service Centre of Beauce-Etchemin<\/p>\n<p><strong>MRS. ISABELLE GILBERT<br \/>\n<\/strong>Vice-president and secretary-treasurer<br \/>\nDeputy Managing Director<br \/>\nSchool Service Centre of Beauce-Etchemin<\/p>\n<p><strong>MRS. \u00a0IZABELLA OLIVEIRA<br \/>\n<\/strong>Board member<br \/>\nProfessor and researcher in didactics of mathematics<br \/>\nLaval University<\/p>\n<p><strong>MR. THOMAS RAJOTTE<\/strong><br \/>\nBoard member<br \/>\nProfessor and researcher in didactics of mathematics <br \/>\nUniversity of Quebec at Rimouski, L\u00e9vis<\/p>\n<p><strong>MRS. LINDA ST-PIERRE<\/strong><br \/>\nBoard member<br \/>\nPresident and General Manager<br \/>\nCentre de transfert pour la r\u00e9ussite \u00e9ducative du Qu\u00e9bec (CTREQ)<\/p>\n<p><strong>MRS. Marie-No\u00eblle Goulet<\/strong><br \/>\nBoard member<br \/>\nCommunications Director<br \/>\nCanam Group Inc.<\/p>\n<p><strong>MRS. LYSIANE VAN DER\u00a0 KNAAP<\/strong><br \/>\nBoard member<br \/>\nGeneral Director<br \/>\nEducation internationale<\/p>\n<p><strong>MRS. JOVETTE DESCH\u00caNES<\/strong><br \/>\nBoard member<br \/>\nRetired school counsellor<br \/>\nSchool Service Centre of Premi\u00e8res-Seigneuries<\/p>\n","protected":false},"excerpt":{"rendered":"<p>PREST-Presco bins will take you and your students on a wonderful adventure. PREST is a non-profit organization (NFP) that offers educational resources for everyone in the education community. Their team of teachers, educational consultants, and researchers have joined forces to create practical, groundbreaking, and accessible content. Beyond all of its\u2019 offered resources, PREST-Math makes it\u00a0 [&hellip;]<\/p>\n","protected":false},"author":1,"featured_media":1271,"parent":0,"menu_order":2,"comment_status":"closed","ping_status":"closed","template":"page.php","meta":{"_acf_changed":false,"footnotes":""},"acf":[],"yoast_head":"<!-- This site is optimized with the Yoast SEO plugin v22.5 - https:\/\/yoast.com\/wordpress\/plugins\/seo\/ -->\n<title>PREST-Math, ressources \u00e9ducatives et guides p\u00e9dagogiques pour enseignants<\/title>\n<meta name=\"description\" content=\"PREST-Math, expertise et d\u00e9veloppement p\u00e9dagogique destin\u00e9 \u00e0 l&#039;enseignement et \u00e0 la promotion des math\u00e9matiques, de la science et de la technologie.\" \/>\n<meta name=\"robots\" content=\"index, follow, max-snippet:-1, max-image-preview:large, max-video-preview:-1\" \/>\n<link rel=\"canonical\" href=\"https:\/\/prest-math.org\/en\/about-us\/\" \/>\n<meta property=\"og:locale\" content=\"en_US\" \/>\n<meta property=\"og:type\" content=\"article\" \/>\n<meta property=\"og:title\" content=\"PREST-Math, ressources \u00e9ducatives et guides p\u00e9dagogiques pour enseignants\" \/>\n<meta property=\"og:description\" content=\"PREST-Math, expertise et d\u00e9veloppement p\u00e9dagogique destin\u00e9 \u00e0 l&#039;enseignement et \u00e0 la promotion des math\u00e9matiques, de la science et de la technologie.\" \/>\n<meta property=\"og:url\" content=\"https:\/\/prest-math.org\/en\/about-us\/\" \/>\n<meta property=\"og:site_name\" content=\"PREST\" \/>\n<meta property=\"article:modified_time\" content=\"2024-03-20T12:28:46+00:00\" \/>\n<meta property=\"og:image\" content=\"https:\/\/prest-math.org\/wp-content\/uploads\/2020\/03\/prest-math-a-propos.jpg\" \/>\n\t<meta property=\"og:image:width\" content=\"1637\" \/>\n\t<meta property=\"og:image:height\" content=\"434\" \/>\n\t<meta property=\"og:image:type\" content=\"image\/jpeg\" \/>\n<meta name=\"twitter:card\" content=\"summary_large_image\" \/>\n<meta name=\"twitter:label1\" content=\"Est. reading time\" \/>\n\t<meta name=\"twitter:data1\" content=\"1 minute\" \/>\n<script type=\"application\/ld+json\" class=\"yoast-schema-graph\">{\"@context\":\"https:\/\/schema.org\",\"@graph\":[{\"@type\":\"WebPage\",\"@id\":\"https:\/\/prest-math.org\/en\/about-us\/\",\"url\":\"https:\/\/prest-math.org\/en\/about-us\/\",\"name\":\"PREST-Math, ressources \u00e9ducatives et guides p\u00e9dagogiques pour enseignants\",\"isPartOf\":{\"@id\":\"https:\/\/prest-math.org\/#website\"},\"primaryImageOfPage\":{\"@id\":\"https:\/\/prest-math.org\/en\/about-us\/#primaryimage\"},\"image\":{\"@id\":\"https:\/\/prest-math.org\/en\/about-us\/#primaryimage\"},\"thumbnailUrl\":\"https:\/\/prest-math.org\/wp-content\/uploads\/2020\/03\/prest-math-a-propos.jpg\",\"datePublished\":\"2020-03-24T14:29:03+00:00\",\"dateModified\":\"2024-03-20T12:28:46+00:00\",\"description\":\"PREST-Math, expertise et d\u00e9veloppement p\u00e9dagogique destin\u00e9 \u00e0 l'enseignement et \u00e0 la promotion des math\u00e9matiques, de la science et de la technologie.\",\"breadcrumb\":{\"@id\":\"https:\/\/prest-math.org\/en\/about-us\/#breadcrumb\"},\"inLanguage\":\"en-US\",\"potentialAction\":[{\"@type\":\"ReadAction\",\"target\":[\"https:\/\/prest-math.org\/en\/about-us\/\"]}]},{\"@type\":\"ImageObject\",\"inLanguage\":\"en-US\",\"@id\":\"https:\/\/prest-math.org\/en\/about-us\/#primaryimage\",\"url\":\"https:\/\/prest-math.org\/wp-content\/uploads\/2020\/03\/prest-math-a-propos.jpg\",\"contentUrl\":\"https:\/\/prest-math.org\/wp-content\/uploads\/2020\/03\/prest-math-a-propos.jpg\",\"width\":1637,\"height\":434},{\"@type\":\"BreadcrumbList\",\"@id\":\"https:\/\/prest-math.org\/en\/about-us\/#breadcrumb\",\"itemListElement\":[{\"@type\":\"ListItem\",\"position\":1,\"name\":\"Accueil\",\"item\":\"https:\/\/prest-math.org\/en\/\"},{\"@type\":\"ListItem\",\"position\":2,\"name\":\"About Us\"}]},{\"@type\":\"WebSite\",\"@id\":\"https:\/\/prest-math.org\/#website\",\"url\":\"https:\/\/prest-math.org\/\",\"name\":\"PREST\",\"description\":\"\",\"publisher\":{\"@id\":\"https:\/\/prest-math.org\/#organization\"},\"potentialAction\":[{\"@type\":\"SearchAction\",\"target\":{\"@type\":\"EntryPoint\",\"urlTemplate\":\"https:\/\/prest-math.org\/?s={search_term_string}\"},\"query-input\":\"required name=search_term_string\"}],\"inLanguage\":\"en-US\"},{\"@type\":\"Organization\",\"@id\":\"https:\/\/prest-math.org\/#organization\",\"name\":\"PREST\",\"url\":\"https:\/\/prest-math.org\/\",\"logo\":{\"@type\":\"ImageObject\",\"inLanguage\":\"en-US\",\"@id\":\"https:\/\/prest-math.org\/#\/schema\/logo\/image\/\",\"url\":\"https:\/\/prest-math.org\/wp-content\/uploads\/2020\/03\/logo_prest-math.png\",\"contentUrl\":\"https:\/\/prest-math.org\/wp-content\/uploads\/2020\/03\/logo_prest-math.png\",\"width\":580,\"height\":54,\"caption\":\"PREST\"},\"image\":{\"@id\":\"https:\/\/prest-math.org\/#\/schema\/logo\/image\/\"}}]}<\/script>\n<!-- \/ Yoast SEO plugin. -->","yoast_head_json":{"title":"PREST-Math, ressources \u00e9ducatives et guides p\u00e9dagogiques pour enseignants","description":"PREST-Math, expertise et d\u00e9veloppement p\u00e9dagogique destin\u00e9 \u00e0 l'enseignement et \u00e0 la promotion des math\u00e9matiques, de la science et de la technologie.","robots":{"index":"index","follow":"follow","max-snippet":"max-snippet:-1","max-image-preview":"max-image-preview:large","max-video-preview":"max-video-preview:-1"},"canonical":"https:\/\/prest-math.org\/en\/about-us\/","og_locale":"en_US","og_type":"article","og_title":"PREST-Math, ressources \u00e9ducatives et guides p\u00e9dagogiques pour enseignants","og_description":"PREST-Math, expertise et d\u00e9veloppement p\u00e9dagogique destin\u00e9 \u00e0 l'enseignement et \u00e0 la promotion des math\u00e9matiques, de la science et de la technologie.","og_url":"https:\/\/prest-math.org\/en\/about-us\/","og_site_name":"PREST","article_modified_time":"2024-03-20T12:28:46+00:00","og_image":[{"width":1637,"height":434,"url":"https:\/\/prest-math.org\/wp-content\/uploads\/2020\/03\/prest-math-a-propos.jpg","type":"image\/jpeg"}],"twitter_card":"summary_large_image","twitter_misc":{"Est. reading time":"1 minute"},"schema":{"@context":"https:\/\/schema.org","@graph":[{"@type":"WebPage","@id":"https:\/\/prest-math.org\/en\/about-us\/","url":"https:\/\/prest-math.org\/en\/about-us\/","name":"PREST-Math, ressources \u00e9ducatives et guides p\u00e9dagogiques pour enseignants","isPartOf":{"@id":"https:\/\/prest-math.org\/#website"},"primaryImageOfPage":{"@id":"https:\/\/prest-math.org\/en\/about-us\/#primaryimage"},"image":{"@id":"https:\/\/prest-math.org\/en\/about-us\/#primaryimage"},"thumbnailUrl":"https:\/\/prest-math.org\/wp-content\/uploads\/2020\/03\/prest-math-a-propos.jpg","datePublished":"2020-03-24T14:29:03+00:00","dateModified":"2024-03-20T12:28:46+00:00","description":"PREST-Math, expertise et d\u00e9veloppement p\u00e9dagogique destin\u00e9 \u00e0 l'enseignement et \u00e0 la promotion des math\u00e9matiques, de la science et de la technologie.","breadcrumb":{"@id":"https:\/\/prest-math.org\/en\/about-us\/#breadcrumb"},"inLanguage":"en-US","potentialAction":[{"@type":"ReadAction","target":["https:\/\/prest-math.org\/en\/about-us\/"]}]},{"@type":"ImageObject","inLanguage":"en-US","@id":"https:\/\/prest-math.org\/en\/about-us\/#primaryimage","url":"https:\/\/prest-math.org\/wp-content\/uploads\/2020\/03\/prest-math-a-propos.jpg","contentUrl":"https:\/\/prest-math.org\/wp-content\/uploads\/2020\/03\/prest-math-a-propos.jpg","width":1637,"height":434},{"@type":"BreadcrumbList","@id":"https:\/\/prest-math.org\/en\/about-us\/#breadcrumb","itemListElement":[{"@type":"ListItem","position":1,"name":"Accueil","item":"https:\/\/prest-math.org\/en\/"},{"@type":"ListItem","position":2,"name":"About Us"}]},{"@type":"WebSite","@id":"https:\/\/prest-math.org\/#website","url":"https:\/\/prest-math.org\/","name":"PREST","description":"","publisher":{"@id":"https:\/\/prest-math.org\/#organization"},"potentialAction":[{"@type":"SearchAction","target":{"@type":"EntryPoint","urlTemplate":"https:\/\/prest-math.org\/?s={search_term_string}"},"query-input":"required name=search_term_string"}],"inLanguage":"en-US"},{"@type":"Organization","@id":"https:\/\/prest-math.org\/#organization","name":"PREST","url":"https:\/\/prest-math.org\/","logo":{"@type":"ImageObject","inLanguage":"en-US","@id":"https:\/\/prest-math.org\/#\/schema\/logo\/image\/","url":"https:\/\/prest-math.org\/wp-content\/uploads\/2020\/03\/logo_prest-math.png","contentUrl":"https:\/\/prest-math.org\/wp-content\/uploads\/2020\/03\/logo_prest-math.png","width":580,"height":54,"caption":"PREST"},"image":{"@id":"https:\/\/prest-math.org\/#\/schema\/logo\/image\/"}}]}},"_links":{"self":[{"href":"https:\/\/prest-math.org\/en\/wp-json\/wp\/v2\/pages\/1270"}],"collection":[{"href":"https:\/\/prest-math.org\/en\/wp-json\/wp\/v2\/pages"}],"about":[{"href":"https:\/\/prest-math.org\/en\/wp-json\/wp\/v2\/types\/page"}],"author":[{"embeddable":true,"href":"https:\/\/prest-math.org\/en\/wp-json\/wp\/v2\/users\/1"}],"replies":[{"embeddable":true,"href":"https:\/\/prest-math.org\/en\/wp-json\/wp\/v2\/comments?post=1270"}],"version-history":[{"count":6,"href":"https:\/\/prest-math.org\/en\/wp-json\/wp\/v2\/pages\/1270\/revisions"}],"predecessor-version":[{"id":1837,"href":"https:\/\/prest-math.org\/en\/wp-json\/wp\/v2\/pages\/1270\/revisions\/1837"}],"wp:featuredmedia":[{"embeddable":true,"href":"https:\/\/prest-math.org\/en\/wp-json\/wp\/v2\/media\/1271"}],"wp:attachment":[{"href":"https:\/\/prest-math.org\/en\/wp-json\/wp\/v2\/media?parent=1270"}],"curies":[{"name":"wp","href":"https:\/\/api.w.org\/{rel}","templated":true}]}}