{"id":1276,"date":"2020-03-23T18:34:14","date_gmt":"2020-03-23T17:34:14","guid":{"rendered":"https:\/\/prest-math.org\/page-d-exemple\/"},"modified":"2021-12-02T08:08:25","modified_gmt":"2021-12-02T13:08:25","slug":"page-d-exemple","status":"publish","type":"page","link":"https:\/\/prest-math.org\/en\/","title":{"rendered":"Home"},"content":{"rendered":"<h1>Educational resources for everyone in the education community<\/h1>\n<p>All of our resources come from a collaboration between teachers, educational consultants and researchers from every region in Quebec, with help from instructors and researchers from many countries. Whether it\u2019s in Quebec, Panama, Colombia or Dominican Republic, our PREST-Presco bins are now used in many school board . Now that our bins have been translated into English, tests will be conducted in all of Canada and, then, in the United States. This project is distributed in three languages: English, French and Spanish.<\/p>\n<p>At its\u2019 core, PREST-Math is an educational approach that gives you the opportunity to transform your classroom into a community of motivated and captivated young researchers. All while keeping in touch with reality and being accessible for your classroom, this project is built upon many recent research in education and didactics.<\/p>\n<p>Whether you want to improve your craft or gain access to practical planning, the PREST-Presco bins will accommodate your every need. This project also includes a growing network of educators that can communicate and collaborate, without barriers, through Facebook or our online training website.<\/p>\n<h6><a href=\"https:\/\/prest-math.org\/en\/about-us\/\">About us<\/a><\/h6>\n","protected":false},"excerpt":{"rendered":"<p>Educational resources for everyone in the education community All of our resources come from a collaboration between teachers, educational consultants and researchers from every region in Quebec, with help from instructors and researchers from many countries. Whether it\u2019s in Quebec, Panama, Colombia or Dominican Republic, our PREST-Presco bins are now used in many school board [&hellip;]<\/p>\n","protected":false},"author":1,"featured_media":0,"parent":0,"menu_order":1,"comment_status":"closed","ping_status":"open","template":"page-accueil.php","meta":{"_acf_changed":false,"footnotes":""},"acf":[],"yoast_head":"<!-- This site is optimized with the Yoast SEO plugin v22.5 - https:\/\/yoast.com\/wordpress\/plugins\/seo\/ -->\n<title>Guides p\u00e9dagogiques, mat\u00e9riel pour apprentissage des \u00e9l\u00e8ves | PREST-Math<\/title>\n<meta name=\"description\" content=\"PREST-Math, ressources \u00e9ducatives pour milieux scolaires. Transformez votre classe en petit chercheurs motiv\u00e9s avec nos guides p\u00e9dagogiques et livres scolaires.\" \/>\n<meta name=\"robots\" content=\"index, follow, max-snippet:-1, max-image-preview:large, max-video-preview:-1\" \/>\n<link rel=\"canonical\" href=\"https:\/\/prest-math.org\/en\/\" \/>\n<meta property=\"og:locale\" content=\"en_US\" \/>\n<meta property=\"og:type\" content=\"article\" \/>\n<meta property=\"og:title\" content=\"Guides p\u00e9dagogiques, mat\u00e9riel pour apprentissage des \u00e9l\u00e8ves | PREST-Math\" \/>\n<meta property=\"og:description\" content=\"PREST-Math, ressources \u00e9ducatives pour milieux scolaires. Transformez votre classe en petit chercheurs motiv\u00e9s avec nos guides p\u00e9dagogiques et livres scolaires.\" \/>\n<meta property=\"og:url\" content=\"https:\/\/prest-math.org\/en\/\" \/>\n<meta property=\"og:site_name\" content=\"PREST\" \/>\n<meta property=\"article:modified_time\" content=\"2021-12-02T13:08:25+00:00\" \/>\n<meta property=\"og:image\" content=\"https:\/\/prest-math.org\/wp-content\/uploads\/2020\/03\/facebook_share.jpg\" \/>\n\t<meta property=\"og:image:width\" content=\"1200\" \/>\n\t<meta property=\"og:image:height\" content=\"628\" \/>\n\t<meta property=\"og:image:type\" content=\"image\/jpeg\" \/>\n<meta name=\"twitter:card\" content=\"summary_large_image\" \/>\n<meta name=\"twitter:label1\" content=\"Est. reading time\" \/>\n\t<meta name=\"twitter:data1\" content=\"1 minute\" \/>\n<script type=\"application\/ld+json\" class=\"yoast-schema-graph\">{\"@context\":\"https:\/\/schema.org\",\"@graph\":[{\"@type\":\"WebPage\",\"@id\":\"https:\/\/prest-math.org\/en\/\",\"url\":\"https:\/\/prest-math.org\/en\/\",\"name\":\"Guides p\u00e9dagogiques, mat\u00e9riel pour apprentissage des \u00e9l\u00e8ves | PREST-Math\",\"isPartOf\":{\"@id\":\"https:\/\/prest-math.org\/#website\"},\"datePublished\":\"2020-03-23T17:34:14+00:00\",\"dateModified\":\"2021-12-02T13:08:25+00:00\",\"description\":\"PREST-Math, ressources \u00e9ducatives pour milieux scolaires. Transformez votre classe en petit chercheurs motiv\u00e9s avec nos guides p\u00e9dagogiques et livres scolaires.\",\"breadcrumb\":{\"@id\":\"https:\/\/prest-math.org\/en\/#breadcrumb\"},\"inLanguage\":\"en-US\",\"potentialAction\":[{\"@type\":\"ReadAction\",\"target\":[\"https:\/\/prest-math.org\/en\/\"]}]},{\"@type\":\"BreadcrumbList\",\"@id\":\"https:\/\/prest-math.org\/en\/#breadcrumb\",\"itemListElement\":[{\"@type\":\"ListItem\",\"position\":1,\"name\":\"Accueil\",\"item\":\"https:\/\/prest-math.org\/en\/\"},{\"@type\":\"ListItem\",\"position\":2,\"name\":\"Home\"}]},{\"@type\":\"WebSite\",\"@id\":\"https:\/\/prest-math.org\/#website\",\"url\":\"https:\/\/prest-math.org\/\",\"name\":\"PREST\",\"description\":\"\",\"publisher\":{\"@id\":\"https:\/\/prest-math.org\/#organization\"},\"potentialAction\":[{\"@type\":\"SearchAction\",\"target\":{\"@type\":\"EntryPoint\",\"urlTemplate\":\"https:\/\/prest-math.org\/?s={search_term_string}\"},\"query-input\":\"required name=search_term_string\"}],\"inLanguage\":\"en-US\"},{\"@type\":\"Organization\",\"@id\":\"https:\/\/prest-math.org\/#organization\",\"name\":\"PREST\",\"url\":\"https:\/\/prest-math.org\/\",\"logo\":{\"@type\":\"ImageObject\",\"inLanguage\":\"en-US\",\"@id\":\"https:\/\/prest-math.org\/#\/schema\/logo\/image\/\",\"url\":\"https:\/\/prest-math.org\/wp-content\/uploads\/2020\/03\/logo_prest-math.png\",\"contentUrl\":\"https:\/\/prest-math.org\/wp-content\/uploads\/2020\/03\/logo_prest-math.png\",\"width\":580,\"height\":54,\"caption\":\"PREST\"},\"image\":{\"@id\":\"https:\/\/prest-math.org\/#\/schema\/logo\/image\/\"}}]}<\/script>\n<!-- \/ Yoast SEO plugin. -->","yoast_head_json":{"title":"Guides p\u00e9dagogiques, mat\u00e9riel pour apprentissage des \u00e9l\u00e8ves | PREST-Math","description":"PREST-Math, ressources \u00e9ducatives pour milieux scolaires. Transformez votre classe en petit chercheurs motiv\u00e9s avec nos guides p\u00e9dagogiques et livres scolaires.","robots":{"index":"index","follow":"follow","max-snippet":"max-snippet:-1","max-image-preview":"max-image-preview:large","max-video-preview":"max-video-preview:-1"},"canonical":"https:\/\/prest-math.org\/en\/","og_locale":"en_US","og_type":"article","og_title":"Guides p\u00e9dagogiques, mat\u00e9riel pour apprentissage des \u00e9l\u00e8ves | PREST-Math","og_description":"PREST-Math, ressources \u00e9ducatives pour milieux scolaires. Transformez votre classe en petit chercheurs motiv\u00e9s avec nos guides p\u00e9dagogiques et livres scolaires.","og_url":"https:\/\/prest-math.org\/en\/","og_site_name":"PREST","article_modified_time":"2021-12-02T13:08:25+00:00","og_image":[{"width":1200,"height":628,"url":"https:\/\/prest-math.org\/wp-content\/uploads\/2020\/03\/facebook_share.jpg","type":"image\/jpeg"}],"twitter_card":"summary_large_image","twitter_misc":{"Est. reading time":"1 minute"},"schema":{"@context":"https:\/\/schema.org","@graph":[{"@type":"WebPage","@id":"https:\/\/prest-math.org\/en\/","url":"https:\/\/prest-math.org\/en\/","name":"Guides p\u00e9dagogiques, mat\u00e9riel pour apprentissage des \u00e9l\u00e8ves | PREST-Math","isPartOf":{"@id":"https:\/\/prest-math.org\/#website"},"datePublished":"2020-03-23T17:34:14+00:00","dateModified":"2021-12-02T13:08:25+00:00","description":"PREST-Math, ressources \u00e9ducatives pour milieux scolaires. Transformez votre classe en petit chercheurs motiv\u00e9s avec nos guides p\u00e9dagogiques et livres scolaires.","breadcrumb":{"@id":"https:\/\/prest-math.org\/en\/#breadcrumb"},"inLanguage":"en-US","potentialAction":[{"@type":"ReadAction","target":["https:\/\/prest-math.org\/en\/"]}]},{"@type":"BreadcrumbList","@id":"https:\/\/prest-math.org\/en\/#breadcrumb","itemListElement":[{"@type":"ListItem","position":1,"name":"Accueil","item":"https:\/\/prest-math.org\/en\/"},{"@type":"ListItem","position":2,"name":"Home"}]},{"@type":"WebSite","@id":"https:\/\/prest-math.org\/#website","url":"https:\/\/prest-math.org\/","name":"PREST","description":"","publisher":{"@id":"https:\/\/prest-math.org\/#organization"},"potentialAction":[{"@type":"SearchAction","target":{"@type":"EntryPoint","urlTemplate":"https:\/\/prest-math.org\/?s={search_term_string}"},"query-input":"required name=search_term_string"}],"inLanguage":"en-US"},{"@type":"Organization","@id":"https:\/\/prest-math.org\/#organization","name":"PREST","url":"https:\/\/prest-math.org\/","logo":{"@type":"ImageObject","inLanguage":"en-US","@id":"https:\/\/prest-math.org\/#\/schema\/logo\/image\/","url":"https:\/\/prest-math.org\/wp-content\/uploads\/2020\/03\/logo_prest-math.png","contentUrl":"https:\/\/prest-math.org\/wp-content\/uploads\/2020\/03\/logo_prest-math.png","width":580,"height":54,"caption":"PREST"},"image":{"@id":"https:\/\/prest-math.org\/#\/schema\/logo\/image\/"}}]}},"_links":{"self":[{"href":"https:\/\/prest-math.org\/en\/wp-json\/wp\/v2\/pages\/1276"}],"collection":[{"href":"https:\/\/prest-math.org\/en\/wp-json\/wp\/v2\/pages"}],"about":[{"href":"https:\/\/prest-math.org\/en\/wp-json\/wp\/v2\/types\/page"}],"author":[{"embeddable":true,"href":"https:\/\/prest-math.org\/en\/wp-json\/wp\/v2\/users\/1"}],"replies":[{"embeddable":true,"href":"https:\/\/prest-math.org\/en\/wp-json\/wp\/v2\/comments?post=1276"}],"version-history":[{"count":5,"href":"https:\/\/prest-math.org\/en\/wp-json\/wp\/v2\/pages\/1276\/revisions"}],"predecessor-version":[{"id":1336,"href":"https:\/\/prest-math.org\/en\/wp-json\/wp\/v2\/pages\/1276\/revisions\/1336"}],"wp:attachment":[{"href":"https:\/\/prest-math.org\/en\/wp-json\/wp\/v2\/media?parent=1276"}],"curies":[{"name":"wp","href":"https:\/\/api.w.org\/{rel}","templated":true}]}}