{"id":1293,"date":"2020-03-24T14:31:43","date_gmt":"2020-03-24T18:31:43","guid":{"rendered":"https:\/\/prest-math.org\/commander\/"},"modified":"2025-05-02T13:47:32","modified_gmt":"2025-05-02T17:47:32","slug":"order","status":"publish","type":"page","link":"https:\/\/prest-math.org\/en\/order\/","title":{"rendered":"Order"},"content":{"rendered":"<p><strong>Customer service from the Spectrum team<\/strong><br \/>\n<a href=\"mailto:InfoQuebec@spectrumed.com\">InfoQuebec@spectrumed.com<\/a><br \/>\nT (800) 344-7624 F (877) 651-9430<\/p>\n<p>&nbsp;<\/p>\n<h5>PREST-Presco bins:<br \/>\nMathematical awakening in preschool<\/h5>\n<h6><a style=\"font-weight: bold;\" href=\"https:\/\/prest-math.org\/wp-content\/uploads\/2025\/05\/PRESCO-STARTER-KITS-ORDER-FORM-2025-v05-30.pdf\">Preschool Purchase Order<\/a><\/h6>\n","protected":false},"excerpt":{"rendered":"<p>Customer service from the Spectrum team InfoQuebec@spectrumed.com T (800) 344-7624 F (877) 651-9430 &nbsp; PREST-Presco bins: Mathematical awakening in preschool Preschool Purchase Order<\/p>\n","protected":false},"author":1,"featured_media":1271,"parent":0,"menu_order":20,"comment_status":"closed","ping_status":"closed","template":"page-commander.php","meta":{"_acf_changed":false,"footnotes":""},"acf":[],"yoast_head":"<!-- This site is optimized with the Yoast SEO plugin v22.5 - https:\/\/yoast.com\/wordpress\/plugins\/seo\/ -->\n<title>Guides p\u00e9dagogiques et cahiers d\u2019\u00e9l\u00e8ves PREST-Math, commandez-les!<\/title>\n<meta name=\"description\" content=\"Commandez d\u00e8s maintenant vos guides p\u00e9dagogiques et cahiers d&#039;\u00e9l\u00e8ves PREST-Math. Livres scolaires pour enseignants destin\u00e9s aux apprentissages des \u00e9l\u00e8ves.\" \/>\n<meta name=\"robots\" content=\"index, follow, max-snippet:-1, max-image-preview:large, max-video-preview:-1\" \/>\n<link rel=\"canonical\" href=\"https:\/\/prest-math.org\/en\/order\/\" \/>\n<meta property=\"og:locale\" content=\"en_US\" \/>\n<meta property=\"og:type\" content=\"article\" \/>\n<meta property=\"og:title\" content=\"Guides p\u00e9dagogiques et cahiers d\u2019\u00e9l\u00e8ves PREST-Math, commandez-les!\" \/>\n<meta property=\"og:description\" content=\"Commandez d\u00e8s maintenant vos guides p\u00e9dagogiques et cahiers d&#039;\u00e9l\u00e8ves PREST-Math. Livres scolaires pour enseignants destin\u00e9s aux apprentissages des \u00e9l\u00e8ves.\" \/>\n<meta property=\"og:url\" content=\"https:\/\/prest-math.org\/en\/order\/\" \/>\n<meta property=\"og:site_name\" content=\"PREST\" \/>\n<meta property=\"article:modified_time\" content=\"2025-05-02T17:47:32+00:00\" \/>\n<meta property=\"og:image\" content=\"https:\/\/prest-math.org\/wp-content\/uploads\/2020\/03\/prest-math-a-propos.jpg\" \/>\n\t<meta property=\"og:image:width\" content=\"1637\" \/>\n\t<meta property=\"og:image:height\" content=\"434\" \/>\n\t<meta property=\"og:image:type\" content=\"image\/jpeg\" \/>\n<meta name=\"twitter:card\" content=\"summary_large_image\" \/>\n<meta name=\"twitter:label1\" content=\"Est. reading time\" \/>\n\t<meta name=\"twitter:data1\" content=\"1 minute\" \/>\n<script type=\"application\/ld+json\" class=\"yoast-schema-graph\">{\"@context\":\"https:\/\/schema.org\",\"@graph\":[{\"@type\":\"WebPage\",\"@id\":\"https:\/\/prest-math.org\/en\/order\/\",\"url\":\"https:\/\/prest-math.org\/en\/order\/\",\"name\":\"Guides p\u00e9dagogiques et cahiers d\u2019\u00e9l\u00e8ves PREST-Math, commandez-les!\",\"isPartOf\":{\"@id\":\"https:\/\/prest-math.org\/#website\"},\"primaryImageOfPage\":{\"@id\":\"https:\/\/prest-math.org\/en\/order\/#primaryimage\"},\"image\":{\"@id\":\"https:\/\/prest-math.org\/en\/order\/#primaryimage\"},\"thumbnailUrl\":\"https:\/\/prest-math.org\/wp-content\/uploads\/2020\/03\/prest-math-a-propos.jpg\",\"datePublished\":\"2020-03-24T18:31:43+00:00\",\"dateModified\":\"2025-05-02T17:47:32+00:00\",\"description\":\"Commandez d\u00e8s maintenant vos guides p\u00e9dagogiques et cahiers d'\u00e9l\u00e8ves PREST-Math. Livres scolaires pour enseignants destin\u00e9s aux apprentissages des \u00e9l\u00e8ves.\",\"breadcrumb\":{\"@id\":\"https:\/\/prest-math.org\/en\/order\/#breadcrumb\"},\"inLanguage\":\"en-US\",\"potentialAction\":[{\"@type\":\"ReadAction\",\"target\":[\"https:\/\/prest-math.org\/en\/order\/\"]}]},{\"@type\":\"ImageObject\",\"inLanguage\":\"en-US\",\"@id\":\"https:\/\/prest-math.org\/en\/order\/#primaryimage\",\"url\":\"https:\/\/prest-math.org\/wp-content\/uploads\/2020\/03\/prest-math-a-propos.jpg\",\"contentUrl\":\"https:\/\/prest-math.org\/wp-content\/uploads\/2020\/03\/prest-math-a-propos.jpg\",\"width\":1637,\"height\":434},{\"@type\":\"BreadcrumbList\",\"@id\":\"https:\/\/prest-math.org\/en\/order\/#breadcrumb\",\"itemListElement\":[{\"@type\":\"ListItem\",\"position\":1,\"name\":\"Accueil\",\"item\":\"https:\/\/prest-math.org\/en\/\"},{\"@type\":\"ListItem\",\"position\":2,\"name\":\"Order\"}]},{\"@type\":\"WebSite\",\"@id\":\"https:\/\/prest-math.org\/#website\",\"url\":\"https:\/\/prest-math.org\/\",\"name\":\"PREST\",\"description\":\"\",\"publisher\":{\"@id\":\"https:\/\/prest-math.org\/#organization\"},\"potentialAction\":[{\"@type\":\"SearchAction\",\"target\":{\"@type\":\"EntryPoint\",\"urlTemplate\":\"https:\/\/prest-math.org\/?s={search_term_string}\"},\"query-input\":\"required name=search_term_string\"}],\"inLanguage\":\"en-US\"},{\"@type\":\"Organization\",\"@id\":\"https:\/\/prest-math.org\/#organization\",\"name\":\"PREST\",\"url\":\"https:\/\/prest-math.org\/\",\"logo\":{\"@type\":\"ImageObject\",\"inLanguage\":\"en-US\",\"@id\":\"https:\/\/prest-math.org\/#\/schema\/logo\/image\/\",\"url\":\"https:\/\/prest-math.org\/wp-content\/uploads\/2020\/03\/logo_prest-math.png\",\"contentUrl\":\"https:\/\/prest-math.org\/wp-content\/uploads\/2020\/03\/logo_prest-math.png\",\"width\":580,\"height\":54,\"caption\":\"PREST\"},\"image\":{\"@id\":\"https:\/\/prest-math.org\/#\/schema\/logo\/image\/\"}}]}<\/script>\n<!-- \/ Yoast SEO plugin. -->","yoast_head_json":{"title":"Guides p\u00e9dagogiques et cahiers d\u2019\u00e9l\u00e8ves PREST-Math, commandez-les!","description":"Commandez d\u00e8s maintenant vos guides p\u00e9dagogiques et cahiers d'\u00e9l\u00e8ves PREST-Math. Livres scolaires pour enseignants destin\u00e9s aux apprentissages des \u00e9l\u00e8ves.","robots":{"index":"index","follow":"follow","max-snippet":"max-snippet:-1","max-image-preview":"max-image-preview:large","max-video-preview":"max-video-preview:-1"},"canonical":"https:\/\/prest-math.org\/en\/order\/","og_locale":"en_US","og_type":"article","og_title":"Guides p\u00e9dagogiques et cahiers d\u2019\u00e9l\u00e8ves PREST-Math, commandez-les!","og_description":"Commandez d\u00e8s maintenant vos guides p\u00e9dagogiques et cahiers d'\u00e9l\u00e8ves PREST-Math. Livres scolaires pour enseignants destin\u00e9s aux apprentissages des \u00e9l\u00e8ves.","og_url":"https:\/\/prest-math.org\/en\/order\/","og_site_name":"PREST","article_modified_time":"2025-05-02T17:47:32+00:00","og_image":[{"width":1637,"height":434,"url":"https:\/\/prest-math.org\/wp-content\/uploads\/2020\/03\/prest-math-a-propos.jpg","type":"image\/jpeg"}],"twitter_card":"summary_large_image","twitter_misc":{"Est. reading time":"1 minute"},"schema":{"@context":"https:\/\/schema.org","@graph":[{"@type":"WebPage","@id":"https:\/\/prest-math.org\/en\/order\/","url":"https:\/\/prest-math.org\/en\/order\/","name":"Guides p\u00e9dagogiques et cahiers d\u2019\u00e9l\u00e8ves PREST-Math, commandez-les!","isPartOf":{"@id":"https:\/\/prest-math.org\/#website"},"primaryImageOfPage":{"@id":"https:\/\/prest-math.org\/en\/order\/#primaryimage"},"image":{"@id":"https:\/\/prest-math.org\/en\/order\/#primaryimage"},"thumbnailUrl":"https:\/\/prest-math.org\/wp-content\/uploads\/2020\/03\/prest-math-a-propos.jpg","datePublished":"2020-03-24T18:31:43+00:00","dateModified":"2025-05-02T17:47:32+00:00","description":"Commandez d\u00e8s maintenant vos guides p\u00e9dagogiques et cahiers d'\u00e9l\u00e8ves PREST-Math. Livres scolaires pour enseignants destin\u00e9s aux apprentissages des \u00e9l\u00e8ves.","breadcrumb":{"@id":"https:\/\/prest-math.org\/en\/order\/#breadcrumb"},"inLanguage":"en-US","potentialAction":[{"@type":"ReadAction","target":["https:\/\/prest-math.org\/en\/order\/"]}]},{"@type":"ImageObject","inLanguage":"en-US","@id":"https:\/\/prest-math.org\/en\/order\/#primaryimage","url":"https:\/\/prest-math.org\/wp-content\/uploads\/2020\/03\/prest-math-a-propos.jpg","contentUrl":"https:\/\/prest-math.org\/wp-content\/uploads\/2020\/03\/prest-math-a-propos.jpg","width":1637,"height":434},{"@type":"BreadcrumbList","@id":"https:\/\/prest-math.org\/en\/order\/#breadcrumb","itemListElement":[{"@type":"ListItem","position":1,"name":"Accueil","item":"https:\/\/prest-math.org\/en\/"},{"@type":"ListItem","position":2,"name":"Order"}]},{"@type":"WebSite","@id":"https:\/\/prest-math.org\/#website","url":"https:\/\/prest-math.org\/","name":"PREST","description":"","publisher":{"@id":"https:\/\/prest-math.org\/#organization"},"potentialAction":[{"@type":"SearchAction","target":{"@type":"EntryPoint","urlTemplate":"https:\/\/prest-math.org\/?s={search_term_string}"},"query-input":"required name=search_term_string"}],"inLanguage":"en-US"},{"@type":"Organization","@id":"https:\/\/prest-math.org\/#organization","name":"PREST","url":"https:\/\/prest-math.org\/","logo":{"@type":"ImageObject","inLanguage":"en-US","@id":"https:\/\/prest-math.org\/#\/schema\/logo\/image\/","url":"https:\/\/prest-math.org\/wp-content\/uploads\/2020\/03\/logo_prest-math.png","contentUrl":"https:\/\/prest-math.org\/wp-content\/uploads\/2020\/03\/logo_prest-math.png","width":580,"height":54,"caption":"PREST"},"image":{"@id":"https:\/\/prest-math.org\/#\/schema\/logo\/image\/"}}]}},"_links":{"self":[{"href":"https:\/\/prest-math.org\/en\/wp-json\/wp\/v2\/pages\/1293"}],"collection":[{"href":"https:\/\/prest-math.org\/en\/wp-json\/wp\/v2\/pages"}],"about":[{"href":"https:\/\/prest-math.org\/en\/wp-json\/wp\/v2\/types\/page"}],"author":[{"embeddable":true,"href":"https:\/\/prest-math.org\/en\/wp-json\/wp\/v2\/users\/1"}],"replies":[{"embeddable":true,"href":"https:\/\/prest-math.org\/en\/wp-json\/wp\/v2\/comments?post=1293"}],"version-history":[{"count":6,"href":"https:\/\/prest-math.org\/en\/wp-json\/wp\/v2\/pages\/1293\/revisions"}],"predecessor-version":[{"id":2378,"href":"https:\/\/prest-math.org\/en\/wp-json\/wp\/v2\/pages\/1293\/revisions\/2378"}],"wp:featuredmedia":[{"embeddable":true,"href":"https:\/\/prest-math.org\/en\/wp-json\/wp\/v2\/media\/1271"}],"wp:attachment":[{"href":"https:\/\/prest-math.org\/en\/wp-json\/wp\/v2\/media?parent=1293"}],"curies":[{"name":"wp","href":"https:\/\/api.w.org\/{rel}","templated":true}]}}