{"id":1298,"date":"2020-03-25T10:06:30","date_gmt":"2020-03-25T14:06:30","guid":{"rendered":"https:\/\/prest-math.org\/prescolaire\/"},"modified":"2021-11-22T11:52:39","modified_gmt":"2021-11-22T16:52:39","slug":"preschool","status":"publish","type":"page","link":"https:\/\/prest-math.org\/en\/preschool\/","title":{"rendered":"Preschool"},"content":{"rendered":"<h1><span style=\"color: #ed1b35;\">Pr\u00e9sentation <em>de nos ressources cl\u00e9 en main<\/em><\/span><\/h1>\n<h5>Guides p\u00e9dagogiques<\/h5>\n<p>PREST-Math vous propose 165 activit\u00e9s cl\u00e9 en main r\u00e9parties en 7 s\u00e9ries afin d\u2019assurer une progression et un d\u00e9veloppement accessible \u00e0 tous, tout au long de l\u2019ann\u00e9e. Elles ont \u00e9t\u00e9 con\u00e7ues afin de d\u00e9velopper l\u2019autonomie et un sentiment de comp\u00e9tence chez les \u00e9l\u00e8ves, peu importe leur rythme d\u2019apprentissage. Elle favorise le d\u00e9veloppement des fonctions ex\u00e9cutives. La graphomotricit\u00e9 y trouve aussi une place de choix afin de les pr\u00e9parer au geste graphomoteur.<\/p>\n<h5>Mat\u00e9riel sugg\u00e9r\u00e9<\/h5>\n<p>Il est possible de se procurer le guide et l\u2019ensemble du mat\u00e9riel en totalit\u00e9 ou par section.<\/p>\n<p>Chaque s\u00e9rie est achemin\u00e9e dans une bo\u00eete contenant la section du guide correspondant, les feuilles support en couleur et plastifi\u00e9es ainsi que tout le mat\u00e9riel 3D. Certaines s\u00e9ries n\u00e9cessitent de votre part la r\u00e9cup\u00e9ration de mat\u00e9riel simple \u00e0 trouver.<\/p>\n","protected":false},"excerpt":{"rendered":"<p>Pr\u00e9sentation de nos ressources cl\u00e9 en main Guides p\u00e9dagogiques PREST-Math vous propose 165 activit\u00e9s cl\u00e9 en main r\u00e9parties en 7 s\u00e9ries afin d\u2019assurer une progression et un d\u00e9veloppement accessible \u00e0 tous, tout au long de l\u2019ann\u00e9e. Elles ont \u00e9t\u00e9 con\u00e7ues afin de d\u00e9velopper l\u2019autonomie et un sentiment de comp\u00e9tence chez les \u00e9l\u00e8ves, peu importe leur [&hellip;]<\/p>\n","protected":false},"author":1,"featured_media":1271,"parent":0,"menu_order":10,"comment_status":"closed","ping_status":"closed","template":"page-collections.php","meta":{"_acf_changed":false,"footnotes":""},"acf":[],"yoast_head":"<!-- This site is optimized with the Yoast SEO plugin v22.5 - https:\/\/yoast.com\/wordpress\/plugins\/seo\/ -->\n<title>Collection pr\u00e9scolaire, guides p\u00e9dagogiques et livres scolaires PREST-Math<\/title>\n<meta name=\"description\" content=\"Guides d&#039;apprentissages pr\u00e9scolaires pour enseignants con\u00e7us pour d\u00e9velopper l&#039;autonomie et la comp\u00e9tence chez les \u00e9l\u00e8ves. PREST-Math, ressources \u00e9ducatives.\" \/>\n<meta name=\"robots\" content=\"index, follow, max-snippet:-1, max-image-preview:large, max-video-preview:-1\" \/>\n<link rel=\"canonical\" href=\"https:\/\/prest-math.org\/en\/preschool\/\" \/>\n<meta property=\"og:locale\" content=\"en_US\" \/>\n<meta property=\"og:type\" content=\"article\" \/>\n<meta property=\"og:title\" content=\"Collection pr\u00e9scolaire, guides p\u00e9dagogiques et livres scolaires PREST-Math\" \/>\n<meta property=\"og:description\" content=\"Guides d&#039;apprentissages pr\u00e9scolaires pour enseignants con\u00e7us pour d\u00e9velopper l&#039;autonomie et la comp\u00e9tence chez les \u00e9l\u00e8ves. PREST-Math, ressources \u00e9ducatives.\" \/>\n<meta property=\"og:url\" content=\"https:\/\/prest-math.org\/en\/preschool\/\" \/>\n<meta property=\"og:site_name\" content=\"PREST\" \/>\n<meta property=\"article:modified_time\" content=\"2021-11-22T16:52:39+00:00\" \/>\n<meta property=\"og:image\" content=\"https:\/\/prest-math.org\/wp-content\/uploads\/2020\/03\/prest-math-a-propos.jpg\" \/>\n\t<meta property=\"og:image:width\" content=\"1637\" \/>\n\t<meta property=\"og:image:height\" content=\"434\" \/>\n\t<meta property=\"og:image:type\" content=\"image\/jpeg\" \/>\n<meta name=\"twitter:card\" content=\"summary_large_image\" \/>\n<meta name=\"twitter:label1\" content=\"Est. reading time\" \/>\n\t<meta name=\"twitter:data1\" content=\"1 minute\" \/>\n<script type=\"application\/ld+json\" class=\"yoast-schema-graph\">{\"@context\":\"https:\/\/schema.org\",\"@graph\":[{\"@type\":\"WebPage\",\"@id\":\"https:\/\/prest-math.org\/en\/preschool\/\",\"url\":\"https:\/\/prest-math.org\/en\/preschool\/\",\"name\":\"Collection pr\u00e9scolaire, guides p\u00e9dagogiques et livres scolaires PREST-Math\",\"isPartOf\":{\"@id\":\"https:\/\/prest-math.org\/#website\"},\"primaryImageOfPage\":{\"@id\":\"https:\/\/prest-math.org\/en\/preschool\/#primaryimage\"},\"image\":{\"@id\":\"https:\/\/prest-math.org\/en\/preschool\/#primaryimage\"},\"thumbnailUrl\":\"https:\/\/prest-math.org\/wp-content\/uploads\/2020\/03\/prest-math-a-propos.jpg\",\"datePublished\":\"2020-03-25T14:06:30+00:00\",\"dateModified\":\"2021-11-22T16:52:39+00:00\",\"description\":\"Guides d'apprentissages pr\u00e9scolaires pour enseignants con\u00e7us pour d\u00e9velopper l'autonomie et la comp\u00e9tence chez les \u00e9l\u00e8ves. PREST-Math, ressources \u00e9ducatives.\",\"breadcrumb\":{\"@id\":\"https:\/\/prest-math.org\/en\/preschool\/#breadcrumb\"},\"inLanguage\":\"en-US\",\"potentialAction\":[{\"@type\":\"ReadAction\",\"target\":[\"https:\/\/prest-math.org\/en\/preschool\/\"]}]},{\"@type\":\"ImageObject\",\"inLanguage\":\"en-US\",\"@id\":\"https:\/\/prest-math.org\/en\/preschool\/#primaryimage\",\"url\":\"https:\/\/prest-math.org\/wp-content\/uploads\/2020\/03\/prest-math-a-propos.jpg\",\"contentUrl\":\"https:\/\/prest-math.org\/wp-content\/uploads\/2020\/03\/prest-math-a-propos.jpg\",\"width\":1637,\"height\":434},{\"@type\":\"BreadcrumbList\",\"@id\":\"https:\/\/prest-math.org\/en\/preschool\/#breadcrumb\",\"itemListElement\":[{\"@type\":\"ListItem\",\"position\":1,\"name\":\"Accueil\",\"item\":\"https:\/\/prest-math.org\/en\/\"},{\"@type\":\"ListItem\",\"position\":2,\"name\":\"Preschool\"}]},{\"@type\":\"WebSite\",\"@id\":\"https:\/\/prest-math.org\/#website\",\"url\":\"https:\/\/prest-math.org\/\",\"name\":\"PREST\",\"description\":\"\",\"publisher\":{\"@id\":\"https:\/\/prest-math.org\/#organization\"},\"potentialAction\":[{\"@type\":\"SearchAction\",\"target\":{\"@type\":\"EntryPoint\",\"urlTemplate\":\"https:\/\/prest-math.org\/?s={search_term_string}\"},\"query-input\":\"required name=search_term_string\"}],\"inLanguage\":\"en-US\"},{\"@type\":\"Organization\",\"@id\":\"https:\/\/prest-math.org\/#organization\",\"name\":\"PREST\",\"url\":\"https:\/\/prest-math.org\/\",\"logo\":{\"@type\":\"ImageObject\",\"inLanguage\":\"en-US\",\"@id\":\"https:\/\/prest-math.org\/#\/schema\/logo\/image\/\",\"url\":\"https:\/\/prest-math.org\/wp-content\/uploads\/2020\/03\/logo_prest-math.png\",\"contentUrl\":\"https:\/\/prest-math.org\/wp-content\/uploads\/2020\/03\/logo_prest-math.png\",\"width\":580,\"height\":54,\"caption\":\"PREST\"},\"image\":{\"@id\":\"https:\/\/prest-math.org\/#\/schema\/logo\/image\/\"}}]}<\/script>\n<!-- \/ Yoast SEO plugin. -->","yoast_head_json":{"title":"Collection pr\u00e9scolaire, guides p\u00e9dagogiques et livres scolaires PREST-Math","description":"Guides d'apprentissages pr\u00e9scolaires pour enseignants con\u00e7us pour d\u00e9velopper l'autonomie et la comp\u00e9tence chez les \u00e9l\u00e8ves. PREST-Math, ressources \u00e9ducatives.","robots":{"index":"index","follow":"follow","max-snippet":"max-snippet:-1","max-image-preview":"max-image-preview:large","max-video-preview":"max-video-preview:-1"},"canonical":"https:\/\/prest-math.org\/en\/preschool\/","og_locale":"en_US","og_type":"article","og_title":"Collection pr\u00e9scolaire, guides p\u00e9dagogiques et livres scolaires PREST-Math","og_description":"Guides d'apprentissages pr\u00e9scolaires pour enseignants con\u00e7us pour d\u00e9velopper l'autonomie et la comp\u00e9tence chez les \u00e9l\u00e8ves. PREST-Math, ressources \u00e9ducatives.","og_url":"https:\/\/prest-math.org\/en\/preschool\/","og_site_name":"PREST","article_modified_time":"2021-11-22T16:52:39+00:00","og_image":[{"width":1637,"height":434,"url":"https:\/\/prest-math.org\/wp-content\/uploads\/2020\/03\/prest-math-a-propos.jpg","type":"image\/jpeg"}],"twitter_card":"summary_large_image","twitter_misc":{"Est. reading time":"1 minute"},"schema":{"@context":"https:\/\/schema.org","@graph":[{"@type":"WebPage","@id":"https:\/\/prest-math.org\/en\/preschool\/","url":"https:\/\/prest-math.org\/en\/preschool\/","name":"Collection pr\u00e9scolaire, guides p\u00e9dagogiques et livres scolaires PREST-Math","isPartOf":{"@id":"https:\/\/prest-math.org\/#website"},"primaryImageOfPage":{"@id":"https:\/\/prest-math.org\/en\/preschool\/#primaryimage"},"image":{"@id":"https:\/\/prest-math.org\/en\/preschool\/#primaryimage"},"thumbnailUrl":"https:\/\/prest-math.org\/wp-content\/uploads\/2020\/03\/prest-math-a-propos.jpg","datePublished":"2020-03-25T14:06:30+00:00","dateModified":"2021-11-22T16:52:39+00:00","description":"Guides d'apprentissages pr\u00e9scolaires pour enseignants con\u00e7us pour d\u00e9velopper l'autonomie et la comp\u00e9tence chez les \u00e9l\u00e8ves. PREST-Math, ressources \u00e9ducatives.","breadcrumb":{"@id":"https:\/\/prest-math.org\/en\/preschool\/#breadcrumb"},"inLanguage":"en-US","potentialAction":[{"@type":"ReadAction","target":["https:\/\/prest-math.org\/en\/preschool\/"]}]},{"@type":"ImageObject","inLanguage":"en-US","@id":"https:\/\/prest-math.org\/en\/preschool\/#primaryimage","url":"https:\/\/prest-math.org\/wp-content\/uploads\/2020\/03\/prest-math-a-propos.jpg","contentUrl":"https:\/\/prest-math.org\/wp-content\/uploads\/2020\/03\/prest-math-a-propos.jpg","width":1637,"height":434},{"@type":"BreadcrumbList","@id":"https:\/\/prest-math.org\/en\/preschool\/#breadcrumb","itemListElement":[{"@type":"ListItem","position":1,"name":"Accueil","item":"https:\/\/prest-math.org\/en\/"},{"@type":"ListItem","position":2,"name":"Preschool"}]},{"@type":"WebSite","@id":"https:\/\/prest-math.org\/#website","url":"https:\/\/prest-math.org\/","name":"PREST","description":"","publisher":{"@id":"https:\/\/prest-math.org\/#organization"},"potentialAction":[{"@type":"SearchAction","target":{"@type":"EntryPoint","urlTemplate":"https:\/\/prest-math.org\/?s={search_term_string}"},"query-input":"required name=search_term_string"}],"inLanguage":"en-US"},{"@type":"Organization","@id":"https:\/\/prest-math.org\/#organization","name":"PREST","url":"https:\/\/prest-math.org\/","logo":{"@type":"ImageObject","inLanguage":"en-US","@id":"https:\/\/prest-math.org\/#\/schema\/logo\/image\/","url":"https:\/\/prest-math.org\/wp-content\/uploads\/2020\/03\/logo_prest-math.png","contentUrl":"https:\/\/prest-math.org\/wp-content\/uploads\/2020\/03\/logo_prest-math.png","width":580,"height":54,"caption":"PREST"},"image":{"@id":"https:\/\/prest-math.org\/#\/schema\/logo\/image\/"}}]}},"_links":{"self":[{"href":"https:\/\/prest-math.org\/en\/wp-json\/wp\/v2\/pages\/1298"}],"collection":[{"href":"https:\/\/prest-math.org\/en\/wp-json\/wp\/v2\/pages"}],"about":[{"href":"https:\/\/prest-math.org\/en\/wp-json\/wp\/v2\/types\/page"}],"author":[{"embeddable":true,"href":"https:\/\/prest-math.org\/en\/wp-json\/wp\/v2\/users\/1"}],"replies":[{"embeddable":true,"href":"https:\/\/prest-math.org\/en\/wp-json\/wp\/v2\/comments?post=1298"}],"version-history":[{"count":1,"href":"https:\/\/prest-math.org\/en\/wp-json\/wp\/v2\/pages\/1298\/revisions"}],"predecessor-version":[{"id":1300,"href":"https:\/\/prest-math.org\/en\/wp-json\/wp\/v2\/pages\/1298\/revisions\/1300"}],"wp:featuredmedia":[{"embeddable":true,"href":"https:\/\/prest-math.org\/en\/wp-json\/wp\/v2\/media\/1271"}],"wp:attachment":[{"href":"https:\/\/prest-math.org\/en\/wp-json\/wp\/v2\/media?parent=1298"}],"curies":[{"name":"wp","href":"https:\/\/api.w.org\/{rel}","templated":true}]}}