{"id":1302,"date":"2021-11-08T08:19:10","date_gmt":"2021-11-08T13:19:10","guid":{"rendered":"https:\/\/prest-math.org\/les-bacs-prest-presco\/"},"modified":"2021-11-30T16:40:15","modified_gmt":"2021-11-30T21:40:15","slug":"prest-presco-bins","status":"publish","type":"page","link":"https:\/\/prest-math.org\/en\/prest-presco-bins\/","title":{"rendered":"PREST-Presco bins"},"content":{"rendered":"<h1><span style=\"color: #ed1b35;\">PREST-Presco bins:<br \/>\n<strong>Mathematical awakening in preschool<\/strong><br \/>\n<\/span><\/h1>\n<p><img loading=\"lazy\" decoding=\"async\" class=\"alignnone size-full wp-image-1312\" src=\"https:\/\/prest-math.org\/wp-content\/uploads\/2021\/11\/Prest-kindergarten-logo.png\" alt=\"kindergarten\" width=\"500\" height=\"397\" \/><\/p>\n<p>Our preschool bins are made up of more than 160 activities throughout 7 series that spark an interest in mathematics for kindergarteners. Play has never been so rewarding!<\/p>\n<p>With these activities, every child develops a sense of confidence.<\/p>\n<p>This offer includes the teaching guide, description sheets for the 167 activities, cardstock support sheets and 3-D manipulative materials.<\/p>\n<p>Sitting down, on the floor, standing up\u2026 children learn mathematics through play, all while developing their fine and gross motor skills! A new opportunity to develop many skills in preschool.<\/p>\n","protected":false},"excerpt":{"rendered":"<p>PREST-Presco bins: Mathematical awakening in preschool Our preschool bins are made up of more than 160 activities throughout 7 series that spark an interest in mathematics for kindergarteners. Play has never been so rewarding! With these activities, every child develops a sense of confidence. This offer includes the teaching guide, description sheets for the 167 [&hellip;]<\/p>\n","protected":false},"author":1,"featured_media":1271,"parent":0,"menu_order":10,"comment_status":"closed","ping_status":"closed","template":"page-collections-bacs.php","meta":{"_acf_changed":false,"footnotes":""},"acf":[],"yoast_head":"<!-- This site is optimized with the Yoast SEO plugin v22.5 - https:\/\/yoast.com\/wordpress\/plugins\/seo\/ -->\n<title>\u00c9veil des math\u00e9matiques au pr\u00e9scolaire (maternelle 4 et 5 ans)<\/title>\n<meta name=\"description\" content=\"Les bacs PREST Pr\u00e9sco, c\u2019est plus de 160 activit\u00e9s r\u00e9parties en 7 s\u00e9ries qui facilitent l\u2019\u00e9veil et l\u2019int\u00e9r\u00eat \u00e0 la math\u00e9matique pour les enfants en maternelle 4 ans et maternelle 5 ans.\" \/>\n<meta name=\"robots\" content=\"index, follow, max-snippet:-1, max-image-preview:large, max-video-preview:-1\" \/>\n<link rel=\"canonical\" href=\"https:\/\/prest-math.org\/en\/prest-presco-bins\/\" \/>\n<meta property=\"og:locale\" content=\"en_US\" \/>\n<meta property=\"og:type\" content=\"article\" \/>\n<meta property=\"og:title\" content=\"\u00c9veil des math\u00e9matiques au pr\u00e9scolaire (maternelle 4 et 5 ans)\" \/>\n<meta property=\"og:description\" content=\"Les bacs PREST Pr\u00e9sco, c\u2019est plus de 160 activit\u00e9s r\u00e9parties en 7 s\u00e9ries qui facilitent l\u2019\u00e9veil et l\u2019int\u00e9r\u00eat \u00e0 la math\u00e9matique pour les enfants en maternelle 4 ans et maternelle 5 ans.\" \/>\n<meta property=\"og:url\" content=\"https:\/\/prest-math.org\/en\/prest-presco-bins\/\" \/>\n<meta property=\"og:site_name\" content=\"PREST\" \/>\n<meta property=\"article:modified_time\" content=\"2021-11-30T21:40:15+00:00\" \/>\n<meta property=\"og:image\" content=\"https:\/\/prest-math.org\/wp-content\/uploads\/2020\/03\/prest-math-a-propos.jpg\" \/>\n\t<meta property=\"og:image:width\" content=\"1637\" \/>\n\t<meta property=\"og:image:height\" content=\"434\" \/>\n\t<meta property=\"og:image:type\" content=\"image\/jpeg\" \/>\n<meta name=\"twitter:card\" content=\"summary_large_image\" \/>\n<script type=\"application\/ld+json\" class=\"yoast-schema-graph\">{\"@context\":\"https:\/\/schema.org\",\"@graph\":[{\"@type\":\"WebPage\",\"@id\":\"https:\/\/prest-math.org\/en\/prest-presco-bins\/\",\"url\":\"https:\/\/prest-math.org\/en\/prest-presco-bins\/\",\"name\":\"\u00c9veil des math\u00e9matiques au pr\u00e9scolaire (maternelle 4 et 5 ans)\",\"isPartOf\":{\"@id\":\"https:\/\/prest-math.org\/#website\"},\"primaryImageOfPage\":{\"@id\":\"https:\/\/prest-math.org\/en\/prest-presco-bins\/#primaryimage\"},\"image\":{\"@id\":\"https:\/\/prest-math.org\/en\/prest-presco-bins\/#primaryimage\"},\"thumbnailUrl\":\"https:\/\/prest-math.org\/wp-content\/uploads\/2020\/03\/prest-math-a-propos.jpg\",\"datePublished\":\"2021-11-08T13:19:10+00:00\",\"dateModified\":\"2021-11-30T21:40:15+00:00\",\"description\":\"Les bacs PREST Pr\u00e9sco, c\u2019est plus de 160 activit\u00e9s r\u00e9parties en 7 s\u00e9ries qui facilitent l\u2019\u00e9veil et l\u2019int\u00e9r\u00eat \u00e0 la math\u00e9matique pour les enfants en maternelle 4 ans et maternelle 5 ans.\",\"breadcrumb\":{\"@id\":\"https:\/\/prest-math.org\/en\/prest-presco-bins\/#breadcrumb\"},\"inLanguage\":\"en-US\",\"potentialAction\":[{\"@type\":\"ReadAction\",\"target\":[\"https:\/\/prest-math.org\/en\/prest-presco-bins\/\"]}]},{\"@type\":\"ImageObject\",\"inLanguage\":\"en-US\",\"@id\":\"https:\/\/prest-math.org\/en\/prest-presco-bins\/#primaryimage\",\"url\":\"https:\/\/prest-math.org\/wp-content\/uploads\/2020\/03\/prest-math-a-propos.jpg\",\"contentUrl\":\"https:\/\/prest-math.org\/wp-content\/uploads\/2020\/03\/prest-math-a-propos.jpg\",\"width\":1637,\"height\":434},{\"@type\":\"BreadcrumbList\",\"@id\":\"https:\/\/prest-math.org\/en\/prest-presco-bins\/#breadcrumb\",\"itemListElement\":[{\"@type\":\"ListItem\",\"position\":1,\"name\":\"Accueil\",\"item\":\"https:\/\/prest-math.org\/en\/\"},{\"@type\":\"ListItem\",\"position\":2,\"name\":\"PREST-Presco bins\"}]},{\"@type\":\"WebSite\",\"@id\":\"https:\/\/prest-math.org\/#website\",\"url\":\"https:\/\/prest-math.org\/\",\"name\":\"PREST\",\"description\":\"\",\"publisher\":{\"@id\":\"https:\/\/prest-math.org\/#organization\"},\"potentialAction\":[{\"@type\":\"SearchAction\",\"target\":{\"@type\":\"EntryPoint\",\"urlTemplate\":\"https:\/\/prest-math.org\/?s={search_term_string}\"},\"query-input\":\"required name=search_term_string\"}],\"inLanguage\":\"en-US\"},{\"@type\":\"Organization\",\"@id\":\"https:\/\/prest-math.org\/#organization\",\"name\":\"PREST\",\"url\":\"https:\/\/prest-math.org\/\",\"logo\":{\"@type\":\"ImageObject\",\"inLanguage\":\"en-US\",\"@id\":\"https:\/\/prest-math.org\/#\/schema\/logo\/image\/\",\"url\":\"https:\/\/prest-math.org\/wp-content\/uploads\/2020\/03\/logo_prest-math.png\",\"contentUrl\":\"https:\/\/prest-math.org\/wp-content\/uploads\/2020\/03\/logo_prest-math.png\",\"width\":580,\"height\":54,\"caption\":\"PREST\"},\"image\":{\"@id\":\"https:\/\/prest-math.org\/#\/schema\/logo\/image\/\"}}]}<\/script>\n<!-- \/ Yoast SEO plugin. -->","yoast_head_json":{"title":"\u00c9veil des math\u00e9matiques au pr\u00e9scolaire (maternelle 4 et 5 ans)","description":"Les bacs PREST Pr\u00e9sco, c\u2019est plus de 160 activit\u00e9s r\u00e9parties en 7 s\u00e9ries qui facilitent l\u2019\u00e9veil et l\u2019int\u00e9r\u00eat \u00e0 la math\u00e9matique pour les enfants en maternelle 4 ans et maternelle 5 ans.","robots":{"index":"index","follow":"follow","max-snippet":"max-snippet:-1","max-image-preview":"max-image-preview:large","max-video-preview":"max-video-preview:-1"},"canonical":"https:\/\/prest-math.org\/en\/prest-presco-bins\/","og_locale":"en_US","og_type":"article","og_title":"\u00c9veil des math\u00e9matiques au pr\u00e9scolaire (maternelle 4 et 5 ans)","og_description":"Les bacs PREST Pr\u00e9sco, c\u2019est plus de 160 activit\u00e9s r\u00e9parties en 7 s\u00e9ries qui facilitent l\u2019\u00e9veil et l\u2019int\u00e9r\u00eat \u00e0 la math\u00e9matique pour les enfants en maternelle 4 ans et maternelle 5 ans.","og_url":"https:\/\/prest-math.org\/en\/prest-presco-bins\/","og_site_name":"PREST","article_modified_time":"2021-11-30T21:40:15+00:00","og_image":[{"width":1637,"height":434,"url":"https:\/\/prest-math.org\/wp-content\/uploads\/2020\/03\/prest-math-a-propos.jpg","type":"image\/jpeg"}],"twitter_card":"summary_large_image","schema":{"@context":"https:\/\/schema.org","@graph":[{"@type":"WebPage","@id":"https:\/\/prest-math.org\/en\/prest-presco-bins\/","url":"https:\/\/prest-math.org\/en\/prest-presco-bins\/","name":"\u00c9veil des math\u00e9matiques au pr\u00e9scolaire (maternelle 4 et 5 ans)","isPartOf":{"@id":"https:\/\/prest-math.org\/#website"},"primaryImageOfPage":{"@id":"https:\/\/prest-math.org\/en\/prest-presco-bins\/#primaryimage"},"image":{"@id":"https:\/\/prest-math.org\/en\/prest-presco-bins\/#primaryimage"},"thumbnailUrl":"https:\/\/prest-math.org\/wp-content\/uploads\/2020\/03\/prest-math-a-propos.jpg","datePublished":"2021-11-08T13:19:10+00:00","dateModified":"2021-11-30T21:40:15+00:00","description":"Les bacs PREST Pr\u00e9sco, c\u2019est plus de 160 activit\u00e9s r\u00e9parties en 7 s\u00e9ries qui facilitent l\u2019\u00e9veil et l\u2019int\u00e9r\u00eat \u00e0 la math\u00e9matique pour les enfants en maternelle 4 ans et maternelle 5 ans.","breadcrumb":{"@id":"https:\/\/prest-math.org\/en\/prest-presco-bins\/#breadcrumb"},"inLanguage":"en-US","potentialAction":[{"@type":"ReadAction","target":["https:\/\/prest-math.org\/en\/prest-presco-bins\/"]}]},{"@type":"ImageObject","inLanguage":"en-US","@id":"https:\/\/prest-math.org\/en\/prest-presco-bins\/#primaryimage","url":"https:\/\/prest-math.org\/wp-content\/uploads\/2020\/03\/prest-math-a-propos.jpg","contentUrl":"https:\/\/prest-math.org\/wp-content\/uploads\/2020\/03\/prest-math-a-propos.jpg","width":1637,"height":434},{"@type":"BreadcrumbList","@id":"https:\/\/prest-math.org\/en\/prest-presco-bins\/#breadcrumb","itemListElement":[{"@type":"ListItem","position":1,"name":"Accueil","item":"https:\/\/prest-math.org\/en\/"},{"@type":"ListItem","position":2,"name":"PREST-Presco bins"}]},{"@type":"WebSite","@id":"https:\/\/prest-math.org\/#website","url":"https:\/\/prest-math.org\/","name":"PREST","description":"","publisher":{"@id":"https:\/\/prest-math.org\/#organization"},"potentialAction":[{"@type":"SearchAction","target":{"@type":"EntryPoint","urlTemplate":"https:\/\/prest-math.org\/?s={search_term_string}"},"query-input":"required name=search_term_string"}],"inLanguage":"en-US"},{"@type":"Organization","@id":"https:\/\/prest-math.org\/#organization","name":"PREST","url":"https:\/\/prest-math.org\/","logo":{"@type":"ImageObject","inLanguage":"en-US","@id":"https:\/\/prest-math.org\/#\/schema\/logo\/image\/","url":"https:\/\/prest-math.org\/wp-content\/uploads\/2020\/03\/logo_prest-math.png","contentUrl":"https:\/\/prest-math.org\/wp-content\/uploads\/2020\/03\/logo_prest-math.png","width":580,"height":54,"caption":"PREST"},"image":{"@id":"https:\/\/prest-math.org\/#\/schema\/logo\/image\/"}}]}},"_links":{"self":[{"href":"https:\/\/prest-math.org\/en\/wp-json\/wp\/v2\/pages\/1302"}],"collection":[{"href":"https:\/\/prest-math.org\/en\/wp-json\/wp\/v2\/pages"}],"about":[{"href":"https:\/\/prest-math.org\/en\/wp-json\/wp\/v2\/types\/page"}],"author":[{"embeddable":true,"href":"https:\/\/prest-math.org\/en\/wp-json\/wp\/v2\/users\/1"}],"replies":[{"embeddable":true,"href":"https:\/\/prest-math.org\/en\/wp-json\/wp\/v2\/comments?post=1302"}],"version-history":[{"count":5,"href":"https:\/\/prest-math.org\/en\/wp-json\/wp\/v2\/pages\/1302\/revisions"}],"predecessor-version":[{"id":1326,"href":"https:\/\/prest-math.org\/en\/wp-json\/wp\/v2\/pages\/1302\/revisions\/1326"}],"wp:featuredmedia":[{"embeddable":true,"href":"https:\/\/prest-math.org\/en\/wp-json\/wp\/v2\/media\/1271"}],"wp:attachment":[{"href":"https:\/\/prest-math.org\/en\/wp-json\/wp\/v2\/media?parent=1302"}],"curies":[{"name":"wp","href":"https:\/\/api.w.org\/{rel}","templated":true}]}}