{"id":1794,"date":"2024-02-29T15:01:21","date_gmt":"2024-02-29T20:01:21","guid":{"rendered":"https:\/\/prest-math.org\/nos-partenaires\/"},"modified":"2024-03-11T16:48:08","modified_gmt":"2024-03-11T20:48:08","slug":"nos-partenaires","status":"publish","type":"page","link":"https:\/\/prest-math.org\/en\/nos-partenaires\/","title":{"rendered":"Nos partenaires"},"content":{"rendered":"<p>De nombreuses conventions de partenariat ont \u00e9t\u00e9 sign\u00e9es, lesquelles am\u00e8nent notre projet r\u00e9gional plus loin et, par le fait m\u00eame, le bonifient.<\/p>\n<p>En plus des 10 centres de services scolaires fondateurs, nous retrouvons maintenant les ressources du PREST, en tout ou en partie, dans la totalit\u00e9 des centres de services scolaires du Qu\u00e9bec.<\/p>\n<p>\u00c0 l\u2019international, nous amor\u00e7ons le transfert d\u2019expertise dans une perspective de d\u00e9ploiement \u00e0 l\u2019\u00e9chelle nationale au Mexique et au Br\u00e9sil. Des n\u00e9gociations s\u00e9rieuses sont en cours au Panama afin d\u2019adapter nos ressources du pr\u00e9scolaire et d\u2019en d\u00e9velopper de nouvelles durant les deux prochaines ann\u00e9es. L\u2019objectif, si ce projet est concluant, est une impl\u00e9mentation dans tout le pays.<\/p>\n<h5>Au Qu\u00e9bec<\/h5>\n<hr \/>\n<p class=\"list_logos\"><img loading=\"lazy\" decoding=\"async\" class=\"alignnone size-full wp-image-1643\" src=\"https:\/\/prest-math.org\/wp-content\/uploads\/2024\/02\/canam.png\" alt=\"\" width=\"200\" height=\"117\" \/> <img loading=\"lazy\" decoding=\"async\" class=\"alignnone size-full wp-image-1646\" src=\"https:\/\/prest-math.org\/wp-content\/uploads\/2024\/02\/cssbe.png\" alt=\"\" width=\"195\" height=\"117\" \/> <img loading=\"lazy\" decoding=\"async\" class=\"alignnone size-full wp-image-1649\" src=\"https:\/\/prest-math.org\/wp-content\/uploads\/2024\/02\/csss.png\" alt=\"\" width=\"203\" height=\"117\" \/> <img loading=\"lazy\" decoding=\"async\" class=\"alignnone size-full wp-image-1652\" src=\"https:\/\/prest-math.org\/wp-content\/uploads\/2024\/02\/ctreq.png\" alt=\"\" width=\"222\" height=\"117\" \/> <img loading=\"lazy\" decoding=\"async\" class=\"alignnone size-full wp-image-1655\" src=\"https:\/\/prest-math.org\/wp-content\/uploads\/2024\/02\/mecanium.png\" alt=\"\" width=\"201\" height=\"117\" \/> <img loading=\"lazy\" decoding=\"async\" class=\"alignnone size-full wp-image-1658\" src=\"https:\/\/prest-math.org\/wp-content\/uploads\/2024\/02\/u-laval.png\" alt=\"\" width=\"179\" height=\"117\" \/><img loading=\"lazy\" decoding=\"async\" class=\"alignnone size-full wp-image-1662\" src=\"https:\/\/prest-math.org\/wp-content\/uploads\/2024\/02\/uqar.png\" alt=\"\" width=\"192\" height=\"117\" \/><\/p>\n<p>&nbsp;<\/p>\n<h5>En Colombie<\/h5>\n<hr \/>\n<p class=\"list_logos\"><img loading=\"lazy\" decoding=\"async\" class=\"alignnone size-full wp-image-1665\" src=\"https:\/\/prest-math.org\/wp-content\/uploads\/2024\/02\/stem-ac.png\" alt=\"\" width=\"187\" height=\"167\" \/> <img loading=\"lazy\" decoding=\"async\" class=\"alignnone size-full wp-image-1668\" src=\"https:\/\/prest-math.org\/wp-content\/uploads\/2024\/02\/academia.png\" alt=\"\" width=\"126\" height=\"167\" \/> <img loading=\"lazy\" decoding=\"async\" class=\"alignnone size-full wp-image-1671\" src=\"https:\/\/prest-math.org\/wp-content\/uploads\/2024\/02\/cresendo.png\" alt=\"\" width=\"191\" height=\"167\" \/> <img loading=\"lazy\" decoding=\"async\" class=\"alignnone size-full wp-image-1674\" src=\"https:\/\/prest-math.org\/wp-content\/uploads\/2024\/02\/fundacion.png\" alt=\"\" width=\"205\" height=\"167\" \/><\/p>\n<p>&nbsp;<\/p>\n<h5>Au Mexique<\/h5>\n<hr \/>\n<p class=\"list_logos\"><img loading=\"lazy\" decoding=\"async\" class=\"alignnone size-full wp-image-1677\" src=\"https:\/\/prest-math.org\/wp-content\/uploads\/2024\/02\/innovec.png\" alt=\"\" width=\"237\" height=\"122\" \/> <img loading=\"lazy\" decoding=\"async\" class=\"alignnone size-full wp-image-1680\" src=\"https:\/\/prest-math.org\/wp-content\/uploads\/2024\/02\/natura.png\" alt=\"\" width=\"115\" height=\"122\" \/> <img loading=\"lazy\" decoding=\"async\" class=\"alignnone size-full wp-image-1683\" src=\"https:\/\/prest-math.org\/wp-content\/uploads\/2024\/02\/yucatan.png\" alt=\"\" width=\"405\" height=\"122\" \/><\/p>\n<p>&nbsp;<\/p>\n<h5>Au Br\u00e9sil<\/h5>\n<hr \/>\n<p class=\"list_logos\"><img loading=\"lazy\" decoding=\"async\" class=\"alignnone size-full wp-image-1686\" src=\"https:\/\/prest-math.org\/wp-content\/uploads\/2024\/02\/mathema.png\" alt=\"\" width=\"180\" height=\"137\" \/> <img loading=\"lazy\" decoding=\"async\" class=\"alignnone size-full wp-image-1689\" src=\"https:\/\/prest-math.org\/wp-content\/uploads\/2024\/02\/pernambuco.png\" alt=\"\" width=\"287\" height=\"137\" \/><\/p>\n<p>&nbsp;<\/p>\n<h5>Au Panama<\/h5>\n<hr \/>\n<p class=\"list_logos\"><img loading=\"lazy\" decoding=\"async\" class=\"alignnone size-full wp-image-1692\" src=\"https:\/\/prest-math.org\/wp-content\/uploads\/2024\/02\/senacyt.png\" alt=\"\" width=\"225\" height=\"146\" \/> <img loading=\"lazy\" decoding=\"async\" class=\"alignnone size-full wp-image-1695\" src=\"https:\/\/prest-math.org\/wp-content\/uploads\/2024\/02\/manquant.png\" alt=\"\" width=\"150\" height=\"146\" \/><\/p>\n<p>&nbsp;<\/p>\n<h5>En R\u00e9publique Dominicaine<\/h5>\n<hr \/>\n<p class=\"list_logos\"><img loading=\"lazy\" decoding=\"async\" class=\"alignnone size-full wp-image-1698\" src=\"https:\/\/prest-math.org\/wp-content\/uploads\/2024\/02\/propagas.png\" alt=\"\" width=\"201\" height=\"133\" \/> <img loading=\"lazy\" decoding=\"async\" class=\"alignnone size-full wp-image-1701\" src=\"https:\/\/prest-math.org\/wp-content\/uploads\/2024\/02\/steam.png\" alt=\"\" width=\"230\" height=\"132\" \/><\/p>\n<p>&nbsp;<\/p>\n<h5>En Argentine<\/h5>\n<hr \/>\n<p class=\"list_logos\"><span style=\"font-weight: 400;\">P<\/span><span style=\"font-weight: 400;\">REST-Math propose un programme de rem\u00e9diation de type\u00a0<\/span><span style=\"font-weight: 400;\">\u00a0<\/span><span style=\"font-weight: 400;\">\u00abA<\/span><span style=\"font-weight: 400;\">fter school<\/span><span style=\"font-weight: 400;\">\u00bb. Il est<\/span><span style=\"font-weight: 400;\">\u00a0<\/span><span style=\"font-weight: 400;\">aussi\u00a0<\/span><span style=\"font-weight: 400;\">utilis\u00e9<\/span><span style=\"font-weight: 400;\">\u00a0en Uruguay, Colombie, Mexique, Br\u00e9sil et en Roumanie<\/span><span style=\"font-weight: 400;\">.<\/span><\/p>\n<p class=\"list_logos\"><img loading=\"lazy\" decoding=\"async\" class=\"alignnone size-full wp-image-1704\" src=\"https:\/\/prest-math.org\/wp-content\/uploads\/2024\/02\/techint.png\" alt=\"\" width=\"101\" height=\"130\" \/><\/p>\n<p>&nbsp;<\/p>\n","protected":false},"excerpt":{"rendered":"<p>De nombreuses conventions de partenariat ont \u00e9t\u00e9 sign\u00e9es, lesquelles am\u00e8nent notre projet r\u00e9gional plus loin et, par le fait m\u00eame, le bonifient. En plus des 10 centres de services scolaires fondateurs, nous retrouvons maintenant les ressources du PREST, en tout ou en partie, dans la totalit\u00e9 des centres de services scolaires du Qu\u00e9bec. \u00c0 l\u2019international, [&hellip;]<\/p>\n","protected":false},"author":1,"featured_media":1271,"parent":0,"menu_order":0,"comment_status":"closed","ping_status":"closed","template":"page-full.php","meta":{"_acf_changed":false,"footnotes":""},"acf":[],"yoast_head":"<!-- This site is optimized with the Yoast SEO plugin v22.5 - https:\/\/yoast.com\/wordpress\/plugins\/seo\/ -->\n<title>Nos partenaires - PREST<\/title>\n<meta name=\"robots\" content=\"index, follow, max-snippet:-1, max-image-preview:large, max-video-preview:-1\" \/>\n<link rel=\"canonical\" href=\"https:\/\/prest-math.org\/en\/nos-partenaires\/\" \/>\n<meta property=\"og:locale\" content=\"en_US\" \/>\n<meta property=\"og:type\" content=\"article\" \/>\n<meta property=\"og:title\" content=\"Nos partenaires - PREST\" \/>\n<meta property=\"og:description\" content=\"De nombreuses conventions de partenariat ont \u00e9t\u00e9 sign\u00e9es, lesquelles am\u00e8nent notre projet r\u00e9gional plus loin et, par le fait m\u00eame, le bonifient. En plus des 10 centres de services scolaires fondateurs, nous retrouvons maintenant les ressources du PREST, en tout ou en partie, dans la totalit\u00e9 des centres de services scolaires du Qu\u00e9bec. \u00c0 l\u2019international, [&hellip;]\" \/>\n<meta property=\"og:url\" content=\"https:\/\/prest-math.org\/en\/nos-partenaires\/\" \/>\n<meta property=\"og:site_name\" content=\"PREST\" \/>\n<meta property=\"article:modified_time\" content=\"2024-03-11T20:48:08+00:00\" \/>\n<meta property=\"og:image\" content=\"https:\/\/prest-math.org\/wp-content\/uploads\/2020\/03\/prest-math-a-propos.jpg\" \/>\n\t<meta property=\"og:image:width\" content=\"1637\" \/>\n\t<meta property=\"og:image:height\" content=\"434\" \/>\n\t<meta property=\"og:image:type\" content=\"image\/jpeg\" \/>\n<meta name=\"twitter:card\" content=\"summary_large_image\" \/>\n<meta name=\"twitter:label1\" content=\"Est. reading time\" \/>\n\t<meta name=\"twitter:data1\" content=\"1 minute\" \/>\n<script type=\"application\/ld+json\" class=\"yoast-schema-graph\">{\"@context\":\"https:\/\/schema.org\",\"@graph\":[{\"@type\":\"WebPage\",\"@id\":\"https:\/\/prest-math.org\/en\/nos-partenaires\/\",\"url\":\"https:\/\/prest-math.org\/en\/nos-partenaires\/\",\"name\":\"Nos partenaires - PREST\",\"isPartOf\":{\"@id\":\"https:\/\/prest-math.org\/#website\"},\"primaryImageOfPage\":{\"@id\":\"https:\/\/prest-math.org\/en\/nos-partenaires\/#primaryimage\"},\"image\":{\"@id\":\"https:\/\/prest-math.org\/en\/nos-partenaires\/#primaryimage\"},\"thumbnailUrl\":\"https:\/\/prest-math.org\/wp-content\/uploads\/2020\/03\/prest-math-a-propos.jpg\",\"datePublished\":\"2024-02-29T20:01:21+00:00\",\"dateModified\":\"2024-03-11T20:48:08+00:00\",\"breadcrumb\":{\"@id\":\"https:\/\/prest-math.org\/en\/nos-partenaires\/#breadcrumb\"},\"inLanguage\":\"en-US\",\"potentialAction\":[{\"@type\":\"ReadAction\",\"target\":[\"https:\/\/prest-math.org\/en\/nos-partenaires\/\"]}]},{\"@type\":\"ImageObject\",\"inLanguage\":\"en-US\",\"@id\":\"https:\/\/prest-math.org\/en\/nos-partenaires\/#primaryimage\",\"url\":\"https:\/\/prest-math.org\/wp-content\/uploads\/2020\/03\/prest-math-a-propos.jpg\",\"contentUrl\":\"https:\/\/prest-math.org\/wp-content\/uploads\/2020\/03\/prest-math-a-propos.jpg\",\"width\":1637,\"height\":434},{\"@type\":\"BreadcrumbList\",\"@id\":\"https:\/\/prest-math.org\/en\/nos-partenaires\/#breadcrumb\",\"itemListElement\":[{\"@type\":\"ListItem\",\"position\":1,\"name\":\"Accueil\",\"item\":\"https:\/\/prest-math.org\/en\/\"},{\"@type\":\"ListItem\",\"position\":2,\"name\":\"Nos partenaires\"}]},{\"@type\":\"WebSite\",\"@id\":\"https:\/\/prest-math.org\/#website\",\"url\":\"https:\/\/prest-math.org\/\",\"name\":\"PREST\",\"description\":\"\",\"publisher\":{\"@id\":\"https:\/\/prest-math.org\/#organization\"},\"potentialAction\":[{\"@type\":\"SearchAction\",\"target\":{\"@type\":\"EntryPoint\",\"urlTemplate\":\"https:\/\/prest-math.org\/?s={search_term_string}\"},\"query-input\":\"required name=search_term_string\"}],\"inLanguage\":\"en-US\"},{\"@type\":\"Organization\",\"@id\":\"https:\/\/prest-math.org\/#organization\",\"name\":\"PREST\",\"url\":\"https:\/\/prest-math.org\/\",\"logo\":{\"@type\":\"ImageObject\",\"inLanguage\":\"en-US\",\"@id\":\"https:\/\/prest-math.org\/#\/schema\/logo\/image\/\",\"url\":\"https:\/\/prest-math.org\/wp-content\/uploads\/2020\/03\/logo_prest-math.png\",\"contentUrl\":\"https:\/\/prest-math.org\/wp-content\/uploads\/2020\/03\/logo_prest-math.png\",\"width\":580,\"height\":54,\"caption\":\"PREST\"},\"image\":{\"@id\":\"https:\/\/prest-math.org\/#\/schema\/logo\/image\/\"}}]}<\/script>\n<!-- \/ Yoast SEO plugin. -->","yoast_head_json":{"title":"Nos partenaires - PREST","robots":{"index":"index","follow":"follow","max-snippet":"max-snippet:-1","max-image-preview":"max-image-preview:large","max-video-preview":"max-video-preview:-1"},"canonical":"https:\/\/prest-math.org\/en\/nos-partenaires\/","og_locale":"en_US","og_type":"article","og_title":"Nos partenaires - PREST","og_description":"De nombreuses conventions de partenariat ont \u00e9t\u00e9 sign\u00e9es, lesquelles am\u00e8nent notre projet r\u00e9gional plus loin et, par le fait m\u00eame, le bonifient. En plus des 10 centres de services scolaires fondateurs, nous retrouvons maintenant les ressources du PREST, en tout ou en partie, dans la totalit\u00e9 des centres de services scolaires du Qu\u00e9bec. \u00c0 l\u2019international, [&hellip;]","og_url":"https:\/\/prest-math.org\/en\/nos-partenaires\/","og_site_name":"PREST","article_modified_time":"2024-03-11T20:48:08+00:00","og_image":[{"width":1637,"height":434,"url":"https:\/\/prest-math.org\/wp-content\/uploads\/2020\/03\/prest-math-a-propos.jpg","type":"image\/jpeg"}],"twitter_card":"summary_large_image","twitter_misc":{"Est. reading time":"1 minute"},"schema":{"@context":"https:\/\/schema.org","@graph":[{"@type":"WebPage","@id":"https:\/\/prest-math.org\/en\/nos-partenaires\/","url":"https:\/\/prest-math.org\/en\/nos-partenaires\/","name":"Nos partenaires - PREST","isPartOf":{"@id":"https:\/\/prest-math.org\/#website"},"primaryImageOfPage":{"@id":"https:\/\/prest-math.org\/en\/nos-partenaires\/#primaryimage"},"image":{"@id":"https:\/\/prest-math.org\/en\/nos-partenaires\/#primaryimage"},"thumbnailUrl":"https:\/\/prest-math.org\/wp-content\/uploads\/2020\/03\/prest-math-a-propos.jpg","datePublished":"2024-02-29T20:01:21+00:00","dateModified":"2024-03-11T20:48:08+00:00","breadcrumb":{"@id":"https:\/\/prest-math.org\/en\/nos-partenaires\/#breadcrumb"},"inLanguage":"en-US","potentialAction":[{"@type":"ReadAction","target":["https:\/\/prest-math.org\/en\/nos-partenaires\/"]}]},{"@type":"ImageObject","inLanguage":"en-US","@id":"https:\/\/prest-math.org\/en\/nos-partenaires\/#primaryimage","url":"https:\/\/prest-math.org\/wp-content\/uploads\/2020\/03\/prest-math-a-propos.jpg","contentUrl":"https:\/\/prest-math.org\/wp-content\/uploads\/2020\/03\/prest-math-a-propos.jpg","width":1637,"height":434},{"@type":"BreadcrumbList","@id":"https:\/\/prest-math.org\/en\/nos-partenaires\/#breadcrumb","itemListElement":[{"@type":"ListItem","position":1,"name":"Accueil","item":"https:\/\/prest-math.org\/en\/"},{"@type":"ListItem","position":2,"name":"Nos partenaires"}]},{"@type":"WebSite","@id":"https:\/\/prest-math.org\/#website","url":"https:\/\/prest-math.org\/","name":"PREST","description":"","publisher":{"@id":"https:\/\/prest-math.org\/#organization"},"potentialAction":[{"@type":"SearchAction","target":{"@type":"EntryPoint","urlTemplate":"https:\/\/prest-math.org\/?s={search_term_string}"},"query-input":"required name=search_term_string"}],"inLanguage":"en-US"},{"@type":"Organization","@id":"https:\/\/prest-math.org\/#organization","name":"PREST","url":"https:\/\/prest-math.org\/","logo":{"@type":"ImageObject","inLanguage":"en-US","@id":"https:\/\/prest-math.org\/#\/schema\/logo\/image\/","url":"https:\/\/prest-math.org\/wp-content\/uploads\/2020\/03\/logo_prest-math.png","contentUrl":"https:\/\/prest-math.org\/wp-content\/uploads\/2020\/03\/logo_prest-math.png","width":580,"height":54,"caption":"PREST"},"image":{"@id":"https:\/\/prest-math.org\/#\/schema\/logo\/image\/"}}]}},"_links":{"self":[{"href":"https:\/\/prest-math.org\/en\/wp-json\/wp\/v2\/pages\/1794"}],"collection":[{"href":"https:\/\/prest-math.org\/en\/wp-json\/wp\/v2\/pages"}],"about":[{"href":"https:\/\/prest-math.org\/en\/wp-json\/wp\/v2\/types\/page"}],"author":[{"embeddable":true,"href":"https:\/\/prest-math.org\/en\/wp-json\/wp\/v2\/users\/1"}],"replies":[{"embeddable":true,"href":"https:\/\/prest-math.org\/en\/wp-json\/wp\/v2\/comments?post=1794"}],"version-history":[{"count":1,"href":"https:\/\/prest-math.org\/en\/wp-json\/wp\/v2\/pages\/1794\/revisions"}],"predecessor-version":[{"id":1795,"href":"https:\/\/prest-math.org\/en\/wp-json\/wp\/v2\/pages\/1794\/revisions\/1795"}],"wp:featuredmedia":[{"embeddable":true,"href":"https:\/\/prest-math.org\/en\/wp-json\/wp\/v2\/media\/1271"}],"wp:attachment":[{"href":"https:\/\/prest-math.org\/en\/wp-json\/wp\/v2\/media?parent=1794"}],"curies":[{"name":"wp","href":"https:\/\/api.w.org\/{rel}","templated":true}]}}