{"id":1797,"date":"2024-02-29T17:55:28","date_gmt":"2024-02-29T22:55:28","guid":{"rendered":"https:\/\/prest-math.org\/nos-projets\/"},"modified":"2024-03-11T16:48:28","modified_gmt":"2024-03-11T20:48:28","slug":"nos-projets","status":"publish","type":"page","link":"https:\/\/prest-math.org\/en\/nos-projets\/","title":{"rendered":"Nos projets"},"content":{"rendered":"<div id=\"pl-1797\"  class=\"panel-layout\" ><div id=\"pg-1797-0\"  class=\"panel-grid panel-no-style\" ><div id=\"pgc-1797-0-0\"  class=\"panel-grid-cell\" ><div id=\"panel-1797-0-0-0\" class=\"so-panel widget widget_black-studio-tinymce widget_black_studio_tinymce panel-first-child panel-last-child\" data-index=\"0\" ><div class=\"textwidget\"><p style=\"font-weight: 400;\">Le Qu\u00e9bec est dans le peloton de t\u00eate en \u00e9ducation \u00e0 l\u2019\u00e9chelle mondiale.\u00a0<\/p>\n<p style=\"font-weight: 400;\">PREST-Math s\u2019assure de rester \u00e0 l\u2019affut des r\u00e9centes recherches en \u00e9ducation et surtout \u00e0 l\u2019\u00e9coute de sa communaut\u00e9 d\u2019enseignants. L\u2019innovation est souvent \u00e0 la croiser de la recherche et de l\u2019exp\u00e9rience terrain.\u00a0<br \/>\nPREST-Math, c\u2019est un r\u00e9seau international de p\u00e9dagogues.\u00a0<br \/>\nPREST-Math, c\u2019est plus qu\u2019un cahier, c\u2019est une formation continue qui contribue \u00e0 enrichir la qualit\u00e9 de son enseignement.<\/p>\n<\/div><\/div><\/div><\/div><div id=\"pg-1797-1\"  class=\"panel-grid panel-has-style\" ><div class=\"story_row panel-row-style panel-row-style-for-1797-1\" ><div id=\"pgc-1797-1-0\"  class=\"panel-grid-cell\" ><div id=\"panel-1797-1-0-0\" class=\"so-panel widget widget_black-studio-tinymce widget_black_studio_tinymce panel-first-child\" data-index=\"1\" ><div class=\"story_left story panel-widget-style panel-widget-style-for-1797-1-0-0\" ><div class=\"textwidget\"><h6>2013<\/h6>\n<h3><span style=\"color: #012b70;\">Cr\u00e9ation de l\u2019organisme PREST<\/span><\/h3>\n<p>P\u00f4le r\u00e9gional pour l\u2019enseignement de la science et de la technologie<\/p>\n<p>\u00c0 ce moment, le succ\u00e8s du PREST repose sur ses situations d\u2019apprentissage et d\u2019\u00e9valuation en science et technologie, du pr\u00e9scolaire jusqu\u2019\u00e0 la fin du secondaire.<\/p>\n<\/div><\/div><\/div><div id=\"panel-1797-1-0-1\" class=\"so-panel widget widget_black-studio-tinymce widget_black_studio_tinymce\" data-index=\"2\" ><div class=\"story_right story panel-widget-style panel-widget-style-for-1797-1-0-1\" ><div class=\"textwidget\"><h6>2015<\/h6>\n<h3><span style=\"color: #012b70;\">D\u00e9but de PREST-Math<\/span><\/h3>\n<p>Le minist\u00e8re de l\u2019\u00c9ducation de la Colombie nous confie le mandat de construire un programme d\u2019enseignement des math\u00e9matiques pour le primaire. C\u2019est le point de d\u00e9part du projet PREST-Math. Trois millions de Colombiens en b\u00e9n\u00e9ficient.<\/p>\n<\/div><\/div><\/div><div id=\"panel-1797-1-0-2\" class=\"so-panel widget widget_black-studio-tinymce widget_black_studio_tinymce\" data-index=\"3\" ><div class=\"story_left story panel-widget-style panel-widget-style-for-1797-1-0-2\" ><div class=\"textwidget\"><h6>2016<\/h6>\n<h3><span style=\"color: #012b70;\">Pilotage de PREST-Math au Qu\u00e9bec<\/span><\/h3>\n<p>On met \u00e0 l\u2019essai nos guides, nos cahiers et notre mat\u00e9riel de manipulation aupr\u00e8s d\u2019enseignants volontaires provenant des centres de services scolaires de Beauce-Etchemin, Capitale, Premi\u00e8res-Seigneuries, Fleuve-et-des-lacs et des Chic-Chocs. On d\u00e9bute la production de capsules vid\u00e9o pour pr\u00e9senter le d\u00e9roulement de nos centres.<\/p>\n<\/div><\/div><\/div><div id=\"panel-1797-1-0-3\" class=\"so-panel widget widget_black-studio-tinymce widget_black_studio_tinymce\" data-index=\"4\" ><div class=\"story_right story panel-widget-style panel-widget-style-for-1797-1-0-3\" ><div class=\"textwidget\"><h6>2017<\/h6>\n<h3><span style=\"color: #012b70;\">Offre pour les classes multi\u00e2ges<\/span><\/h3>\n<p>Conscient du d\u00e9fi que repr\u00e9sente l\u2019enseignement \u00e0 plusieurs niveaux, conscient aussi que les classes dites r\u00e9guli\u00e8res doivent g\u00e9rer de grands \u00e9carts de compr\u00e9hension, PREST-Math d\u00e9veloppe une version cycle de l\u2019ensemble de ces collections. Cette version offre maintenant les outils de diff\u00e9renciation n\u00e9cessaires \u00e0 tous les enseignants.<\/p>\n<p>D\u00e9but d\u2019un partenariat avec Spectrum, d\u00e9positaire officiel du mat\u00e9riel Prest-Math.<\/p>\n<\/div><\/div><\/div><div id=\"panel-1797-1-0-4\" class=\"so-panel widget widget_black-studio-tinymce widget_black_studio_tinymce\" data-index=\"5\" ><div class=\"story_left story panel-widget-style panel-widget-style-for-1797-1-0-4\" ><div class=\"textwidget\"><h6>2018<\/h6>\n<h3><span style=\"color: #012b70;\">Cr\u00e9ation de la collection 6 et de notre programme d\u2019\u00e9veil des math\u00e9matiques<\/span><\/h3>\n<p>PREST-Math compl\u00e8te son offre au primaire avec la collection 6. Suite \u00e0 la demande du minist\u00e8re de l\u2019\u00c9ducation du Panama, un programme d\u2019\u00e9veil des math\u00e9matiques au pr\u00e9scolaire 5 ans voit le jour.<\/p>\n<p>PREST-Math est maintenant traduit en quatre langues et utilis\u00e9 dans neuf pays d\u2019Am\u00e9rique latine et d\u2019Europe.<\/p>\n<\/div><\/div><\/div><div id=\"panel-1797-1-0-5\" class=\"so-panel widget widget_black-studio-tinymce widget_black_studio_tinymce\" data-index=\"6\" ><div class=\"story_right story panel-widget-style panel-widget-style-for-1797-1-0-5\" ><div class=\"textwidget\"><h6>2019-<br \/>\n2021<\/h6>\n<h3><span style=\"color: #012b70;\">Plateforme 2.0 et production de capsules didactiques<\/span><\/h3>\n<p>Pour soutenir l\u2019enseignement \u00e0 distance et offrir une mod\u00e9lisation d\u2019enseignement efficace de l\u2019ensemble des savoirs au programme, PREST-Math produit une adaptation vid\u00e9o de ces propositions d\u2019enseignements explicites. Gr\u00e2ce \u00e0 la collaboration d\u2019enseignantes du Qu\u00e9bec et de l\u2019\u00e9quipe STEM Academia, on d\u00e9veloppe aussi une progression de le\u00e7ons et d\u2019exercices interactifs pour d\u00e9velopper le calcul mental. Ce programme est toujours disponible gratuitement en fran\u00e7ais, en espagnol, en portugais et en roumain.<\/p>\n<\/div><\/div><\/div><div id=\"panel-1797-1-0-6\" class=\"so-panel widget widget_black-studio-tinymce widget_black_studio_tinymce\" data-index=\"7\" ><div class=\"story_left story panel-widget-style panel-widget-style-for-1797-1-0-6\" ><div class=\"textwidget\"><h6>2022-<br \/>\n2023<\/h6>\n<h3><span style=\"color: #012b70;\">PREST-Math \u00e0 l\u2019\u00e9chelle nationale : PREST-Math est maintenant aussi utilis\u00e9 dans plusieurs communaut\u00e9s francophones du Canada<\/span><\/h3>\n<p>Les enseignants peuvent maintenant donner un acc\u00e8s \u00e0 leurs \u00e9l\u00e8ves aux exercices num\u00e9riques interactifs de Prest-Math.<\/p>\n<p>On amorce un projet pilote du programme d\u2019\u00e9veil des math\u00e9matiques au pr\u00e9scolaire 4 ans qui se d\u00e9roule dans un premier centre de la petite enfance (CPE) au Qu\u00e9bec.<\/p>\n<p>Prest-Math \u00e0 l\u2019\u00e9chelle internationale : Gr\u00e2ce \u00e0 de nouveaux partenaires et \u00e0 la suite de plusieurs dizaines de projets pilotes dans diff\u00e9rents pays, PREST-Math passe au niveau suivant : r\u00e9ussir une implantation au Mexique et au Br\u00e9sil \u00e0 grande \u00e9chelle.<\/p>\n<\/div><\/div><\/div><div id=\"panel-1797-1-0-7\" class=\"so-panel widget widget_black-studio-tinymce widget_black_studio_tinymce panel-last-child\" data-index=\"8\" ><div class=\"story_right story panel-widget-style panel-widget-style-for-1797-1-0-7\" ><div class=\"textwidget\"><h6>2023-<br \/>\n2024<\/h6>\n<h3><span style=\"color: #012b70;\">Un programme d\u2019\u00e9veil des math\u00e9matiques au pr\u00e9scolaire 4 ans voit le jour.<\/span><\/h3>\n<p>Une planification annuelle d\u2019ateliers pour le pr\u00e9scolaire 4 ans et 5 ans est en d\u00e9veloppement pour le Panama et sera bient\u00f4t disponible au Qu\u00e9bec.<\/p>\n<p>Collaboration avec la CSS des Samares pour la formation continue des enseignants en math\u00e9matiques.<\/p>\n<p>La formation en ligne sur les fractions est maintenant disponible aupr\u00e8s des CSS dans lesquelles les conseillers p\u00e9dagogiques collaborent avec le PREST.<\/p>\n<\/div><\/div><\/div><\/div><\/div><\/div><\/div>","protected":false},"excerpt":{"rendered":"<p>Le Qu\u00e9bec est dans le peloton de t\u00eate en \u00e9ducation \u00e0 l\u2019\u00e9chelle mondiale.\u00a0 PREST-Math s\u2019assure de rester \u00e0 l\u2019affut des r\u00e9centes recherches en \u00e9ducation et surtout \u00e0 l\u2019\u00e9coute de sa communaut\u00e9 d\u2019enseignants. L\u2019innovation est souvent \u00e0 la croiser de la recherche et de l\u2019exp\u00e9rience terrain.\u00a0 PREST-Math, c\u2019est un r\u00e9seau international de p\u00e9dagogues.\u00a0 PREST-Math, c\u2019est plus [&hellip;]<\/p>\n","protected":false},"author":1,"featured_media":1271,"parent":0,"menu_order":0,"comment_status":"closed","ping_status":"closed","template":"page-full.php","meta":{"_acf_changed":false,"footnotes":""},"acf":[],"yoast_head":"<!-- This site is optimized with the Yoast SEO plugin v22.5 - https:\/\/yoast.com\/wordpress\/plugins\/seo\/ -->\n<title>Nos projets - PREST<\/title>\n<meta name=\"robots\" content=\"index, follow, max-snippet:-1, max-image-preview:large, max-video-preview:-1\" \/>\n<link rel=\"canonical\" href=\"https:\/\/prest-math.org\/en\/nos-projets\/\" \/>\n<meta property=\"og:locale\" content=\"en_US\" \/>\n<meta property=\"og:type\" content=\"article\" \/>\n<meta property=\"og:title\" content=\"Nos projets - PREST\" \/>\n<meta property=\"og:description\" content=\"Le Qu\u00e9bec est dans le peloton de t\u00eate en \u00e9ducation \u00e0 l\u2019\u00e9chelle mondiale.\u00a0 PREST-Math s\u2019assure de rester \u00e0 l\u2019affut des r\u00e9centes recherches en \u00e9ducation et surtout \u00e0 l\u2019\u00e9coute de sa communaut\u00e9 d\u2019enseignants. L\u2019innovation est souvent \u00e0 la croiser de la recherche et de l\u2019exp\u00e9rience terrain.\u00a0 PREST-Math, c\u2019est un r\u00e9seau international de p\u00e9dagogues.\u00a0 PREST-Math, c\u2019est plus [&hellip;]\" \/>\n<meta property=\"og:url\" content=\"https:\/\/prest-math.org\/en\/nos-projets\/\" \/>\n<meta property=\"og:site_name\" content=\"PREST\" \/>\n<meta property=\"article:modified_time\" content=\"2024-03-11T20:48:28+00:00\" \/>\n<meta property=\"og:image\" content=\"https:\/\/prest-math.org\/wp-content\/uploads\/2020\/03\/prest-math-a-propos.jpg\" \/>\n\t<meta property=\"og:image:width\" content=\"1637\" \/>\n\t<meta property=\"og:image:height\" content=\"434\" \/>\n\t<meta property=\"og:image:type\" content=\"image\/jpeg\" \/>\n<meta name=\"twitter:card\" content=\"summary_large_image\" \/>\n<meta name=\"twitter:label1\" content=\"Est. reading time\" \/>\n\t<meta name=\"twitter:data1\" content=\"3 minutes\" \/>\n<script type=\"application\/ld+json\" class=\"yoast-schema-graph\">{\"@context\":\"https:\/\/schema.org\",\"@graph\":[{\"@type\":\"WebPage\",\"@id\":\"https:\/\/prest-math.org\/en\/nos-projets\/\",\"url\":\"https:\/\/prest-math.org\/en\/nos-projets\/\",\"name\":\"Nos projets - PREST\",\"isPartOf\":{\"@id\":\"https:\/\/prest-math.org\/#website\"},\"primaryImageOfPage\":{\"@id\":\"https:\/\/prest-math.org\/en\/nos-projets\/#primaryimage\"},\"image\":{\"@id\":\"https:\/\/prest-math.org\/en\/nos-projets\/#primaryimage\"},\"thumbnailUrl\":\"https:\/\/prest-math.org\/wp-content\/uploads\/2020\/03\/prest-math-a-propos.jpg\",\"datePublished\":\"2024-02-29T22:55:28+00:00\",\"dateModified\":\"2024-03-11T20:48:28+00:00\",\"breadcrumb\":{\"@id\":\"https:\/\/prest-math.org\/en\/nos-projets\/#breadcrumb\"},\"inLanguage\":\"en-US\",\"potentialAction\":[{\"@type\":\"ReadAction\",\"target\":[\"https:\/\/prest-math.org\/en\/nos-projets\/\"]}]},{\"@type\":\"ImageObject\",\"inLanguage\":\"en-US\",\"@id\":\"https:\/\/prest-math.org\/en\/nos-projets\/#primaryimage\",\"url\":\"https:\/\/prest-math.org\/wp-content\/uploads\/2020\/03\/prest-math-a-propos.jpg\",\"contentUrl\":\"https:\/\/prest-math.org\/wp-content\/uploads\/2020\/03\/prest-math-a-propos.jpg\",\"width\":1637,\"height\":434},{\"@type\":\"BreadcrumbList\",\"@id\":\"https:\/\/prest-math.org\/en\/nos-projets\/#breadcrumb\",\"itemListElement\":[{\"@type\":\"ListItem\",\"position\":1,\"name\":\"Accueil\",\"item\":\"https:\/\/prest-math.org\/en\/\"},{\"@type\":\"ListItem\",\"position\":2,\"name\":\"Nos projets\"}]},{\"@type\":\"WebSite\",\"@id\":\"https:\/\/prest-math.org\/#website\",\"url\":\"https:\/\/prest-math.org\/\",\"name\":\"PREST\",\"description\":\"\",\"publisher\":{\"@id\":\"https:\/\/prest-math.org\/#organization\"},\"potentialAction\":[{\"@type\":\"SearchAction\",\"target\":{\"@type\":\"EntryPoint\",\"urlTemplate\":\"https:\/\/prest-math.org\/?s={search_term_string}\"},\"query-input\":\"required name=search_term_string\"}],\"inLanguage\":\"en-US\"},{\"@type\":\"Organization\",\"@id\":\"https:\/\/prest-math.org\/#organization\",\"name\":\"PREST\",\"url\":\"https:\/\/prest-math.org\/\",\"logo\":{\"@type\":\"ImageObject\",\"inLanguage\":\"en-US\",\"@id\":\"https:\/\/prest-math.org\/#\/schema\/logo\/image\/\",\"url\":\"https:\/\/prest-math.org\/wp-content\/uploads\/2020\/03\/logo_prest-math.png\",\"contentUrl\":\"https:\/\/prest-math.org\/wp-content\/uploads\/2020\/03\/logo_prest-math.png\",\"width\":580,\"height\":54,\"caption\":\"PREST\"},\"image\":{\"@id\":\"https:\/\/prest-math.org\/#\/schema\/logo\/image\/\"}}]}<\/script>\n<!-- \/ Yoast SEO plugin. -->","yoast_head_json":{"title":"Nos projets - PREST","robots":{"index":"index","follow":"follow","max-snippet":"max-snippet:-1","max-image-preview":"max-image-preview:large","max-video-preview":"max-video-preview:-1"},"canonical":"https:\/\/prest-math.org\/en\/nos-projets\/","og_locale":"en_US","og_type":"article","og_title":"Nos projets - PREST","og_description":"Le Qu\u00e9bec est dans le peloton de t\u00eate en \u00e9ducation \u00e0 l\u2019\u00e9chelle mondiale.\u00a0 PREST-Math s\u2019assure de rester \u00e0 l\u2019affut des r\u00e9centes recherches en \u00e9ducation et surtout \u00e0 l\u2019\u00e9coute de sa communaut\u00e9 d\u2019enseignants. L\u2019innovation est souvent \u00e0 la croiser de la recherche et de l\u2019exp\u00e9rience terrain.\u00a0 PREST-Math, c\u2019est un r\u00e9seau international de p\u00e9dagogues.\u00a0 PREST-Math, c\u2019est plus [&hellip;]","og_url":"https:\/\/prest-math.org\/en\/nos-projets\/","og_site_name":"PREST","article_modified_time":"2024-03-11T20:48:28+00:00","og_image":[{"width":1637,"height":434,"url":"https:\/\/prest-math.org\/wp-content\/uploads\/2020\/03\/prest-math-a-propos.jpg","type":"image\/jpeg"}],"twitter_card":"summary_large_image","twitter_misc":{"Est. reading time":"3 minutes"},"schema":{"@context":"https:\/\/schema.org","@graph":[{"@type":"WebPage","@id":"https:\/\/prest-math.org\/en\/nos-projets\/","url":"https:\/\/prest-math.org\/en\/nos-projets\/","name":"Nos projets - PREST","isPartOf":{"@id":"https:\/\/prest-math.org\/#website"},"primaryImageOfPage":{"@id":"https:\/\/prest-math.org\/en\/nos-projets\/#primaryimage"},"image":{"@id":"https:\/\/prest-math.org\/en\/nos-projets\/#primaryimage"},"thumbnailUrl":"https:\/\/prest-math.org\/wp-content\/uploads\/2020\/03\/prest-math-a-propos.jpg","datePublished":"2024-02-29T22:55:28+00:00","dateModified":"2024-03-11T20:48:28+00:00","breadcrumb":{"@id":"https:\/\/prest-math.org\/en\/nos-projets\/#breadcrumb"},"inLanguage":"en-US","potentialAction":[{"@type":"ReadAction","target":["https:\/\/prest-math.org\/en\/nos-projets\/"]}]},{"@type":"ImageObject","inLanguage":"en-US","@id":"https:\/\/prest-math.org\/en\/nos-projets\/#primaryimage","url":"https:\/\/prest-math.org\/wp-content\/uploads\/2020\/03\/prest-math-a-propos.jpg","contentUrl":"https:\/\/prest-math.org\/wp-content\/uploads\/2020\/03\/prest-math-a-propos.jpg","width":1637,"height":434},{"@type":"BreadcrumbList","@id":"https:\/\/prest-math.org\/en\/nos-projets\/#breadcrumb","itemListElement":[{"@type":"ListItem","position":1,"name":"Accueil","item":"https:\/\/prest-math.org\/en\/"},{"@type":"ListItem","position":2,"name":"Nos projets"}]},{"@type":"WebSite","@id":"https:\/\/prest-math.org\/#website","url":"https:\/\/prest-math.org\/","name":"PREST","description":"","publisher":{"@id":"https:\/\/prest-math.org\/#organization"},"potentialAction":[{"@type":"SearchAction","target":{"@type":"EntryPoint","urlTemplate":"https:\/\/prest-math.org\/?s={search_term_string}"},"query-input":"required name=search_term_string"}],"inLanguage":"en-US"},{"@type":"Organization","@id":"https:\/\/prest-math.org\/#organization","name":"PREST","url":"https:\/\/prest-math.org\/","logo":{"@type":"ImageObject","inLanguage":"en-US","@id":"https:\/\/prest-math.org\/#\/schema\/logo\/image\/","url":"https:\/\/prest-math.org\/wp-content\/uploads\/2020\/03\/logo_prest-math.png","contentUrl":"https:\/\/prest-math.org\/wp-content\/uploads\/2020\/03\/logo_prest-math.png","width":580,"height":54,"caption":"PREST"},"image":{"@id":"https:\/\/prest-math.org\/#\/schema\/logo\/image\/"}}]}},"_links":{"self":[{"href":"https:\/\/prest-math.org\/en\/wp-json\/wp\/v2\/pages\/1797"}],"collection":[{"href":"https:\/\/prest-math.org\/en\/wp-json\/wp\/v2\/pages"}],"about":[{"href":"https:\/\/prest-math.org\/en\/wp-json\/wp\/v2\/types\/page"}],"author":[{"embeddable":true,"href":"https:\/\/prest-math.org\/en\/wp-json\/wp\/v2\/users\/1"}],"replies":[{"embeddable":true,"href":"https:\/\/prest-math.org\/en\/wp-json\/wp\/v2\/comments?post=1797"}],"version-history":[{"count":1,"href":"https:\/\/prest-math.org\/en\/wp-json\/wp\/v2\/pages\/1797\/revisions"}],"predecessor-version":[{"id":1798,"href":"https:\/\/prest-math.org\/en\/wp-json\/wp\/v2\/pages\/1797\/revisions\/1798"}],"wp:featuredmedia":[{"embeddable":true,"href":"https:\/\/prest-math.org\/en\/wp-json\/wp\/v2\/media\/1271"}],"wp:attachment":[{"href":"https:\/\/prest-math.org\/en\/wp-json\/wp\/v2\/media?parent=1797"}],"curies":[{"name":"wp","href":"https:\/\/api.w.org\/{rel}","templated":true}]}}