{"id":1803,"date":"2024-02-29T15:01:21","date_gmt":"2024-02-29T20:01:21","guid":{"rendered":"https:\/\/prest-math.org\/nos-partenaires\/"},"modified":"2024-03-19T16:22:41","modified_gmt":"2024-03-19T20:22:41","slug":"nuestros-socios","status":"publish","type":"page","link":"https:\/\/prest-math.org\/es\/nuestros-socios\/","title":{"rendered":"Nuestros socios"},"content":{"rendered":"<p>Se han firmado numerosos acuerdos de colaboraci\u00f3n, que llevan a PREST-Math a\u00fan m\u00e1s lejos. PREST-Math es ahora una red de colaboradores din\u00e1micos ubicados en 10 pa\u00edses, principalmente en Am\u00e9rica Latina.<\/p>\n<p><strong>En Quebec-CANAD\u00c1<\/strong><\/p>\n<hr \/>\n<p class=\"list_logos\"><img loading=\"lazy\" decoding=\"async\" class=\"alignnone size-full wp-image-1643\" src=\"https:\/\/prest-math.org\/wp-content\/uploads\/2024\/02\/canam.png\" alt=\"\" width=\"200\" height=\"117\" \/> <img loading=\"lazy\" decoding=\"async\" class=\"alignnone size-full wp-image-1646\" src=\"https:\/\/prest-math.org\/wp-content\/uploads\/2024\/02\/cssbe.png\" alt=\"\" width=\"195\" height=\"117\" \/> <img loading=\"lazy\" decoding=\"async\" class=\"alignnone size-full wp-image-1649\" src=\"https:\/\/prest-math.org\/wp-content\/uploads\/2024\/02\/csss.png\" alt=\"\" width=\"203\" height=\"117\" \/> <img loading=\"lazy\" decoding=\"async\" class=\"alignnone size-full wp-image-1652\" src=\"https:\/\/prest-math.org\/wp-content\/uploads\/2024\/02\/ctreq.png\" alt=\"\" width=\"222\" height=\"117\" \/> <img loading=\"lazy\" decoding=\"async\" class=\"alignnone size-full wp-image-1655\" src=\"https:\/\/prest-math.org\/wp-content\/uploads\/2024\/02\/mecanium.png\" alt=\"\" width=\"201\" height=\"117\" \/> <img loading=\"lazy\" decoding=\"async\" class=\"alignnone size-full wp-image-1658\" src=\"https:\/\/prest-math.org\/wp-content\/uploads\/2024\/02\/u-laval.png\" alt=\"\" width=\"179\" height=\"117\" \/><img loading=\"lazy\" decoding=\"async\" class=\"alignnone size-full wp-image-1662\" src=\"https:\/\/prest-math.org\/wp-content\/uploads\/2024\/02\/uqar.png\" alt=\"\" width=\"192\" height=\"117\" \/><\/p>\n<p>&nbsp;<\/p>\n<h5>En Colombia<\/h5>\n<hr \/>\n<p class=\"list_logos\"><img loading=\"lazy\" decoding=\"async\" class=\"alignnone size-full wp-image-1665\" src=\"https:\/\/prest-math.org\/wp-content\/uploads\/2024\/02\/stem-ac.png\" alt=\"\" width=\"187\" height=\"167\" \/> <img loading=\"lazy\" decoding=\"async\" class=\"alignnone size-full wp-image-1668\" src=\"https:\/\/prest-math.org\/wp-content\/uploads\/2024\/02\/academia.png\" alt=\"\" width=\"126\" height=\"167\" \/> <img loading=\"lazy\" decoding=\"async\" class=\"alignnone size-full wp-image-1671\" src=\"https:\/\/prest-math.org\/wp-content\/uploads\/2024\/02\/cresendo.png\" alt=\"\" width=\"191\" height=\"167\" \/> <img loading=\"lazy\" decoding=\"async\" class=\"alignnone size-full wp-image-1674\" src=\"https:\/\/prest-math.org\/wp-content\/uploads\/2024\/02\/fundacion.png\" alt=\"\" width=\"205\" height=\"167\" \/><\/p>\n<p>&nbsp;<\/p>\n<h5>En M\u00e9xico<\/h5>\n<hr \/>\n<p class=\"list_logos\"><img loading=\"lazy\" decoding=\"async\" class=\"alignnone size-full wp-image-1677\" src=\"https:\/\/prest-math.org\/wp-content\/uploads\/2024\/02\/innovec.png\" alt=\"\" width=\"237\" height=\"122\" \/> <img loading=\"lazy\" decoding=\"async\" class=\"alignnone size-full wp-image-1680\" src=\"https:\/\/prest-math.org\/wp-content\/uploads\/2024\/02\/natura.png\" alt=\"\" width=\"115\" height=\"122\" \/> <img loading=\"lazy\" decoding=\"async\" class=\"alignnone size-full wp-image-1683\" src=\"https:\/\/prest-math.org\/wp-content\/uploads\/2024\/02\/yucatan.png\" alt=\"\" width=\"405\" height=\"122\" \/><\/p>\n<p>&nbsp;<\/p>\n<h5>En Brasil<\/h5>\n<hr \/>\n<p class=\"list_logos\"><img loading=\"lazy\" decoding=\"async\" class=\"alignnone size-full wp-image-1686\" src=\"https:\/\/prest-math.org\/wp-content\/uploads\/2024\/02\/mathema.png\" alt=\"\" width=\"180\" height=\"137\" \/> <img loading=\"lazy\" decoding=\"async\" class=\"alignnone size-full wp-image-1689\" src=\"https:\/\/prest-math.org\/wp-content\/uploads\/2024\/02\/pernambuco.png\" alt=\"\" width=\"287\" height=\"137\" \/><\/p>\n<p>&nbsp;<\/p>\n<h5>En Panam<strong>\u00e1<\/strong><\/h5>\n<hr \/>\n<p class=\"list_logos\"><img loading=\"lazy\" decoding=\"async\" class=\"alignnone size-full wp-image-1692\" src=\"https:\/\/prest-math.org\/wp-content\/uploads\/2024\/02\/senacyt.png\" alt=\"\" width=\"225\" height=\"146\" \/><\/p>\n<p>&nbsp;<\/p>\n<h5>En Rep\u00fablica Dominicana<\/h5>\n<hr \/>\n<p class=\"list_logos\"><img loading=\"lazy\" decoding=\"async\" class=\"alignnone size-full wp-image-1698\" src=\"https:\/\/prest-math.org\/wp-content\/uploads\/2024\/02\/propagas.png\" alt=\"\" width=\"201\" height=\"133\" \/> <img loading=\"lazy\" decoding=\"async\" class=\"alignnone size-full wp-image-1701\" src=\"https:\/\/prest-math.org\/wp-content\/uploads\/2024\/02\/steam.png\" alt=\"\" width=\"230\" height=\"132\" \/><\/p>\n<p>&nbsp;<\/p>\n<h5>En Argentina<\/h5>\n<hr \/>\n<p>PREST-Math tambi\u00e9n ofrece un programa de recuperaci\u00f3n \u00abdespu\u00e9s de la escuela\u00bb. Tambi\u00e9n se utiliza en Uruguay, Colombia, M\u00e9xico, Brasil y Rumania para estudiantes que est\u00e1n significativamente atrasados. Este programa ha estado en uso desde 2017.<\/p>\n<p class=\"list_logos\"><img loading=\"lazy\" decoding=\"async\" class=\"alignnone size-full wp-image-1704\" src=\"https:\/\/prest-math.org\/wp-content\/uploads\/2024\/02\/techint.png\" alt=\"\" width=\"101\" height=\"130\" \/><\/p>\n<p>&nbsp;<\/p>\n","protected":false},"excerpt":{"rendered":"<p>Se han firmado numerosos acuerdos de colaboraci\u00f3n, que llevan a PREST-Math a\u00fan m\u00e1s lejos. PREST-Math es ahora una red de colaboradores din\u00e1micos ubicados en 10 pa\u00edses, principalmente en Am\u00e9rica Latina. En Quebec-CANAD\u00c1 &nbsp; En Colombia &nbsp; En M\u00e9xico &nbsp; En Brasil &nbsp; En Panam\u00e1 &nbsp; En Rep\u00fablica Dominicana &nbsp; En Argentina PREST-Math tambi\u00e9n ofrece un [&hellip;]<\/p>\n","protected":false},"author":1,"featured_media":408,"parent":0,"menu_order":0,"comment_status":"closed","ping_status":"closed","template":"page-full.php","meta":{"_acf_changed":false,"footnotes":""},"acf":[],"yoast_head":"<!-- This site is optimized with the Yoast SEO plugin v22.5 - https:\/\/yoast.com\/wordpress\/plugins\/seo\/ -->\n<title>Nuestros socios - PREST<\/title>\n<meta name=\"robots\" content=\"index, follow, max-snippet:-1, max-image-preview:large, max-video-preview:-1\" \/>\n<link rel=\"canonical\" href=\"https:\/\/prest-math.org\/es\/nuestros-socios\/\" \/>\n<meta property=\"og:locale\" content=\"es_ES\" \/>\n<meta property=\"og:type\" content=\"article\" \/>\n<meta property=\"og:title\" content=\"Nuestros socios - PREST\" \/>\n<meta property=\"og:description\" content=\"Se han firmado numerosos acuerdos de colaboraci\u00f3n, que llevan a PREST-Math a\u00fan m\u00e1s lejos. PREST-Math es ahora una red de colaboradores din\u00e1micos ubicados en 10 pa\u00edses, principalmente en Am\u00e9rica Latina. En Quebec-CANAD\u00c1 &nbsp; En Colombia &nbsp; En M\u00e9xico &nbsp; En Brasil &nbsp; En Panam\u00e1 &nbsp; En Rep\u00fablica Dominicana &nbsp; En Argentina PREST-Math tambi\u00e9n ofrece un [&hellip;]\" \/>\n<meta property=\"og:url\" content=\"https:\/\/prest-math.org\/es\/nuestros-socios\/\" \/>\n<meta property=\"og:site_name\" content=\"PREST\" \/>\n<meta property=\"article:modified_time\" content=\"2024-03-19T20:22:41+00:00\" \/>\n<meta property=\"og:image\" content=\"https:\/\/prest-math.org\/wp-content\/uploads\/2020\/03\/prest-math-a-propos.jpg\" \/>\n\t<meta property=\"og:image:width\" content=\"1637\" \/>\n\t<meta property=\"og:image:height\" content=\"434\" \/>\n\t<meta property=\"og:image:type\" content=\"image\/jpeg\" \/>\n<meta name=\"twitter:card\" content=\"summary_large_image\" \/>\n<script type=\"application\/ld+json\" class=\"yoast-schema-graph\">{\"@context\":\"https:\/\/schema.org\",\"@graph\":[{\"@type\":\"WebPage\",\"@id\":\"https:\/\/prest-math.org\/es\/nuestros-socios\/\",\"url\":\"https:\/\/prest-math.org\/es\/nuestros-socios\/\",\"name\":\"Nuestros socios - PREST\",\"isPartOf\":{\"@id\":\"https:\/\/prest-math.org\/#website\"},\"primaryImageOfPage\":{\"@id\":\"https:\/\/prest-math.org\/es\/nuestros-socios\/#primaryimage\"},\"image\":{\"@id\":\"https:\/\/prest-math.org\/es\/nuestros-socios\/#primaryimage\"},\"thumbnailUrl\":\"https:\/\/prest-math.org\/wp-content\/uploads\/2020\/03\/prest-math-a-propos.jpg\",\"datePublished\":\"2024-02-29T20:01:21+00:00\",\"dateModified\":\"2024-03-19T20:22:41+00:00\",\"breadcrumb\":{\"@id\":\"https:\/\/prest-math.org\/es\/nuestros-socios\/#breadcrumb\"},\"inLanguage\":\"es\",\"potentialAction\":[{\"@type\":\"ReadAction\",\"target\":[\"https:\/\/prest-math.org\/es\/nuestros-socios\/\"]}]},{\"@type\":\"ImageObject\",\"inLanguage\":\"es\",\"@id\":\"https:\/\/prest-math.org\/es\/nuestros-socios\/#primaryimage\",\"url\":\"https:\/\/prest-math.org\/wp-content\/uploads\/2020\/03\/prest-math-a-propos.jpg\",\"contentUrl\":\"https:\/\/prest-math.org\/wp-content\/uploads\/2020\/03\/prest-math-a-propos.jpg\",\"width\":1637,\"height\":434},{\"@type\":\"BreadcrumbList\",\"@id\":\"https:\/\/prest-math.org\/es\/nuestros-socios\/#breadcrumb\",\"itemListElement\":[{\"@type\":\"ListItem\",\"position\":1,\"name\":\"Accueil\",\"item\":\"https:\/\/prest-math.org\/es\/\"},{\"@type\":\"ListItem\",\"position\":2,\"name\":\"Nuestros socios\"}]},{\"@type\":\"WebSite\",\"@id\":\"https:\/\/prest-math.org\/#website\",\"url\":\"https:\/\/prest-math.org\/\",\"name\":\"PREST\",\"description\":\"\",\"publisher\":{\"@id\":\"https:\/\/prest-math.org\/#organization\"},\"potentialAction\":[{\"@type\":\"SearchAction\",\"target\":{\"@type\":\"EntryPoint\",\"urlTemplate\":\"https:\/\/prest-math.org\/?s={search_term_string}\"},\"query-input\":\"required name=search_term_string\"}],\"inLanguage\":\"es\"},{\"@type\":\"Organization\",\"@id\":\"https:\/\/prest-math.org\/#organization\",\"name\":\"PREST\",\"url\":\"https:\/\/prest-math.org\/\",\"logo\":{\"@type\":\"ImageObject\",\"inLanguage\":\"es\",\"@id\":\"https:\/\/prest-math.org\/#\/schema\/logo\/image\/\",\"url\":\"https:\/\/prest-math.org\/wp-content\/uploads\/2020\/03\/logo_prest-math.png\",\"contentUrl\":\"https:\/\/prest-math.org\/wp-content\/uploads\/2020\/03\/logo_prest-math.png\",\"width\":580,\"height\":54,\"caption\":\"PREST\"},\"image\":{\"@id\":\"https:\/\/prest-math.org\/#\/schema\/logo\/image\/\"}}]}<\/script>\n<!-- \/ Yoast SEO plugin. -->","yoast_head_json":{"title":"Nuestros socios - PREST","robots":{"index":"index","follow":"follow","max-snippet":"max-snippet:-1","max-image-preview":"max-image-preview:large","max-video-preview":"max-video-preview:-1"},"canonical":"https:\/\/prest-math.org\/es\/nuestros-socios\/","og_locale":"es_ES","og_type":"article","og_title":"Nuestros socios - PREST","og_description":"Se han firmado numerosos acuerdos de colaboraci\u00f3n, que llevan a PREST-Math a\u00fan m\u00e1s lejos. PREST-Math es ahora una red de colaboradores din\u00e1micos ubicados en 10 pa\u00edses, principalmente en Am\u00e9rica Latina. En Quebec-CANAD\u00c1 &nbsp; En Colombia &nbsp; En M\u00e9xico &nbsp; En Brasil &nbsp; En Panam\u00e1 &nbsp; En Rep\u00fablica Dominicana &nbsp; En Argentina PREST-Math tambi\u00e9n ofrece un [&hellip;]","og_url":"https:\/\/prest-math.org\/es\/nuestros-socios\/","og_site_name":"PREST","article_modified_time":"2024-03-19T20:22:41+00:00","og_image":[{"width":1637,"height":434,"url":"https:\/\/prest-math.org\/wp-content\/uploads\/2020\/03\/prest-math-a-propos.jpg","type":"image\/jpeg"}],"twitter_card":"summary_large_image","schema":{"@context":"https:\/\/schema.org","@graph":[{"@type":"WebPage","@id":"https:\/\/prest-math.org\/es\/nuestros-socios\/","url":"https:\/\/prest-math.org\/es\/nuestros-socios\/","name":"Nuestros socios - PREST","isPartOf":{"@id":"https:\/\/prest-math.org\/#website"},"primaryImageOfPage":{"@id":"https:\/\/prest-math.org\/es\/nuestros-socios\/#primaryimage"},"image":{"@id":"https:\/\/prest-math.org\/es\/nuestros-socios\/#primaryimage"},"thumbnailUrl":"https:\/\/prest-math.org\/wp-content\/uploads\/2020\/03\/prest-math-a-propos.jpg","datePublished":"2024-02-29T20:01:21+00:00","dateModified":"2024-03-19T20:22:41+00:00","breadcrumb":{"@id":"https:\/\/prest-math.org\/es\/nuestros-socios\/#breadcrumb"},"inLanguage":"es","potentialAction":[{"@type":"ReadAction","target":["https:\/\/prest-math.org\/es\/nuestros-socios\/"]}]},{"@type":"ImageObject","inLanguage":"es","@id":"https:\/\/prest-math.org\/es\/nuestros-socios\/#primaryimage","url":"https:\/\/prest-math.org\/wp-content\/uploads\/2020\/03\/prest-math-a-propos.jpg","contentUrl":"https:\/\/prest-math.org\/wp-content\/uploads\/2020\/03\/prest-math-a-propos.jpg","width":1637,"height":434},{"@type":"BreadcrumbList","@id":"https:\/\/prest-math.org\/es\/nuestros-socios\/#breadcrumb","itemListElement":[{"@type":"ListItem","position":1,"name":"Accueil","item":"https:\/\/prest-math.org\/es\/"},{"@type":"ListItem","position":2,"name":"Nuestros socios"}]},{"@type":"WebSite","@id":"https:\/\/prest-math.org\/#website","url":"https:\/\/prest-math.org\/","name":"PREST","description":"","publisher":{"@id":"https:\/\/prest-math.org\/#organization"},"potentialAction":[{"@type":"SearchAction","target":{"@type":"EntryPoint","urlTemplate":"https:\/\/prest-math.org\/?s={search_term_string}"},"query-input":"required name=search_term_string"}],"inLanguage":"es"},{"@type":"Organization","@id":"https:\/\/prest-math.org\/#organization","name":"PREST","url":"https:\/\/prest-math.org\/","logo":{"@type":"ImageObject","inLanguage":"es","@id":"https:\/\/prest-math.org\/#\/schema\/logo\/image\/","url":"https:\/\/prest-math.org\/wp-content\/uploads\/2020\/03\/logo_prest-math.png","contentUrl":"https:\/\/prest-math.org\/wp-content\/uploads\/2020\/03\/logo_prest-math.png","width":580,"height":54,"caption":"PREST"},"image":{"@id":"https:\/\/prest-math.org\/#\/schema\/logo\/image\/"}}]}},"_links":{"self":[{"href":"https:\/\/prest-math.org\/es\/wp-json\/wp\/v2\/pages\/1803"}],"collection":[{"href":"https:\/\/prest-math.org\/es\/wp-json\/wp\/v2\/pages"}],"about":[{"href":"https:\/\/prest-math.org\/es\/wp-json\/wp\/v2\/types\/page"}],"author":[{"embeddable":true,"href":"https:\/\/prest-math.org\/es\/wp-json\/wp\/v2\/users\/1"}],"replies":[{"embeddable":true,"href":"https:\/\/prest-math.org\/es\/wp-json\/wp\/v2\/comments?post=1803"}],"version-history":[{"count":5,"href":"https:\/\/prest-math.org\/es\/wp-json\/wp\/v2\/pages\/1803\/revisions"}],"predecessor-version":[{"id":1832,"href":"https:\/\/prest-math.org\/es\/wp-json\/wp\/v2\/pages\/1803\/revisions\/1832"}],"wp:featuredmedia":[{"embeddable":true,"href":"https:\/\/prest-math.org\/es\/wp-json\/wp\/v2\/media\/408"}],"wp:attachment":[{"href":"https:\/\/prest-math.org\/es\/wp-json\/wp\/v2\/media?parent=1803"}],"curies":[{"name":"wp","href":"https:\/\/api.w.org\/{rel}","templated":true}]}}