{"id":1806,"date":"2024-02-29T17:55:28","date_gmt":"2024-02-29T22:55:28","guid":{"rendered":"https:\/\/prest-math.org\/nos-projets\/"},"modified":"2025-04-11T11:25:00","modified_gmt":"2025-04-11T15:25:00","slug":"nuestros-proyectos","status":"publish","type":"page","link":"https:\/\/prest-math.org\/es\/nuestros-proyectos\/","title":{"rendered":"Nuestros proyectos"},"content":{"rendered":"<div id=\"pl-1806\"  class=\"panel-layout\" ><div id=\"pg-1806-0\"  class=\"panel-grid panel-no-style\" ><div id=\"pgc-1806-0-0\"  class=\"panel-grid-cell\" ><div id=\"panel-1806-0-0-0\" class=\"so-panel widget widget_black-studio-tinymce widget_black_studio_tinymce panel-first-child panel-last-child\" data-index=\"0\" ><div class=\"textwidget\"><p>Canad\u00e1 es uno de los pa\u00edses l\u00edderes mundiales en educaci\u00f3n y en particular, la regi\u00f3n de Quebec es l\u00edder en Canad\u00e1.<\/p>\n<p>PREST-Math se asegura de mantenerse al tanto de las investigaciones recientes en educaci\u00f3n y, sobre todo, de escuchar a su comunidad de profesores en Canad\u00e1 y a todos los profesores de Am\u00e9rica Latina, porque la innovaci\u00f3n se encuentra a menudo en la encrucijada de la investigaci\u00f3n y la experiencia de campo.\u00a0PREST-Math es una red internacional de educadores.\u00a0PREST-Math es m\u00e1s que un cuaderno de trabajo, es una educaci\u00f3n continua que contribuye a enriquecer la calidad de la ense\u00f1anza de las matem\u00e1ticas desde preescolar hasta el final de la escuela primaria.<\/p>\n<\/div><\/div><\/div><\/div><div id=\"pg-1806-1\"  class=\"panel-grid panel-has-style\" ><div class=\"story_row panel-row-style panel-row-style-for-1806-1\" ><div id=\"pgc-1806-1-0\"  class=\"panel-grid-cell\" ><div id=\"panel-1806-1-0-0\" class=\"so-panel widget widget_black-studio-tinymce widget_black_studio_tinymce panel-first-child\" data-index=\"1\" ><div class=\"story_left story panel-widget-style panel-widget-style-for-1806-1-0-0\" ><div class=\"textwidget\"><h6>2013<\/h6>\n<h3><span style=\"color: #012b70;\">Cr<strong>eaci\u00f3n<\/strong> de PREST<\/span><\/h3>\n<p>Centro Regional de Educaci\u00f3n en Ciencia y Tecnolog\u00eda<\/p>\n<p>En ese momento, el \u00e9xito de PREST se basaba en sus situaciones de aprendizaje y evaluaci\u00f3n en ciencia y tecnolog\u00eda, desde preescolar hasta el final de la secundaria.<\/p>\n<\/div><\/div><\/div><div id=\"panel-1806-1-0-1\" class=\"so-panel widget widget_black-studio-tinymce widget_black_studio_tinymce\" data-index=\"2\" ><div class=\"story_right story panel-widget-style panel-widget-style-for-1806-1-0-1\" ><div class=\"textwidget\"><h6>2015<\/h6>\n<h3><span style=\"color: #012b70;\"><strong>Inicio <\/strong>de PREST-Math<\/span><\/h3>\n<p>PREST en asocio con la Universidad de los Andes (programa STEM-Academia), la Universidad Nacional de Colombia, la Universidad externado y el Ministerio de educaci\u00f3n de Colombia se adelant\u00f3 una iniciativa que permiti\u00f3 sintetizar un material educativo y una propuesta de desarrollo profesional reuniendo las buenas pr\u00e1cticas de ense\u00f1anza de las matem\u00e1ticas en primaria en la regi\u00f3n de Quebec. Este es el punto de partida del material educativo actual que se conoce como PREST-Math.<\/p>\n<\/div><\/div><\/div><div id=\"panel-1806-1-0-2\" class=\"so-panel widget widget_black-studio-tinymce widget_black_studio_tinymce\" data-index=\"3\" ><div class=\"story_left story panel-widget-style panel-widget-style-for-1806-1-0-2\" ><div class=\"textwidget\"><h6>2017<\/h6>\n<h3><span style=\"color: #012b70;\">Oferta para clases multigrado<\/span><\/h3>\n<p>Consciente del reto que supone la ense\u00f1anza en varios niveles, y tambi\u00e9n consciente de que las llamadas clases regulares tienen que hacer frente a grandes lagunas en la comprensi\u00f3n, PREST-Math est\u00e1 desarrollando una versi\u00f3n multigradod de todas estas colecciones. Esta versi\u00f3n ofrece ahora las herramientas de diferenciaci\u00f3n necesarias para todos los docentes.<\/p>\n<p>Inicio de una asociaci\u00f3n con Spectrum, el distribuidor oficial de materiales dise\u00f1ados y probados por Prest-Math para Canad\u00e1 y Estados Unidos.<\/p>\n<\/div><\/div><\/div><div id=\"panel-1806-1-0-3\" class=\"so-panel widget widget_black-studio-tinymce widget_black_studio_tinymce\" data-index=\"4\" ><div class=\"story_right story panel-widget-style panel-widget-style-for-1806-1-0-3\" ><div class=\"textwidget\"><h6>2018<\/h6>\n<h3><span style=\"color: #012b70;\">Creaci<strong>\u00f3n de la Colecci\u00f3n 6 y nuestro Programa de Despertar Matem\u00e1tico Preescolar<\/strong><\/span><\/h3>\n<p>PREST-Math completa su oferta en primaria con la colecci\u00f3n 6. A petici\u00f3n del Ministerio de Educaci\u00f3n de Panam\u00e1, se cre\u00f3 un programa para despertar las matem\u00e1ticas en preescolar de 5 a\u00f1os.<\/p>\n<p>En la actualidad, PREST-Math se traduce a cuatro idiomas y se utiliza en nueve pa\u00edses de Am\u00e9rica Latina y Europa.<\/p>\n<\/div><\/div><\/div><div id=\"panel-1806-1-0-4\" class=\"so-panel widget widget_black-studio-tinymce widget_black_studio_tinymce\" data-index=\"5\" ><div class=\"story_left story panel-widget-style panel-widget-style-for-1806-1-0-4\" ><div class=\"textwidget\"><h6>2019-<br \/>\n2021<\/h6>\n<h3><span style=\"color: #012b70;\">Produ<strong>cci\u00f3n de videoclips modelando la ense\u00f1anza efectiva de todos los conceptos matem\u00e1ticos en la escuela primaria<\/strong><\/span><\/h3>\n<p>Para apoyar el aprendizaje a distancia y ofrecer un modelo de ense\u00f1anza eficaz de todos los conocimientos del curr\u00edculo, PREST-Math en asocio con el programa de STEM-Academia, de la Academia Colombiana de ciencias, se producen una adaptaci\u00f3n en v\u00eddeo de estas propuestas did\u00e1cticas expl\u00edcitas.<\/p>\n<p>Gracias a la colaboraci\u00f3n de profesores de Quebec y del equipo de de la Academia Colombiana de Ciencias tambi\u00e9n estamos desarrollando una progresi\u00f3n de lecciones y ejercicios interactivos para desarrollar el c\u00e1lculo mental. Este programa est\u00e1 siempre disponible de forma gratuita en franc\u00e9s, espa\u00f1ol, portugu\u00e9s y rumano.<\/p>\n<\/div><\/div><\/div><div id=\"panel-1806-1-0-5\" class=\"so-panel widget widget_black-studio-tinymce widget_black_studio_tinymce\" data-index=\"6\" ><div class=\"story_right story panel-widget-style panel-widget-style-for-1806-1-0-5\" ><div class=\"textwidget\"><h6>2022<\/h6>\n<h3><span style=\"color: #012b70;\"><strong>Inicio de una evaluaci\u00f3n de tipo RCT para medir el impacto de PREST-Math<\/strong><\/span><\/h3>\n<p>En colaboraci\u00f3n con la Fundaci\u00f3n Luker, el BID (Banco Interamericano de Desarrollo) y la Academia Colombiana de Ciencias, una evaluaci\u00f3n con grupos de control permite medir el impacto de PREST-Math en los ni\u00f1os de primero y segundo grado. La investigaci\u00f3n contin\u00faa con los estudiantes de 3\u00ba grado en el a\u00f1o escolar 2024. Los resultados preliminares de esta investigaci\u00f3n son muy positivos. Un informe oficial estar\u00e1 disponible m\u00e1s adelante.<\/p>\n<\/div><\/div><\/div><div id=\"panel-1806-1-0-6\" class=\"so-panel widget widget_black-studio-tinymce widget_black_studio_tinymce\" data-index=\"7\" ><div class=\"story_left story panel-widget-style panel-widget-style-for-1806-1-0-6\" ><div class=\"textwidget\"><h6>2023<\/h6>\n<h3><span style=\"color: #012b70;\"><strong>Preescolar de 4 a\u00f1os y despliegue en M\u00e9xico y Brasil<\/strong><\/span><\/h3>\n<p>Adaptaci\u00f3n de nuestro programa de despertar matem\u00e1tico para ni\u00f1os de 5 a\u00f1os para ni\u00f1os de 4 a\u00f1os.<\/p>\n<p>Prest-Math a escala internacional: Gracias a nuevos socios y decenas de proyectos piloto en diferentes pa\u00edses, PREST-Math est\u00e1 pasando al siguiente nivel: implement\u00e1ndose con \u00e9xito en M\u00e9xico (Yucat\u00e1n) y Brasil (Pernambuco) a gran escala.<\/p>\n<p>Los profesores ahora tambi\u00e9n pueden dar a sus alumnos acceso a los ejercicios digitales interactivos de Prest-Math.<\/p>\n<\/div><\/div><\/div><div id=\"panel-1806-1-0-7\" class=\"so-panel widget widget_black-studio-tinymce widget_black_studio_tinymce\" data-index=\"8\" ><div class=\"story_right story panel-widget-style panel-widget-style-for-1806-1-0-7\" ><div class=\"textwidget\"><h6>2024<\/h6>\n<h3><span style=\"color: #012b70;\"><strong>Planeaci\u00f3n de talleres para preescolar de 4 y 5 a\u00f1os Y colaboraci\u00f3n con la Escuela Normal de M\u00e9rida, Yucat\u00e1n<\/strong><\/span><\/h3>\n<p>Se desarrolla una planificaci\u00f3n anual de talleres de 30 semanas para preescolares de 4 y 5 a\u00f1os para Panam\u00e1. Ayuda a desarrollar la conciencia fonol\u00f3gica, las habilidades sociales y emocionales, la motricidad fina y gruesa, las matem\u00e1ticas y las ciencias. Aprovechamos este proyecto para desarrollar recursos que mejoren la gesti\u00f3n del aula y el desarrollo de las funciones ejecutivas.<\/p>\n<\/div><\/div><\/div><div id=\"panel-1806-1-0-8\" class=\"so-panel widget widget_black-studio-tinymce widget_black_studio_tinymce panel-last-child\" data-index=\"9\" ><div class=\"story_left story panel-widget-style panel-widget-style-for-1806-1-0-8\" ><div class=\"textwidget\"><h6>2025<\/h6>\n<h3><span style=\"color: #012b70;\"><strong>La red PREST-MATH crece en Colombia y M\u00e9xico<\/strong><\/span><\/h3>\n<p><strong>M\u00e9xico<\/strong><\/p>\n<p>Hemos capacitado a 3 mil 300 docentes en el estado de Nuevo Le\u00f3n para aplicar nuestro programa de remediaci\u00f3n para los grados 3\u00ba, 4\u00ba, 5\u00ba y 6\u00ba.<\/p>\n<p>Estamos en conversaciones con la secretar\u00eda para la implementaci\u00f3n completa de PREST-Math en el 33% de sus escuelas en 3er y 6to grado para el a\u00f1o 2025-2026.<\/p>\n<p>Nuestro socio INNOVEC contin\u00faa expandi\u00e9ndose en los estados de Sonora, Chihuahua y Zacatecas.<\/p>\n<p><strong>Colombia<\/strong><\/p>\n<p>La implementaci\u00f3n inicia este a\u00f1o con la Secretar\u00eda de Educaci\u00f3n de Bogot\u00e1 en los grados 1\u00b0, 2\u00b0 y 3\u00b0 de primaria.<\/p>\n<\/div><\/div><\/div><\/div><\/div><\/div><\/div>","protected":false},"excerpt":{"rendered":"<p>Canad\u00e1 es uno de los pa\u00edses l\u00edderes mundiales en educaci\u00f3n y en particular, la regi\u00f3n de Quebec es l\u00edder en Canad\u00e1. PREST-Math se asegura de mantenerse al tanto de las investigaciones recientes en educaci\u00f3n y, sobre todo, de escuchar a su comunidad de profesores en Canad\u00e1 y a todos los profesores de Am\u00e9rica Latina, porque [&hellip;]<\/p>\n","protected":false},"author":1,"featured_media":408,"parent":0,"menu_order":0,"comment_status":"closed","ping_status":"closed","template":"page-full.php","meta":{"_acf_changed":false,"footnotes":""},"acf":[],"yoast_head":"<!-- This site is optimized with the Yoast SEO plugin v22.5 - https:\/\/yoast.com\/wordpress\/plugins\/seo\/ -->\n<title>Nuestros proyectos - PREST<\/title>\n<meta name=\"robots\" content=\"index, follow, max-snippet:-1, max-image-preview:large, max-video-preview:-1\" \/>\n<link rel=\"canonical\" href=\"https:\/\/prest-math.org\/es\/nuestros-proyectos\/\" \/>\n<meta property=\"og:locale\" content=\"es_ES\" \/>\n<meta property=\"og:type\" content=\"article\" \/>\n<meta property=\"og:title\" content=\"Nuestros proyectos - PREST\" \/>\n<meta property=\"og:description\" content=\"Canad\u00e1 es uno de los pa\u00edses l\u00edderes mundiales en educaci\u00f3n y en particular, la regi\u00f3n de Quebec es l\u00edder en Canad\u00e1. PREST-Math se asegura de mantenerse al tanto de las investigaciones recientes en educaci\u00f3n y, sobre todo, de escuchar a su comunidad de profesores en Canad\u00e1 y a todos los profesores de Am\u00e9rica Latina, porque [&hellip;]\" \/>\n<meta property=\"og:url\" content=\"https:\/\/prest-math.org\/es\/nuestros-proyectos\/\" \/>\n<meta property=\"og:site_name\" content=\"PREST\" \/>\n<meta property=\"article:modified_time\" content=\"2025-04-11T15:25:00+00:00\" \/>\n<meta property=\"og:image\" content=\"https:\/\/prest-math.org\/wp-content\/uploads\/2020\/03\/prest-math-a-propos.jpg\" \/>\n\t<meta property=\"og:image:width\" content=\"1637\" \/>\n\t<meta property=\"og:image:height\" content=\"434\" \/>\n\t<meta property=\"og:image:type\" content=\"image\/jpeg\" \/>\n<meta name=\"twitter:card\" content=\"summary_large_image\" \/>\n<meta name=\"twitter:label1\" content=\"Tiempo de lectura\" \/>\n\t<meta name=\"twitter:data1\" content=\"4 minutos\" \/>\n<script type=\"application\/ld+json\" class=\"yoast-schema-graph\">{\"@context\":\"https:\/\/schema.org\",\"@graph\":[{\"@type\":\"WebPage\",\"@id\":\"https:\/\/prest-math.org\/es\/nuestros-proyectos\/\",\"url\":\"https:\/\/prest-math.org\/es\/nuestros-proyectos\/\",\"name\":\"Nuestros proyectos - PREST\",\"isPartOf\":{\"@id\":\"https:\/\/prest-math.org\/#website\"},\"primaryImageOfPage\":{\"@id\":\"https:\/\/prest-math.org\/es\/nuestros-proyectos\/#primaryimage\"},\"image\":{\"@id\":\"https:\/\/prest-math.org\/es\/nuestros-proyectos\/#primaryimage\"},\"thumbnailUrl\":\"https:\/\/prest-math.org\/wp-content\/uploads\/2020\/03\/prest-math-a-propos.jpg\",\"datePublished\":\"2024-02-29T22:55:28+00:00\",\"dateModified\":\"2025-04-11T15:25:00+00:00\",\"breadcrumb\":{\"@id\":\"https:\/\/prest-math.org\/es\/nuestros-proyectos\/#breadcrumb\"},\"inLanguage\":\"es\",\"potentialAction\":[{\"@type\":\"ReadAction\",\"target\":[\"https:\/\/prest-math.org\/es\/nuestros-proyectos\/\"]}]},{\"@type\":\"ImageObject\",\"inLanguage\":\"es\",\"@id\":\"https:\/\/prest-math.org\/es\/nuestros-proyectos\/#primaryimage\",\"url\":\"https:\/\/prest-math.org\/wp-content\/uploads\/2020\/03\/prest-math-a-propos.jpg\",\"contentUrl\":\"https:\/\/prest-math.org\/wp-content\/uploads\/2020\/03\/prest-math-a-propos.jpg\",\"width\":1637,\"height\":434},{\"@type\":\"BreadcrumbList\",\"@id\":\"https:\/\/prest-math.org\/es\/nuestros-proyectos\/#breadcrumb\",\"itemListElement\":[{\"@type\":\"ListItem\",\"position\":1,\"name\":\"Accueil\",\"item\":\"https:\/\/prest-math.org\/es\/\"},{\"@type\":\"ListItem\",\"position\":2,\"name\":\"Nuestros proyectos\"}]},{\"@type\":\"WebSite\",\"@id\":\"https:\/\/prest-math.org\/#website\",\"url\":\"https:\/\/prest-math.org\/\",\"name\":\"PREST\",\"description\":\"\",\"publisher\":{\"@id\":\"https:\/\/prest-math.org\/#organization\"},\"potentialAction\":[{\"@type\":\"SearchAction\",\"target\":{\"@type\":\"EntryPoint\",\"urlTemplate\":\"https:\/\/prest-math.org\/?s={search_term_string}\"},\"query-input\":\"required name=search_term_string\"}],\"inLanguage\":\"es\"},{\"@type\":\"Organization\",\"@id\":\"https:\/\/prest-math.org\/#organization\",\"name\":\"PREST\",\"url\":\"https:\/\/prest-math.org\/\",\"logo\":{\"@type\":\"ImageObject\",\"inLanguage\":\"es\",\"@id\":\"https:\/\/prest-math.org\/#\/schema\/logo\/image\/\",\"url\":\"https:\/\/prest-math.org\/wp-content\/uploads\/2020\/03\/logo_prest-math.png\",\"contentUrl\":\"https:\/\/prest-math.org\/wp-content\/uploads\/2020\/03\/logo_prest-math.png\",\"width\":580,\"height\":54,\"caption\":\"PREST\"},\"image\":{\"@id\":\"https:\/\/prest-math.org\/#\/schema\/logo\/image\/\"}}]}<\/script>\n<!-- \/ Yoast SEO plugin. -->","yoast_head_json":{"title":"Nuestros proyectos - PREST","robots":{"index":"index","follow":"follow","max-snippet":"max-snippet:-1","max-image-preview":"max-image-preview:large","max-video-preview":"max-video-preview:-1"},"canonical":"https:\/\/prest-math.org\/es\/nuestros-proyectos\/","og_locale":"es_ES","og_type":"article","og_title":"Nuestros proyectos - PREST","og_description":"Canad\u00e1 es uno de los pa\u00edses l\u00edderes mundiales en educaci\u00f3n y en particular, la regi\u00f3n de Quebec es l\u00edder en Canad\u00e1. PREST-Math se asegura de mantenerse al tanto de las investigaciones recientes en educaci\u00f3n y, sobre todo, de escuchar a su comunidad de profesores en Canad\u00e1 y a todos los profesores de Am\u00e9rica Latina, porque [&hellip;]","og_url":"https:\/\/prest-math.org\/es\/nuestros-proyectos\/","og_site_name":"PREST","article_modified_time":"2025-04-11T15:25:00+00:00","og_image":[{"width":1637,"height":434,"url":"https:\/\/prest-math.org\/wp-content\/uploads\/2020\/03\/prest-math-a-propos.jpg","type":"image\/jpeg"}],"twitter_card":"summary_large_image","twitter_misc":{"Tiempo de lectura":"4 minutos"},"schema":{"@context":"https:\/\/schema.org","@graph":[{"@type":"WebPage","@id":"https:\/\/prest-math.org\/es\/nuestros-proyectos\/","url":"https:\/\/prest-math.org\/es\/nuestros-proyectos\/","name":"Nuestros proyectos - PREST","isPartOf":{"@id":"https:\/\/prest-math.org\/#website"},"primaryImageOfPage":{"@id":"https:\/\/prest-math.org\/es\/nuestros-proyectos\/#primaryimage"},"image":{"@id":"https:\/\/prest-math.org\/es\/nuestros-proyectos\/#primaryimage"},"thumbnailUrl":"https:\/\/prest-math.org\/wp-content\/uploads\/2020\/03\/prest-math-a-propos.jpg","datePublished":"2024-02-29T22:55:28+00:00","dateModified":"2025-04-11T15:25:00+00:00","breadcrumb":{"@id":"https:\/\/prest-math.org\/es\/nuestros-proyectos\/#breadcrumb"},"inLanguage":"es","potentialAction":[{"@type":"ReadAction","target":["https:\/\/prest-math.org\/es\/nuestros-proyectos\/"]}]},{"@type":"ImageObject","inLanguage":"es","@id":"https:\/\/prest-math.org\/es\/nuestros-proyectos\/#primaryimage","url":"https:\/\/prest-math.org\/wp-content\/uploads\/2020\/03\/prest-math-a-propos.jpg","contentUrl":"https:\/\/prest-math.org\/wp-content\/uploads\/2020\/03\/prest-math-a-propos.jpg","width":1637,"height":434},{"@type":"BreadcrumbList","@id":"https:\/\/prest-math.org\/es\/nuestros-proyectos\/#breadcrumb","itemListElement":[{"@type":"ListItem","position":1,"name":"Accueil","item":"https:\/\/prest-math.org\/es\/"},{"@type":"ListItem","position":2,"name":"Nuestros proyectos"}]},{"@type":"WebSite","@id":"https:\/\/prest-math.org\/#website","url":"https:\/\/prest-math.org\/","name":"PREST","description":"","publisher":{"@id":"https:\/\/prest-math.org\/#organization"},"potentialAction":[{"@type":"SearchAction","target":{"@type":"EntryPoint","urlTemplate":"https:\/\/prest-math.org\/?s={search_term_string}"},"query-input":"required name=search_term_string"}],"inLanguage":"es"},{"@type":"Organization","@id":"https:\/\/prest-math.org\/#organization","name":"PREST","url":"https:\/\/prest-math.org\/","logo":{"@type":"ImageObject","inLanguage":"es","@id":"https:\/\/prest-math.org\/#\/schema\/logo\/image\/","url":"https:\/\/prest-math.org\/wp-content\/uploads\/2020\/03\/logo_prest-math.png","contentUrl":"https:\/\/prest-math.org\/wp-content\/uploads\/2020\/03\/logo_prest-math.png","width":580,"height":54,"caption":"PREST"},"image":{"@id":"https:\/\/prest-math.org\/#\/schema\/logo\/image\/"}}]}},"_links":{"self":[{"href":"https:\/\/prest-math.org\/es\/wp-json\/wp\/v2\/pages\/1806"}],"collection":[{"href":"https:\/\/prest-math.org\/es\/wp-json\/wp\/v2\/pages"}],"about":[{"href":"https:\/\/prest-math.org\/es\/wp-json\/wp\/v2\/types\/page"}],"author":[{"embeddable":true,"href":"https:\/\/prest-math.org\/es\/wp-json\/wp\/v2\/users\/1"}],"replies":[{"embeddable":true,"href":"https:\/\/prest-math.org\/es\/wp-json\/wp\/v2\/comments?post=1806"}],"version-history":[{"count":6,"href":"https:\/\/prest-math.org\/es\/wp-json\/wp\/v2\/pages\/1806\/revisions"}],"predecessor-version":[{"id":2353,"href":"https:\/\/prest-math.org\/es\/wp-json\/wp\/v2\/pages\/1806\/revisions\/2353"}],"wp:featuredmedia":[{"embeddable":true,"href":"https:\/\/prest-math.org\/es\/wp-json\/wp\/v2\/media\/408"}],"wp:attachment":[{"href":"https:\/\/prest-math.org\/es\/wp-json\/wp\/v2\/media?parent=1806"}],"curies":[{"name":"wp","href":"https:\/\/api.w.org\/{rel}","templated":true}]}}