{"id":402,"date":"2020-03-23T18:34:14","date_gmt":"2020-03-23T17:34:14","guid":{"rendered":"https:\/\/prest-math.org\/page-d-exemple\/"},"modified":"2020-05-07T15:24:21","modified_gmt":"2020-05-07T19:24:21","slug":"page-d-exemple","status":"publish","type":"page","link":"https:\/\/prest-math.org\/es\/","title":{"rendered":"Inicio"},"content":{"rendered":"<h1>Recursos educativos para todos los entornos escolares.<\/h1>\n<p>Todos nuestros recursos son el resultado de la colaboraci\u00f3n entre maestros y asesores educativos de diferentes regiones de Quebec, as\u00ed como formadores e investigadores de varios pa\u00edses. PREST-MATH ahora se usa en 46 comisiones escolares, probado en 10 pa\u00edses y traducido a cinco idiomas.<\/p>\n<p>PREST-MATH es ante todo un enfoque educativo y una postura que lo invita a transformar su clase en una comunidad de peque\u00f1os investigadores motivados y comprometidos. Un proyecto que se basa en las \u00faltimas investigaciones en pedagog\u00eda y did\u00e1ctica, sin dejar de ser realista y accesible en el aula.<\/p>\n<p>Ya sea para mejorar su pr\u00e1ctica o para acceder a la planificaci\u00f3n llave en mano, PREST-MATH responder\u00e1 a sus necesidades. PREST-MATH tambi\u00e9n es una red creciente de pedagogos que pueden intercambiar y colaborar a trav\u00e9s de las fronteras en Facebook o en nuestro sitio de capacitaci\u00f3n en l\u00ednea.<\/p>\n<h6><a href=\"https:\/\/prest-math.org\/es\/quienes-somos\/\">Quienes somos<\/a><\/h6>\n","protected":false},"excerpt":{"rendered":"<p>Recursos educativos para todos los entornos escolares. Todos nuestros recursos son el resultado de la colaboraci\u00f3n entre maestros y asesores educativos de diferentes regiones de Quebec, as\u00ed como formadores e investigadores de varios pa\u00edses. PREST-MATH ahora se usa en 46 comisiones escolares, probado en 10 pa\u00edses y traducido a cinco idiomas. PREST-MATH es ante todo [&hellip;]<\/p>\n","protected":false},"author":1,"featured_media":0,"parent":0,"menu_order":1,"comment_status":"closed","ping_status":"open","template":"page-accueil.php","meta":{"_acf_changed":false,"footnotes":""},"acf":[],"yoast_head":"<!-- This site is optimized with the Yoast SEO plugin v22.5 - https:\/\/yoast.com\/wordpress\/plugins\/seo\/ -->\n<title>Guides p\u00e9dagogiques, mat\u00e9riel pour apprentissage des \u00e9l\u00e8ves | PREST-Math<\/title>\n<meta name=\"description\" content=\"PREST-Math, ressources \u00e9ducatives pour milieux scolaires. Transformez votre classe en petit chercheurs motiv\u00e9s avec nos guides p\u00e9dagogiques et livres scolaires.\" \/>\n<meta name=\"robots\" content=\"index, follow, max-snippet:-1, max-image-preview:large, max-video-preview:-1\" \/>\n<link rel=\"canonical\" href=\"https:\/\/prest-math.org\/es\/\" \/>\n<meta property=\"og:locale\" content=\"es_ES\" \/>\n<meta property=\"og:type\" content=\"article\" \/>\n<meta property=\"og:title\" content=\"Guides p\u00e9dagogiques, mat\u00e9riel pour apprentissage des \u00e9l\u00e8ves | PREST-Math\" \/>\n<meta property=\"og:description\" content=\"PREST-Math, ressources \u00e9ducatives pour milieux scolaires. Transformez votre classe en petit chercheurs motiv\u00e9s avec nos guides p\u00e9dagogiques et livres scolaires.\" \/>\n<meta property=\"og:url\" content=\"https:\/\/prest-math.org\/es\/\" \/>\n<meta property=\"og:site_name\" content=\"PREST\" \/>\n<meta property=\"article:modified_time\" content=\"2020-05-07T19:24:21+00:00\" \/>\n<meta property=\"og:image\" content=\"https:\/\/prest-math.org\/wp-content\/uploads\/2020\/03\/facebook_share.jpg\" \/>\n\t<meta property=\"og:image:width\" content=\"1200\" \/>\n\t<meta property=\"og:image:height\" content=\"628\" \/>\n\t<meta property=\"og:image:type\" content=\"image\/jpeg\" \/>\n<meta name=\"twitter:card\" content=\"summary_large_image\" \/>\n<meta name=\"twitter:label1\" content=\"Tiempo de lectura\" \/>\n\t<meta name=\"twitter:data1\" content=\"1 minuto\" \/>\n<script type=\"application\/ld+json\" class=\"yoast-schema-graph\">{\"@context\":\"https:\/\/schema.org\",\"@graph\":[{\"@type\":\"WebPage\",\"@id\":\"https:\/\/prest-math.org\/es\/\",\"url\":\"https:\/\/prest-math.org\/es\/\",\"name\":\"Guides p\u00e9dagogiques, mat\u00e9riel pour apprentissage des \u00e9l\u00e8ves | PREST-Math\",\"isPartOf\":{\"@id\":\"https:\/\/prest-math.org\/#website\"},\"datePublished\":\"2020-03-23T17:34:14+00:00\",\"dateModified\":\"2020-05-07T19:24:21+00:00\",\"description\":\"PREST-Math, ressources \u00e9ducatives pour milieux scolaires. Transformez votre classe en petit chercheurs motiv\u00e9s avec nos guides p\u00e9dagogiques et livres scolaires.\",\"breadcrumb\":{\"@id\":\"https:\/\/prest-math.org\/es\/#breadcrumb\"},\"inLanguage\":\"es\",\"potentialAction\":[{\"@type\":\"ReadAction\",\"target\":[\"https:\/\/prest-math.org\/es\/\"]}]},{\"@type\":\"BreadcrumbList\",\"@id\":\"https:\/\/prest-math.org\/es\/#breadcrumb\",\"itemListElement\":[{\"@type\":\"ListItem\",\"position\":1,\"name\":\"Accueil\",\"item\":\"https:\/\/prest-math.org\/es\/\"},{\"@type\":\"ListItem\",\"position\":2,\"name\":\"Inicio\"}]},{\"@type\":\"WebSite\",\"@id\":\"https:\/\/prest-math.org\/#website\",\"url\":\"https:\/\/prest-math.org\/\",\"name\":\"PREST\",\"description\":\"\",\"publisher\":{\"@id\":\"https:\/\/prest-math.org\/#organization\"},\"potentialAction\":[{\"@type\":\"SearchAction\",\"target\":{\"@type\":\"EntryPoint\",\"urlTemplate\":\"https:\/\/prest-math.org\/?s={search_term_string}\"},\"query-input\":\"required name=search_term_string\"}],\"inLanguage\":\"es\"},{\"@type\":\"Organization\",\"@id\":\"https:\/\/prest-math.org\/#organization\",\"name\":\"PREST\",\"url\":\"https:\/\/prest-math.org\/\",\"logo\":{\"@type\":\"ImageObject\",\"inLanguage\":\"es\",\"@id\":\"https:\/\/prest-math.org\/#\/schema\/logo\/image\/\",\"url\":\"https:\/\/prest-math.org\/wp-content\/uploads\/2020\/03\/logo_prest-math.png\",\"contentUrl\":\"https:\/\/prest-math.org\/wp-content\/uploads\/2020\/03\/logo_prest-math.png\",\"width\":580,\"height\":54,\"caption\":\"PREST\"},\"image\":{\"@id\":\"https:\/\/prest-math.org\/#\/schema\/logo\/image\/\"}}]}<\/script>\n<!-- \/ Yoast SEO plugin. -->","yoast_head_json":{"title":"Guides p\u00e9dagogiques, mat\u00e9riel pour apprentissage des \u00e9l\u00e8ves | PREST-Math","description":"PREST-Math, ressources \u00e9ducatives pour milieux scolaires. Transformez votre classe en petit chercheurs motiv\u00e9s avec nos guides p\u00e9dagogiques et livres scolaires.","robots":{"index":"index","follow":"follow","max-snippet":"max-snippet:-1","max-image-preview":"max-image-preview:large","max-video-preview":"max-video-preview:-1"},"canonical":"https:\/\/prest-math.org\/es\/","og_locale":"es_ES","og_type":"article","og_title":"Guides p\u00e9dagogiques, mat\u00e9riel pour apprentissage des \u00e9l\u00e8ves | PREST-Math","og_description":"PREST-Math, ressources \u00e9ducatives pour milieux scolaires. Transformez votre classe en petit chercheurs motiv\u00e9s avec nos guides p\u00e9dagogiques et livres scolaires.","og_url":"https:\/\/prest-math.org\/es\/","og_site_name":"PREST","article_modified_time":"2020-05-07T19:24:21+00:00","og_image":[{"width":1200,"height":628,"url":"https:\/\/prest-math.org\/wp-content\/uploads\/2020\/03\/facebook_share.jpg","type":"image\/jpeg"}],"twitter_card":"summary_large_image","twitter_misc":{"Tiempo de lectura":"1 minuto"},"schema":{"@context":"https:\/\/schema.org","@graph":[{"@type":"WebPage","@id":"https:\/\/prest-math.org\/es\/","url":"https:\/\/prest-math.org\/es\/","name":"Guides p\u00e9dagogiques, mat\u00e9riel pour apprentissage des \u00e9l\u00e8ves | PREST-Math","isPartOf":{"@id":"https:\/\/prest-math.org\/#website"},"datePublished":"2020-03-23T17:34:14+00:00","dateModified":"2020-05-07T19:24:21+00:00","description":"PREST-Math, ressources \u00e9ducatives pour milieux scolaires. Transformez votre classe en petit chercheurs motiv\u00e9s avec nos guides p\u00e9dagogiques et livres scolaires.","breadcrumb":{"@id":"https:\/\/prest-math.org\/es\/#breadcrumb"},"inLanguage":"es","potentialAction":[{"@type":"ReadAction","target":["https:\/\/prest-math.org\/es\/"]}]},{"@type":"BreadcrumbList","@id":"https:\/\/prest-math.org\/es\/#breadcrumb","itemListElement":[{"@type":"ListItem","position":1,"name":"Accueil","item":"https:\/\/prest-math.org\/es\/"},{"@type":"ListItem","position":2,"name":"Inicio"}]},{"@type":"WebSite","@id":"https:\/\/prest-math.org\/#website","url":"https:\/\/prest-math.org\/","name":"PREST","description":"","publisher":{"@id":"https:\/\/prest-math.org\/#organization"},"potentialAction":[{"@type":"SearchAction","target":{"@type":"EntryPoint","urlTemplate":"https:\/\/prest-math.org\/?s={search_term_string}"},"query-input":"required name=search_term_string"}],"inLanguage":"es"},{"@type":"Organization","@id":"https:\/\/prest-math.org\/#organization","name":"PREST","url":"https:\/\/prest-math.org\/","logo":{"@type":"ImageObject","inLanguage":"es","@id":"https:\/\/prest-math.org\/#\/schema\/logo\/image\/","url":"https:\/\/prest-math.org\/wp-content\/uploads\/2020\/03\/logo_prest-math.png","contentUrl":"https:\/\/prest-math.org\/wp-content\/uploads\/2020\/03\/logo_prest-math.png","width":580,"height":54,"caption":"PREST"},"image":{"@id":"https:\/\/prest-math.org\/#\/schema\/logo\/image\/"}}]}},"_links":{"self":[{"href":"https:\/\/prest-math.org\/es\/wp-json\/wp\/v2\/pages\/402"}],"collection":[{"href":"https:\/\/prest-math.org\/es\/wp-json\/wp\/v2\/pages"}],"about":[{"href":"https:\/\/prest-math.org\/es\/wp-json\/wp\/v2\/types\/page"}],"author":[{"embeddable":true,"href":"https:\/\/prest-math.org\/es\/wp-json\/wp\/v2\/users\/1"}],"replies":[{"embeddable":true,"href":"https:\/\/prest-math.org\/es\/wp-json\/wp\/v2\/comments?post=402"}],"version-history":[{"count":5,"href":"https:\/\/prest-math.org\/es\/wp-json\/wp\/v2\/pages\/402\/revisions"}],"predecessor-version":[{"id":616,"href":"https:\/\/prest-math.org\/es\/wp-json\/wp\/v2\/pages\/402\/revisions\/616"}],"wp:attachment":[{"href":"https:\/\/prest-math.org\/es\/wp-json\/wp\/v2\/media?parent=402"}],"curies":[{"name":"wp","href":"https:\/\/api.w.org\/{rel}","templated":true}]}}