{"id":407,"date":"2020-03-24T10:29:03","date_gmt":"2020-03-24T14:29:03","guid":{"rendered":"https:\/\/prest-math.org\/a-propos\/"},"modified":"2024-03-20T08:44:36","modified_gmt":"2024-03-20T12:44:36","slug":"quienes-somos","status":"publish","type":"page","link":"https:\/\/prest-math.org\/es\/quienes-somos\/","title":{"rendered":"Quienes somos"},"content":{"rendered":"<h1>PREST-Math es una gran aventura para vivir con todos tus estudiantes.<\/h1>\n<p>PREST es una nueva organizaci\u00f3n sin fines de lucro (ONG) que proporciona recursos educativos a todos los entornos escolares. El equipo est\u00e1 formado por maestros y asesores educativos que han decidido unir fuerzas para desarrollar material llave en mano, innovador y accesible. M\u00e1s all\u00e1 de todos los recursos ofrecidos, PREST-Math facilita la creaci\u00f3n de redes entre maestros a trav\u00e9s de sus grupos de Facebook. Permite intercambiar y compartir en torno a una planificaci\u00f3n com\u00fan.<\/p>\n<h5>Nuestra misi\u00f3n<\/h5>\n<p>Desarrollar un centro de experiencia y desarrollo educativo para la ense\u00f1anza y promoci\u00f3n de las matem\u00e1ticas, la ciencia y la tecnolog\u00eda.<\/p>\n<h5>Nuestros objetivos<\/h5>\n<ul>\n<li>Formar estudiantes abiertos, cr\u00edticos, articulados, creativos y competentes en matem\u00e1ticas, ciencias y tecnolog\u00eda.<\/li>\n<li>Desarrollar nuevas pr\u00e1cticas pedag\u00f3gicas que promuevan la ense\u00f1anza efectiva de las matem\u00e1ticas en la escuela primaria.<\/li>\n<li>Desarrollar nuevas pr\u00e1cticas docentes que promuevan la educaci\u00f3n cient\u00edfica, desde primaria hasta secundaria.<\/li>\n<li>Promover carreras cient\u00edficas y tecnol\u00f3gicas.<\/li>\n<li>Promover el \u00e9xito acad\u00e9mico y la persistencia.<\/li>\n<\/ul>\n<h5>Miembros de la junta<\/h5>\n<p><strong>FABIEN GIGU\u00c8RE<\/strong><br \/>\nPresidente<br \/>\nDirector general <br \/>\nCentro de servicios escolares de la Beauce-Etchemin<\/p>\n<p><strong>ISABELLE GILBERT<\/strong><br \/>\nVice-presidente y secretario-tesorero<br \/>\nDirectora general adjunta<br \/>\nCentro de servicios escolares de\u00a0la Beauce-Etchemin<\/p>\n<p><strong>MME IZABELLA OLIVEIRA<\/strong><br \/>\nAdministradora<br \/>\nProfesora<br \/>\nFacultad de Ciencias de la Educaci\u00f3n, Universidad de Laval<\/p>\n<p><strong>THOMAS RAJOTTE<\/strong><br \/>\nAdministrador<br \/>\nProfesor<br \/>\nFacultad de Ciencias de la Educaci\u00f3n, UQAR (L\u00e9vis)<\/p>\n<p><strong>LINDA ST-PIERRE<\/strong><br \/>\nAdministradora<br \/>\nPresidente y directora general<br \/>\nCentro de transferencia para el \u00e9xito educativo de Quebec (CTREQ)<\/p>\n<p><strong>MARIE-NO\u00cbLLE GOULET<\/strong><br \/>\nAdministradora<br \/>\nDirectora de comunicaciones<br \/>\nGrupo Canam inc.<\/p>\n<p><strong>LYSIANE VAN DER\u00a0 KNAAP<\/strong><br \/>\nAdministradora<br \/>\nDirecci\u00f3n general<br \/>\nEducaci\u00f3n internacional<\/p>\n<p><strong>JOVETTE DESCH\u00caNES<\/strong><br \/>\nAdministradora<br \/>\nAsesora educativa jubilada<\/p>\n<h5>Informe anual<\/h5>\n","protected":false},"excerpt":{"rendered":"<p>PREST-Math es una gran aventura para vivir con todos tus estudiantes. PREST es una nueva organizaci\u00f3n sin fines de lucro (ONG) que proporciona recursos educativos a todos los entornos escolares. El equipo est\u00e1 formado por maestros y asesores educativos que han decidido unir fuerzas para desarrollar material llave en mano, innovador y accesible. M\u00e1s all\u00e1 [&hellip;]<\/p>\n","protected":false},"author":1,"featured_media":408,"parent":0,"menu_order":2,"comment_status":"closed","ping_status":"closed","template":"page.php","meta":{"_acf_changed":false,"footnotes":""},"acf":[],"yoast_head":"<!-- This site is optimized with the Yoast SEO plugin v22.5 - https:\/\/yoast.com\/wordpress\/plugins\/seo\/ -->\n<title>PREST-Math, ressources \u00e9ducatives et guides p\u00e9dagogiques pour enseignants<\/title>\n<meta name=\"description\" content=\"PREST-Math, expertise et d\u00e9veloppement p\u00e9dagogique destin\u00e9 \u00e0 l&#039;enseignement et \u00e0 la promotion des math\u00e9matiques, de la science et de la technologie.\" \/>\n<meta name=\"robots\" content=\"index, follow, max-snippet:-1, max-image-preview:large, max-video-preview:-1\" \/>\n<link rel=\"canonical\" href=\"https:\/\/prest-math.org\/es\/quienes-somos\/\" \/>\n<meta property=\"og:locale\" content=\"es_ES\" \/>\n<meta property=\"og:type\" content=\"article\" \/>\n<meta property=\"og:title\" content=\"PREST-Math, ressources \u00e9ducatives et guides p\u00e9dagogiques pour enseignants\" \/>\n<meta property=\"og:description\" content=\"PREST-Math, expertise et d\u00e9veloppement p\u00e9dagogique destin\u00e9 \u00e0 l&#039;enseignement et \u00e0 la promotion des math\u00e9matiques, de la science et de la technologie.\" \/>\n<meta property=\"og:url\" content=\"https:\/\/prest-math.org\/es\/quienes-somos\/\" \/>\n<meta property=\"og:site_name\" content=\"PREST\" \/>\n<meta property=\"article:modified_time\" content=\"2024-03-20T12:44:36+00:00\" \/>\n<meta property=\"og:image\" content=\"https:\/\/prest-math.org\/wp-content\/uploads\/2020\/03\/prest-math-a-propos.jpg\" \/>\n\t<meta property=\"og:image:width\" content=\"1637\" \/>\n\t<meta property=\"og:image:height\" content=\"434\" \/>\n\t<meta property=\"og:image:type\" content=\"image\/jpeg\" \/>\n<meta name=\"twitter:card\" content=\"summary_large_image\" \/>\n<meta name=\"twitter:label1\" content=\"Tiempo de lectura\" \/>\n\t<meta name=\"twitter:data1\" content=\"1 minuto\" \/>\n<script type=\"application\/ld+json\" class=\"yoast-schema-graph\">{\"@context\":\"https:\/\/schema.org\",\"@graph\":[{\"@type\":\"WebPage\",\"@id\":\"https:\/\/prest-math.org\/es\/quienes-somos\/\",\"url\":\"https:\/\/prest-math.org\/es\/quienes-somos\/\",\"name\":\"PREST-Math, ressources \u00e9ducatives et guides p\u00e9dagogiques pour enseignants\",\"isPartOf\":{\"@id\":\"https:\/\/prest-math.org\/#website\"},\"primaryImageOfPage\":{\"@id\":\"https:\/\/prest-math.org\/es\/quienes-somos\/#primaryimage\"},\"image\":{\"@id\":\"https:\/\/prest-math.org\/es\/quienes-somos\/#primaryimage\"},\"thumbnailUrl\":\"https:\/\/prest-math.org\/wp-content\/uploads\/2020\/03\/prest-math-a-propos.jpg\",\"datePublished\":\"2020-03-24T14:29:03+00:00\",\"dateModified\":\"2024-03-20T12:44:36+00:00\",\"description\":\"PREST-Math, expertise et d\u00e9veloppement p\u00e9dagogique destin\u00e9 \u00e0 l'enseignement et \u00e0 la promotion des math\u00e9matiques, de la science et de la technologie.\",\"breadcrumb\":{\"@id\":\"https:\/\/prest-math.org\/es\/quienes-somos\/#breadcrumb\"},\"inLanguage\":\"es\",\"potentialAction\":[{\"@type\":\"ReadAction\",\"target\":[\"https:\/\/prest-math.org\/es\/quienes-somos\/\"]}]},{\"@type\":\"ImageObject\",\"inLanguage\":\"es\",\"@id\":\"https:\/\/prest-math.org\/es\/quienes-somos\/#primaryimage\",\"url\":\"https:\/\/prest-math.org\/wp-content\/uploads\/2020\/03\/prest-math-a-propos.jpg\",\"contentUrl\":\"https:\/\/prest-math.org\/wp-content\/uploads\/2020\/03\/prest-math-a-propos.jpg\",\"width\":1637,\"height\":434},{\"@type\":\"BreadcrumbList\",\"@id\":\"https:\/\/prest-math.org\/es\/quienes-somos\/#breadcrumb\",\"itemListElement\":[{\"@type\":\"ListItem\",\"position\":1,\"name\":\"Accueil\",\"item\":\"https:\/\/prest-math.org\/es\/\"},{\"@type\":\"ListItem\",\"position\":2,\"name\":\"Quienes somos\"}]},{\"@type\":\"WebSite\",\"@id\":\"https:\/\/prest-math.org\/#website\",\"url\":\"https:\/\/prest-math.org\/\",\"name\":\"PREST\",\"description\":\"\",\"publisher\":{\"@id\":\"https:\/\/prest-math.org\/#organization\"},\"potentialAction\":[{\"@type\":\"SearchAction\",\"target\":{\"@type\":\"EntryPoint\",\"urlTemplate\":\"https:\/\/prest-math.org\/?s={search_term_string}\"},\"query-input\":\"required name=search_term_string\"}],\"inLanguage\":\"es\"},{\"@type\":\"Organization\",\"@id\":\"https:\/\/prest-math.org\/#organization\",\"name\":\"PREST\",\"url\":\"https:\/\/prest-math.org\/\",\"logo\":{\"@type\":\"ImageObject\",\"inLanguage\":\"es\",\"@id\":\"https:\/\/prest-math.org\/#\/schema\/logo\/image\/\",\"url\":\"https:\/\/prest-math.org\/wp-content\/uploads\/2020\/03\/logo_prest-math.png\",\"contentUrl\":\"https:\/\/prest-math.org\/wp-content\/uploads\/2020\/03\/logo_prest-math.png\",\"width\":580,\"height\":54,\"caption\":\"PREST\"},\"image\":{\"@id\":\"https:\/\/prest-math.org\/#\/schema\/logo\/image\/\"}}]}<\/script>\n<!-- \/ Yoast SEO plugin. -->","yoast_head_json":{"title":"PREST-Math, ressources \u00e9ducatives et guides p\u00e9dagogiques pour enseignants","description":"PREST-Math, expertise et d\u00e9veloppement p\u00e9dagogique destin\u00e9 \u00e0 l'enseignement et \u00e0 la promotion des math\u00e9matiques, de la science et de la technologie.","robots":{"index":"index","follow":"follow","max-snippet":"max-snippet:-1","max-image-preview":"max-image-preview:large","max-video-preview":"max-video-preview:-1"},"canonical":"https:\/\/prest-math.org\/es\/quienes-somos\/","og_locale":"es_ES","og_type":"article","og_title":"PREST-Math, ressources \u00e9ducatives et guides p\u00e9dagogiques pour enseignants","og_description":"PREST-Math, expertise et d\u00e9veloppement p\u00e9dagogique destin\u00e9 \u00e0 l'enseignement et \u00e0 la promotion des math\u00e9matiques, de la science et de la technologie.","og_url":"https:\/\/prest-math.org\/es\/quienes-somos\/","og_site_name":"PREST","article_modified_time":"2024-03-20T12:44:36+00:00","og_image":[{"width":1637,"height":434,"url":"https:\/\/prest-math.org\/wp-content\/uploads\/2020\/03\/prest-math-a-propos.jpg","type":"image\/jpeg"}],"twitter_card":"summary_large_image","twitter_misc":{"Tiempo de lectura":"1 minuto"},"schema":{"@context":"https:\/\/schema.org","@graph":[{"@type":"WebPage","@id":"https:\/\/prest-math.org\/es\/quienes-somos\/","url":"https:\/\/prest-math.org\/es\/quienes-somos\/","name":"PREST-Math, ressources \u00e9ducatives et guides p\u00e9dagogiques pour enseignants","isPartOf":{"@id":"https:\/\/prest-math.org\/#website"},"primaryImageOfPage":{"@id":"https:\/\/prest-math.org\/es\/quienes-somos\/#primaryimage"},"image":{"@id":"https:\/\/prest-math.org\/es\/quienes-somos\/#primaryimage"},"thumbnailUrl":"https:\/\/prest-math.org\/wp-content\/uploads\/2020\/03\/prest-math-a-propos.jpg","datePublished":"2020-03-24T14:29:03+00:00","dateModified":"2024-03-20T12:44:36+00:00","description":"PREST-Math, expertise et d\u00e9veloppement p\u00e9dagogique destin\u00e9 \u00e0 l'enseignement et \u00e0 la promotion des math\u00e9matiques, de la science et de la technologie.","breadcrumb":{"@id":"https:\/\/prest-math.org\/es\/quienes-somos\/#breadcrumb"},"inLanguage":"es","potentialAction":[{"@type":"ReadAction","target":["https:\/\/prest-math.org\/es\/quienes-somos\/"]}]},{"@type":"ImageObject","inLanguage":"es","@id":"https:\/\/prest-math.org\/es\/quienes-somos\/#primaryimage","url":"https:\/\/prest-math.org\/wp-content\/uploads\/2020\/03\/prest-math-a-propos.jpg","contentUrl":"https:\/\/prest-math.org\/wp-content\/uploads\/2020\/03\/prest-math-a-propos.jpg","width":1637,"height":434},{"@type":"BreadcrumbList","@id":"https:\/\/prest-math.org\/es\/quienes-somos\/#breadcrumb","itemListElement":[{"@type":"ListItem","position":1,"name":"Accueil","item":"https:\/\/prest-math.org\/es\/"},{"@type":"ListItem","position":2,"name":"Quienes somos"}]},{"@type":"WebSite","@id":"https:\/\/prest-math.org\/#website","url":"https:\/\/prest-math.org\/","name":"PREST","description":"","publisher":{"@id":"https:\/\/prest-math.org\/#organization"},"potentialAction":[{"@type":"SearchAction","target":{"@type":"EntryPoint","urlTemplate":"https:\/\/prest-math.org\/?s={search_term_string}"},"query-input":"required name=search_term_string"}],"inLanguage":"es"},{"@type":"Organization","@id":"https:\/\/prest-math.org\/#organization","name":"PREST","url":"https:\/\/prest-math.org\/","logo":{"@type":"ImageObject","inLanguage":"es","@id":"https:\/\/prest-math.org\/#\/schema\/logo\/image\/","url":"https:\/\/prest-math.org\/wp-content\/uploads\/2020\/03\/logo_prest-math.png","contentUrl":"https:\/\/prest-math.org\/wp-content\/uploads\/2020\/03\/logo_prest-math.png","width":580,"height":54,"caption":"PREST"},"image":{"@id":"https:\/\/prest-math.org\/#\/schema\/logo\/image\/"}}]}},"_links":{"self":[{"href":"https:\/\/prest-math.org\/es\/wp-json\/wp\/v2\/pages\/407"}],"collection":[{"href":"https:\/\/prest-math.org\/es\/wp-json\/wp\/v2\/pages"}],"about":[{"href":"https:\/\/prest-math.org\/es\/wp-json\/wp\/v2\/types\/page"}],"author":[{"embeddable":true,"href":"https:\/\/prest-math.org\/es\/wp-json\/wp\/v2\/users\/1"}],"replies":[{"embeddable":true,"href":"https:\/\/prest-math.org\/es\/wp-json\/wp\/v2\/comments?post=407"}],"version-history":[{"count":6,"href":"https:\/\/prest-math.org\/es\/wp-json\/wp\/v2\/pages\/407\/revisions"}],"predecessor-version":[{"id":1842,"href":"https:\/\/prest-math.org\/es\/wp-json\/wp\/v2\/pages\/407\/revisions\/1842"}],"wp:featuredmedia":[{"embeddable":true,"href":"https:\/\/prest-math.org\/es\/wp-json\/wp\/v2\/media\/408"}],"wp:attachment":[{"href":"https:\/\/prest-math.org\/es\/wp-json\/wp\/v2\/media?parent=407"}],"curies":[{"name":"wp","href":"https:\/\/api.w.org\/{rel}","templated":true}]}}