{"id":421,"date":"2020-03-25T10:06:30","date_gmt":"2020-03-25T14:06:30","guid":{"rendered":"https:\/\/prest-math.org\/prescolaire\/"},"modified":"2020-05-08T08:38:06","modified_gmt":"2020-05-08T12:38:06","slug":"preescolar","status":"publish","type":"page","link":"https:\/\/prest-math.org\/es\/preescolar\/","title":{"rendered":"Preescolar"},"content":{"rendered":"<h1><span style=\"color: #ed1b35;\">Presentaci\u00f3n <em>de nuestros recursos llave en mano<\/em><\/span><\/h1>\n<h5>Gu\u00eda educativa<\/h5>\n<p>PREST-MATH ofrece 165 actividades llave en mano divididas en 7 series para garantizar que la progresi\u00f3n y el desarrollo sean accesibles para todos, durante todo el a\u00f1o. Han sido dise\u00f1adas para desarrollar la autonom\u00eda y un sentimiento de auto eficacia en los estudiantes, atendiendo a su ritmo de aprendizaje. Promueve el desarrollo de funciones ejecutivas. La grafo motricidad tambi\u00e9n encuentra un lugar especial para prepararlos para el gesto grafo motor.<\/p>\n<h5>Material<\/h5>\n<p>Es posible obtener la gu\u00eda y todo el material en su totalidad o por secci\u00f3n.<\/p>\n<p>Cada serie se env\u00eda en una caja que contiene la secci\u00f3n de la gu\u00eda correspondiente, las hojas de trabajo coloreadas y plastificadas, as\u00ed como todo el material 3D. Algunas series requieren que recuperes material que es f\u00e1cil de encontrar.<\/p>\n","protected":false},"excerpt":{"rendered":"<p>Presentaci\u00f3n de nuestros recursos llave en mano Gu\u00eda educativa PREST-MATH ofrece 165 actividades llave en mano divididas en 7 series para garantizar que la progresi\u00f3n y el desarrollo sean accesibles para todos, durante todo el a\u00f1o. Han sido dise\u00f1adas para desarrollar la autonom\u00eda y un sentimiento de auto eficacia en los estudiantes, atendiendo a su [&hellip;]<\/p>\n","protected":false},"author":1,"featured_media":408,"parent":0,"menu_order":10,"comment_status":"closed","ping_status":"closed","template":"page-collections.php","meta":{"_acf_changed":false,"footnotes":""},"acf":[],"yoast_head":"<!-- This site is optimized with the Yoast SEO plugin v22.5 - https:\/\/yoast.com\/wordpress\/plugins\/seo\/ -->\n<title>Collection pr\u00e9scolaire, guides p\u00e9dagogiques et livres scolaires PREST-Math<\/title>\n<meta name=\"description\" content=\"Guides d&#039;apprentissages pr\u00e9scolaires pour enseignants con\u00e7us pour d\u00e9velopper l&#039;autonomie et la comp\u00e9tence chez les \u00e9l\u00e8ves. PREST-Math, ressources \u00e9ducatives.\" \/>\n<meta name=\"robots\" content=\"index, follow, max-snippet:-1, max-image-preview:large, max-video-preview:-1\" \/>\n<link rel=\"canonical\" href=\"https:\/\/prest-math.org\/es\/preescolar\/\" \/>\n<meta property=\"og:locale\" content=\"es_ES\" \/>\n<meta property=\"og:type\" content=\"article\" \/>\n<meta property=\"og:title\" content=\"Collection pr\u00e9scolaire, guides p\u00e9dagogiques et livres scolaires PREST-Math\" \/>\n<meta property=\"og:description\" content=\"Guides d&#039;apprentissages pr\u00e9scolaires pour enseignants con\u00e7us pour d\u00e9velopper l&#039;autonomie et la comp\u00e9tence chez les \u00e9l\u00e8ves. PREST-Math, ressources \u00e9ducatives.\" \/>\n<meta property=\"og:url\" content=\"https:\/\/prest-math.org\/es\/preescolar\/\" \/>\n<meta property=\"og:site_name\" content=\"PREST\" \/>\n<meta property=\"article:modified_time\" content=\"2020-05-08T12:38:06+00:00\" \/>\n<meta property=\"og:image\" content=\"https:\/\/prest-math.org\/wp-content\/uploads\/2020\/03\/prest-math-a-propos.jpg\" \/>\n\t<meta property=\"og:image:width\" content=\"1637\" \/>\n\t<meta property=\"og:image:height\" content=\"434\" \/>\n\t<meta property=\"og:image:type\" content=\"image\/jpeg\" \/>\n<meta name=\"twitter:card\" content=\"summary_large_image\" \/>\n<meta name=\"twitter:label1\" content=\"Tiempo de lectura\" \/>\n\t<meta name=\"twitter:data1\" content=\"1 minuto\" \/>\n<script type=\"application\/ld+json\" class=\"yoast-schema-graph\">{\"@context\":\"https:\/\/schema.org\",\"@graph\":[{\"@type\":\"WebPage\",\"@id\":\"https:\/\/prest-math.org\/es\/preescolar\/\",\"url\":\"https:\/\/prest-math.org\/es\/preescolar\/\",\"name\":\"Collection pr\u00e9scolaire, guides p\u00e9dagogiques et livres scolaires PREST-Math\",\"isPartOf\":{\"@id\":\"https:\/\/prest-math.org\/#website\"},\"primaryImageOfPage\":{\"@id\":\"https:\/\/prest-math.org\/es\/preescolar\/#primaryimage\"},\"image\":{\"@id\":\"https:\/\/prest-math.org\/es\/preescolar\/#primaryimage\"},\"thumbnailUrl\":\"https:\/\/prest-math.org\/wp-content\/uploads\/2020\/03\/prest-math-a-propos.jpg\",\"datePublished\":\"2020-03-25T14:06:30+00:00\",\"dateModified\":\"2020-05-08T12:38:06+00:00\",\"description\":\"Guides d'apprentissages pr\u00e9scolaires pour enseignants con\u00e7us pour d\u00e9velopper l'autonomie et la comp\u00e9tence chez les \u00e9l\u00e8ves. PREST-Math, ressources \u00e9ducatives.\",\"breadcrumb\":{\"@id\":\"https:\/\/prest-math.org\/es\/preescolar\/#breadcrumb\"},\"inLanguage\":\"es\",\"potentialAction\":[{\"@type\":\"ReadAction\",\"target\":[\"https:\/\/prest-math.org\/es\/preescolar\/\"]}]},{\"@type\":\"ImageObject\",\"inLanguage\":\"es\",\"@id\":\"https:\/\/prest-math.org\/es\/preescolar\/#primaryimage\",\"url\":\"https:\/\/prest-math.org\/wp-content\/uploads\/2020\/03\/prest-math-a-propos.jpg\",\"contentUrl\":\"https:\/\/prest-math.org\/wp-content\/uploads\/2020\/03\/prest-math-a-propos.jpg\",\"width\":1637,\"height\":434},{\"@type\":\"BreadcrumbList\",\"@id\":\"https:\/\/prest-math.org\/es\/preescolar\/#breadcrumb\",\"itemListElement\":[{\"@type\":\"ListItem\",\"position\":1,\"name\":\"Accueil\",\"item\":\"https:\/\/prest-math.org\/es\/\"},{\"@type\":\"ListItem\",\"position\":2,\"name\":\"Preescolar\"}]},{\"@type\":\"WebSite\",\"@id\":\"https:\/\/prest-math.org\/#website\",\"url\":\"https:\/\/prest-math.org\/\",\"name\":\"PREST\",\"description\":\"\",\"publisher\":{\"@id\":\"https:\/\/prest-math.org\/#organization\"},\"potentialAction\":[{\"@type\":\"SearchAction\",\"target\":{\"@type\":\"EntryPoint\",\"urlTemplate\":\"https:\/\/prest-math.org\/?s={search_term_string}\"},\"query-input\":\"required name=search_term_string\"}],\"inLanguage\":\"es\"},{\"@type\":\"Organization\",\"@id\":\"https:\/\/prest-math.org\/#organization\",\"name\":\"PREST\",\"url\":\"https:\/\/prest-math.org\/\",\"logo\":{\"@type\":\"ImageObject\",\"inLanguage\":\"es\",\"@id\":\"https:\/\/prest-math.org\/#\/schema\/logo\/image\/\",\"url\":\"https:\/\/prest-math.org\/wp-content\/uploads\/2020\/03\/logo_prest-math.png\",\"contentUrl\":\"https:\/\/prest-math.org\/wp-content\/uploads\/2020\/03\/logo_prest-math.png\",\"width\":580,\"height\":54,\"caption\":\"PREST\"},\"image\":{\"@id\":\"https:\/\/prest-math.org\/#\/schema\/logo\/image\/\"}}]}<\/script>\n<!-- \/ Yoast SEO plugin. -->","yoast_head_json":{"title":"Collection pr\u00e9scolaire, guides p\u00e9dagogiques et livres scolaires PREST-Math","description":"Guides d'apprentissages pr\u00e9scolaires pour enseignants con\u00e7us pour d\u00e9velopper l'autonomie et la comp\u00e9tence chez les \u00e9l\u00e8ves. PREST-Math, ressources \u00e9ducatives.","robots":{"index":"index","follow":"follow","max-snippet":"max-snippet:-1","max-image-preview":"max-image-preview:large","max-video-preview":"max-video-preview:-1"},"canonical":"https:\/\/prest-math.org\/es\/preescolar\/","og_locale":"es_ES","og_type":"article","og_title":"Collection pr\u00e9scolaire, guides p\u00e9dagogiques et livres scolaires PREST-Math","og_description":"Guides d'apprentissages pr\u00e9scolaires pour enseignants con\u00e7us pour d\u00e9velopper l'autonomie et la comp\u00e9tence chez les \u00e9l\u00e8ves. PREST-Math, ressources \u00e9ducatives.","og_url":"https:\/\/prest-math.org\/es\/preescolar\/","og_site_name":"PREST","article_modified_time":"2020-05-08T12:38:06+00:00","og_image":[{"width":1637,"height":434,"url":"https:\/\/prest-math.org\/wp-content\/uploads\/2020\/03\/prest-math-a-propos.jpg","type":"image\/jpeg"}],"twitter_card":"summary_large_image","twitter_misc":{"Tiempo de lectura":"1 minuto"},"schema":{"@context":"https:\/\/schema.org","@graph":[{"@type":"WebPage","@id":"https:\/\/prest-math.org\/es\/preescolar\/","url":"https:\/\/prest-math.org\/es\/preescolar\/","name":"Collection pr\u00e9scolaire, guides p\u00e9dagogiques et livres scolaires PREST-Math","isPartOf":{"@id":"https:\/\/prest-math.org\/#website"},"primaryImageOfPage":{"@id":"https:\/\/prest-math.org\/es\/preescolar\/#primaryimage"},"image":{"@id":"https:\/\/prest-math.org\/es\/preescolar\/#primaryimage"},"thumbnailUrl":"https:\/\/prest-math.org\/wp-content\/uploads\/2020\/03\/prest-math-a-propos.jpg","datePublished":"2020-03-25T14:06:30+00:00","dateModified":"2020-05-08T12:38:06+00:00","description":"Guides d'apprentissages pr\u00e9scolaires pour enseignants con\u00e7us pour d\u00e9velopper l'autonomie et la comp\u00e9tence chez les \u00e9l\u00e8ves. PREST-Math, ressources \u00e9ducatives.","breadcrumb":{"@id":"https:\/\/prest-math.org\/es\/preescolar\/#breadcrumb"},"inLanguage":"es","potentialAction":[{"@type":"ReadAction","target":["https:\/\/prest-math.org\/es\/preescolar\/"]}]},{"@type":"ImageObject","inLanguage":"es","@id":"https:\/\/prest-math.org\/es\/preescolar\/#primaryimage","url":"https:\/\/prest-math.org\/wp-content\/uploads\/2020\/03\/prest-math-a-propos.jpg","contentUrl":"https:\/\/prest-math.org\/wp-content\/uploads\/2020\/03\/prest-math-a-propos.jpg","width":1637,"height":434},{"@type":"BreadcrumbList","@id":"https:\/\/prest-math.org\/es\/preescolar\/#breadcrumb","itemListElement":[{"@type":"ListItem","position":1,"name":"Accueil","item":"https:\/\/prest-math.org\/es\/"},{"@type":"ListItem","position":2,"name":"Preescolar"}]},{"@type":"WebSite","@id":"https:\/\/prest-math.org\/#website","url":"https:\/\/prest-math.org\/","name":"PREST","description":"","publisher":{"@id":"https:\/\/prest-math.org\/#organization"},"potentialAction":[{"@type":"SearchAction","target":{"@type":"EntryPoint","urlTemplate":"https:\/\/prest-math.org\/?s={search_term_string}"},"query-input":"required name=search_term_string"}],"inLanguage":"es"},{"@type":"Organization","@id":"https:\/\/prest-math.org\/#organization","name":"PREST","url":"https:\/\/prest-math.org\/","logo":{"@type":"ImageObject","inLanguage":"es","@id":"https:\/\/prest-math.org\/#\/schema\/logo\/image\/","url":"https:\/\/prest-math.org\/wp-content\/uploads\/2020\/03\/logo_prest-math.png","contentUrl":"https:\/\/prest-math.org\/wp-content\/uploads\/2020\/03\/logo_prest-math.png","width":580,"height":54,"caption":"PREST"},"image":{"@id":"https:\/\/prest-math.org\/#\/schema\/logo\/image\/"}}]}},"_links":{"self":[{"href":"https:\/\/prest-math.org\/es\/wp-json\/wp\/v2\/pages\/421"}],"collection":[{"href":"https:\/\/prest-math.org\/es\/wp-json\/wp\/v2\/pages"}],"about":[{"href":"https:\/\/prest-math.org\/es\/wp-json\/wp\/v2\/types\/page"}],"author":[{"embeddable":true,"href":"https:\/\/prest-math.org\/es\/wp-json\/wp\/v2\/users\/1"}],"replies":[{"embeddable":true,"href":"https:\/\/prest-math.org\/es\/wp-json\/wp\/v2\/comments?post=421"}],"version-history":[{"count":6,"href":"https:\/\/prest-math.org\/es\/wp-json\/wp\/v2\/pages\/421\/revisions"}],"predecessor-version":[{"id":633,"href":"https:\/\/prest-math.org\/es\/wp-json\/wp\/v2\/pages\/421\/revisions\/633"}],"wp:featuredmedia":[{"embeddable":true,"href":"https:\/\/prest-math.org\/es\/wp-json\/wp\/v2\/media\/408"}],"wp:attachment":[{"href":"https:\/\/prest-math.org\/es\/wp-json\/wp\/v2\/media?parent=421"}],"curies":[{"name":"wp","href":"https:\/\/api.w.org\/{rel}","templated":true}]}}