{"id":450,"date":"2020-03-25T11:46:14","date_gmt":"2020-03-25T15:46:14","guid":{"rendered":"https:\/\/prest-math.org\/cyclo-1\/collections-multiage\/"},"modified":"2020-05-06T14:18:08","modified_gmt":"2020-05-06T18:18:08","slug":"coleccion-multigrado","status":"publish","type":"page","link":"https:\/\/prest-math.org\/es\/cyclo-1\/coleccion-multigrado\/","title":{"rendered":"Colecci\u00f3n multigrado"},"content":{"rendered":"<h1><span style=\"color: #ed1b35;\">Presentaci\u00f3n <em>de nuestros recursos llave en mano<\/em><\/span><\/h1>\n<p><iframe loading=\"lazy\" title=\"PREST-Math: Pr\u00e9sentation Multi\u00e2ge 1-2\" width=\"500\" height=\"281\" src=\"https:\/\/www.youtube.com\/embed\/pgh5JGxgFWY?feature=oembed\" frameborder=\"0\" allow=\"accelerometer; autoplay; encrypted-media; gyroscope; picture-in-picture\" allowfullscreen><\/iframe><\/p>\n<h5>Gu\u00eda educativa<\/h5>\n<p>Se pueden usar dos colecciones para una clase multigrado 1-2: colecci\u00f3n 1 y colecci\u00f3n 2. Estas dos gu\u00edas ofrecen planificaci\u00f3n dividida en seis temas divertidos y motivadores que cubren toda la progresi\u00f3n del aprendizaje. Incluye seis situaciones problem\u00e1ticas, 50 centros de manipulaci\u00f3n, varios ejercicios y 50 situaciones de aplicaci\u00f3n. Todos estos recursos han sido adaptados para los grados 1 y 2.<\/p>\n<p>Las rutas de aprendizaje contienen dos centros para trabajar en el mismo concepto o proceso. El Centro 1 apunta a los aprendizajes al comienzo del ciclo (nivel del 1er a\u00f1o), y el Centro 2 apunta a los aprendizajes al final del ciclo (nivel del 2do a\u00f1o). Se recomienda que todos los estudiantes vivan en el centro 1. Posteriormente, podr\u00e1 realizar de nuevo el centro 1 para aquellos que lo necesiten y llevar a cabo el centro 2 con el resto de su clase.<\/p>\n<p>Se sugiere una sesi\u00f3n de ense\u00f1anza expl\u00edcita para comenzar en cada centro. Est\u00e1 respaldada por fotos y c\u00e1psulas de video educativo que aseguran una comprensi\u00f3n clara. Todo el contenido se basa en la investigaci\u00f3n m\u00e1s reciente y trabajos de referencia reconocidos (John A. Van de Walle, Mariane Small (PRIME), etc.).<\/p>\n<p>Para las clases en las que los estudiantes de 1er grado permanecen el a\u00f1o siguiente en la clase m\u00faltigrado 1-2, ser\u00e1 posible usar la colecci\u00f3n de 2to grado que tambi\u00e9n se construye de la misma manera. Todos nuestros centros de manipulaci\u00f3n son diferentes para nuestras dos colecciones del ciclo 1. Por lo tanto, podr\u00e1 alternar el uso de las colecciones 1 y 2. Lo invitamos a ver el video para obtener m\u00e1s detalles.<\/p>\n<h5>Cuaderno de estudiante<\/h5>\n<p>Una vez que elija una gu\u00eda, tendr\u00e1 que pedir los cuadernos correspondientes a esta colecci\u00f3n. Todos sus alumnos experimentar\u00e1n los mismos temas con un cuaderno de su nivel. De hecho, la Colecci\u00f3n 1 le ofrece la posibilidad de pedir cuadernos en la versi\u00f3n del primer a\u00f1o o en la versi\u00f3n del segundo a\u00f1o para los seis temas del a\u00f1o, lo mismo para la colecci\u00f3n 2. \u00a1Todo se ha adaptado para facilitarle la vida!<\/p>\n<p>En estas dos versiones del cuaderno, encontramos las situaciones problema al comienzo de cada tema para crear inter\u00e9s y la necesidad de aprender en sus alumnos. Adem\u00e1s, las hojas de soporte, varios ejercicios y situaciones de aplicaci\u00f3n completan el contenido del cuaderno.<\/p>\n<p>Al adquirir los cuadernos para sus estudiantes, obtiene acceso gratuito a nuestra plataforma de capacitaci\u00f3n en l\u00ednea. Adem\u00e1s de los cientos de c\u00e1psulas de video que facilitar\u00e1n su apropiaci\u00f3n de nuestra propuesta educativa, encontrar\u00e1 all\u00ed: planificaci\u00f3n detallada, recursos de TNI, un l\u00e9xico para completar, herramientas de evaluaci\u00f3n de conocimiento, cuadr\u00edculas de evaluaci\u00f3n, ejercicios de consolidaci\u00f3n y breves rutinas matem\u00e1ticas (de automatizaci\u00f3n) para cada per\u00edodo.<\/p>\n<h5>Material sugerido<\/h5>\n<p>Este proyecto est\u00e1 dise\u00f1ado para permitir a todos los estudiantes construir una comprensi\u00f3n duradera de todos los conceptos y procesos prescritos mientras respetan las etapas de desarrollo (concreto, pict\u00f3rico y simb\u00f3lico). Nuestros centros de manipulaci\u00f3n requieren mate riales que a menudo ya est\u00e1n presentes en sus clases. Para ayudarlo a completar su inventario de materiales, aqu\u00ed hay una lista completa que incluye una propuesta de materiales alternativos gratuitos o de bajo costo.<\/p>\n<h5>Hoja de soporte<\/h5>\n<p>Todas las hojas de soporte necesarias para la realizaci\u00f3n de los centros de primer y segundo a\u00f1o est\u00e1n disponibles en la gu\u00eda educativa. Por lo tanto, puede imprimirlos a su propio ritmo. Sin embargo, para ahorrar tiempo, le recomendamos que los adquiera con nuestro socio Spectrum. En este caso, recibir\u00e1, para una clase de 24 estudiantes, todas las hojas de soporte necesarias, impresas en cart\u00f3n (color y blanco \/ negro).<\/p>\n<p>Dado que el objetivo ser\u00e1 proporcionar a sus estudiantes los centros 2 de todas las rutas, solo se le enviar\u00e1n las hojas de soporte para estos centros. Dependiendo de las necesidades y habilidades de sus estudiantes, no dude en agregar nuestros centros 1 a su planificaci\u00f3n.<\/p>\n","protected":false},"excerpt":{"rendered":"<p>Presentaci\u00f3n de nuestros recursos llave en mano Gu\u00eda educativa Se pueden usar dos colecciones para una clase multigrado 1-2: colecci\u00f3n 1 y colecci\u00f3n 2. Estas dos gu\u00edas ofrecen planificaci\u00f3n dividida en seis temas divertidos y motivadores que cubren toda la progresi\u00f3n del aprendizaje. Incluye seis situaciones problem\u00e1ticas, 50 centros de manipulaci\u00f3n, varios ejercicios y 50 [&hellip;]<\/p>\n","protected":false},"author":1,"featured_media":408,"parent":429,"menu_order":3,"comment_status":"closed","ping_status":"closed","template":"page-collections.php","meta":{"_acf_changed":false,"footnotes":""},"acf":[],"yoast_head":"<!-- This site is optimized with the Yoast SEO plugin v22.5 - https:\/\/yoast.com\/wordpress\/plugins\/seo\/ -->\n<title>Livres scolaires, guides p\u00e9dagogiques \u2013 1er cycle, collection multi\u00e2ge<\/title>\n<meta name=\"description\" content=\"Guides p\u00e9dagogiques PREST-Math Collection multi\u00e2ge, ressources scolaires pour enseignants ciblant les apprentissages et \u00e9valuations des \u00e9l\u00e8ves du 1er cycle.\" \/>\n<meta name=\"robots\" content=\"index, follow, max-snippet:-1, max-image-preview:large, max-video-preview:-1\" \/>\n<link rel=\"canonical\" href=\"https:\/\/prest-math.org\/es\/cyclo-1\/coleccion-multigrado\/\" \/>\n<meta property=\"og:locale\" content=\"es_ES\" \/>\n<meta property=\"og:type\" content=\"article\" \/>\n<meta property=\"og:title\" content=\"Livres scolaires, guides p\u00e9dagogiques \u2013 1er cycle, collection multi\u00e2ge\" \/>\n<meta property=\"og:description\" content=\"Guides p\u00e9dagogiques PREST-Math Collection multi\u00e2ge, ressources scolaires pour enseignants ciblant les apprentissages et \u00e9valuations des \u00e9l\u00e8ves du 1er cycle.\" \/>\n<meta property=\"og:url\" content=\"https:\/\/prest-math.org\/es\/cyclo-1\/coleccion-multigrado\/\" \/>\n<meta property=\"og:site_name\" content=\"PREST\" \/>\n<meta property=\"article:modified_time\" content=\"2020-05-06T18:18:08+00:00\" \/>\n<meta property=\"og:image\" content=\"https:\/\/prest-math.org\/wp-content\/uploads\/2020\/03\/prest-math-a-propos.jpg\" \/>\n\t<meta property=\"og:image:width\" content=\"1637\" \/>\n\t<meta property=\"og:image:height\" content=\"434\" \/>\n\t<meta property=\"og:image:type\" content=\"image\/jpeg\" \/>\n<meta name=\"twitter:card\" content=\"summary_large_image\" \/>\n<meta name=\"twitter:label1\" content=\"Tiempo de lectura\" \/>\n\t<meta name=\"twitter:data1\" content=\"4 minutos\" \/>\n<script type=\"application\/ld+json\" class=\"yoast-schema-graph\">{\"@context\":\"https:\/\/schema.org\",\"@graph\":[{\"@type\":\"WebPage\",\"@id\":\"https:\/\/prest-math.org\/es\/cyclo-1\/coleccion-multigrado\/\",\"url\":\"https:\/\/prest-math.org\/es\/cyclo-1\/coleccion-multigrado\/\",\"name\":\"Livres scolaires, guides p\u00e9dagogiques \u2013 1er cycle, collection multi\u00e2ge\",\"isPartOf\":{\"@id\":\"https:\/\/prest-math.org\/#website\"},\"primaryImageOfPage\":{\"@id\":\"https:\/\/prest-math.org\/es\/cyclo-1\/coleccion-multigrado\/#primaryimage\"},\"image\":{\"@id\":\"https:\/\/prest-math.org\/es\/cyclo-1\/coleccion-multigrado\/#primaryimage\"},\"thumbnailUrl\":\"https:\/\/prest-math.org\/wp-content\/uploads\/2020\/03\/prest-math-a-propos.jpg\",\"datePublished\":\"2020-03-25T15:46:14+00:00\",\"dateModified\":\"2020-05-06T18:18:08+00:00\",\"description\":\"Guides p\u00e9dagogiques PREST-Math Collection multi\u00e2ge, ressources scolaires pour enseignants ciblant les apprentissages et \u00e9valuations des \u00e9l\u00e8ves du 1er cycle.\",\"breadcrumb\":{\"@id\":\"https:\/\/prest-math.org\/es\/cyclo-1\/coleccion-multigrado\/#breadcrumb\"},\"inLanguage\":\"es\",\"potentialAction\":[{\"@type\":\"ReadAction\",\"target\":[\"https:\/\/prest-math.org\/es\/cyclo-1\/coleccion-multigrado\/\"]}]},{\"@type\":\"ImageObject\",\"inLanguage\":\"es\",\"@id\":\"https:\/\/prest-math.org\/es\/cyclo-1\/coleccion-multigrado\/#primaryimage\",\"url\":\"https:\/\/prest-math.org\/wp-content\/uploads\/2020\/03\/prest-math-a-propos.jpg\",\"contentUrl\":\"https:\/\/prest-math.org\/wp-content\/uploads\/2020\/03\/prest-math-a-propos.jpg\",\"width\":1637,\"height\":434},{\"@type\":\"BreadcrumbList\",\"@id\":\"https:\/\/prest-math.org\/es\/cyclo-1\/coleccion-multigrado\/#breadcrumb\",\"itemListElement\":[{\"@type\":\"ListItem\",\"position\":1,\"name\":\"Accueil\",\"item\":\"https:\/\/prest-math.org\/es\/\"},{\"@type\":\"ListItem\",\"position\":2,\"name\":\"Cyclo 1\",\"item\":\"https:\/\/prest-math.org\/es\/cyclo-1\/\"},{\"@type\":\"ListItem\",\"position\":3,\"name\":\"Colecci\u00f3n multigrado\"}]},{\"@type\":\"WebSite\",\"@id\":\"https:\/\/prest-math.org\/#website\",\"url\":\"https:\/\/prest-math.org\/\",\"name\":\"PREST\",\"description\":\"\",\"publisher\":{\"@id\":\"https:\/\/prest-math.org\/#organization\"},\"potentialAction\":[{\"@type\":\"SearchAction\",\"target\":{\"@type\":\"EntryPoint\",\"urlTemplate\":\"https:\/\/prest-math.org\/?s={search_term_string}\"},\"query-input\":\"required name=search_term_string\"}],\"inLanguage\":\"es\"},{\"@type\":\"Organization\",\"@id\":\"https:\/\/prest-math.org\/#organization\",\"name\":\"PREST\",\"url\":\"https:\/\/prest-math.org\/\",\"logo\":{\"@type\":\"ImageObject\",\"inLanguage\":\"es\",\"@id\":\"https:\/\/prest-math.org\/#\/schema\/logo\/image\/\",\"url\":\"https:\/\/prest-math.org\/wp-content\/uploads\/2020\/03\/logo_prest-math.png\",\"contentUrl\":\"https:\/\/prest-math.org\/wp-content\/uploads\/2020\/03\/logo_prest-math.png\",\"width\":580,\"height\":54,\"caption\":\"PREST\"},\"image\":{\"@id\":\"https:\/\/prest-math.org\/#\/schema\/logo\/image\/\"}}]}<\/script>\n<!-- \/ Yoast SEO plugin. -->","yoast_head_json":{"title":"Livres scolaires, guides p\u00e9dagogiques \u2013 1er cycle, collection multi\u00e2ge","description":"Guides p\u00e9dagogiques PREST-Math Collection multi\u00e2ge, ressources scolaires pour enseignants ciblant les apprentissages et \u00e9valuations des \u00e9l\u00e8ves du 1er cycle.","robots":{"index":"index","follow":"follow","max-snippet":"max-snippet:-1","max-image-preview":"max-image-preview:large","max-video-preview":"max-video-preview:-1"},"canonical":"https:\/\/prest-math.org\/es\/cyclo-1\/coleccion-multigrado\/","og_locale":"es_ES","og_type":"article","og_title":"Livres scolaires, guides p\u00e9dagogiques \u2013 1er cycle, collection multi\u00e2ge","og_description":"Guides p\u00e9dagogiques PREST-Math Collection multi\u00e2ge, ressources scolaires pour enseignants ciblant les apprentissages et \u00e9valuations des \u00e9l\u00e8ves du 1er cycle.","og_url":"https:\/\/prest-math.org\/es\/cyclo-1\/coleccion-multigrado\/","og_site_name":"PREST","article_modified_time":"2020-05-06T18:18:08+00:00","og_image":[{"width":1637,"height":434,"url":"https:\/\/prest-math.org\/wp-content\/uploads\/2020\/03\/prest-math-a-propos.jpg","type":"image\/jpeg"}],"twitter_card":"summary_large_image","twitter_misc":{"Tiempo de lectura":"4 minutos"},"schema":{"@context":"https:\/\/schema.org","@graph":[{"@type":"WebPage","@id":"https:\/\/prest-math.org\/es\/cyclo-1\/coleccion-multigrado\/","url":"https:\/\/prest-math.org\/es\/cyclo-1\/coleccion-multigrado\/","name":"Livres scolaires, guides p\u00e9dagogiques \u2013 1er cycle, collection multi\u00e2ge","isPartOf":{"@id":"https:\/\/prest-math.org\/#website"},"primaryImageOfPage":{"@id":"https:\/\/prest-math.org\/es\/cyclo-1\/coleccion-multigrado\/#primaryimage"},"image":{"@id":"https:\/\/prest-math.org\/es\/cyclo-1\/coleccion-multigrado\/#primaryimage"},"thumbnailUrl":"https:\/\/prest-math.org\/wp-content\/uploads\/2020\/03\/prest-math-a-propos.jpg","datePublished":"2020-03-25T15:46:14+00:00","dateModified":"2020-05-06T18:18:08+00:00","description":"Guides p\u00e9dagogiques PREST-Math Collection multi\u00e2ge, ressources scolaires pour enseignants ciblant les apprentissages et \u00e9valuations des \u00e9l\u00e8ves du 1er cycle.","breadcrumb":{"@id":"https:\/\/prest-math.org\/es\/cyclo-1\/coleccion-multigrado\/#breadcrumb"},"inLanguage":"es","potentialAction":[{"@type":"ReadAction","target":["https:\/\/prest-math.org\/es\/cyclo-1\/coleccion-multigrado\/"]}]},{"@type":"ImageObject","inLanguage":"es","@id":"https:\/\/prest-math.org\/es\/cyclo-1\/coleccion-multigrado\/#primaryimage","url":"https:\/\/prest-math.org\/wp-content\/uploads\/2020\/03\/prest-math-a-propos.jpg","contentUrl":"https:\/\/prest-math.org\/wp-content\/uploads\/2020\/03\/prest-math-a-propos.jpg","width":1637,"height":434},{"@type":"BreadcrumbList","@id":"https:\/\/prest-math.org\/es\/cyclo-1\/coleccion-multigrado\/#breadcrumb","itemListElement":[{"@type":"ListItem","position":1,"name":"Accueil","item":"https:\/\/prest-math.org\/es\/"},{"@type":"ListItem","position":2,"name":"Cyclo 1","item":"https:\/\/prest-math.org\/es\/cyclo-1\/"},{"@type":"ListItem","position":3,"name":"Colecci\u00f3n multigrado"}]},{"@type":"WebSite","@id":"https:\/\/prest-math.org\/#website","url":"https:\/\/prest-math.org\/","name":"PREST","description":"","publisher":{"@id":"https:\/\/prest-math.org\/#organization"},"potentialAction":[{"@type":"SearchAction","target":{"@type":"EntryPoint","urlTemplate":"https:\/\/prest-math.org\/?s={search_term_string}"},"query-input":"required name=search_term_string"}],"inLanguage":"es"},{"@type":"Organization","@id":"https:\/\/prest-math.org\/#organization","name":"PREST","url":"https:\/\/prest-math.org\/","logo":{"@type":"ImageObject","inLanguage":"es","@id":"https:\/\/prest-math.org\/#\/schema\/logo\/image\/","url":"https:\/\/prest-math.org\/wp-content\/uploads\/2020\/03\/logo_prest-math.png","contentUrl":"https:\/\/prest-math.org\/wp-content\/uploads\/2020\/03\/logo_prest-math.png","width":580,"height":54,"caption":"PREST"},"image":{"@id":"https:\/\/prest-math.org\/#\/schema\/logo\/image\/"}}]}},"_links":{"self":[{"href":"https:\/\/prest-math.org\/es\/wp-json\/wp\/v2\/pages\/450"}],"collection":[{"href":"https:\/\/prest-math.org\/es\/wp-json\/wp\/v2\/pages"}],"about":[{"href":"https:\/\/prest-math.org\/es\/wp-json\/wp\/v2\/types\/page"}],"author":[{"embeddable":true,"href":"https:\/\/prest-math.org\/es\/wp-json\/wp\/v2\/users\/1"}],"replies":[{"embeddable":true,"href":"https:\/\/prest-math.org\/es\/wp-json\/wp\/v2\/comments?post=450"}],"version-history":[{"count":5,"href":"https:\/\/prest-math.org\/es\/wp-json\/wp\/v2\/pages\/450\/revisions"}],"predecessor-version":[{"id":500,"href":"https:\/\/prest-math.org\/es\/wp-json\/wp\/v2\/pages\/450\/revisions\/500"}],"up":[{"embeddable":true,"href":"https:\/\/prest-math.org\/es\/wp-json\/wp\/v2\/pages\/429"}],"wp:featuredmedia":[{"embeddable":true,"href":"https:\/\/prest-math.org\/es\/wp-json\/wp\/v2\/media\/408"}],"wp:attachment":[{"href":"https:\/\/prest-math.org\/es\/wp-json\/wp\/v2\/media?parent=450"}],"curies":[{"name":"wp","href":"https:\/\/api.w.org\/{rel}","templated":true}]}}