{"id":475,"date":"2020-03-23T18:34:14","date_gmt":"2020-03-23T17:34:14","guid":{"rendered":"https:\/\/prest-math.org\/politique-de-confidentialite\/"},"modified":"2020-05-07T15:55:34","modified_gmt":"2020-05-07T19:55:34","slug":"politica-de-confidencialidad","status":"publish","type":"page","link":"https:\/\/prest-math.org\/es\/politica-de-confidencialidad\/","title":{"rendered":"Pol\u00edtica de confidencialidad"},"content":{"rendered":"<h1>Pol\u00edtica de confidencialidad<\/h1>\n<p><strong>Introducci\u00f3n<\/strong><br \/>\n    Ante el desarrollo de nuevas herramientas de comunicaci\u00f3n, es necesario prestar especial atenci\u00f3n a la protecci\u00f3n de la privacidad. Es por eso que estamos comprometidos a respetar la confidencialidad de la informaci\u00f3n personal que recopilamos.<\/p>\n<hr \/>\n<h3>Recolecci\u00f3n de informaci\u00f3n personal<\/h3>\n<p>Recopilamos la siguiente informaci\u00f3n:<\/p>\n<ul>\n<li>Apellido<\/li>\n<li>Nombre<\/li>\n<li>Correo electr\u00f3nico<\/li>\n<li>N\u00famero de tel\u00e9fono<\/li>\n<\/ul>\n<p>La informaci\u00f3n personal que recopilamos se captura mediante formularios y mediante la interactividad establecida entre usted y nuestro sitio web. Tambi\u00e9n utilizamos, como se indica en la siguiente secci\u00f3n, cookies y \/ o registros para recopilar informaci\u00f3n sobre usted.<\/p>\n<hr \/>\n<h3>Formularios e interactividad<\/h3>\n<p>Su informaci\u00f3n personal se recopila a trav\u00e9s de formularios, a saber:<\/p>\n<ul>\n<li>Formulario de solicitud de informaci\u00f3n<\/li>\n<li>Formulario de solicitud de empleo<\/li>\n<li>Formulario de solicitud de reuni\u00f3n<\/li>\n<\/ul>\n<p>Utilizamos la informaci\u00f3n as\u00ed recopilada para los siguientes prop\u00f3sitos:<\/p>\n<ul>\n<li>Contacto<\/li>\n<li>Gesti\u00f3n del sitio WEB<\/li>\n<li>Seguimiento de clientes<\/li>\n<\/ul>\n<hr \/>\n<h3>Archivos de registro y cookies<\/h3>\n<p>Recopilamos informaci\u00f3n a trav\u00e9s de archivos de registro y cookies:<\/p>\n<h3>Datos anal\u00edticos an\u00f3nimos<\/h3>\n<p>Utilizamos herramientas de recuperaci\u00f3n de datos an\u00f3nimos, como procedencia, tipo de navegador utilizado, n\u00famero de visitas a la p\u00e1gina, para mejorar nuestro sitio web y brindarle un mejor servicio.<\/p>\n<ul>\n<li>Google Analytics &#8211; <a href=\"https:\/\/policies.google.com\/privacy?hl=fr\" target=\"_blank\" rel=\"noopener noreferrer\">Pol\u00edtica de privacidad de google<\/a><\/li>\n<li>Remarketing (publicidad)<br \/>\n        Estos datos nos permiten mostrar publicidad en otros sitios de acuerdo con sus intereses cuando navega por nuestro sitio. Puede retirar esta informaci\u00f3n en cualquier momento siguiendo el procedimiento \u2013 <a href=\"https:\/\/policies.google.com\/privacy?hl=es\" target=\"_blank\" rel=\"noopener noreferrer\">Pol\u00edtica de privacidad de google<\/a><\/li>\n<\/ul>\n<p>El uso de tales archivos nos permite:<\/p>\n<ul>\n<li>Obtener estad\u00edsticas an\u00f3nimas sobre el uso del sitio.<\/li>\n<li>Mejorar la calidad del contenido, la visualizaci\u00f3n y el rendimiento del sitio.<\/li>\n<\/ul>\n<hr \/>\n<h3>Derecho de oposici\u00f3n y retirada.<\/h3>\n<p>Nos comprometemos a ofrecerle el derecho de objetar y retirar su informaci\u00f3n personal. El derecho de oposici\u00f3n se entiende como la posibilidad ofrecida a los usuarios de Internet de rechazar que su informaci\u00f3n personal sea utilizada para ciertos fines mencionados durante la recopilaci\u00f3n.<\/p>\n<p>Se entiende que el derecho de desistimiento es la posibilidad ofrecida a los usuarios de Internet de solicitar que su informaci\u00f3n personal ya no aparezca, por ejemplo, en una lista de correo.<\/p>\n<p>Para ejercer estos derechos, puede escribirnos:<br \/>\n    2121, 119e Rue Est Saint-Georges (Qu\u00e9bec) G5Y 5S1<br \/>\n    e-mail: info@prest-math.org<\/p>\n<hr \/>\n<h3>Derecho de acceso<\/h3>\n<p>Nos comprometemos a reconocer el derecho de acceso y rectificaci\u00f3n a los interesados que deseen consultar, modificar o incluso eliminar informaci\u00f3n sobre ellos.<\/p>\n<p>El ejercicio de este derecho ser\u00e1 por escrito o por tel\u00e9fono:<br \/>\n    2121, 119e Rue Est Saint-Georges (Qu\u00e9bec) G5Y 5S1<br \/>\n    e-mail: info@prest-math.org<\/p>\n<hr \/>\n<h3>Seguridad<\/h3>\n<p>La informaci\u00f3n personal que recopilamos se mantiene en un entorno seguro. Las personas que trabajan para nosotros deben respetar la confidencialidad de su informaci\u00f3n.<\/p>\n<p>Para garantizar la seguridad de su informaci\u00f3n personal, utilizamos las siguientes medidas:<\/p>\n<ul>\n<li>Protocolo SSL (Secure Sockets Layer)<\/li>\n<li>Copia de seguridad de datos<\/li>\n<li>Nombre de usuario \/ contrase\u00f1a<\/li>\n<li>Firewalls<\/li>\n<\/ul>\n<p>Nos comprometemos a mantener un alto grado de confidencialidad incorporando las \u00faltimas innovaciones tecnol\u00f3gicas para garantizar la confidencialidad de sus transacciones. Sin embargo, dado que ning\u00fan mecanismo ofrece la m\u00e1xima seguridad, siempre existe un riesgo al utilizar Internet para transmitir informaci\u00f3n personal.<\/p>\n","protected":false},"excerpt":{"rendered":"<p>Pol\u00edtica de confidencialidad Introducci\u00f3n Ante el desarrollo de nuevas herramientas de comunicaci\u00f3n, es necesario prestar especial atenci\u00f3n a la protecci\u00f3n de la privacidad. Es por eso que estamos comprometidos a respetar la confidencialidad de la informaci\u00f3n personal que recopilamos. Recolecci\u00f3n de informaci\u00f3n personal Recopilamos la siguiente informaci\u00f3n: Apellido Nombre Correo electr\u00f3nico N\u00famero de tel\u00e9fono La [&hellip;]<\/p>\n","protected":false},"author":1,"featured_media":408,"parent":0,"menu_order":100,"comment_status":"closed","ping_status":"open","template":"","meta":{"_acf_changed":false,"footnotes":""},"acf":[],"yoast_head":"<!-- This site is optimized with the Yoast SEO plugin v22.5 - https:\/\/yoast.com\/wordpress\/plugins\/seo\/ -->\n<title>Politique de confidentialit\u00e9 | PREST-Math, guides p\u00e9dagogiques<\/title>\n<meta name=\"description\" content=\"Politique de confidentialit\u00e9 de PREST-Math, ressources p\u00e9dagogiques, cahiers d&#039;\u00e9l\u00e8ves, livres scolaires pour enseignants, \u00e9coles et milieux scolaires.\" \/>\n<meta name=\"robots\" content=\"index, follow, max-snippet:-1, max-image-preview:large, max-video-preview:-1\" \/>\n<link rel=\"canonical\" href=\"https:\/\/prest-math.org\/es\/politica-de-confidencialidad\/\" \/>\n<meta property=\"og:locale\" content=\"es_ES\" \/>\n<meta property=\"og:type\" content=\"article\" \/>\n<meta property=\"og:title\" content=\"Politique de confidentialit\u00e9 | PREST-Math, guides p\u00e9dagogiques\" \/>\n<meta property=\"og:description\" content=\"Politique de confidentialit\u00e9 de PREST-Math, ressources p\u00e9dagogiques, cahiers d&#039;\u00e9l\u00e8ves, livres scolaires pour enseignants, \u00e9coles et milieux scolaires.\" \/>\n<meta property=\"og:url\" content=\"https:\/\/prest-math.org\/es\/politica-de-confidencialidad\/\" \/>\n<meta property=\"og:site_name\" content=\"PREST\" \/>\n<meta property=\"article:modified_time\" content=\"2020-05-07T19:55:34+00:00\" \/>\n<meta property=\"og:image\" content=\"https:\/\/prest-math.org\/wp-content\/uploads\/2020\/03\/prest-math-a-propos.jpg\" \/>\n\t<meta property=\"og:image:width\" content=\"1637\" \/>\n\t<meta property=\"og:image:height\" content=\"434\" \/>\n\t<meta property=\"og:image:type\" content=\"image\/jpeg\" \/>\n<meta name=\"twitter:card\" content=\"summary_large_image\" \/>\n<meta name=\"twitter:label1\" content=\"Tiempo de lectura\" \/>\n\t<meta name=\"twitter:data1\" content=\"3 minutos\" \/>\n<script type=\"application\/ld+json\" class=\"yoast-schema-graph\">{\"@context\":\"https:\/\/schema.org\",\"@graph\":[{\"@type\":\"WebPage\",\"@id\":\"https:\/\/prest-math.org\/es\/politica-de-confidencialidad\/\",\"url\":\"https:\/\/prest-math.org\/es\/politica-de-confidencialidad\/\",\"name\":\"Politique de confidentialit\u00e9 | PREST-Math, guides p\u00e9dagogiques\",\"isPartOf\":{\"@id\":\"https:\/\/prest-math.org\/#website\"},\"primaryImageOfPage\":{\"@id\":\"https:\/\/prest-math.org\/es\/politica-de-confidencialidad\/#primaryimage\"},\"image\":{\"@id\":\"https:\/\/prest-math.org\/es\/politica-de-confidencialidad\/#primaryimage\"},\"thumbnailUrl\":\"https:\/\/prest-math.org\/wp-content\/uploads\/2020\/03\/prest-math-a-propos.jpg\",\"datePublished\":\"2020-03-23T17:34:14+00:00\",\"dateModified\":\"2020-05-07T19:55:34+00:00\",\"description\":\"Politique de confidentialit\u00e9 de PREST-Math, ressources p\u00e9dagogiques, cahiers d'\u00e9l\u00e8ves, livres scolaires pour enseignants, \u00e9coles et milieux scolaires.\",\"breadcrumb\":{\"@id\":\"https:\/\/prest-math.org\/es\/politica-de-confidencialidad\/#breadcrumb\"},\"inLanguage\":\"es\",\"potentialAction\":[{\"@type\":\"ReadAction\",\"target\":[\"https:\/\/prest-math.org\/es\/politica-de-confidencialidad\/\"]}]},{\"@type\":\"ImageObject\",\"inLanguage\":\"es\",\"@id\":\"https:\/\/prest-math.org\/es\/politica-de-confidencialidad\/#primaryimage\",\"url\":\"https:\/\/prest-math.org\/wp-content\/uploads\/2020\/03\/prest-math-a-propos.jpg\",\"contentUrl\":\"https:\/\/prest-math.org\/wp-content\/uploads\/2020\/03\/prest-math-a-propos.jpg\",\"width\":1637,\"height\":434},{\"@type\":\"BreadcrumbList\",\"@id\":\"https:\/\/prest-math.org\/es\/politica-de-confidencialidad\/#breadcrumb\",\"itemListElement\":[{\"@type\":\"ListItem\",\"position\":1,\"name\":\"Accueil\",\"item\":\"https:\/\/prest-math.org\/es\/\"},{\"@type\":\"ListItem\",\"position\":2,\"name\":\"Pol\u00edtica de confidencialidad\"}]},{\"@type\":\"WebSite\",\"@id\":\"https:\/\/prest-math.org\/#website\",\"url\":\"https:\/\/prest-math.org\/\",\"name\":\"PREST\",\"description\":\"\",\"publisher\":{\"@id\":\"https:\/\/prest-math.org\/#organization\"},\"potentialAction\":[{\"@type\":\"SearchAction\",\"target\":{\"@type\":\"EntryPoint\",\"urlTemplate\":\"https:\/\/prest-math.org\/?s={search_term_string}\"},\"query-input\":\"required name=search_term_string\"}],\"inLanguage\":\"es\"},{\"@type\":\"Organization\",\"@id\":\"https:\/\/prest-math.org\/#organization\",\"name\":\"PREST\",\"url\":\"https:\/\/prest-math.org\/\",\"logo\":{\"@type\":\"ImageObject\",\"inLanguage\":\"es\",\"@id\":\"https:\/\/prest-math.org\/#\/schema\/logo\/image\/\",\"url\":\"https:\/\/prest-math.org\/wp-content\/uploads\/2020\/03\/logo_prest-math.png\",\"contentUrl\":\"https:\/\/prest-math.org\/wp-content\/uploads\/2020\/03\/logo_prest-math.png\",\"width\":580,\"height\":54,\"caption\":\"PREST\"},\"image\":{\"@id\":\"https:\/\/prest-math.org\/#\/schema\/logo\/image\/\"}}]}<\/script>\n<!-- \/ Yoast SEO plugin. -->","yoast_head_json":{"title":"Politique de confidentialit\u00e9 | PREST-Math, guides p\u00e9dagogiques","description":"Politique de confidentialit\u00e9 de PREST-Math, ressources p\u00e9dagogiques, cahiers d'\u00e9l\u00e8ves, livres scolaires pour enseignants, \u00e9coles et milieux scolaires.","robots":{"index":"index","follow":"follow","max-snippet":"max-snippet:-1","max-image-preview":"max-image-preview:large","max-video-preview":"max-video-preview:-1"},"canonical":"https:\/\/prest-math.org\/es\/politica-de-confidencialidad\/","og_locale":"es_ES","og_type":"article","og_title":"Politique de confidentialit\u00e9 | PREST-Math, guides p\u00e9dagogiques","og_description":"Politique de confidentialit\u00e9 de PREST-Math, ressources p\u00e9dagogiques, cahiers d'\u00e9l\u00e8ves, livres scolaires pour enseignants, \u00e9coles et milieux scolaires.","og_url":"https:\/\/prest-math.org\/es\/politica-de-confidencialidad\/","og_site_name":"PREST","article_modified_time":"2020-05-07T19:55:34+00:00","og_image":[{"width":1637,"height":434,"url":"https:\/\/prest-math.org\/wp-content\/uploads\/2020\/03\/prest-math-a-propos.jpg","type":"image\/jpeg"}],"twitter_card":"summary_large_image","twitter_misc":{"Tiempo de lectura":"3 minutos"},"schema":{"@context":"https:\/\/schema.org","@graph":[{"@type":"WebPage","@id":"https:\/\/prest-math.org\/es\/politica-de-confidencialidad\/","url":"https:\/\/prest-math.org\/es\/politica-de-confidencialidad\/","name":"Politique de confidentialit\u00e9 | PREST-Math, guides p\u00e9dagogiques","isPartOf":{"@id":"https:\/\/prest-math.org\/#website"},"primaryImageOfPage":{"@id":"https:\/\/prest-math.org\/es\/politica-de-confidencialidad\/#primaryimage"},"image":{"@id":"https:\/\/prest-math.org\/es\/politica-de-confidencialidad\/#primaryimage"},"thumbnailUrl":"https:\/\/prest-math.org\/wp-content\/uploads\/2020\/03\/prest-math-a-propos.jpg","datePublished":"2020-03-23T17:34:14+00:00","dateModified":"2020-05-07T19:55:34+00:00","description":"Politique de confidentialit\u00e9 de PREST-Math, ressources p\u00e9dagogiques, cahiers d'\u00e9l\u00e8ves, livres scolaires pour enseignants, \u00e9coles et milieux scolaires.","breadcrumb":{"@id":"https:\/\/prest-math.org\/es\/politica-de-confidencialidad\/#breadcrumb"},"inLanguage":"es","potentialAction":[{"@type":"ReadAction","target":["https:\/\/prest-math.org\/es\/politica-de-confidencialidad\/"]}]},{"@type":"ImageObject","inLanguage":"es","@id":"https:\/\/prest-math.org\/es\/politica-de-confidencialidad\/#primaryimage","url":"https:\/\/prest-math.org\/wp-content\/uploads\/2020\/03\/prest-math-a-propos.jpg","contentUrl":"https:\/\/prest-math.org\/wp-content\/uploads\/2020\/03\/prest-math-a-propos.jpg","width":1637,"height":434},{"@type":"BreadcrumbList","@id":"https:\/\/prest-math.org\/es\/politica-de-confidencialidad\/#breadcrumb","itemListElement":[{"@type":"ListItem","position":1,"name":"Accueil","item":"https:\/\/prest-math.org\/es\/"},{"@type":"ListItem","position":2,"name":"Pol\u00edtica de confidencialidad"}]},{"@type":"WebSite","@id":"https:\/\/prest-math.org\/#website","url":"https:\/\/prest-math.org\/","name":"PREST","description":"","publisher":{"@id":"https:\/\/prest-math.org\/#organization"},"potentialAction":[{"@type":"SearchAction","target":{"@type":"EntryPoint","urlTemplate":"https:\/\/prest-math.org\/?s={search_term_string}"},"query-input":"required name=search_term_string"}],"inLanguage":"es"},{"@type":"Organization","@id":"https:\/\/prest-math.org\/#organization","name":"PREST","url":"https:\/\/prest-math.org\/","logo":{"@type":"ImageObject","inLanguage":"es","@id":"https:\/\/prest-math.org\/#\/schema\/logo\/image\/","url":"https:\/\/prest-math.org\/wp-content\/uploads\/2020\/03\/logo_prest-math.png","contentUrl":"https:\/\/prest-math.org\/wp-content\/uploads\/2020\/03\/logo_prest-math.png","width":580,"height":54,"caption":"PREST"},"image":{"@id":"https:\/\/prest-math.org\/#\/schema\/logo\/image\/"}}]}},"_links":{"self":[{"href":"https:\/\/prest-math.org\/es\/wp-json\/wp\/v2\/pages\/475"}],"collection":[{"href":"https:\/\/prest-math.org\/es\/wp-json\/wp\/v2\/pages"}],"about":[{"href":"https:\/\/prest-math.org\/es\/wp-json\/wp\/v2\/types\/page"}],"author":[{"embeddable":true,"href":"https:\/\/prest-math.org\/es\/wp-json\/wp\/v2\/users\/1"}],"replies":[{"embeddable":true,"href":"https:\/\/prest-math.org\/es\/wp-json\/wp\/v2\/comments?post=475"}],"version-history":[{"count":4,"href":"https:\/\/prest-math.org\/es\/wp-json\/wp\/v2\/pages\/475\/revisions"}],"predecessor-version":[{"id":627,"href":"https:\/\/prest-math.org\/es\/wp-json\/wp\/v2\/pages\/475\/revisions\/627"}],"wp:featuredmedia":[{"embeddable":true,"href":"https:\/\/prest-math.org\/es\/wp-json\/wp\/v2\/media\/408"}],"wp:attachment":[{"href":"https:\/\/prest-math.org\/es\/wp-json\/wp\/v2\/media?parent=475"}],"curies":[{"name":"wp","href":"https:\/\/api.w.org\/{rel}","templated":true}]}}