{"id":479,"date":"2020-03-25T16:28:26","date_gmt":"2020-03-25T20:28:26","guid":{"rendered":"https:\/\/prest-math.org\/inscription-connexion\/"},"modified":"2022-10-11T15:13:41","modified_gmt":"2022-10-11T19:13:41","slug":"inscripcion-conexion","status":"publish","type":"page","link":"https:\/\/prest-math.org\/es\/inscripcion-conexion\/","title":{"rendered":"Inscripci\u00f3n \u2013 conexi\u00f3n"},"content":{"rendered":"<h1>Conexi\u00f3n<\/h1>\n<h6><a href=\"https:\/\/moodle.prest-math.org\/login\/index.php\" target=\"_blank\" rel=\"noopener noreferrer\">Usted ya tiene acceso<\/a><\/h6>\n<h5>Inscripci\u00f3n<\/h5>\n<p>Una vez se haya aceptado su registro, recibir\u00e1 sus c\u00f3digos de acceso por correo electr\u00f3nico.<\/p>\n","protected":false},"excerpt":{"rendered":"<p>Conexi\u00f3n Usted ya tiene acceso Inscripci\u00f3n Una vez se haya aceptado su registro, recibir\u00e1 sus c\u00f3digos de acceso por correo electr\u00f3nico.<\/p>\n","protected":false},"author":1,"featured_media":408,"parent":0,"menu_order":50,"comment_status":"closed","ping_status":"closed","template":"page-inscription-connexion.php","meta":{"_acf_changed":false,"footnotes":""},"acf":[],"yoast_head":"<!-- This site is optimized with the Yoast SEO plugin v22.5 - https:\/\/yoast.com\/wordpress\/plugins\/seo\/ -->\n<title>PREST-Math guides p\u00e9dagogiques, inscription et connexion<\/title>\n<meta name=\"description\" content=\"Connectez-vous aux ressources p\u00e9dagogiques PREST-Math, guides p\u00e9dagogiques et cahiers d&#039;\u00e9l\u00e8ves pour enseignants et l&#039;ensemble des milieux scolaires.\" \/>\n<meta name=\"robots\" content=\"index, follow, max-snippet:-1, max-image-preview:large, max-video-preview:-1\" \/>\n<link rel=\"canonical\" href=\"https:\/\/prest-math.org\/es\/inscripcion-conexion\/\" \/>\n<meta property=\"og:locale\" content=\"es_ES\" \/>\n<meta property=\"og:type\" content=\"article\" \/>\n<meta property=\"og:title\" content=\"PREST-Math guides p\u00e9dagogiques, inscription et connexion\" \/>\n<meta property=\"og:description\" content=\"Connectez-vous aux ressources p\u00e9dagogiques PREST-Math, guides p\u00e9dagogiques et cahiers d&#039;\u00e9l\u00e8ves pour enseignants et l&#039;ensemble des milieux scolaires.\" \/>\n<meta property=\"og:url\" content=\"https:\/\/prest-math.org\/es\/inscripcion-conexion\/\" \/>\n<meta property=\"og:site_name\" content=\"PREST\" \/>\n<meta property=\"article:modified_time\" content=\"2022-10-11T19:13:41+00:00\" \/>\n<meta property=\"og:image\" content=\"https:\/\/prest-math.org\/wp-content\/uploads\/2020\/03\/prest-math-a-propos.jpg\" \/>\n\t<meta property=\"og:image:width\" content=\"1637\" \/>\n\t<meta property=\"og:image:height\" content=\"434\" \/>\n\t<meta property=\"og:image:type\" content=\"image\/jpeg\" \/>\n<meta name=\"twitter:card\" content=\"summary_large_image\" \/>\n<script type=\"application\/ld+json\" class=\"yoast-schema-graph\">{\"@context\":\"https:\/\/schema.org\",\"@graph\":[{\"@type\":\"WebPage\",\"@id\":\"https:\/\/prest-math.org\/es\/inscripcion-conexion\/\",\"url\":\"https:\/\/prest-math.org\/es\/inscripcion-conexion\/\",\"name\":\"PREST-Math guides p\u00e9dagogiques, inscription et connexion\",\"isPartOf\":{\"@id\":\"https:\/\/prest-math.org\/#website\"},\"primaryImageOfPage\":{\"@id\":\"https:\/\/prest-math.org\/es\/inscripcion-conexion\/#primaryimage\"},\"image\":{\"@id\":\"https:\/\/prest-math.org\/es\/inscripcion-conexion\/#primaryimage\"},\"thumbnailUrl\":\"https:\/\/prest-math.org\/wp-content\/uploads\/2020\/03\/prest-math-a-propos.jpg\",\"datePublished\":\"2020-03-25T20:28:26+00:00\",\"dateModified\":\"2022-10-11T19:13:41+00:00\",\"description\":\"Connectez-vous aux ressources p\u00e9dagogiques PREST-Math, guides p\u00e9dagogiques et cahiers d'\u00e9l\u00e8ves pour enseignants et l'ensemble des milieux scolaires.\",\"breadcrumb\":{\"@id\":\"https:\/\/prest-math.org\/es\/inscripcion-conexion\/#breadcrumb\"},\"inLanguage\":\"es\",\"potentialAction\":[{\"@type\":\"ReadAction\",\"target\":[\"https:\/\/prest-math.org\/es\/inscripcion-conexion\/\"]}]},{\"@type\":\"ImageObject\",\"inLanguage\":\"es\",\"@id\":\"https:\/\/prest-math.org\/es\/inscripcion-conexion\/#primaryimage\",\"url\":\"https:\/\/prest-math.org\/wp-content\/uploads\/2020\/03\/prest-math-a-propos.jpg\",\"contentUrl\":\"https:\/\/prest-math.org\/wp-content\/uploads\/2020\/03\/prest-math-a-propos.jpg\",\"width\":1637,\"height\":434},{\"@type\":\"BreadcrumbList\",\"@id\":\"https:\/\/prest-math.org\/es\/inscripcion-conexion\/#breadcrumb\",\"itemListElement\":[{\"@type\":\"ListItem\",\"position\":1,\"name\":\"Accueil\",\"item\":\"https:\/\/prest-math.org\/es\/\"},{\"@type\":\"ListItem\",\"position\":2,\"name\":\"Inscripci\u00f3n \u2013 conexi\u00f3n\"}]},{\"@type\":\"WebSite\",\"@id\":\"https:\/\/prest-math.org\/#website\",\"url\":\"https:\/\/prest-math.org\/\",\"name\":\"PREST\",\"description\":\"\",\"publisher\":{\"@id\":\"https:\/\/prest-math.org\/#organization\"},\"potentialAction\":[{\"@type\":\"SearchAction\",\"target\":{\"@type\":\"EntryPoint\",\"urlTemplate\":\"https:\/\/prest-math.org\/?s={search_term_string}\"},\"query-input\":\"required name=search_term_string\"}],\"inLanguage\":\"es\"},{\"@type\":\"Organization\",\"@id\":\"https:\/\/prest-math.org\/#organization\",\"name\":\"PREST\",\"url\":\"https:\/\/prest-math.org\/\",\"logo\":{\"@type\":\"ImageObject\",\"inLanguage\":\"es\",\"@id\":\"https:\/\/prest-math.org\/#\/schema\/logo\/image\/\",\"url\":\"https:\/\/prest-math.org\/wp-content\/uploads\/2020\/03\/logo_prest-math.png\",\"contentUrl\":\"https:\/\/prest-math.org\/wp-content\/uploads\/2020\/03\/logo_prest-math.png\",\"width\":580,\"height\":54,\"caption\":\"PREST\"},\"image\":{\"@id\":\"https:\/\/prest-math.org\/#\/schema\/logo\/image\/\"}}]}<\/script>\n<!-- \/ Yoast SEO plugin. -->","yoast_head_json":{"title":"PREST-Math guides p\u00e9dagogiques, inscription et connexion","description":"Connectez-vous aux ressources p\u00e9dagogiques PREST-Math, guides p\u00e9dagogiques et cahiers d'\u00e9l\u00e8ves pour enseignants et l'ensemble des milieux scolaires.","robots":{"index":"index","follow":"follow","max-snippet":"max-snippet:-1","max-image-preview":"max-image-preview:large","max-video-preview":"max-video-preview:-1"},"canonical":"https:\/\/prest-math.org\/es\/inscripcion-conexion\/","og_locale":"es_ES","og_type":"article","og_title":"PREST-Math guides p\u00e9dagogiques, inscription et connexion","og_description":"Connectez-vous aux ressources p\u00e9dagogiques PREST-Math, guides p\u00e9dagogiques et cahiers d'\u00e9l\u00e8ves pour enseignants et l'ensemble des milieux scolaires.","og_url":"https:\/\/prest-math.org\/es\/inscripcion-conexion\/","og_site_name":"PREST","article_modified_time":"2022-10-11T19:13:41+00:00","og_image":[{"width":1637,"height":434,"url":"https:\/\/prest-math.org\/wp-content\/uploads\/2020\/03\/prest-math-a-propos.jpg","type":"image\/jpeg"}],"twitter_card":"summary_large_image","schema":{"@context":"https:\/\/schema.org","@graph":[{"@type":"WebPage","@id":"https:\/\/prest-math.org\/es\/inscripcion-conexion\/","url":"https:\/\/prest-math.org\/es\/inscripcion-conexion\/","name":"PREST-Math guides p\u00e9dagogiques, inscription et connexion","isPartOf":{"@id":"https:\/\/prest-math.org\/#website"},"primaryImageOfPage":{"@id":"https:\/\/prest-math.org\/es\/inscripcion-conexion\/#primaryimage"},"image":{"@id":"https:\/\/prest-math.org\/es\/inscripcion-conexion\/#primaryimage"},"thumbnailUrl":"https:\/\/prest-math.org\/wp-content\/uploads\/2020\/03\/prest-math-a-propos.jpg","datePublished":"2020-03-25T20:28:26+00:00","dateModified":"2022-10-11T19:13:41+00:00","description":"Connectez-vous aux ressources p\u00e9dagogiques PREST-Math, guides p\u00e9dagogiques et cahiers d'\u00e9l\u00e8ves pour enseignants et l'ensemble des milieux scolaires.","breadcrumb":{"@id":"https:\/\/prest-math.org\/es\/inscripcion-conexion\/#breadcrumb"},"inLanguage":"es","potentialAction":[{"@type":"ReadAction","target":["https:\/\/prest-math.org\/es\/inscripcion-conexion\/"]}]},{"@type":"ImageObject","inLanguage":"es","@id":"https:\/\/prest-math.org\/es\/inscripcion-conexion\/#primaryimage","url":"https:\/\/prest-math.org\/wp-content\/uploads\/2020\/03\/prest-math-a-propos.jpg","contentUrl":"https:\/\/prest-math.org\/wp-content\/uploads\/2020\/03\/prest-math-a-propos.jpg","width":1637,"height":434},{"@type":"BreadcrumbList","@id":"https:\/\/prest-math.org\/es\/inscripcion-conexion\/#breadcrumb","itemListElement":[{"@type":"ListItem","position":1,"name":"Accueil","item":"https:\/\/prest-math.org\/es\/"},{"@type":"ListItem","position":2,"name":"Inscripci\u00f3n \u2013 conexi\u00f3n"}]},{"@type":"WebSite","@id":"https:\/\/prest-math.org\/#website","url":"https:\/\/prest-math.org\/","name":"PREST","description":"","publisher":{"@id":"https:\/\/prest-math.org\/#organization"},"potentialAction":[{"@type":"SearchAction","target":{"@type":"EntryPoint","urlTemplate":"https:\/\/prest-math.org\/?s={search_term_string}"},"query-input":"required name=search_term_string"}],"inLanguage":"es"},{"@type":"Organization","@id":"https:\/\/prest-math.org\/#organization","name":"PREST","url":"https:\/\/prest-math.org\/","logo":{"@type":"ImageObject","inLanguage":"es","@id":"https:\/\/prest-math.org\/#\/schema\/logo\/image\/","url":"https:\/\/prest-math.org\/wp-content\/uploads\/2020\/03\/logo_prest-math.png","contentUrl":"https:\/\/prest-math.org\/wp-content\/uploads\/2020\/03\/logo_prest-math.png","width":580,"height":54,"caption":"PREST"},"image":{"@id":"https:\/\/prest-math.org\/#\/schema\/logo\/image\/"}}]}},"_links":{"self":[{"href":"https:\/\/prest-math.org\/es\/wp-json\/wp\/v2\/pages\/479"}],"collection":[{"href":"https:\/\/prest-math.org\/es\/wp-json\/wp\/v2\/pages"}],"about":[{"href":"https:\/\/prest-math.org\/es\/wp-json\/wp\/v2\/types\/page"}],"author":[{"embeddable":true,"href":"https:\/\/prest-math.org\/es\/wp-json\/wp\/v2\/users\/1"}],"replies":[{"embeddable":true,"href":"https:\/\/prest-math.org\/es\/wp-json\/wp\/v2\/comments?post=479"}],"version-history":[{"count":3,"href":"https:\/\/prest-math.org\/es\/wp-json\/wp\/v2\/pages\/479\/revisions"}],"predecessor-version":[{"id":1558,"href":"https:\/\/prest-math.org\/es\/wp-json\/wp\/v2\/pages\/479\/revisions\/1558"}],"wp:featuredmedia":[{"embeddable":true,"href":"https:\/\/prest-math.org\/es\/wp-json\/wp\/v2\/media\/408"}],"wp:attachment":[{"href":"https:\/\/prest-math.org\/es\/wp-json\/wp\/v2\/media?parent=479"}],"curies":[{"name":"wp","href":"https:\/\/api.w.org\/{rel}","templated":true}]}}