{"id":1848,"date":"2024-02-29T17:55:28","date_gmt":"2024-02-29T22:55:28","guid":{"rendered":"https:\/\/prest-math.org\/nuestros-proyectos\/"},"modified":"2024-08-16T11:47:03","modified_gmt":"2024-08-16T15:47:03","slug":"nossos-projetos","status":"publish","type":"page","link":"https:\/\/prest-math.org\/pt-br\/nossos-projetos\/","title":{"rendered":"Nuestros proyectos"},"content":{"rendered":"<div id=\"pl-1848\"  class=\"panel-layout\" ><div id=\"pg-1848-0\"  class=\"panel-grid panel-no-style\" ><div id=\"pgc-1848-0-0\"  class=\"panel-grid-cell\" ><div id=\"panel-1848-0-0-0\" class=\"so-panel widget widget_black-studio-tinymce widget_black_studio_tinymce panel-first-child panel-last-child\" data-index=\"0\" ><div class=\"textwidget\"><p>Quebec-CANADA est\u00e1 entre os l\u00edderes em educa\u00e7\u00e3o internacionalmente.<\/p>\n<p>PREST-Math mant\u00e9m-se atualizado com as pesquisas recentes em educa\u00e7\u00e3o e, acima de tudo, ouve sua comunidade de professores do Canad\u00e1 e todos os professores na Am\u00e9rica Latina porque a inova\u00e7\u00e3o est\u00e1 frequentemente na encruzilhada da pesquisa e da experi\u00eancia de campo.<\/p>\n<p>PREST-Math \u00e9, portanto, uma rede internacional de educadores.<\/p>\n<p>PREST-Math \u00e9 mais do que um caderno, \u00e9 uma forma\u00e7\u00e3o cont\u00ednua que contribui para enriquecer a qualidade do ensino da matem\u00e1tica desde o pr\u00e9-escolar at\u00e9 ao final do ensino fundamental 1.<\/p>\n<\/div><\/div><\/div><\/div><div id=\"pg-1848-1\"  class=\"panel-grid panel-has-style\" ><div class=\"story_row panel-row-style panel-row-style-for-1848-1\" ><div id=\"pgc-1848-1-0\"  class=\"panel-grid-cell\" ><div id=\"panel-1848-1-0-0\" class=\"so-panel widget widget_black-studio-tinymce widget_black_studio_tinymce panel-first-child\" data-index=\"1\" ><div class=\"story_left story panel-widget-style panel-widget-style-for-1848-1-0-0\" ><div class=\"textwidget\"><h6>2013<\/h6>\n<h3><span style=\"color: #012b70;\">Cri<strong>a\u00e7\u00e3o<\/strong> da <strong>organiza\u00e7\u00e3o <\/strong>PREST<\/span><\/h3>\n<p>Polo Regional para o ensino da Cient\u00edfica e da Tecnol\u00f3gica<\/p>\n<p>Neste momento, o sucesso do PREST baseia-se nas suas situa\u00e7\u00f5es de aprendizagem e avalia\u00e7\u00e3o em ci\u00eancia e tecnologia, desde a pr\u00e9-escola at\u00e9 ao final do ensino secund\u00e1rio.<\/p>\n<\/div><\/div><\/div><div id=\"panel-1848-1-0-1\" class=\"so-panel widget widget_black-studio-tinymce widget_black_studio_tinymce\" data-index=\"2\" ><div class=\"story_right story panel-widget-style panel-widget-style-for-1848-1-0-1\" ><div class=\"textwidget\"><h6>2015<\/h6>\n<h3><span style=\"color: #012b70;\"><strong>In\u00edcio do PREST-Matem\u00e1tica<\/strong><\/span><\/h3>\n<p>Minist\u00e9rio da Educa\u00e7\u00e3o da Col\u00f4mbia confiou-nos o mandato de construir um programa de ensino de matem\u00e1tica para escolas prim\u00e1rias. Este \u00e9 o ponto de partida do projeto PREST-Math. Tr\u00eas milh\u00f5es de colombianos beneficiam-se desta iniciativa.<\/p>\n<\/div><\/div><\/div><div id=\"panel-1848-1-0-2\" class=\"so-panel widget widget_black-studio-tinymce widget_black_studio_tinymce\" data-index=\"3\" ><div class=\"story_left story panel-widget-style panel-widget-style-for-1848-1-0-2\" ><div class=\"textwidget\"><h6>2017<\/h6>\n<h3><span style=\"color: #012b70;\">Oferta para turmas de\u00a0<strong>multi-idades<\/strong><\/span><\/h3>\n<p>Consciente do desafio que representa o ensino a v\u00e1rios n\u00edveis, e tamb\u00e9m consciente de que as chamadas aulas regulares devem gerir grandes lacunas de compreens\u00e3o, o PREST-Math est\u00e1 a desenvolver uma vers\u00e3o multi-idades de todas as cole\u00e7\u00f5es. Esta vers\u00e3o oferece agora as ferramentas de diferencia\u00e7\u00e3o necess\u00e1rias para todos os professores.<\/p>\n<p>In\u00edcio de parceria com a editora Spectrum, deposit\u00e1ria oficial do material pedag\u00f3gico e did\u00e1tico do PREST-Math para Canad\u00e1 e Estados Unidos.<\/p>\n<\/div><\/div><\/div><div id=\"panel-1848-1-0-3\" class=\"so-panel widget widget_black-studio-tinymce widget_black_studio_tinymce\" data-index=\"4\" ><div class=\"story_right story panel-widget-style panel-widget-style-for-1848-1-0-3\" ><div class=\"textwidget\"><h6>2018<\/h6>\n<h3><span style=\"color: #012b70;\">Crea<strong>\u00e7\u00e3o da cole\u00e7\u00e3o 6 e do nosso programa de sensibiliza\u00e7\u00e3o matem\u00e1tica na pr\u00e9-escolar<\/strong><\/span><\/h3>\n<p>PREST-Math completa a sua oferta de ensino fundamental 1 com a cole\u00e7\u00e3o 6. Na sequ\u00eancia de um pedido do Minist\u00e9rio da Educa\u00e7\u00e3o do Panam\u00e1, foi criado um programa de sensibiliza\u00e7\u00e3o matem\u00e1tica para crian\u00e7as em idade pr\u00e9-escolar de 5 anos.<\/p>\n<p>PREST-Math agora est\u00e1 traduzido para quatro idiomas (franc\u00eas, ingl\u00eas, espanhol e portugu\u00eas) e \u00e9 usado em nove pa\u00edses da Am\u00e9rica Latina e da Europa.<\/p>\n<\/div><\/div><\/div><div id=\"panel-1848-1-0-4\" class=\"so-panel widget widget_black-studio-tinymce widget_black_studio_tinymce\" data-index=\"5\" ><div class=\"story_left story panel-widget-style panel-widget-style-for-1848-1-0-4\" ><div class=\"textwidget\"><h6>2019-<br \/>\n2021<\/h6>\n<h3><span style=\"color: #012b70;\">Produ<strong>\u00e7\u00e3o de v\u00eddeo modelando o ensino eficaz de todos os conceitos de matem\u00e1tica do ensino fundamental<\/strong><\/span><\/h3>\n<p>Para apoiar o ensino a dist\u00e2ncia e oferecer uma modelagem de ensino eficaz de todos os saberes do programa, o PREST-Math produz uma adapta\u00e7\u00e3o em v\u00eddeo dessas propostas de ensino expl\u00edcito.<\/p>\n<p>Gra\u00e7as \u00e0 colabora\u00e7\u00e3o de professores do Quebec e da equipe STEM-Academia da Col\u00f4mbia, tamb\u00e9m estamos desenvolvendo uma progress\u00e3o de aulas e exerc\u00edcios interativos para desenvolver o c\u00e1lculo mental. A se\u00e7\u00e3o do c\u00e1lculo mental est\u00e1 dispon\u00edvel gratuitamente em franc\u00eas, espanhol, portugu\u00eas e romeno.<\/p>\n<\/div><\/div><\/div><div id=\"panel-1848-1-0-5\" class=\"so-panel widget widget_black-studio-tinymce widget_black_studio_tinymce\" data-index=\"6\" ><div class=\"story_right story panel-widget-style panel-widget-style-for-1848-1-0-5\" ><div class=\"textwidget\"><h6>2022<\/h6>\n<h3><span style=\"color: #012b70;\"><strong>Inicio de uma\u00a0avalia\u00e7\u00e3o RCT para medir o impacto do PREST-Math<\/strong><\/span><\/h3>\n<p>Em colabora\u00e7\u00e3o com a Funda\u00e7\u00e3o Luker, o BID (Banco Interamericano de Desenvolvimento) e a STEM-Academia, uma avalia\u00e7\u00e3o com grupos de controle permite medir o impacto do PREST-Math nas crian\u00e7as do primeiro e do segundo ano do ensino fundamental. A pesquisa continua entre os alunos do 3\u00ba ano durante o ano letivo de 2024. Os resultados preliminares desta pesquisa ser\u00e1 publicado em breve pelo BID.<\/p>\n<\/div><\/div><\/div><div id=\"panel-1848-1-0-6\" class=\"so-panel widget widget_black-studio-tinymce widget_black_studio_tinymce\" data-index=\"7\" ><div class=\"story_left story panel-widget-style panel-widget-style-for-1848-1-0-6\" ><div class=\"textwidget\"><h6>2023<\/h6>\n<h3><span style=\"color: #012b70;\"><strong>Pr\u00e9-escolar 4 a\u00f1os e implanta\u00e7\u00e3o no Brasil e no M\u00e9xico<\/strong><\/span><\/h3>\n<p>Adapta\u00e7\u00e3o do nosso programa de sensibiliza\u00e7\u00e3o matem\u00e1tica de 5 anos para crian\u00e7as de 4 anos.<\/p>\n<p>PREST-Math em escala internacional: Gra\u00e7as a novos parceiros e ap\u00f3s v\u00e1rias dezenas de projetos piloto em diferentes pa\u00edses, o PREST-Math est\u00e1 avan\u00e7ando para o pr\u00f3ximo n\u00edvel: implementando com sucesso uma implementa\u00e7\u00e3o em grande escala no M\u00e9xico (Yucatan) e no Brasil (Pernambuco). No Brasil, nossa colabora\u00e7\u00e3o come\u00e7a com a Secretaria do Estado de Pernambuco e a organiza\u00e7\u00e3o Mathema.<\/p>\n<\/div><\/div><\/div><div id=\"panel-1848-1-0-7\" class=\"so-panel widget widget_black-studio-tinymce widget_black_studio_tinymce\" data-index=\"8\" ><div class=\"story_right story panel-widget-style panel-widget-style-for-1848-1-0-7\" ><div class=\"textwidget\"><h6>2024<\/h6>\n<h3><span style=\"color: #012b70;\"><strong>Um planejamento de oficinas para crian\u00e7as no pr\u00e9-escolar de 4 e 5 anos \u2013 colabora\u00e7\u00e3o com a escola normal de M\u00e9rida, Yucat\u00e1n, no M\u00e9xico<\/strong><\/span><\/h3>\n<p>Um planejamento anual para oficinas de 30 semanas para crian\u00e7as em idade pr\u00e9-escolar de 4 e 5 anos est\u00e1 sendo desenvolvido para o Panam\u00e1. Esse planejamento ajuda a desenvolver a consci\u00eancia fonol\u00f3gica, habilidades sociais e emocionais, a motricidade fina e grossa, matem\u00e1tica e ci\u00eancias. N\u00f3s aproveitamos esse projeto para desenvolver recursos que permitam melhorar a gest\u00e3o da sala de aula e o desenvolvimento das fun\u00e7\u00f5es executivas.<\/p>\n<p>N\u00f3s estamos iniciando uma colabora\u00e7\u00e3o com a principal Universidade da cidade de M\u00e9rid, no estado de Yucat\u00e1n (Centenaria Escuela Normal de Educacion Primaria) para colaborar na forma\u00e7\u00e3o inicial de futuros professores no estado de Yucat\u00e1n, no M\u00e9xico.<\/p>\n<\/div><\/div><\/div><div id=\"panel-1848-1-0-8\" class=\"so-panel widget widget_black-studio-tinymce widget_black_studio_tinymce panel-last-child\" data-index=\"9\" ><div class=\"story_left story panel-widget-style panel-widget-style-for-1848-1-0-8\" ><div class=\"textwidget\"><h6>2025<\/h6>\n<h3><span style=\"color: #012b70;\"><strong>Um escrit\u00f3rio PREST-Math no Brasil<\/strong><\/span><\/h3>\n<p>Os passos para abrir um primeiro escrit\u00f3rio fora do Canad\u00e1 est\u00e3o progredindo bem. Em 2025, nosso escrit\u00f3rio brasileiro facilitar\u00e1 o estabelecimento em novos estados e cidades do Brasil.<\/p>\n<\/div><\/div><\/div><\/div><\/div><\/div><\/div>","protected":false},"excerpt":{"rendered":"<p>Quebec-CANADA est\u00e1 entre os l\u00edderes em educa\u00e7\u00e3o internacionalmente. PREST-Math mant\u00e9m-se atualizado com as pesquisas recentes em educa\u00e7\u00e3o e, acima de tudo, ouve sua comunidade de professores do Canad\u00e1 e todos os professores na Am\u00e9rica Latina porque a inova\u00e7\u00e3o est\u00e1 frequentemente na encruzilhada da pesquisa e da experi\u00eancia de campo. PREST-Math \u00e9, portanto, uma rede internacional [&hellip;]<\/p>\n","protected":false},"author":1,"featured_media":1845,"parent":0,"menu_order":0,"comment_status":"closed","ping_status":"closed","template":"page-full.php","meta":{"_acf_changed":false,"footnotes":""},"acf":[],"yoast_head":"<!-- This site is optimized with the Yoast SEO plugin v22.5 - https:\/\/yoast.com\/wordpress\/plugins\/seo\/ -->\n<title>Nuestros proyectos - PREST<\/title>\n<meta name=\"robots\" content=\"index, follow, max-snippet:-1, max-image-preview:large, max-video-preview:-1\" \/>\n<link rel=\"canonical\" href=\"https:\/\/prest-math.org\/pt-br\/nossos-projetos\/\" \/>\n<meta property=\"og:locale\" content=\"pt_BR\" \/>\n<meta property=\"og:type\" content=\"article\" \/>\n<meta property=\"og:title\" content=\"Nuestros proyectos - PREST\" \/>\n<meta property=\"og:description\" content=\"Quebec-CANADA est\u00e1 entre os l\u00edderes em educa\u00e7\u00e3o internacionalmente. PREST-Math mant\u00e9m-se atualizado com as pesquisas recentes em educa\u00e7\u00e3o e, acima de tudo, ouve sua comunidade de professores do Canad\u00e1 e todos os professores na Am\u00e9rica Latina porque a inova\u00e7\u00e3o est\u00e1 frequentemente na encruzilhada da pesquisa e da experi\u00eancia de campo. PREST-Math \u00e9, portanto, uma rede internacional [&hellip;]\" \/>\n<meta property=\"og:url\" content=\"https:\/\/prest-math.org\/pt-br\/nossos-projetos\/\" \/>\n<meta property=\"og:site_name\" content=\"PREST\" \/>\n<meta property=\"article:modified_time\" content=\"2024-08-16T15:47:03+00:00\" \/>\n<meta property=\"og:image\" content=\"https:\/\/prest-math.org\/wp-content\/uploads\/2020\/03\/prest-math-a-propos.jpg\" \/>\n\t<meta property=\"og:image:width\" content=\"1637\" \/>\n\t<meta property=\"og:image:height\" content=\"434\" \/>\n\t<meta property=\"og:image:type\" content=\"image\/jpeg\" \/>\n<meta name=\"twitter:card\" content=\"summary_large_image\" \/>\n<meta name=\"twitter:label1\" content=\"Est. tempo de leitura\" \/>\n\t<meta name=\"twitter:data1\" content=\"4 minutos\" \/>\n<script type=\"application\/ld+json\" class=\"yoast-schema-graph\">{\"@context\":\"https:\/\/schema.org\",\"@graph\":[{\"@type\":\"WebPage\",\"@id\":\"https:\/\/prest-math.org\/pt-br\/nossos-projetos\/\",\"url\":\"https:\/\/prest-math.org\/pt-br\/nossos-projetos\/\",\"name\":\"Nuestros proyectos - PREST\",\"isPartOf\":{\"@id\":\"https:\/\/prest-math.org\/#website\"},\"primaryImageOfPage\":{\"@id\":\"https:\/\/prest-math.org\/pt-br\/nossos-projetos\/#primaryimage\"},\"image\":{\"@id\":\"https:\/\/prest-math.org\/pt-br\/nossos-projetos\/#primaryimage\"},\"thumbnailUrl\":\"https:\/\/prest-math.org\/wp-content\/uploads\/2020\/03\/prest-math-a-propos.jpg\",\"datePublished\":\"2024-02-29T22:55:28+00:00\",\"dateModified\":\"2024-08-16T15:47:03+00:00\",\"breadcrumb\":{\"@id\":\"https:\/\/prest-math.org\/pt-br\/nossos-projetos\/#breadcrumb\"},\"inLanguage\":\"pt-BR\",\"potentialAction\":[{\"@type\":\"ReadAction\",\"target\":[\"https:\/\/prest-math.org\/pt-br\/nossos-projetos\/\"]}]},{\"@type\":\"ImageObject\",\"inLanguage\":\"pt-BR\",\"@id\":\"https:\/\/prest-math.org\/pt-br\/nossos-projetos\/#primaryimage\",\"url\":\"https:\/\/prest-math.org\/wp-content\/uploads\/2020\/03\/prest-math-a-propos.jpg\",\"contentUrl\":\"https:\/\/prest-math.org\/wp-content\/uploads\/2020\/03\/prest-math-a-propos.jpg\",\"width\":1637,\"height\":434},{\"@type\":\"BreadcrumbList\",\"@id\":\"https:\/\/prest-math.org\/pt-br\/nossos-projetos\/#breadcrumb\",\"itemListElement\":[{\"@type\":\"ListItem\",\"position\":1,\"name\":\"Accueil\",\"item\":\"https:\/\/prest-math.org\/pt-br\/\"},{\"@type\":\"ListItem\",\"position\":2,\"name\":\"Nuestros proyectos\"}]},{\"@type\":\"WebSite\",\"@id\":\"https:\/\/prest-math.org\/#website\",\"url\":\"https:\/\/prest-math.org\/\",\"name\":\"PREST\",\"description\":\"\",\"publisher\":{\"@id\":\"https:\/\/prest-math.org\/#organization\"},\"potentialAction\":[{\"@type\":\"SearchAction\",\"target\":{\"@type\":\"EntryPoint\",\"urlTemplate\":\"https:\/\/prest-math.org\/?s={search_term_string}\"},\"query-input\":\"required name=search_term_string\"}],\"inLanguage\":\"pt-BR\"},{\"@type\":\"Organization\",\"@id\":\"https:\/\/prest-math.org\/#organization\",\"name\":\"PREST\",\"url\":\"https:\/\/prest-math.org\/\",\"logo\":{\"@type\":\"ImageObject\",\"inLanguage\":\"pt-BR\",\"@id\":\"https:\/\/prest-math.org\/#\/schema\/logo\/image\/\",\"url\":\"https:\/\/prest-math.org\/wp-content\/uploads\/2020\/03\/logo_prest-math.png\",\"contentUrl\":\"https:\/\/prest-math.org\/wp-content\/uploads\/2020\/03\/logo_prest-math.png\",\"width\":580,\"height\":54,\"caption\":\"PREST\"},\"image\":{\"@id\":\"https:\/\/prest-math.org\/#\/schema\/logo\/image\/\"}}]}<\/script>\n<!-- \/ Yoast SEO plugin. -->","yoast_head_json":{"title":"Nuestros proyectos - PREST","robots":{"index":"index","follow":"follow","max-snippet":"max-snippet:-1","max-image-preview":"max-image-preview:large","max-video-preview":"max-video-preview:-1"},"canonical":"https:\/\/prest-math.org\/pt-br\/nossos-projetos\/","og_locale":"pt_BR","og_type":"article","og_title":"Nuestros proyectos - PREST","og_description":"Quebec-CANADA est\u00e1 entre os l\u00edderes em educa\u00e7\u00e3o internacionalmente. PREST-Math mant\u00e9m-se atualizado com as pesquisas recentes em educa\u00e7\u00e3o e, acima de tudo, ouve sua comunidade de professores do Canad\u00e1 e todos os professores na Am\u00e9rica Latina porque a inova\u00e7\u00e3o est\u00e1 frequentemente na encruzilhada da pesquisa e da experi\u00eancia de campo. PREST-Math \u00e9, portanto, uma rede internacional [&hellip;]","og_url":"https:\/\/prest-math.org\/pt-br\/nossos-projetos\/","og_site_name":"PREST","article_modified_time":"2024-08-16T15:47:03+00:00","og_image":[{"width":1637,"height":434,"url":"https:\/\/prest-math.org\/wp-content\/uploads\/2020\/03\/prest-math-a-propos.jpg","type":"image\/jpeg"}],"twitter_card":"summary_large_image","twitter_misc":{"Est. tempo de leitura":"4 minutos"},"schema":{"@context":"https:\/\/schema.org","@graph":[{"@type":"WebPage","@id":"https:\/\/prest-math.org\/pt-br\/nossos-projetos\/","url":"https:\/\/prest-math.org\/pt-br\/nossos-projetos\/","name":"Nuestros proyectos - PREST","isPartOf":{"@id":"https:\/\/prest-math.org\/#website"},"primaryImageOfPage":{"@id":"https:\/\/prest-math.org\/pt-br\/nossos-projetos\/#primaryimage"},"image":{"@id":"https:\/\/prest-math.org\/pt-br\/nossos-projetos\/#primaryimage"},"thumbnailUrl":"https:\/\/prest-math.org\/wp-content\/uploads\/2020\/03\/prest-math-a-propos.jpg","datePublished":"2024-02-29T22:55:28+00:00","dateModified":"2024-08-16T15:47:03+00:00","breadcrumb":{"@id":"https:\/\/prest-math.org\/pt-br\/nossos-projetos\/#breadcrumb"},"inLanguage":"pt-BR","potentialAction":[{"@type":"ReadAction","target":["https:\/\/prest-math.org\/pt-br\/nossos-projetos\/"]}]},{"@type":"ImageObject","inLanguage":"pt-BR","@id":"https:\/\/prest-math.org\/pt-br\/nossos-projetos\/#primaryimage","url":"https:\/\/prest-math.org\/wp-content\/uploads\/2020\/03\/prest-math-a-propos.jpg","contentUrl":"https:\/\/prest-math.org\/wp-content\/uploads\/2020\/03\/prest-math-a-propos.jpg","width":1637,"height":434},{"@type":"BreadcrumbList","@id":"https:\/\/prest-math.org\/pt-br\/nossos-projetos\/#breadcrumb","itemListElement":[{"@type":"ListItem","position":1,"name":"Accueil","item":"https:\/\/prest-math.org\/pt-br\/"},{"@type":"ListItem","position":2,"name":"Nuestros proyectos"}]},{"@type":"WebSite","@id":"https:\/\/prest-math.org\/#website","url":"https:\/\/prest-math.org\/","name":"PREST","description":"","publisher":{"@id":"https:\/\/prest-math.org\/#organization"},"potentialAction":[{"@type":"SearchAction","target":{"@type":"EntryPoint","urlTemplate":"https:\/\/prest-math.org\/?s={search_term_string}"},"query-input":"required name=search_term_string"}],"inLanguage":"pt-BR"},{"@type":"Organization","@id":"https:\/\/prest-math.org\/#organization","name":"PREST","url":"https:\/\/prest-math.org\/","logo":{"@type":"ImageObject","inLanguage":"pt-BR","@id":"https:\/\/prest-math.org\/#\/schema\/logo\/image\/","url":"https:\/\/prest-math.org\/wp-content\/uploads\/2020\/03\/logo_prest-math.png","contentUrl":"https:\/\/prest-math.org\/wp-content\/uploads\/2020\/03\/logo_prest-math.png","width":580,"height":54,"caption":"PREST"},"image":{"@id":"https:\/\/prest-math.org\/#\/schema\/logo\/image\/"}}]}},"_links":{"self":[{"href":"https:\/\/prest-math.org\/pt-br\/wp-json\/wp\/v2\/pages\/1848"}],"collection":[{"href":"https:\/\/prest-math.org\/pt-br\/wp-json\/wp\/v2\/pages"}],"about":[{"href":"https:\/\/prest-math.org\/pt-br\/wp-json\/wp\/v2\/types\/page"}],"author":[{"embeddable":true,"href":"https:\/\/prest-math.org\/pt-br\/wp-json\/wp\/v2\/users\/1"}],"replies":[{"embeddable":true,"href":"https:\/\/prest-math.org\/pt-br\/wp-json\/wp\/v2\/comments?post=1848"}],"version-history":[{"count":4,"href":"https:\/\/prest-math.org\/pt-br\/wp-json\/wp\/v2\/pages\/1848\/revisions"}],"predecessor-version":[{"id":2350,"href":"https:\/\/prest-math.org\/pt-br\/wp-json\/wp\/v2\/pages\/1848\/revisions\/2350"}],"wp:featuredmedia":[{"embeddable":true,"href":"https:\/\/prest-math.org\/pt-br\/wp-json\/wp\/v2\/media\/1845"}],"wp:attachment":[{"href":"https:\/\/prest-math.org\/pt-br\/wp-json\/wp\/v2\/media?parent=1848"}],"curies":[{"name":"wp","href":"https:\/\/api.w.org\/{rel}","templated":true}]}}