{"id":1878,"date":"2020-03-23T18:34:14","date_gmt":"2020-03-23T17:34:14","guid":{"rendered":"https:\/\/prest-math.org\/page-d-exemple\/"},"modified":"2024-03-27T09:55:12","modified_gmt":"2024-03-27T13:55:12","slug":"page-d-exemple","status":"publish","type":"page","link":"https:\/\/prest-math.org\/pt-br\/","title":{"rendered":"Inicio"},"content":{"rendered":"<h1>Recursos <strong>educacionais para todos os ambientes escolares<\/strong><\/h1>\n<p>Todos os nossos recursos s\u00e3o o resultado de uma colabora\u00e7\u00e3o entre professores e conselheiros pedag\u00f3gicos de diferentes regi\u00f5es do Quebec, bem como formadores e pesquisadores de v\u00e1rios pa\u00edses. O PREST-Math \u00e9 agora usado em 46 conselhos escolares do Quebec e experimentado em 10 pa\u00edses e traduzido para cinco idiomas.<\/p>\n<p>PREST-Math \u00e9 antes de tudo uma abordagem e postura educacional que convida voc\u00ea a transformar sua turma em uma comunidade de pequenos pesquisadores motivados e engajados. Um projeto que se baseia nas pesquisas mais recentes em pedagogia e did\u00e1tica, ao mesmo tempo que permanece realista e acess\u00edvel em sua sala de aula.<\/p>\n<p>Seja para melhorar a sua pr\u00e1tica ou para acessar um planejamento de curso, o PREST-Math ir\u00e1 satisfazer as suas necessidades. PREST-Math \u00e9 tamb\u00e9m uma rede crescente de educadores que nos permite trocar e colaborar al\u00e9m-fronteiras no Facebook ou no nosso site de forma\u00e7\u00e3o online.<\/p>\n<h6><a href=\"https:\/\/prest-math.org\/pt-br\/quem-somos\/\">Quem somos<\/a><\/h6>\n","protected":false},"excerpt":{"rendered":"<p>Recursos educacionais para todos os ambientes escolares Todos os nossos recursos s\u00e3o o resultado de uma colabora\u00e7\u00e3o entre professores e conselheiros pedag\u00f3gicos de diferentes regi\u00f5es do Quebec, bem como formadores e pesquisadores de v\u00e1rios pa\u00edses. O PREST-Math \u00e9 agora usado em 46 conselhos escolares do Quebec e experimentado em 10 pa\u00edses e traduzido para cinco [&hellip;]<\/p>\n","protected":false},"author":1,"featured_media":0,"parent":0,"menu_order":1,"comment_status":"closed","ping_status":"open","template":"page-accueil.php","meta":{"_acf_changed":false,"footnotes":""},"acf":[],"yoast_head":"<!-- This site is optimized with the Yoast SEO plugin v22.5 - https:\/\/yoast.com\/wordpress\/plugins\/seo\/ -->\n<title>Guides p\u00e9dagogiques, mat\u00e9riel pour apprentissage des \u00e9l\u00e8ves | PREST-Math<\/title>\n<meta name=\"description\" content=\"PREST-Math, ressources \u00e9ducatives pour milieux scolaires. Transformez votre classe en petit chercheurs motiv\u00e9s avec nos guides p\u00e9dagogiques et livres scolaires.\" \/>\n<meta name=\"robots\" content=\"index, follow, max-snippet:-1, max-image-preview:large, max-video-preview:-1\" \/>\n<link rel=\"canonical\" href=\"https:\/\/prest-math.org\/pt-br\/\" \/>\n<meta property=\"og:locale\" content=\"pt_BR\" \/>\n<meta property=\"og:type\" content=\"article\" \/>\n<meta property=\"og:title\" content=\"Guides p\u00e9dagogiques, mat\u00e9riel pour apprentissage des \u00e9l\u00e8ves | PREST-Math\" \/>\n<meta property=\"og:description\" content=\"PREST-Math, ressources \u00e9ducatives pour milieux scolaires. Transformez votre classe en petit chercheurs motiv\u00e9s avec nos guides p\u00e9dagogiques et livres scolaires.\" \/>\n<meta property=\"og:url\" content=\"https:\/\/prest-math.org\/pt-br\/\" \/>\n<meta property=\"og:site_name\" content=\"PREST\" \/>\n<meta property=\"article:modified_time\" content=\"2024-03-27T13:55:12+00:00\" \/>\n<meta property=\"og:image\" content=\"https:\/\/prest-math.org\/wp-content\/uploads\/2020\/03\/facebook_share.jpg\" \/>\n\t<meta property=\"og:image:width\" content=\"1200\" \/>\n\t<meta property=\"og:image:height\" content=\"628\" \/>\n\t<meta property=\"og:image:type\" content=\"image\/jpeg\" \/>\n<meta name=\"twitter:card\" content=\"summary_large_image\" \/>\n<meta name=\"twitter:label1\" content=\"Est. tempo de leitura\" \/>\n\t<meta name=\"twitter:data1\" content=\"1 minuto\" \/>\n<script type=\"application\/ld+json\" class=\"yoast-schema-graph\">{\"@context\":\"https:\/\/schema.org\",\"@graph\":[{\"@type\":\"WebPage\",\"@id\":\"https:\/\/prest-math.org\/pt-br\/\",\"url\":\"https:\/\/prest-math.org\/pt-br\/\",\"name\":\"Guides p\u00e9dagogiques, mat\u00e9riel pour apprentissage des \u00e9l\u00e8ves | PREST-Math\",\"isPartOf\":{\"@id\":\"https:\/\/prest-math.org\/#website\"},\"datePublished\":\"2020-03-23T17:34:14+00:00\",\"dateModified\":\"2024-03-27T13:55:12+00:00\",\"description\":\"PREST-Math, ressources \u00e9ducatives pour milieux scolaires. Transformez votre classe en petit chercheurs motiv\u00e9s avec nos guides p\u00e9dagogiques et livres scolaires.\",\"breadcrumb\":{\"@id\":\"https:\/\/prest-math.org\/pt-br\/#breadcrumb\"},\"inLanguage\":\"pt-BR\",\"potentialAction\":[{\"@type\":\"ReadAction\",\"target\":[\"https:\/\/prest-math.org\/pt-br\/\"]}]},{\"@type\":\"BreadcrumbList\",\"@id\":\"https:\/\/prest-math.org\/pt-br\/#breadcrumb\",\"itemListElement\":[{\"@type\":\"ListItem\",\"position\":1,\"name\":\"Accueil\",\"item\":\"https:\/\/prest-math.org\/pt-br\/\"},{\"@type\":\"ListItem\",\"position\":2,\"name\":\"Inicio\"}]},{\"@type\":\"WebSite\",\"@id\":\"https:\/\/prest-math.org\/#website\",\"url\":\"https:\/\/prest-math.org\/\",\"name\":\"PREST\",\"description\":\"\",\"publisher\":{\"@id\":\"https:\/\/prest-math.org\/#organization\"},\"potentialAction\":[{\"@type\":\"SearchAction\",\"target\":{\"@type\":\"EntryPoint\",\"urlTemplate\":\"https:\/\/prest-math.org\/?s={search_term_string}\"},\"query-input\":\"required name=search_term_string\"}],\"inLanguage\":\"pt-BR\"},{\"@type\":\"Organization\",\"@id\":\"https:\/\/prest-math.org\/#organization\",\"name\":\"PREST\",\"url\":\"https:\/\/prest-math.org\/\",\"logo\":{\"@type\":\"ImageObject\",\"inLanguage\":\"pt-BR\",\"@id\":\"https:\/\/prest-math.org\/#\/schema\/logo\/image\/\",\"url\":\"https:\/\/prest-math.org\/wp-content\/uploads\/2020\/03\/logo_prest-math.png\",\"contentUrl\":\"https:\/\/prest-math.org\/wp-content\/uploads\/2020\/03\/logo_prest-math.png\",\"width\":580,\"height\":54,\"caption\":\"PREST\"},\"image\":{\"@id\":\"https:\/\/prest-math.org\/#\/schema\/logo\/image\/\"}}]}<\/script>\n<!-- \/ Yoast SEO plugin. -->","yoast_head_json":{"title":"Guides p\u00e9dagogiques, mat\u00e9riel pour apprentissage des \u00e9l\u00e8ves | PREST-Math","description":"PREST-Math, ressources \u00e9ducatives pour milieux scolaires. Transformez votre classe en petit chercheurs motiv\u00e9s avec nos guides p\u00e9dagogiques et livres scolaires.","robots":{"index":"index","follow":"follow","max-snippet":"max-snippet:-1","max-image-preview":"max-image-preview:large","max-video-preview":"max-video-preview:-1"},"canonical":"https:\/\/prest-math.org\/pt-br\/","og_locale":"pt_BR","og_type":"article","og_title":"Guides p\u00e9dagogiques, mat\u00e9riel pour apprentissage des \u00e9l\u00e8ves | PREST-Math","og_description":"PREST-Math, ressources \u00e9ducatives pour milieux scolaires. Transformez votre classe en petit chercheurs motiv\u00e9s avec nos guides p\u00e9dagogiques et livres scolaires.","og_url":"https:\/\/prest-math.org\/pt-br\/","og_site_name":"PREST","article_modified_time":"2024-03-27T13:55:12+00:00","og_image":[{"width":1200,"height":628,"url":"https:\/\/prest-math.org\/wp-content\/uploads\/2020\/03\/facebook_share.jpg","type":"image\/jpeg"}],"twitter_card":"summary_large_image","twitter_misc":{"Est. tempo de leitura":"1 minuto"},"schema":{"@context":"https:\/\/schema.org","@graph":[{"@type":"WebPage","@id":"https:\/\/prest-math.org\/pt-br\/","url":"https:\/\/prest-math.org\/pt-br\/","name":"Guides p\u00e9dagogiques, mat\u00e9riel pour apprentissage des \u00e9l\u00e8ves | PREST-Math","isPartOf":{"@id":"https:\/\/prest-math.org\/#website"},"datePublished":"2020-03-23T17:34:14+00:00","dateModified":"2024-03-27T13:55:12+00:00","description":"PREST-Math, ressources \u00e9ducatives pour milieux scolaires. Transformez votre classe en petit chercheurs motiv\u00e9s avec nos guides p\u00e9dagogiques et livres scolaires.","breadcrumb":{"@id":"https:\/\/prest-math.org\/pt-br\/#breadcrumb"},"inLanguage":"pt-BR","potentialAction":[{"@type":"ReadAction","target":["https:\/\/prest-math.org\/pt-br\/"]}]},{"@type":"BreadcrumbList","@id":"https:\/\/prest-math.org\/pt-br\/#breadcrumb","itemListElement":[{"@type":"ListItem","position":1,"name":"Accueil","item":"https:\/\/prest-math.org\/pt-br\/"},{"@type":"ListItem","position":2,"name":"Inicio"}]},{"@type":"WebSite","@id":"https:\/\/prest-math.org\/#website","url":"https:\/\/prest-math.org\/","name":"PREST","description":"","publisher":{"@id":"https:\/\/prest-math.org\/#organization"},"potentialAction":[{"@type":"SearchAction","target":{"@type":"EntryPoint","urlTemplate":"https:\/\/prest-math.org\/?s={search_term_string}"},"query-input":"required name=search_term_string"}],"inLanguage":"pt-BR"},{"@type":"Organization","@id":"https:\/\/prest-math.org\/#organization","name":"PREST","url":"https:\/\/prest-math.org\/","logo":{"@type":"ImageObject","inLanguage":"pt-BR","@id":"https:\/\/prest-math.org\/#\/schema\/logo\/image\/","url":"https:\/\/prest-math.org\/wp-content\/uploads\/2020\/03\/logo_prest-math.png","contentUrl":"https:\/\/prest-math.org\/wp-content\/uploads\/2020\/03\/logo_prest-math.png","width":580,"height":54,"caption":"PREST"},"image":{"@id":"https:\/\/prest-math.org\/#\/schema\/logo\/image\/"}}]}},"_links":{"self":[{"href":"https:\/\/prest-math.org\/pt-br\/wp-json\/wp\/v2\/pages\/1878"}],"collection":[{"href":"https:\/\/prest-math.org\/pt-br\/wp-json\/wp\/v2\/pages"}],"about":[{"href":"https:\/\/prest-math.org\/pt-br\/wp-json\/wp\/v2\/types\/page"}],"author":[{"embeddable":true,"href":"https:\/\/prest-math.org\/pt-br\/wp-json\/wp\/v2\/users\/1"}],"replies":[{"embeddable":true,"href":"https:\/\/prest-math.org\/pt-br\/wp-json\/wp\/v2\/comments?post=1878"}],"version-history":[{"count":5,"href":"https:\/\/prest-math.org\/pt-br\/wp-json\/wp\/v2\/pages\/1878\/revisions"}],"predecessor-version":[{"id":2100,"href":"https:\/\/prest-math.org\/pt-br\/wp-json\/wp\/v2\/pages\/1878\/revisions\/2100"}],"wp:attachment":[{"href":"https:\/\/prest-math.org\/pt-br\/wp-json\/wp\/v2\/media?parent=1878"}],"curies":[{"name":"wp","href":"https:\/\/api.w.org\/{rel}","templated":true}]}}