{"id":1882,"date":"2020-03-24T10:29:03","date_gmt":"2020-03-24T14:29:03","guid":{"rendered":"https:\/\/prest-math.org\/quienes-somos\/"},"modified":"2024-03-27T09:53:08","modified_gmt":"2024-03-27T13:53:08","slug":"quem-somos","status":"publish","type":"page","link":"https:\/\/prest-math.org\/pt-br\/quem-somos\/","title":{"rendered":"Quem somos"},"content":{"rendered":"<h1>PREST-Math <strong>\u00e9 uma grande aventura para vivenciar com todos os seus alunos<\/strong><\/h1>\n<p>PREST \u00e9 uma nova organiza\u00e7\u00e3o sem fins lucrativos que oferece recursos educacionais a todas as comunidades educacionais. A equipe \u00e9 formada por professores e conselheiros pedag\u00f3gicos que decidiram unir for\u00e7as para desenvolver materiais did\u00e1ticos, inovadores e acess\u00edveis.<\/p>\n<p>Al\u00e9m de todos os recursos oferecidos, o PREST-Math facilita a comunica\u00e7\u00e3o entre professores por meio de seus grupos no Facebook. Isso nos permite trocar e compartilhar planejamento comum.<\/p>\n<p>&nbsp;<\/p>\n<p><strong>Nossa miss\u00e3o<\/strong><\/p>\n<p>Promover um centro de expertise e desenvolvimento pedag\u00f3gico destinado ao ensino e promo\u00e7\u00e3o da matem\u00e1tica, ci\u00eancias e tecnologia.<\/p>\n<p><strong>Nossos objetivos<\/strong><\/p>\n<ul>\n<li>Formar alunos que sejam abertos, cr\u00edticos, articulados, criativos e competentes em matem\u00e1tica, ci\u00eancias e tecnologia.<\/li>\n<li>Desenvolver novas pr\u00e1ticas de ensino que promovam um ensino eficaz da matem\u00e1tica nas escolas prim\u00e1rias.<\/li>\n<li>Desenvolver novas pr\u00e1ticas pedag\u00f3gicas que promovam a educa\u00e7\u00e3o cient\u00edfica, desde o ensino fundamental ao ensino m\u00e9dio.<\/li>\n<li>Promover carreiras cient\u00edficas e tecnol\u00f3gicas.<\/li>\n<li>Promover o sucesso escolar e a perseveran\u00e7a dos alunos.<\/li>\n<\/ul>\n<p><strong>Membros do Conselho Administrativo<\/strong><\/p>\n<p><strong>FABIEN GIGU\u00c8RE<\/strong><br \/>\nPresidente<br \/>\nDiretor geral adjunto <br \/>\nCentro de servi\u00e7os escolares de Beauce-Etchemin (Quebec)<\/p>\n<p><strong>ISABELLE GILBERT<\/strong><br \/>\nVice-presidente e secret\u00e1ria-tesoureira<br \/>\nDiretora geral adjunta <br \/>\nCentro de servi\u00e7os escolares de Beauce-Etchemin (Quebec)<\/p>\n<p><strong>IZABELLA OLIVEIRA<\/strong><br \/>\nAdministradora<br \/>\nProfessora<br \/>\nFaculdade de ci\u00eancias da educa\u00e7\u00e3o, Universidade Laval Quebec<\/p>\n<p><strong>THOMAS RAJOTTE<\/strong><br \/>\nAdministrador<br \/>\nProfessor<br \/>\nFaculdade de ci\u00eancias da educa\u00e7\u00e3o, UQAR (L\u00e9vis)<\/p>\n<p><strong>LINDA ST-PIERRE<\/strong><br \/>\nAdministradora<br \/>\nPresidente e diretora geral <br \/>\nCentro de transfer\u00eancia pelo sucesso educativo do Quebec (CTREQ)<\/p>\n<p><strong>MARIE-NO\u00cbLLE GOULET<\/strong><br \/>\nAdministradora<br \/>\nDiretora de comunica\u00e7\u00f5es <br \/>\nGrupo Canam inc.<\/p>\n<p><strong>LYSIANE VAN DER\u00a0 KNAAP<\/strong><br \/>\nAdministradora<br \/>\nDiretora geral<br \/>\nEduca\u00e7\u00e3o internacional<\/p>\n<p><strong>JOVETTE DESCH\u00caNES<\/strong><br \/>\nAdministradora<br \/>\nConselheira pedag\u00f3gica<br \/>\nCentro de servi\u00e7os escolares des Premi\u00e8res-Seigneuries<\/p>\n<h5>\u00a0<\/h5>\n","protected":false},"excerpt":{"rendered":"<p>PREST-Math \u00e9 uma grande aventura para vivenciar com todos os seus alunos PREST \u00e9 uma nova organiza\u00e7\u00e3o sem fins lucrativos que oferece recursos educacionais a todas as comunidades educacionais. A equipe \u00e9 formada por professores e conselheiros pedag\u00f3gicos que decidiram unir for\u00e7as para desenvolver materiais did\u00e1ticos, inovadores e acess\u00edveis. Al\u00e9m de todos os recursos oferecidos, [&hellip;]<\/p>\n","protected":false},"author":1,"featured_media":1845,"parent":0,"menu_order":2,"comment_status":"closed","ping_status":"closed","template":"page.php","meta":{"_acf_changed":false,"footnotes":""},"acf":[],"yoast_head":"<!-- This site is optimized with the Yoast SEO plugin v22.5 - https:\/\/yoast.com\/wordpress\/plugins\/seo\/ -->\n<title>PREST-Math, recursos educacionais e guias de ensino para professores<\/title>\n<meta name=\"description\" content=\"PREST-Math, expertise et d\u00e9veloppement p\u00e9dagogique destin\u00e9 \u00e0 l&#039;enseignement et \u00e0 la promotion des math\u00e9matiques, de la science et de la technologie.\" \/>\n<meta name=\"robots\" content=\"index, follow, max-snippet:-1, max-image-preview:large, max-video-preview:-1\" \/>\n<link rel=\"canonical\" href=\"https:\/\/prest-math.org\/pt-br\/quem-somos\/\" \/>\n<meta property=\"og:locale\" content=\"pt_BR\" \/>\n<meta property=\"og:type\" content=\"article\" \/>\n<meta property=\"og:title\" content=\"PREST-Math, recursos educacionais e guias de ensino para professores\" \/>\n<meta property=\"og:description\" content=\"PREST-Math, expertise et d\u00e9veloppement p\u00e9dagogique destin\u00e9 \u00e0 l&#039;enseignement et \u00e0 la promotion des math\u00e9matiques, de la science et de la technologie.\" \/>\n<meta property=\"og:url\" content=\"https:\/\/prest-math.org\/pt-br\/quem-somos\/\" \/>\n<meta property=\"og:site_name\" content=\"PREST\" \/>\n<meta property=\"article:modified_time\" content=\"2024-03-27T13:53:08+00:00\" \/>\n<meta property=\"og:image\" content=\"https:\/\/prest-math.org\/wp-content\/uploads\/2020\/03\/prest-math-a-propos.jpg\" \/>\n\t<meta property=\"og:image:width\" content=\"1637\" \/>\n\t<meta property=\"og:image:height\" content=\"434\" \/>\n\t<meta property=\"og:image:type\" content=\"image\/jpeg\" \/>\n<meta name=\"twitter:card\" content=\"summary_large_image\" \/>\n<meta name=\"twitter:label1\" content=\"Est. tempo de leitura\" \/>\n\t<meta name=\"twitter:data1\" content=\"2 minutos\" \/>\n<script type=\"application\/ld+json\" class=\"yoast-schema-graph\">{\"@context\":\"https:\/\/schema.org\",\"@graph\":[{\"@type\":\"WebPage\",\"@id\":\"https:\/\/prest-math.org\/pt-br\/quem-somos\/\",\"url\":\"https:\/\/prest-math.org\/pt-br\/quem-somos\/\",\"name\":\"PREST-Math, recursos educacionais e guias de ensino para professores\",\"isPartOf\":{\"@id\":\"https:\/\/prest-math.org\/#website\"},\"primaryImageOfPage\":{\"@id\":\"https:\/\/prest-math.org\/pt-br\/quem-somos\/#primaryimage\"},\"image\":{\"@id\":\"https:\/\/prest-math.org\/pt-br\/quem-somos\/#primaryimage\"},\"thumbnailUrl\":\"https:\/\/prest-math.org\/wp-content\/uploads\/2020\/03\/prest-math-a-propos.jpg\",\"datePublished\":\"2020-03-24T14:29:03+00:00\",\"dateModified\":\"2024-03-27T13:53:08+00:00\",\"description\":\"PREST-Math, expertise et d\u00e9veloppement p\u00e9dagogique destin\u00e9 \u00e0 l'enseignement et \u00e0 la promotion des math\u00e9matiques, de la science et de la technologie.\",\"breadcrumb\":{\"@id\":\"https:\/\/prest-math.org\/pt-br\/quem-somos\/#breadcrumb\"},\"inLanguage\":\"pt-BR\",\"potentialAction\":[{\"@type\":\"ReadAction\",\"target\":[\"https:\/\/prest-math.org\/pt-br\/quem-somos\/\"]}]},{\"@type\":\"ImageObject\",\"inLanguage\":\"pt-BR\",\"@id\":\"https:\/\/prest-math.org\/pt-br\/quem-somos\/#primaryimage\",\"url\":\"https:\/\/prest-math.org\/wp-content\/uploads\/2020\/03\/prest-math-a-propos.jpg\",\"contentUrl\":\"https:\/\/prest-math.org\/wp-content\/uploads\/2020\/03\/prest-math-a-propos.jpg\",\"width\":1637,\"height\":434},{\"@type\":\"BreadcrumbList\",\"@id\":\"https:\/\/prest-math.org\/pt-br\/quem-somos\/#breadcrumb\",\"itemListElement\":[{\"@type\":\"ListItem\",\"position\":1,\"name\":\"Accueil\",\"item\":\"https:\/\/prest-math.org\/pt-br\/\"},{\"@type\":\"ListItem\",\"position\":2,\"name\":\"Quem somos\"}]},{\"@type\":\"WebSite\",\"@id\":\"https:\/\/prest-math.org\/#website\",\"url\":\"https:\/\/prest-math.org\/\",\"name\":\"PREST\",\"description\":\"\",\"publisher\":{\"@id\":\"https:\/\/prest-math.org\/#organization\"},\"potentialAction\":[{\"@type\":\"SearchAction\",\"target\":{\"@type\":\"EntryPoint\",\"urlTemplate\":\"https:\/\/prest-math.org\/?s={search_term_string}\"},\"query-input\":\"required name=search_term_string\"}],\"inLanguage\":\"pt-BR\"},{\"@type\":\"Organization\",\"@id\":\"https:\/\/prest-math.org\/#organization\",\"name\":\"PREST\",\"url\":\"https:\/\/prest-math.org\/\",\"logo\":{\"@type\":\"ImageObject\",\"inLanguage\":\"pt-BR\",\"@id\":\"https:\/\/prest-math.org\/#\/schema\/logo\/image\/\",\"url\":\"https:\/\/prest-math.org\/wp-content\/uploads\/2020\/03\/logo_prest-math.png\",\"contentUrl\":\"https:\/\/prest-math.org\/wp-content\/uploads\/2020\/03\/logo_prest-math.png\",\"width\":580,\"height\":54,\"caption\":\"PREST\"},\"image\":{\"@id\":\"https:\/\/prest-math.org\/#\/schema\/logo\/image\/\"}}]}<\/script>\n<!-- \/ Yoast SEO plugin. -->","yoast_head_json":{"title":"PREST-Math, recursos educacionais e guias de ensino para professores","description":"PREST-Math, expertise et d\u00e9veloppement p\u00e9dagogique destin\u00e9 \u00e0 l'enseignement et \u00e0 la promotion des math\u00e9matiques, de la science et de la technologie.","robots":{"index":"index","follow":"follow","max-snippet":"max-snippet:-1","max-image-preview":"max-image-preview:large","max-video-preview":"max-video-preview:-1"},"canonical":"https:\/\/prest-math.org\/pt-br\/quem-somos\/","og_locale":"pt_BR","og_type":"article","og_title":"PREST-Math, recursos educacionais e guias de ensino para professores","og_description":"PREST-Math, expertise et d\u00e9veloppement p\u00e9dagogique destin\u00e9 \u00e0 l'enseignement et \u00e0 la promotion des math\u00e9matiques, de la science et de la technologie.","og_url":"https:\/\/prest-math.org\/pt-br\/quem-somos\/","og_site_name":"PREST","article_modified_time":"2024-03-27T13:53:08+00:00","og_image":[{"width":1637,"height":434,"url":"https:\/\/prest-math.org\/wp-content\/uploads\/2020\/03\/prest-math-a-propos.jpg","type":"image\/jpeg"}],"twitter_card":"summary_large_image","twitter_misc":{"Est. tempo de leitura":"2 minutos"},"schema":{"@context":"https:\/\/schema.org","@graph":[{"@type":"WebPage","@id":"https:\/\/prest-math.org\/pt-br\/quem-somos\/","url":"https:\/\/prest-math.org\/pt-br\/quem-somos\/","name":"PREST-Math, recursos educacionais e guias de ensino para professores","isPartOf":{"@id":"https:\/\/prest-math.org\/#website"},"primaryImageOfPage":{"@id":"https:\/\/prest-math.org\/pt-br\/quem-somos\/#primaryimage"},"image":{"@id":"https:\/\/prest-math.org\/pt-br\/quem-somos\/#primaryimage"},"thumbnailUrl":"https:\/\/prest-math.org\/wp-content\/uploads\/2020\/03\/prest-math-a-propos.jpg","datePublished":"2020-03-24T14:29:03+00:00","dateModified":"2024-03-27T13:53:08+00:00","description":"PREST-Math, expertise et d\u00e9veloppement p\u00e9dagogique destin\u00e9 \u00e0 l'enseignement et \u00e0 la promotion des math\u00e9matiques, de la science et de la technologie.","breadcrumb":{"@id":"https:\/\/prest-math.org\/pt-br\/quem-somos\/#breadcrumb"},"inLanguage":"pt-BR","potentialAction":[{"@type":"ReadAction","target":["https:\/\/prest-math.org\/pt-br\/quem-somos\/"]}]},{"@type":"ImageObject","inLanguage":"pt-BR","@id":"https:\/\/prest-math.org\/pt-br\/quem-somos\/#primaryimage","url":"https:\/\/prest-math.org\/wp-content\/uploads\/2020\/03\/prest-math-a-propos.jpg","contentUrl":"https:\/\/prest-math.org\/wp-content\/uploads\/2020\/03\/prest-math-a-propos.jpg","width":1637,"height":434},{"@type":"BreadcrumbList","@id":"https:\/\/prest-math.org\/pt-br\/quem-somos\/#breadcrumb","itemListElement":[{"@type":"ListItem","position":1,"name":"Accueil","item":"https:\/\/prest-math.org\/pt-br\/"},{"@type":"ListItem","position":2,"name":"Quem somos"}]},{"@type":"WebSite","@id":"https:\/\/prest-math.org\/#website","url":"https:\/\/prest-math.org\/","name":"PREST","description":"","publisher":{"@id":"https:\/\/prest-math.org\/#organization"},"potentialAction":[{"@type":"SearchAction","target":{"@type":"EntryPoint","urlTemplate":"https:\/\/prest-math.org\/?s={search_term_string}"},"query-input":"required name=search_term_string"}],"inLanguage":"pt-BR"},{"@type":"Organization","@id":"https:\/\/prest-math.org\/#organization","name":"PREST","url":"https:\/\/prest-math.org\/","logo":{"@type":"ImageObject","inLanguage":"pt-BR","@id":"https:\/\/prest-math.org\/#\/schema\/logo\/image\/","url":"https:\/\/prest-math.org\/wp-content\/uploads\/2020\/03\/logo_prest-math.png","contentUrl":"https:\/\/prest-math.org\/wp-content\/uploads\/2020\/03\/logo_prest-math.png","width":580,"height":54,"caption":"PREST"},"image":{"@id":"https:\/\/prest-math.org\/#\/schema\/logo\/image\/"}}]}},"_links":{"self":[{"href":"https:\/\/prest-math.org\/pt-br\/wp-json\/wp\/v2\/pages\/1882"}],"collection":[{"href":"https:\/\/prest-math.org\/pt-br\/wp-json\/wp\/v2\/pages"}],"about":[{"href":"https:\/\/prest-math.org\/pt-br\/wp-json\/wp\/v2\/types\/page"}],"author":[{"embeddable":true,"href":"https:\/\/prest-math.org\/pt-br\/wp-json\/wp\/v2\/users\/1"}],"replies":[{"embeddable":true,"href":"https:\/\/prest-math.org\/pt-br\/wp-json\/wp\/v2\/comments?post=1882"}],"version-history":[{"count":5,"href":"https:\/\/prest-math.org\/pt-br\/wp-json\/wp\/v2\/pages\/1882\/revisions"}],"predecessor-version":[{"id":2098,"href":"https:\/\/prest-math.org\/pt-br\/wp-json\/wp\/v2\/pages\/1882\/revisions\/2098"}],"wp:featuredmedia":[{"embeddable":true,"href":"https:\/\/prest-math.org\/pt-br\/wp-json\/wp\/v2\/media\/1845"}],"wp:attachment":[{"href":"https:\/\/prest-math.org\/pt-br\/wp-json\/wp\/v2\/media?parent=1882"}],"curies":[{"name":"wp","href":"https:\/\/api.w.org\/{rel}","templated":true}]}}