{"id":1885,"date":"2024-03-22T13:38:22","date_gmt":"2024-03-22T17:38:22","guid":{"rendered":"https:\/\/prest-math.org\/?page_id=1885"},"modified":"2024-03-27T09:56:56","modified_gmt":"2024-03-27T13:56:56","slug":"4-anos-e-5-anos","status":"publish","type":"page","link":"https:\/\/prest-math.org\/pt-br\/4-anos-e-5-anos\/","title":{"rendered":"4 anos e 5 anos"},"content":{"rendered":"<h1><span style=\"color: #ed1b35;\">A sensibiliza\u00e7\u00e3o matem\u00e1tica no pr\u00e9-escolar<\/span><\/h1>\n<p>Curioso para saber mais sobre nossas caixas PREST Pr\u00e9sco? Assista o v\u00eddeo!<\/p>\n<p>As nossas caixas pr\u00e9-escolares consistem em centenas de atividades distribu\u00eddas por diversas s\u00e9ries que facilitam a sensibiliza\u00e7\u00e3o e o interesse pela matem\u00e1tica \u00e0s crian\u00e7as dos 4 e 5 anos.<\/p>\n<p>Todas as crian\u00e7as adquirem um sentido de compet\u00eancia atrav\u00e9s destas atividades.<\/p>\n<p>Al\u00e9m de materiais para facilitar o aprendizado, voc\u00ea conta com um guia educativo e v\u00eddeos com aulas de uso das caixas PREST Pr\u00e9sco com as crian\u00e7as da sua sala de aula. Est\u00e3o, portanto, inclu\u00eddos o material de manipula\u00e7\u00e3o, as folhas de suporte plastificadas, fichas descritivas de cada atividade e o guia.<\/p>\n<p>Sentadas, deitadas, em p\u00e9&#8230; as crian\u00e7as aprendem matem\u00e1tica enquanto se divertem, enquanto desenvolvem a motricidade fina e grossa!<\/p>\n<p>No momento, s\u00f3 \u00e9 poss\u00edvel obter este recurso educacional no Canad\u00e1 atrav\u00e9s do nosso parceiro Spectrum. Formul\u00e1rio de pedido na se\u00e7\u00e3o Pedido.<\/p>\n","protected":false},"excerpt":{"rendered":"<p>A sensibiliza\u00e7\u00e3o matem\u00e1tica no pr\u00e9-escolar Curioso para saber mais sobre nossas caixas PREST Pr\u00e9sco? Assista o v\u00eddeo! As nossas caixas pr\u00e9-escolares consistem em centenas de atividades distribu\u00eddas por diversas s\u00e9ries que facilitam a sensibiliza\u00e7\u00e3o e o interesse pela matem\u00e1tica \u00e0s crian\u00e7as dos 4 e 5 anos. Todas as crian\u00e7as adquirem um sentido de compet\u00eancia atrav\u00e9s [&hellip;]<\/p>\n","protected":false},"author":1,"featured_media":1845,"parent":0,"menu_order":10,"comment_status":"closed","ping_status":"closed","template":"page-collections-bacs.php","meta":{"_acf_changed":false,"footnotes":""},"acf":[],"yoast_head":"<!-- This site is optimized with the Yoast SEO plugin v22.5 - https:\/\/yoast.com\/wordpress\/plugins\/seo\/ -->\n<title>Collection pr\u00e9scolaire, guides p\u00e9dagogiques et livres scolaires PREST-Math<\/title>\n<meta name=\"description\" content=\"Guides d&#039;apprentissages pr\u00e9scolaires pour enseignants con\u00e7us pour d\u00e9velopper l&#039;autonomie et la comp\u00e9tence chez les \u00e9l\u00e8ves. PREST-Math, ressources \u00e9ducatives.\" \/>\n<meta name=\"robots\" content=\"index, follow, max-snippet:-1, max-image-preview:large, max-video-preview:-1\" \/>\n<link rel=\"canonical\" href=\"https:\/\/prest-math.org\/pt-br\/4-anos-e-5-anos\/\" \/>\n<meta property=\"og:locale\" content=\"pt_BR\" \/>\n<meta property=\"og:type\" content=\"article\" \/>\n<meta property=\"og:title\" content=\"Collection pr\u00e9scolaire, guides p\u00e9dagogiques et livres scolaires PREST-Math\" \/>\n<meta property=\"og:description\" content=\"Guides d&#039;apprentissages pr\u00e9scolaires pour enseignants con\u00e7us pour d\u00e9velopper l&#039;autonomie et la comp\u00e9tence chez les \u00e9l\u00e8ves. PREST-Math, ressources \u00e9ducatives.\" \/>\n<meta property=\"og:url\" content=\"https:\/\/prest-math.org\/pt-br\/4-anos-e-5-anos\/\" \/>\n<meta property=\"og:site_name\" content=\"PREST\" \/>\n<meta property=\"article:modified_time\" content=\"2024-03-27T13:56:56+00:00\" \/>\n<meta property=\"og:image\" content=\"https:\/\/prest-math.org\/wp-content\/uploads\/2020\/03\/prest-math-a-propos.jpg\" \/>\n\t<meta property=\"og:image:width\" content=\"1637\" \/>\n\t<meta property=\"og:image:height\" content=\"434\" \/>\n\t<meta property=\"og:image:type\" content=\"image\/jpeg\" \/>\n<meta name=\"twitter:card\" content=\"summary_large_image\" \/>\n<meta name=\"twitter:label1\" content=\"Est. tempo de leitura\" \/>\n\t<meta name=\"twitter:data1\" content=\"1 minuto\" \/>\n<script type=\"application\/ld+json\" class=\"yoast-schema-graph\">{\"@context\":\"https:\/\/schema.org\",\"@graph\":[{\"@type\":\"WebPage\",\"@id\":\"https:\/\/prest-math.org\/pt-br\/4-anos-e-5-anos\/\",\"url\":\"https:\/\/prest-math.org\/pt-br\/4-anos-e-5-anos\/\",\"name\":\"Collection pr\u00e9scolaire, guides p\u00e9dagogiques et livres scolaires PREST-Math\",\"isPartOf\":{\"@id\":\"https:\/\/prest-math.org\/#website\"},\"primaryImageOfPage\":{\"@id\":\"https:\/\/prest-math.org\/pt-br\/4-anos-e-5-anos\/#primaryimage\"},\"image\":{\"@id\":\"https:\/\/prest-math.org\/pt-br\/4-anos-e-5-anos\/#primaryimage\"},\"thumbnailUrl\":\"https:\/\/prest-math.org\/wp-content\/uploads\/2020\/03\/prest-math-a-propos.jpg\",\"datePublished\":\"2024-03-22T17:38:22+00:00\",\"dateModified\":\"2024-03-27T13:56:56+00:00\",\"description\":\"Guides d'apprentissages pr\u00e9scolaires pour enseignants con\u00e7us pour d\u00e9velopper l'autonomie et la comp\u00e9tence chez les \u00e9l\u00e8ves. PREST-Math, ressources \u00e9ducatives.\",\"breadcrumb\":{\"@id\":\"https:\/\/prest-math.org\/pt-br\/4-anos-e-5-anos\/#breadcrumb\"},\"inLanguage\":\"pt-BR\",\"potentialAction\":[{\"@type\":\"ReadAction\",\"target\":[\"https:\/\/prest-math.org\/pt-br\/4-anos-e-5-anos\/\"]}]},{\"@type\":\"ImageObject\",\"inLanguage\":\"pt-BR\",\"@id\":\"https:\/\/prest-math.org\/pt-br\/4-anos-e-5-anos\/#primaryimage\",\"url\":\"https:\/\/prest-math.org\/wp-content\/uploads\/2020\/03\/prest-math-a-propos.jpg\",\"contentUrl\":\"https:\/\/prest-math.org\/wp-content\/uploads\/2020\/03\/prest-math-a-propos.jpg\",\"width\":1637,\"height\":434},{\"@type\":\"BreadcrumbList\",\"@id\":\"https:\/\/prest-math.org\/pt-br\/4-anos-e-5-anos\/#breadcrumb\",\"itemListElement\":[{\"@type\":\"ListItem\",\"position\":1,\"name\":\"Accueil\",\"item\":\"https:\/\/prest-math.org\/pt-br\/\"},{\"@type\":\"ListItem\",\"position\":2,\"name\":\"4 anos e 5 anos\"}]},{\"@type\":\"WebSite\",\"@id\":\"https:\/\/prest-math.org\/#website\",\"url\":\"https:\/\/prest-math.org\/\",\"name\":\"PREST\",\"description\":\"\",\"publisher\":{\"@id\":\"https:\/\/prest-math.org\/#organization\"},\"potentialAction\":[{\"@type\":\"SearchAction\",\"target\":{\"@type\":\"EntryPoint\",\"urlTemplate\":\"https:\/\/prest-math.org\/?s={search_term_string}\"},\"query-input\":\"required name=search_term_string\"}],\"inLanguage\":\"pt-BR\"},{\"@type\":\"Organization\",\"@id\":\"https:\/\/prest-math.org\/#organization\",\"name\":\"PREST\",\"url\":\"https:\/\/prest-math.org\/\",\"logo\":{\"@type\":\"ImageObject\",\"inLanguage\":\"pt-BR\",\"@id\":\"https:\/\/prest-math.org\/#\/schema\/logo\/image\/\",\"url\":\"https:\/\/prest-math.org\/wp-content\/uploads\/2020\/03\/logo_prest-math.png\",\"contentUrl\":\"https:\/\/prest-math.org\/wp-content\/uploads\/2020\/03\/logo_prest-math.png\",\"width\":580,\"height\":54,\"caption\":\"PREST\"},\"image\":{\"@id\":\"https:\/\/prest-math.org\/#\/schema\/logo\/image\/\"}}]}<\/script>\n<!-- \/ Yoast SEO plugin. -->","yoast_head_json":{"title":"Collection pr\u00e9scolaire, guides p\u00e9dagogiques et livres scolaires PREST-Math","description":"Guides d'apprentissages pr\u00e9scolaires pour enseignants con\u00e7us pour d\u00e9velopper l'autonomie et la comp\u00e9tence chez les \u00e9l\u00e8ves. PREST-Math, ressources \u00e9ducatives.","robots":{"index":"index","follow":"follow","max-snippet":"max-snippet:-1","max-image-preview":"max-image-preview:large","max-video-preview":"max-video-preview:-1"},"canonical":"https:\/\/prest-math.org\/pt-br\/4-anos-e-5-anos\/","og_locale":"pt_BR","og_type":"article","og_title":"Collection pr\u00e9scolaire, guides p\u00e9dagogiques et livres scolaires PREST-Math","og_description":"Guides d'apprentissages pr\u00e9scolaires pour enseignants con\u00e7us pour d\u00e9velopper l'autonomie et la comp\u00e9tence chez les \u00e9l\u00e8ves. PREST-Math, ressources \u00e9ducatives.","og_url":"https:\/\/prest-math.org\/pt-br\/4-anos-e-5-anos\/","og_site_name":"PREST","article_modified_time":"2024-03-27T13:56:56+00:00","og_image":[{"width":1637,"height":434,"url":"https:\/\/prest-math.org\/wp-content\/uploads\/2020\/03\/prest-math-a-propos.jpg","type":"image\/jpeg"}],"twitter_card":"summary_large_image","twitter_misc":{"Est. tempo de leitura":"1 minuto"},"schema":{"@context":"https:\/\/schema.org","@graph":[{"@type":"WebPage","@id":"https:\/\/prest-math.org\/pt-br\/4-anos-e-5-anos\/","url":"https:\/\/prest-math.org\/pt-br\/4-anos-e-5-anos\/","name":"Collection pr\u00e9scolaire, guides p\u00e9dagogiques et livres scolaires PREST-Math","isPartOf":{"@id":"https:\/\/prest-math.org\/#website"},"primaryImageOfPage":{"@id":"https:\/\/prest-math.org\/pt-br\/4-anos-e-5-anos\/#primaryimage"},"image":{"@id":"https:\/\/prest-math.org\/pt-br\/4-anos-e-5-anos\/#primaryimage"},"thumbnailUrl":"https:\/\/prest-math.org\/wp-content\/uploads\/2020\/03\/prest-math-a-propos.jpg","datePublished":"2024-03-22T17:38:22+00:00","dateModified":"2024-03-27T13:56:56+00:00","description":"Guides d'apprentissages pr\u00e9scolaires pour enseignants con\u00e7us pour d\u00e9velopper l'autonomie et la comp\u00e9tence chez les \u00e9l\u00e8ves. PREST-Math, ressources \u00e9ducatives.","breadcrumb":{"@id":"https:\/\/prest-math.org\/pt-br\/4-anos-e-5-anos\/#breadcrumb"},"inLanguage":"pt-BR","potentialAction":[{"@type":"ReadAction","target":["https:\/\/prest-math.org\/pt-br\/4-anos-e-5-anos\/"]}]},{"@type":"ImageObject","inLanguage":"pt-BR","@id":"https:\/\/prest-math.org\/pt-br\/4-anos-e-5-anos\/#primaryimage","url":"https:\/\/prest-math.org\/wp-content\/uploads\/2020\/03\/prest-math-a-propos.jpg","contentUrl":"https:\/\/prest-math.org\/wp-content\/uploads\/2020\/03\/prest-math-a-propos.jpg","width":1637,"height":434},{"@type":"BreadcrumbList","@id":"https:\/\/prest-math.org\/pt-br\/4-anos-e-5-anos\/#breadcrumb","itemListElement":[{"@type":"ListItem","position":1,"name":"Accueil","item":"https:\/\/prest-math.org\/pt-br\/"},{"@type":"ListItem","position":2,"name":"4 anos e 5 anos"}]},{"@type":"WebSite","@id":"https:\/\/prest-math.org\/#website","url":"https:\/\/prest-math.org\/","name":"PREST","description":"","publisher":{"@id":"https:\/\/prest-math.org\/#organization"},"potentialAction":[{"@type":"SearchAction","target":{"@type":"EntryPoint","urlTemplate":"https:\/\/prest-math.org\/?s={search_term_string}"},"query-input":"required name=search_term_string"}],"inLanguage":"pt-BR"},{"@type":"Organization","@id":"https:\/\/prest-math.org\/#organization","name":"PREST","url":"https:\/\/prest-math.org\/","logo":{"@type":"ImageObject","inLanguage":"pt-BR","@id":"https:\/\/prest-math.org\/#\/schema\/logo\/image\/","url":"https:\/\/prest-math.org\/wp-content\/uploads\/2020\/03\/logo_prest-math.png","contentUrl":"https:\/\/prest-math.org\/wp-content\/uploads\/2020\/03\/logo_prest-math.png","width":580,"height":54,"caption":"PREST"},"image":{"@id":"https:\/\/prest-math.org\/#\/schema\/logo\/image\/"}}]}},"_links":{"self":[{"href":"https:\/\/prest-math.org\/pt-br\/wp-json\/wp\/v2\/pages\/1885"}],"collection":[{"href":"https:\/\/prest-math.org\/pt-br\/wp-json\/wp\/v2\/pages"}],"about":[{"href":"https:\/\/prest-math.org\/pt-br\/wp-json\/wp\/v2\/types\/page"}],"author":[{"embeddable":true,"href":"https:\/\/prest-math.org\/pt-br\/wp-json\/wp\/v2\/users\/1"}],"replies":[{"embeddable":true,"href":"https:\/\/prest-math.org\/pt-br\/wp-json\/wp\/v2\/comments?post=1885"}],"version-history":[{"count":5,"href":"https:\/\/prest-math.org\/pt-br\/wp-json\/wp\/v2\/pages\/1885\/revisions"}],"predecessor-version":[{"id":2101,"href":"https:\/\/prest-math.org\/pt-br\/wp-json\/wp\/v2\/pages\/1885\/revisions\/2101"}],"wp:featuredmedia":[{"embeddable":true,"href":"https:\/\/prest-math.org\/pt-br\/wp-json\/wp\/v2\/media\/1845"}],"wp:attachment":[{"href":"https:\/\/prest-math.org\/pt-br\/wp-json\/wp\/v2\/media?parent=1885"}],"curies":[{"name":"wp","href":"https:\/\/api.w.org\/{rel}","templated":true}]}}