{"id":1907,"date":"2020-03-25T11:26:44","date_gmt":"2020-03-25T15:26:44","guid":{"rendered":"https:\/\/prest-math.org\/cyclo-1\/"},"modified":"2024-03-28T13:11:15","modified_gmt":"2024-03-28T17:11:15","slug":"1o-e-2o-ano","status":"publish","type":"page","link":"https:\/\/prest-math.org\/pt-br\/1o-e-2o-ano\/","title":{"rendered":"1\u00ba e 2\u00ba ano"},"content":{"rendered":"","protected":false},"excerpt":{"rendered":"","protected":false},"author":1,"featured_media":0,"parent":0,"menu_order":11,"comment_status":"closed","ping_status":"closed","template":"","meta":{"_acf_changed":false,"footnotes":""},"acf":[],"yoast_head":"<!-- This site is optimized with the Yoast SEO plugin v22.5 - https:\/\/yoast.com\/wordpress\/plugins\/seo\/ -->\n<title>Livres scolaires, guides p\u00e9dagogiques - 1er cycle, collection 1\u00e8re ann\u00e9e<\/title>\n<meta name=\"description\" content=\"Guides p\u00e9dagogiques PREST-Math Collection 1\u00e8re ann\u00e9e, ressources scolaires pour enseignants ciblant les apprentissages et \u00e9valuations des \u00e9l\u00e8ves du 1er cycle.\" \/>\n<meta name=\"robots\" content=\"noindex, nofollow\" \/>\n<meta property=\"og:locale\" content=\"pt_BR\" \/>\n<meta property=\"og:type\" content=\"article\" \/>\n<meta property=\"og:title\" content=\"Livres scolaires, guides p\u00e9dagogiques - 1er cycle, collection 1\u00e8re ann\u00e9e\" \/>\n<meta property=\"og:description\" content=\"Guides p\u00e9dagogiques PREST-Math Collection 1\u00e8re ann\u00e9e, ressources scolaires pour enseignants ciblant les apprentissages et \u00e9valuations des \u00e9l\u00e8ves du 1er cycle.\" \/>\n<meta property=\"og:url\" content=\"https:\/\/prest-math.org\/pt-br\/1o-e-2o-ano\/\" \/>\n<meta property=\"og:site_name\" content=\"PREST\" \/>\n<meta property=\"article:modified_time\" content=\"2024-03-28T17:11:15+00:00\" \/>\n<meta property=\"og:image\" content=\"https:\/\/prest-math.org\/wp-content\/uploads\/2020\/03\/facebook_share.jpg\" \/>\n\t<meta property=\"og:image:width\" content=\"1200\" \/>\n\t<meta property=\"og:image:height\" content=\"628\" \/>\n\t<meta property=\"og:image:type\" content=\"image\/jpeg\" \/>\n<meta name=\"twitter:card\" content=\"summary_large_image\" \/>\n<script type=\"application\/ld+json\" class=\"yoast-schema-graph\">{\"@context\":\"https:\/\/schema.org\",\"@graph\":[{\"@type\":\"WebPage\",\"@id\":\"https:\/\/prest-math.org\/pt-br\/1o-e-2o-ano\/\",\"url\":\"https:\/\/prest-math.org\/pt-br\/1o-e-2o-ano\/\",\"name\":\"Livres scolaires, guides p\u00e9dagogiques - 1er cycle, collection 1\u00e8re ann\u00e9e\",\"isPartOf\":{\"@id\":\"https:\/\/prest-math.org\/#website\"},\"datePublished\":\"2020-03-25T15:26:44+00:00\",\"dateModified\":\"2024-03-28T17:11:15+00:00\",\"description\":\"Guides p\u00e9dagogiques PREST-Math Collection 1\u00e8re ann\u00e9e, ressources scolaires pour enseignants ciblant les apprentissages et \u00e9valuations des \u00e9l\u00e8ves du 1er cycle.\",\"breadcrumb\":{\"@id\":\"https:\/\/prest-math.org\/pt-br\/1o-e-2o-ano\/#breadcrumb\"},\"inLanguage\":\"pt-BR\",\"potentialAction\":[{\"@type\":\"ReadAction\",\"target\":[\"https:\/\/prest-math.org\/pt-br\/1o-e-2o-ano\/\"]}]},{\"@type\":\"BreadcrumbList\",\"@id\":\"https:\/\/prest-math.org\/pt-br\/1o-e-2o-ano\/#breadcrumb\",\"itemListElement\":[{\"@type\":\"ListItem\",\"position\":1,\"name\":\"Accueil\",\"item\":\"https:\/\/prest-math.org\/pt-br\/\"},{\"@type\":\"ListItem\",\"position\":2,\"name\":\"1\u00ba e 2\u00ba ano\"}]},{\"@type\":\"WebSite\",\"@id\":\"https:\/\/prest-math.org\/#website\",\"url\":\"https:\/\/prest-math.org\/\",\"name\":\"PREST\",\"description\":\"\",\"publisher\":{\"@id\":\"https:\/\/prest-math.org\/#organization\"},\"potentialAction\":[{\"@type\":\"SearchAction\",\"target\":{\"@type\":\"EntryPoint\",\"urlTemplate\":\"https:\/\/prest-math.org\/?s={search_term_string}\"},\"query-input\":\"required name=search_term_string\"}],\"inLanguage\":\"pt-BR\"},{\"@type\":\"Organization\",\"@id\":\"https:\/\/prest-math.org\/#organization\",\"name\":\"PREST\",\"url\":\"https:\/\/prest-math.org\/\",\"logo\":{\"@type\":\"ImageObject\",\"inLanguage\":\"pt-BR\",\"@id\":\"https:\/\/prest-math.org\/#\/schema\/logo\/image\/\",\"url\":\"https:\/\/prest-math.org\/wp-content\/uploads\/2020\/03\/logo_prest-math.png\",\"contentUrl\":\"https:\/\/prest-math.org\/wp-content\/uploads\/2020\/03\/logo_prest-math.png\",\"width\":580,\"height\":54,\"caption\":\"PREST\"},\"image\":{\"@id\":\"https:\/\/prest-math.org\/#\/schema\/logo\/image\/\"}}]}<\/script>\n<!-- \/ Yoast SEO plugin. -->","yoast_head_json":{"title":"Livres scolaires, guides p\u00e9dagogiques - 1er cycle, collection 1\u00e8re ann\u00e9e","description":"Guides p\u00e9dagogiques PREST-Math Collection 1\u00e8re ann\u00e9e, ressources scolaires pour enseignants ciblant les apprentissages et \u00e9valuations des \u00e9l\u00e8ves du 1er cycle.","robots":{"index":"noindex","follow":"nofollow"},"og_locale":"pt_BR","og_type":"article","og_title":"Livres scolaires, guides p\u00e9dagogiques - 1er cycle, collection 1\u00e8re ann\u00e9e","og_description":"Guides p\u00e9dagogiques PREST-Math Collection 1\u00e8re ann\u00e9e, ressources scolaires pour enseignants ciblant les apprentissages et \u00e9valuations des \u00e9l\u00e8ves du 1er cycle.","og_url":"https:\/\/prest-math.org\/pt-br\/1o-e-2o-ano\/","og_site_name":"PREST","article_modified_time":"2024-03-28T17:11:15+00:00","og_image":[{"width":1200,"height":628,"url":"https:\/\/prest-math.org\/wp-content\/uploads\/2020\/03\/facebook_share.jpg","type":"image\/jpeg"}],"twitter_card":"summary_large_image","schema":{"@context":"https:\/\/schema.org","@graph":[{"@type":"WebPage","@id":"https:\/\/prest-math.org\/pt-br\/1o-e-2o-ano\/","url":"https:\/\/prest-math.org\/pt-br\/1o-e-2o-ano\/","name":"Livres scolaires, guides p\u00e9dagogiques - 1er cycle, collection 1\u00e8re ann\u00e9e","isPartOf":{"@id":"https:\/\/prest-math.org\/#website"},"datePublished":"2020-03-25T15:26:44+00:00","dateModified":"2024-03-28T17:11:15+00:00","description":"Guides p\u00e9dagogiques PREST-Math Collection 1\u00e8re ann\u00e9e, ressources scolaires pour enseignants ciblant les apprentissages et \u00e9valuations des \u00e9l\u00e8ves du 1er cycle.","breadcrumb":{"@id":"https:\/\/prest-math.org\/pt-br\/1o-e-2o-ano\/#breadcrumb"},"inLanguage":"pt-BR","potentialAction":[{"@type":"ReadAction","target":["https:\/\/prest-math.org\/pt-br\/1o-e-2o-ano\/"]}]},{"@type":"BreadcrumbList","@id":"https:\/\/prest-math.org\/pt-br\/1o-e-2o-ano\/#breadcrumb","itemListElement":[{"@type":"ListItem","position":1,"name":"Accueil","item":"https:\/\/prest-math.org\/pt-br\/"},{"@type":"ListItem","position":2,"name":"1\u00ba e 2\u00ba ano"}]},{"@type":"WebSite","@id":"https:\/\/prest-math.org\/#website","url":"https:\/\/prest-math.org\/","name":"PREST","description":"","publisher":{"@id":"https:\/\/prest-math.org\/#organization"},"potentialAction":[{"@type":"SearchAction","target":{"@type":"EntryPoint","urlTemplate":"https:\/\/prest-math.org\/?s={search_term_string}"},"query-input":"required name=search_term_string"}],"inLanguage":"pt-BR"},{"@type":"Organization","@id":"https:\/\/prest-math.org\/#organization","name":"PREST","url":"https:\/\/prest-math.org\/","logo":{"@type":"ImageObject","inLanguage":"pt-BR","@id":"https:\/\/prest-math.org\/#\/schema\/logo\/image\/","url":"https:\/\/prest-math.org\/wp-content\/uploads\/2020\/03\/logo_prest-math.png","contentUrl":"https:\/\/prest-math.org\/wp-content\/uploads\/2020\/03\/logo_prest-math.png","width":580,"height":54,"caption":"PREST"},"image":{"@id":"https:\/\/prest-math.org\/#\/schema\/logo\/image\/"}}]}},"_links":{"self":[{"href":"https:\/\/prest-math.org\/pt-br\/wp-json\/wp\/v2\/pages\/1907"}],"collection":[{"href":"https:\/\/prest-math.org\/pt-br\/wp-json\/wp\/v2\/pages"}],"about":[{"href":"https:\/\/prest-math.org\/pt-br\/wp-json\/wp\/v2\/types\/page"}],"author":[{"embeddable":true,"href":"https:\/\/prest-math.org\/pt-br\/wp-json\/wp\/v2\/users\/1"}],"replies":[{"embeddable":true,"href":"https:\/\/prest-math.org\/pt-br\/wp-json\/wp\/v2\/comments?post=1907"}],"version-history":[{"count":2,"href":"https:\/\/prest-math.org\/pt-br\/wp-json\/wp\/v2\/pages\/1907\/revisions"}],"predecessor-version":[{"id":2173,"href":"https:\/\/prest-math.org\/pt-br\/wp-json\/wp\/v2\/pages\/1907\/revisions\/2173"}],"wp:attachment":[{"href":"https:\/\/prest-math.org\/pt-br\/wp-json\/wp\/v2\/media?parent=1907"}],"curies":[{"name":"wp","href":"https:\/\/api.w.org\/{rel}","templated":true}]}}