{"id":1932,"date":"2020-03-25T13:26:54","date_gmt":"2020-03-25T17:26:54","guid":{"rendered":"https:\/\/prest-math.org\/cyclo-2\/coleccion-de-3to-grado\/"},"modified":"2024-05-06T16:16:18","modified_gmt":"2024-05-06T20:16:18","slug":"colecao-do-3-ano","status":"publish","type":"page","link":"https:\/\/prest-math.org\/pt-br\/3-e-4-ano\/colecao-do-3-ano\/","title":{"rendered":"Colecci\u00f3n de 3to grado"},"content":{"rendered":"<h1><span style=\"color: #ed1b35;\">Apresenta<strong>\u00e7\u00e3o <\/strong>dos nossos recursos para uso cotidiano<\/span><\/h1>\n<p><iframe loading=\"lazy\" title=\"PREST-Math: Pr\u00e9sentation de la collection 3e ann\u00e9e\" width=\"500\" height=\"281\" src=\"https:\/\/www.youtube.com\/embed\/PdJnHuHBSAs?feature=oembed\" frameborder=\"0\" allow=\"accelerometer; autoplay; clipboard-write; encrypted-media; gyroscope; picture-in-picture; web-share\" referrerpolicy=\"strict-origin-when-cross-origin\" allowfullscreen><\/iframe><\/p>\n<h5><strong>Resumo dos recursos que o PREST-Math oferece ao Brasil<\/strong><\/h5>\n<p>PREST-Math \u00e9 baseado no <em>Programa de forma\u00e7\u00e3o escolar do Quebec<\/em>, bem como nas pesquisas mais recentes em educa\u00e7\u00e3o, incluindo o ensino de matem\u00e1tica.<\/p>\n<p>Segundo o PISA, Quebec est\u00e1 em 7\u00ba lugar quando considerado como pa\u00eds. Quebec deve lidar com o desafio das escolas urbanas multiculturais e tamb\u00e9m das escolas rurais que frequentemente t\u00eam turmas multin\u00edveis.<\/p>\n<p>O PREST-Math est\u00e1 agora dispon\u00edvel em cinco idiomas (franc\u00eas, ingl\u00eas, espanhol, portugu\u00eas e romeno) e \u00e9 utilizado em nove pa\u00edses da Am\u00e9rica Latina e da Europa.<\/p>\n<p>Todo o curr\u00edculo brasileiro da BNCC (Base Nacional Comum Curricular) \u00e9 coberto pelo planejamento PREST-Math. Os saberes s\u00e3o divididos em cinco unidades para cada n\u00edvel do ensino fundamental. Estas unidades come\u00e7am com um desafio matem\u00e1tico para toda a turma: uma situa\u00e7\u00e3o-problema. Um desafio estimulante e motivador que d\u00e1 sentido \u00e0 obten\u00e7\u00e3o das aprendizagens necess\u00e1rias para resolver individualmente a situa\u00e7\u00e3o-problema no final de cada unidade.<\/p>\n<p>Para construir os conhecimentos necess\u00e1rios, oferecemos centros de manipula\u00e7\u00e3o para estruturar uma compreens\u00e3o duradoura de todos os conceitos do programa. As crian\u00e7as, em equipes de dois ou tr\u00eas, s\u00e3o assim convidadas a \u201cbrincar\u201d ao longo do ano.<\/p>\n<p>Antes de iniciar cada centro de manipula\u00e7\u00e3o, um ensino expl\u00edcito \u00e9 proposto no guia, na vers\u00e3o v\u00eddeo em nosso site e tamb\u00e9m em nosso aplicativo. Nosso aplicativo permite o download para que voc\u00ea possa visualiz\u00e1-lo sem conex\u00e3o com a internet. Esses v\u00eddeos podem ser reproduzidos diretamente na aula para os alunos.<\/p>\n<h5>Caderno <strong>do aluno<\/strong><\/h5>\n<p>O conte\u00fado do ano escolar est\u00e1 dividido em dois cadernos. Existem situa\u00e7\u00f5es-problema no in\u00edcio de cada tema para despertar o interesse e a necessidade de aprender entre seus alunos. Al\u00e9m disso, folhas de suporte, exerc\u00edcios diversos e situa\u00e7\u00f5es de aplica\u00e7\u00e3o completam o conte\u00fado de cada caderno.<\/p>\n<h5>Material do <strong>manipula\u00e7\u00e3o<\/strong><\/h5>\n<p>Este projeto visa permitir que todos os alunos construam uma compreens\u00e3o duradoura de todos os conceitos e processos prescritos, respeitando as fases de desenvolvimento (concreto, semi-concreto e simb\u00f3lico). Nossos centros de manipula\u00e7\u00e3o exigem materiais que muitas vezes j\u00e1 est\u00e3o presentes em suas aulas. Para ajud\u00e1-lo a completar seu invent\u00e1rio de material, ofereceremos uma lista completa incluindo uma proposta de material alternativo gratuito ou a custo baixo.<\/p>\n<p><strong>O APP PREST-Math e sua plataforma digital<\/strong><\/p>\n<p><strong>Todo o programa em c\u00e1psulas de v\u00eddeo<\/strong><\/p>\n<p>Existem v\u00eddeos interativos que cobrem o ensino de todos os conceitos e processos matem\u00e1ticos do programa. Eles podem ser reproduzidos em sala de aula e tamb\u00e9m compartilhados para ser assistidos em casa. O aplicativo PREST-Math tem a vantagem de permitir que v\u00eddeos sejam baixados para o seu telefone e visualizados ou projetados na tela sem conex\u00e3o com a internet.<\/p>\n<p><strong>Planejamento detalhado e rotina<\/strong><\/p>\n<p>Oferecemos um planejamento detalhado para cada tema a fim de ajud\u00e1-lo a preparar suas sequ\u00eancias de aprendizagem com mais facilidade. Tamb\u00e9m oferecemos rotinas matem\u00e1ticas (corrida) durante todo o ano.<\/p>\n<p><strong>Ferramentas de avalia\u00e7\u00e3o<\/strong><\/p>\n<p>Todos os recursos necess\u00e1rios est\u00e3o agrupados nesta aba para ajud\u00e1-lo a fazer seu julgamento, tanto para a habilidade <em>Resolver problemas<\/em> quanto para a habilidade <em>Racioc\u00ednio matem\u00e1tico<\/em>. Existem diferentes tabelas de avalia\u00e7\u00e3o para estas duas habilidades. Ao final de cada tema, voc\u00ea tem \u00e0 sua disposi\u00e7\u00e3o um teste de dom\u00ednio de conhecimentos e seu material de corre\u00e7\u00e3o.<\/p>\n<p><strong>Exerc\u00edcios de consolida\u00e7\u00e3o<\/strong><\/p>\n<p>Se voc\u00ea quiser trabalhar mais um conceito, ou fornecer exerc\u00edcios como dever de casa, oferecemos exerc\u00edcios de consolida\u00e7\u00e3o para todos os nossos centros.<\/p>\n","protected":false},"excerpt":{"rendered":"<p>Apresenta\u00e7\u00e3o dos nossos recursos para uso cotidiano Resumo dos recursos que o PREST-Math oferece ao Brasil PREST-Math \u00e9 baseado no Programa de forma\u00e7\u00e3o escolar do Quebec, bem como nas pesquisas mais recentes em educa\u00e7\u00e3o, incluindo o ensino de matem\u00e1tica. Segundo o PISA, Quebec est\u00e1 em 7\u00ba lugar quando considerado como pa\u00eds. Quebec deve lidar com [&hellip;]<\/p>\n","protected":false},"author":1,"featured_media":1845,"parent":1926,"menu_order":1,"comment_status":"closed","ping_status":"closed","template":"page-collections.php","meta":{"_acf_changed":false,"footnotes":""},"acf":[],"yoast_head":"<!-- This site is optimized with the Yoast SEO plugin v22.5 - https:\/\/yoast.com\/wordpress\/plugins\/seo\/ -->\n<title>Colecci\u00f3n de 3to grado - PREST<\/title>\n<meta name=\"robots\" content=\"index, follow, max-snippet:-1, max-image-preview:large, max-video-preview:-1\" \/>\n<link rel=\"canonical\" href=\"https:\/\/prest-math.org\/pt-br\/3-e-4-ano\/colecao-do-3-ano\/\" \/>\n<meta property=\"og:locale\" content=\"pt_BR\" \/>\n<meta property=\"og:type\" content=\"article\" \/>\n<meta property=\"og:title\" content=\"Colecci\u00f3n de 3to grado - PREST\" \/>\n<meta property=\"og:description\" content=\"Apresenta\u00e7\u00e3o dos nossos recursos para uso cotidiano Resumo dos recursos que o PREST-Math oferece ao Brasil PREST-Math \u00e9 baseado no Programa de forma\u00e7\u00e3o escolar do Quebec, bem como nas pesquisas mais recentes em educa\u00e7\u00e3o, incluindo o ensino de matem\u00e1tica. Segundo o PISA, Quebec est\u00e1 em 7\u00ba lugar quando considerado como pa\u00eds. Quebec deve lidar com [&hellip;]\" \/>\n<meta property=\"og:url\" content=\"https:\/\/prest-math.org\/pt-br\/3-e-4-ano\/colecao-do-3-ano\/\" \/>\n<meta property=\"og:site_name\" content=\"PREST\" \/>\n<meta property=\"article:modified_time\" content=\"2024-05-06T20:16:18+00:00\" \/>\n<meta property=\"og:image\" content=\"https:\/\/prest-math.org\/wp-content\/uploads\/2020\/03\/prest-math-a-propos.jpg\" \/>\n\t<meta property=\"og:image:width\" content=\"1637\" \/>\n\t<meta property=\"og:image:height\" content=\"434\" \/>\n\t<meta property=\"og:image:type\" content=\"image\/jpeg\" \/>\n<meta name=\"twitter:card\" content=\"summary_large_image\" \/>\n<meta name=\"twitter:label1\" content=\"Est. tempo de leitura\" \/>\n\t<meta name=\"twitter:data1\" content=\"3 minutos\" \/>\n<script type=\"application\/ld+json\" class=\"yoast-schema-graph\">{\"@context\":\"https:\/\/schema.org\",\"@graph\":[{\"@type\":\"WebPage\",\"@id\":\"https:\/\/prest-math.org\/pt-br\/3-e-4-ano\/colecao-do-3-ano\/\",\"url\":\"https:\/\/prest-math.org\/pt-br\/3-e-4-ano\/colecao-do-3-ano\/\",\"name\":\"Colecci\u00f3n de 3to grado - PREST\",\"isPartOf\":{\"@id\":\"https:\/\/prest-math.org\/#website\"},\"primaryImageOfPage\":{\"@id\":\"https:\/\/prest-math.org\/pt-br\/3-e-4-ano\/colecao-do-3-ano\/#primaryimage\"},\"image\":{\"@id\":\"https:\/\/prest-math.org\/pt-br\/3-e-4-ano\/colecao-do-3-ano\/#primaryimage\"},\"thumbnailUrl\":\"https:\/\/prest-math.org\/wp-content\/uploads\/2020\/03\/prest-math-a-propos.jpg\",\"datePublished\":\"2020-03-25T17:26:54+00:00\",\"dateModified\":\"2024-05-06T20:16:18+00:00\",\"breadcrumb\":{\"@id\":\"https:\/\/prest-math.org\/pt-br\/3-e-4-ano\/colecao-do-3-ano\/#breadcrumb\"},\"inLanguage\":\"pt-BR\",\"potentialAction\":[{\"@type\":\"ReadAction\",\"target\":[\"https:\/\/prest-math.org\/pt-br\/3-e-4-ano\/colecao-do-3-ano\/\"]}]},{\"@type\":\"ImageObject\",\"inLanguage\":\"pt-BR\",\"@id\":\"https:\/\/prest-math.org\/pt-br\/3-e-4-ano\/colecao-do-3-ano\/#primaryimage\",\"url\":\"https:\/\/prest-math.org\/wp-content\/uploads\/2020\/03\/prest-math-a-propos.jpg\",\"contentUrl\":\"https:\/\/prest-math.org\/wp-content\/uploads\/2020\/03\/prest-math-a-propos.jpg\",\"width\":1637,\"height\":434},{\"@type\":\"BreadcrumbList\",\"@id\":\"https:\/\/prest-math.org\/pt-br\/3-e-4-ano\/colecao-do-3-ano\/#breadcrumb\",\"itemListElement\":[{\"@type\":\"ListItem\",\"position\":1,\"name\":\"Accueil\",\"item\":\"https:\/\/prest-math.org\/pt-br\/\"},{\"@type\":\"ListItem\",\"position\":2,\"name\":\"3\u00ba e 4\u00ba ano\",\"item\":\"https:\/\/prest-math.org\/pt-br\/3-e-4-ano\/\"},{\"@type\":\"ListItem\",\"position\":3,\"name\":\"Colecci\u00f3n de 3to grado\"}]},{\"@type\":\"WebSite\",\"@id\":\"https:\/\/prest-math.org\/#website\",\"url\":\"https:\/\/prest-math.org\/\",\"name\":\"PREST\",\"description\":\"\",\"publisher\":{\"@id\":\"https:\/\/prest-math.org\/#organization\"},\"potentialAction\":[{\"@type\":\"SearchAction\",\"target\":{\"@type\":\"EntryPoint\",\"urlTemplate\":\"https:\/\/prest-math.org\/?s={search_term_string}\"},\"query-input\":\"required name=search_term_string\"}],\"inLanguage\":\"pt-BR\"},{\"@type\":\"Organization\",\"@id\":\"https:\/\/prest-math.org\/#organization\",\"name\":\"PREST\",\"url\":\"https:\/\/prest-math.org\/\",\"logo\":{\"@type\":\"ImageObject\",\"inLanguage\":\"pt-BR\",\"@id\":\"https:\/\/prest-math.org\/#\/schema\/logo\/image\/\",\"url\":\"https:\/\/prest-math.org\/wp-content\/uploads\/2020\/03\/logo_prest-math.png\",\"contentUrl\":\"https:\/\/prest-math.org\/wp-content\/uploads\/2020\/03\/logo_prest-math.png\",\"width\":580,\"height\":54,\"caption\":\"PREST\"},\"image\":{\"@id\":\"https:\/\/prest-math.org\/#\/schema\/logo\/image\/\"}}]}<\/script>\n<!-- \/ Yoast SEO plugin. -->","yoast_head_json":{"title":"Colecci\u00f3n de 3to grado - PREST","robots":{"index":"index","follow":"follow","max-snippet":"max-snippet:-1","max-image-preview":"max-image-preview:large","max-video-preview":"max-video-preview:-1"},"canonical":"https:\/\/prest-math.org\/pt-br\/3-e-4-ano\/colecao-do-3-ano\/","og_locale":"pt_BR","og_type":"article","og_title":"Colecci\u00f3n de 3to grado - PREST","og_description":"Apresenta\u00e7\u00e3o dos nossos recursos para uso cotidiano Resumo dos recursos que o PREST-Math oferece ao Brasil PREST-Math \u00e9 baseado no Programa de forma\u00e7\u00e3o escolar do Quebec, bem como nas pesquisas mais recentes em educa\u00e7\u00e3o, incluindo o ensino de matem\u00e1tica. Segundo o PISA, Quebec est\u00e1 em 7\u00ba lugar quando considerado como pa\u00eds. Quebec deve lidar com [&hellip;]","og_url":"https:\/\/prest-math.org\/pt-br\/3-e-4-ano\/colecao-do-3-ano\/","og_site_name":"PREST","article_modified_time":"2024-05-06T20:16:18+00:00","og_image":[{"width":1637,"height":434,"url":"https:\/\/prest-math.org\/wp-content\/uploads\/2020\/03\/prest-math-a-propos.jpg","type":"image\/jpeg"}],"twitter_card":"summary_large_image","twitter_misc":{"Est. tempo de leitura":"3 minutos"},"schema":{"@context":"https:\/\/schema.org","@graph":[{"@type":"WebPage","@id":"https:\/\/prest-math.org\/pt-br\/3-e-4-ano\/colecao-do-3-ano\/","url":"https:\/\/prest-math.org\/pt-br\/3-e-4-ano\/colecao-do-3-ano\/","name":"Colecci\u00f3n de 3to grado - PREST","isPartOf":{"@id":"https:\/\/prest-math.org\/#website"},"primaryImageOfPage":{"@id":"https:\/\/prest-math.org\/pt-br\/3-e-4-ano\/colecao-do-3-ano\/#primaryimage"},"image":{"@id":"https:\/\/prest-math.org\/pt-br\/3-e-4-ano\/colecao-do-3-ano\/#primaryimage"},"thumbnailUrl":"https:\/\/prest-math.org\/wp-content\/uploads\/2020\/03\/prest-math-a-propos.jpg","datePublished":"2020-03-25T17:26:54+00:00","dateModified":"2024-05-06T20:16:18+00:00","breadcrumb":{"@id":"https:\/\/prest-math.org\/pt-br\/3-e-4-ano\/colecao-do-3-ano\/#breadcrumb"},"inLanguage":"pt-BR","potentialAction":[{"@type":"ReadAction","target":["https:\/\/prest-math.org\/pt-br\/3-e-4-ano\/colecao-do-3-ano\/"]}]},{"@type":"ImageObject","inLanguage":"pt-BR","@id":"https:\/\/prest-math.org\/pt-br\/3-e-4-ano\/colecao-do-3-ano\/#primaryimage","url":"https:\/\/prest-math.org\/wp-content\/uploads\/2020\/03\/prest-math-a-propos.jpg","contentUrl":"https:\/\/prest-math.org\/wp-content\/uploads\/2020\/03\/prest-math-a-propos.jpg","width":1637,"height":434},{"@type":"BreadcrumbList","@id":"https:\/\/prest-math.org\/pt-br\/3-e-4-ano\/colecao-do-3-ano\/#breadcrumb","itemListElement":[{"@type":"ListItem","position":1,"name":"Accueil","item":"https:\/\/prest-math.org\/pt-br\/"},{"@type":"ListItem","position":2,"name":"3\u00ba e 4\u00ba ano","item":"https:\/\/prest-math.org\/pt-br\/3-e-4-ano\/"},{"@type":"ListItem","position":3,"name":"Colecci\u00f3n de 3to grado"}]},{"@type":"WebSite","@id":"https:\/\/prest-math.org\/#website","url":"https:\/\/prest-math.org\/","name":"PREST","description":"","publisher":{"@id":"https:\/\/prest-math.org\/#organization"},"potentialAction":[{"@type":"SearchAction","target":{"@type":"EntryPoint","urlTemplate":"https:\/\/prest-math.org\/?s={search_term_string}"},"query-input":"required name=search_term_string"}],"inLanguage":"pt-BR"},{"@type":"Organization","@id":"https:\/\/prest-math.org\/#organization","name":"PREST","url":"https:\/\/prest-math.org\/","logo":{"@type":"ImageObject","inLanguage":"pt-BR","@id":"https:\/\/prest-math.org\/#\/schema\/logo\/image\/","url":"https:\/\/prest-math.org\/wp-content\/uploads\/2020\/03\/logo_prest-math.png","contentUrl":"https:\/\/prest-math.org\/wp-content\/uploads\/2020\/03\/logo_prest-math.png","width":580,"height":54,"caption":"PREST"},"image":{"@id":"https:\/\/prest-math.org\/#\/schema\/logo\/image\/"}}]}},"_links":{"self":[{"href":"https:\/\/prest-math.org\/pt-br\/wp-json\/wp\/v2\/pages\/1932"}],"collection":[{"href":"https:\/\/prest-math.org\/pt-br\/wp-json\/wp\/v2\/pages"}],"about":[{"href":"https:\/\/prest-math.org\/pt-br\/wp-json\/wp\/v2\/types\/page"}],"author":[{"embeddable":true,"href":"https:\/\/prest-math.org\/pt-br\/wp-json\/wp\/v2\/users\/1"}],"replies":[{"embeddable":true,"href":"https:\/\/prest-math.org\/pt-br\/wp-json\/wp\/v2\/comments?post=1932"}],"version-history":[{"count":4,"href":"https:\/\/prest-math.org\/pt-br\/wp-json\/wp\/v2\/pages\/1932\/revisions"}],"predecessor-version":[{"id":2261,"href":"https:\/\/prest-math.org\/pt-br\/wp-json\/wp\/v2\/pages\/1932\/revisions\/2261"}],"up":[{"embeddable":true,"href":"https:\/\/prest-math.org\/pt-br\/wp-json\/wp\/v2\/pages\/1926"}],"wp:featuredmedia":[{"embeddable":true,"href":"https:\/\/prest-math.org\/pt-br\/wp-json\/wp\/v2\/media\/1845"}],"wp:attachment":[{"href":"https:\/\/prest-math.org\/pt-br\/wp-json\/wp\/v2\/media?parent=1932"}],"curies":[{"name":"wp","href":"https:\/\/api.w.org\/{rel}","templated":true}]}}