{"id":1940,"date":"2020-03-25T13:35:42","date_gmt":"2020-03-25T17:35:42","guid":{"rendered":"https:\/\/prest-math.org\/cyclo-2\/coleccion-multigrado\/"},"modified":"2024-05-06T16:18:14","modified_gmt":"2024-05-06T20:18:14","slug":"colecoes-multi-idades-3-e-4-ano","status":"publish","type":"page","link":"https:\/\/prest-math.org\/pt-br\/3-e-4-ano\/colecoes-multi-idades-3-e-4-ano\/","title":{"rendered":"COLE\u00c7\u00d5ES MULTI-IDADES 3\u00ba e 4\u00ba ano"},"content":{"rendered":"<h1><span style=\"color: #ed1b35;\"><strong>COLE\u00c7\u00d5ES MULTI-IDADES 3\u00ba e 4\u00ba ano<\/strong>\u00a0<\/span><\/h1>\n<p><iframe loading=\"lazy\" title=\"PREST-Math: Pr\u00e9sentation pour les classes Multi\u00e2ge 3e et 4e ann\u00e9e\" width=\"500\" height=\"281\" src=\"https:\/\/www.youtube.com\/embed\/VwADWJwAGF4?feature=oembed\" frameborder=\"0\" allow=\"accelerometer; autoplay; clipboard-write; encrypted-media; gyroscope; picture-in-picture; web-share\" referrerpolicy=\"strict-origin-when-cross-origin\" allowfullscreen><\/iframe><\/p>\n<p>A realidade da sala de aula \u00e9 muitas vezes complexa. A lacuna na compreens\u00e3o entre os alunos \u00e9 muitas vezes significativa. \u00c9 por isso que o PREST-Math tamb\u00e9m desenvolveu vers\u00f5es multi-idade para cada uma de suas cole\u00e7\u00f5es.<\/p>\n<p>Cole\u00e7\u00e3o 3, para turmas multi-idades 3-4<\/p>\n<p>Por exemplo, todo o conte\u00fado da cole\u00e7\u00e3o 3 foi adaptado para ser vivenciado com alunos do 4\u00ba ano. A Cole\u00e7\u00e3o 3 oferece, portanto, a possibilidade de utiliza\u00e7\u00e3o de cadernos na vers\u00e3o 3\u00ba ano ou na vers\u00e3o 4\u00ba ano. Tamb\u00e9m explica como usar centros do 3\u00ba ano para ensinar o curr\u00edculo do 4\u00ba ano.<\/p>\n<p>Cole\u00e7\u00e3o 4, para turmas multi-idades 3-4<\/p>\n<p>A Cole\u00e7\u00e3o 4 tamb\u00e9m foi adaptada para ser vivenciada por alunos do 3\u00ba e 4\u00ba ano. Esta cole\u00e7\u00e3o pode, portanto, ser facilmente usada em uma turma que combina alunos desses dois n\u00edveis. Todos vivenciar\u00e3o os mesmos temas, mas adaptados ao seu n\u00edvel.<\/p>\n","protected":false},"excerpt":{"rendered":"<p>COLE\u00c7\u00d5ES MULTI-IDADES 3\u00ba e 4\u00ba ano\u00a0 A realidade da sala de aula \u00e9 muitas vezes complexa. A lacuna na compreens\u00e3o entre os alunos \u00e9 muitas vezes significativa. \u00c9 por isso que o PREST-Math tamb\u00e9m desenvolveu vers\u00f5es multi-idade para cada uma de suas cole\u00e7\u00f5es. Cole\u00e7\u00e3o 3, para turmas multi-idades 3-4 Por exemplo, todo o conte\u00fado da [&hellip;]<\/p>\n","protected":false},"author":1,"featured_media":1845,"parent":1926,"menu_order":3,"comment_status":"closed","ping_status":"closed","template":"page-collections.php","meta":{"_acf_changed":false,"footnotes":""},"acf":[],"yoast_head":"<!-- This site is optimized with the Yoast SEO plugin v22.5 - https:\/\/yoast.com\/wordpress\/plugins\/seo\/ -->\n<title>Livres scolaires, guides p\u00e9dagogiques \u2013 2e cycle, collection multi\u00e2ge<\/title>\n<meta name=\"description\" content=\"Guides p\u00e9dagogiques PREST-Math Collection multi\u00e2ge, ressources scolaires pour enseignants ciblant les apprentissages et \u00e9valuations des \u00e9l\u00e8ves du 2e cycle.\" \/>\n<meta name=\"robots\" content=\"index, follow, max-snippet:-1, max-image-preview:large, max-video-preview:-1\" \/>\n<link rel=\"canonical\" href=\"https:\/\/prest-math.org\/pt-br\/3-e-4-ano\/colecoes-multi-idades-3-e-4-ano\/\" \/>\n<meta property=\"og:locale\" content=\"pt_BR\" \/>\n<meta property=\"og:type\" content=\"article\" \/>\n<meta property=\"og:title\" content=\"Livres scolaires, guides p\u00e9dagogiques \u2013 2e cycle, collection multi\u00e2ge\" \/>\n<meta property=\"og:description\" content=\"Guides p\u00e9dagogiques PREST-Math Collection multi\u00e2ge, ressources scolaires pour enseignants ciblant les apprentissages et \u00e9valuations des \u00e9l\u00e8ves du 2e cycle.\" \/>\n<meta property=\"og:url\" content=\"https:\/\/prest-math.org\/pt-br\/3-e-4-ano\/colecoes-multi-idades-3-e-4-ano\/\" \/>\n<meta property=\"og:site_name\" content=\"PREST\" \/>\n<meta property=\"article:modified_time\" content=\"2024-05-06T20:18:14+00:00\" \/>\n<meta property=\"og:image\" content=\"https:\/\/prest-math.org\/wp-content\/uploads\/2020\/03\/prest-math-a-propos.jpg\" \/>\n\t<meta property=\"og:image:width\" content=\"1637\" \/>\n\t<meta property=\"og:image:height\" content=\"434\" \/>\n\t<meta property=\"og:image:type\" content=\"image\/jpeg\" \/>\n<meta name=\"twitter:card\" content=\"summary_large_image\" \/>\n<meta name=\"twitter:label1\" content=\"Est. tempo de leitura\" \/>\n\t<meta name=\"twitter:data1\" content=\"1 minuto\" \/>\n<script type=\"application\/ld+json\" class=\"yoast-schema-graph\">{\"@context\":\"https:\/\/schema.org\",\"@graph\":[{\"@type\":\"WebPage\",\"@id\":\"https:\/\/prest-math.org\/pt-br\/3-e-4-ano\/colecoes-multi-idades-3-e-4-ano\/\",\"url\":\"https:\/\/prest-math.org\/pt-br\/3-e-4-ano\/colecoes-multi-idades-3-e-4-ano\/\",\"name\":\"Livres scolaires, guides p\u00e9dagogiques \u2013 2e cycle, collection multi\u00e2ge\",\"isPartOf\":{\"@id\":\"https:\/\/prest-math.org\/#website\"},\"primaryImageOfPage\":{\"@id\":\"https:\/\/prest-math.org\/pt-br\/3-e-4-ano\/colecoes-multi-idades-3-e-4-ano\/#primaryimage\"},\"image\":{\"@id\":\"https:\/\/prest-math.org\/pt-br\/3-e-4-ano\/colecoes-multi-idades-3-e-4-ano\/#primaryimage\"},\"thumbnailUrl\":\"https:\/\/prest-math.org\/wp-content\/uploads\/2020\/03\/prest-math-a-propos.jpg\",\"datePublished\":\"2020-03-25T17:35:42+00:00\",\"dateModified\":\"2024-05-06T20:18:14+00:00\",\"description\":\"Guides p\u00e9dagogiques PREST-Math Collection multi\u00e2ge, ressources scolaires pour enseignants ciblant les apprentissages et \u00e9valuations des \u00e9l\u00e8ves du 2e cycle.\",\"breadcrumb\":{\"@id\":\"https:\/\/prest-math.org\/pt-br\/3-e-4-ano\/colecoes-multi-idades-3-e-4-ano\/#breadcrumb\"},\"inLanguage\":\"pt-BR\",\"potentialAction\":[{\"@type\":\"ReadAction\",\"target\":[\"https:\/\/prest-math.org\/pt-br\/3-e-4-ano\/colecoes-multi-idades-3-e-4-ano\/\"]}]},{\"@type\":\"ImageObject\",\"inLanguage\":\"pt-BR\",\"@id\":\"https:\/\/prest-math.org\/pt-br\/3-e-4-ano\/colecoes-multi-idades-3-e-4-ano\/#primaryimage\",\"url\":\"https:\/\/prest-math.org\/wp-content\/uploads\/2020\/03\/prest-math-a-propos.jpg\",\"contentUrl\":\"https:\/\/prest-math.org\/wp-content\/uploads\/2020\/03\/prest-math-a-propos.jpg\",\"width\":1637,\"height\":434},{\"@type\":\"BreadcrumbList\",\"@id\":\"https:\/\/prest-math.org\/pt-br\/3-e-4-ano\/colecoes-multi-idades-3-e-4-ano\/#breadcrumb\",\"itemListElement\":[{\"@type\":\"ListItem\",\"position\":1,\"name\":\"Accueil\",\"item\":\"https:\/\/prest-math.org\/pt-br\/\"},{\"@type\":\"ListItem\",\"position\":2,\"name\":\"3\u00ba e 4\u00ba ano\",\"item\":\"https:\/\/prest-math.org\/pt-br\/3-e-4-ano\/\"},{\"@type\":\"ListItem\",\"position\":3,\"name\":\"COLE\u00c7\u00d5ES MULTI-IDADES 3\u00ba e 4\u00ba ano\"}]},{\"@type\":\"WebSite\",\"@id\":\"https:\/\/prest-math.org\/#website\",\"url\":\"https:\/\/prest-math.org\/\",\"name\":\"PREST\",\"description\":\"\",\"publisher\":{\"@id\":\"https:\/\/prest-math.org\/#organization\"},\"potentialAction\":[{\"@type\":\"SearchAction\",\"target\":{\"@type\":\"EntryPoint\",\"urlTemplate\":\"https:\/\/prest-math.org\/?s={search_term_string}\"},\"query-input\":\"required name=search_term_string\"}],\"inLanguage\":\"pt-BR\"},{\"@type\":\"Organization\",\"@id\":\"https:\/\/prest-math.org\/#organization\",\"name\":\"PREST\",\"url\":\"https:\/\/prest-math.org\/\",\"logo\":{\"@type\":\"ImageObject\",\"inLanguage\":\"pt-BR\",\"@id\":\"https:\/\/prest-math.org\/#\/schema\/logo\/image\/\",\"url\":\"https:\/\/prest-math.org\/wp-content\/uploads\/2020\/03\/logo_prest-math.png\",\"contentUrl\":\"https:\/\/prest-math.org\/wp-content\/uploads\/2020\/03\/logo_prest-math.png\",\"width\":580,\"height\":54,\"caption\":\"PREST\"},\"image\":{\"@id\":\"https:\/\/prest-math.org\/#\/schema\/logo\/image\/\"}}]}<\/script>\n<!-- \/ Yoast SEO plugin. -->","yoast_head_json":{"title":"Livres scolaires, guides p\u00e9dagogiques \u2013 2e cycle, collection multi\u00e2ge","description":"Guides p\u00e9dagogiques PREST-Math Collection multi\u00e2ge, ressources scolaires pour enseignants ciblant les apprentissages et \u00e9valuations des \u00e9l\u00e8ves du 2e cycle.","robots":{"index":"index","follow":"follow","max-snippet":"max-snippet:-1","max-image-preview":"max-image-preview:large","max-video-preview":"max-video-preview:-1"},"canonical":"https:\/\/prest-math.org\/pt-br\/3-e-4-ano\/colecoes-multi-idades-3-e-4-ano\/","og_locale":"pt_BR","og_type":"article","og_title":"Livres scolaires, guides p\u00e9dagogiques \u2013 2e cycle, collection multi\u00e2ge","og_description":"Guides p\u00e9dagogiques PREST-Math Collection multi\u00e2ge, ressources scolaires pour enseignants ciblant les apprentissages et \u00e9valuations des \u00e9l\u00e8ves du 2e cycle.","og_url":"https:\/\/prest-math.org\/pt-br\/3-e-4-ano\/colecoes-multi-idades-3-e-4-ano\/","og_site_name":"PREST","article_modified_time":"2024-05-06T20:18:14+00:00","og_image":[{"width":1637,"height":434,"url":"https:\/\/prest-math.org\/wp-content\/uploads\/2020\/03\/prest-math-a-propos.jpg","type":"image\/jpeg"}],"twitter_card":"summary_large_image","twitter_misc":{"Est. tempo de leitura":"1 minuto"},"schema":{"@context":"https:\/\/schema.org","@graph":[{"@type":"WebPage","@id":"https:\/\/prest-math.org\/pt-br\/3-e-4-ano\/colecoes-multi-idades-3-e-4-ano\/","url":"https:\/\/prest-math.org\/pt-br\/3-e-4-ano\/colecoes-multi-idades-3-e-4-ano\/","name":"Livres scolaires, guides p\u00e9dagogiques \u2013 2e cycle, collection multi\u00e2ge","isPartOf":{"@id":"https:\/\/prest-math.org\/#website"},"primaryImageOfPage":{"@id":"https:\/\/prest-math.org\/pt-br\/3-e-4-ano\/colecoes-multi-idades-3-e-4-ano\/#primaryimage"},"image":{"@id":"https:\/\/prest-math.org\/pt-br\/3-e-4-ano\/colecoes-multi-idades-3-e-4-ano\/#primaryimage"},"thumbnailUrl":"https:\/\/prest-math.org\/wp-content\/uploads\/2020\/03\/prest-math-a-propos.jpg","datePublished":"2020-03-25T17:35:42+00:00","dateModified":"2024-05-06T20:18:14+00:00","description":"Guides p\u00e9dagogiques PREST-Math Collection multi\u00e2ge, ressources scolaires pour enseignants ciblant les apprentissages et \u00e9valuations des \u00e9l\u00e8ves du 2e cycle.","breadcrumb":{"@id":"https:\/\/prest-math.org\/pt-br\/3-e-4-ano\/colecoes-multi-idades-3-e-4-ano\/#breadcrumb"},"inLanguage":"pt-BR","potentialAction":[{"@type":"ReadAction","target":["https:\/\/prest-math.org\/pt-br\/3-e-4-ano\/colecoes-multi-idades-3-e-4-ano\/"]}]},{"@type":"ImageObject","inLanguage":"pt-BR","@id":"https:\/\/prest-math.org\/pt-br\/3-e-4-ano\/colecoes-multi-idades-3-e-4-ano\/#primaryimage","url":"https:\/\/prest-math.org\/wp-content\/uploads\/2020\/03\/prest-math-a-propos.jpg","contentUrl":"https:\/\/prest-math.org\/wp-content\/uploads\/2020\/03\/prest-math-a-propos.jpg","width":1637,"height":434},{"@type":"BreadcrumbList","@id":"https:\/\/prest-math.org\/pt-br\/3-e-4-ano\/colecoes-multi-idades-3-e-4-ano\/#breadcrumb","itemListElement":[{"@type":"ListItem","position":1,"name":"Accueil","item":"https:\/\/prest-math.org\/pt-br\/"},{"@type":"ListItem","position":2,"name":"3\u00ba e 4\u00ba ano","item":"https:\/\/prest-math.org\/pt-br\/3-e-4-ano\/"},{"@type":"ListItem","position":3,"name":"COLE\u00c7\u00d5ES MULTI-IDADES 3\u00ba e 4\u00ba ano"}]},{"@type":"WebSite","@id":"https:\/\/prest-math.org\/#website","url":"https:\/\/prest-math.org\/","name":"PREST","description":"","publisher":{"@id":"https:\/\/prest-math.org\/#organization"},"potentialAction":[{"@type":"SearchAction","target":{"@type":"EntryPoint","urlTemplate":"https:\/\/prest-math.org\/?s={search_term_string}"},"query-input":"required name=search_term_string"}],"inLanguage":"pt-BR"},{"@type":"Organization","@id":"https:\/\/prest-math.org\/#organization","name":"PREST","url":"https:\/\/prest-math.org\/","logo":{"@type":"ImageObject","inLanguage":"pt-BR","@id":"https:\/\/prest-math.org\/#\/schema\/logo\/image\/","url":"https:\/\/prest-math.org\/wp-content\/uploads\/2020\/03\/logo_prest-math.png","contentUrl":"https:\/\/prest-math.org\/wp-content\/uploads\/2020\/03\/logo_prest-math.png","width":580,"height":54,"caption":"PREST"},"image":{"@id":"https:\/\/prest-math.org\/#\/schema\/logo\/image\/"}}]}},"_links":{"self":[{"href":"https:\/\/prest-math.org\/pt-br\/wp-json\/wp\/v2\/pages\/1940"}],"collection":[{"href":"https:\/\/prest-math.org\/pt-br\/wp-json\/wp\/v2\/pages"}],"about":[{"href":"https:\/\/prest-math.org\/pt-br\/wp-json\/wp\/v2\/types\/page"}],"author":[{"embeddable":true,"href":"https:\/\/prest-math.org\/pt-br\/wp-json\/wp\/v2\/users\/1"}],"replies":[{"embeddable":true,"href":"https:\/\/prest-math.org\/pt-br\/wp-json\/wp\/v2\/comments?post=1940"}],"version-history":[{"count":4,"href":"https:\/\/prest-math.org\/pt-br\/wp-json\/wp\/v2\/pages\/1940\/revisions"}],"predecessor-version":[{"id":2299,"href":"https:\/\/prest-math.org\/pt-br\/wp-json\/wp\/v2\/pages\/1940\/revisions\/2299"}],"up":[{"embeddable":true,"href":"https:\/\/prest-math.org\/pt-br\/wp-json\/wp\/v2\/pages\/1926"}],"wp:featuredmedia":[{"embeddable":true,"href":"https:\/\/prest-math.org\/pt-br\/wp-json\/wp\/v2\/media\/1845"}],"wp:attachment":[{"href":"https:\/\/prest-math.org\/pt-br\/wp-json\/wp\/v2\/media?parent=1940"}],"curies":[{"name":"wp","href":"https:\/\/api.w.org\/{rel}","templated":true}]}}