{"id":1963,"date":"2020-03-24T14:31:43","date_gmt":"2020-03-24T18:31:43","guid":{"rendered":"https:\/\/prest-math.org\/pedir\/"},"modified":"2024-03-26T16:40:24","modified_gmt":"2024-03-26T20:40:24","slug":"pedido","status":"publish","type":"page","link":"https:\/\/prest-math.org\/pt-br\/pedido\/","title":{"rendered":"Fa\u00e7a seu pedido!"},"content":{"rendered":"<h1><span style=\"color: #ed1b35;\">No momento, o projeto PREST-Math est\u00e1 dispon\u00edvel apenas no estado de Pernambuco. Em colabora\u00e7\u00e3o com a equipe da Secretaria de Educa\u00e7\u00e3o do estado de Pernambuco e a organiza\u00e7\u00e3o brasileira MATHEMA.<\/span><\/h1>\n<p>Gra\u00e7as a esta colabora\u00e7\u00e3o, toda a oferta do PREST-Math j\u00e1 est\u00e1 dispon\u00edvel para os demais estados do Brasil. Convidamos voc\u00ea a entrar em contato conosco para maiores informa\u00e7\u00f5es.<\/p>\n<p>PREST-Math<\/p>\n<p><a href=\"mailto:info@prest-math.org\">info@prest-math.org<\/a>\u00a0<\/p>\n<p>&nbsp;<\/p>\n<h6>\u00a0<\/h6>\n<h6>\u00a0<\/h6>\n<h6>\u00a0<\/h6>\n","protected":false},"excerpt":{"rendered":"<p>No momento, o projeto PREST-Math est\u00e1 dispon\u00edvel apenas no estado de Pernambuco. Em colabora\u00e7\u00e3o com a equipe da Secretaria de Educa\u00e7\u00e3o do estado de Pernambuco e a organiza\u00e7\u00e3o brasileira MATHEMA. Gra\u00e7as a esta colabora\u00e7\u00e3o, toda a oferta do PREST-Math j\u00e1 est\u00e1 dispon\u00edvel para os demais estados do Brasil. Convidamos voc\u00ea a entrar em contato conosco [&hellip;]<\/p>\n","protected":false},"author":1,"featured_media":1845,"parent":0,"menu_order":20,"comment_status":"closed","ping_status":"closed","template":"page-commander.php","meta":{"_acf_changed":false,"footnotes":""},"acf":[],"yoast_head":"<!-- This site is optimized with the Yoast SEO plugin v22.5 - https:\/\/yoast.com\/wordpress\/plugins\/seo\/ -->\n<title>Guides p\u00e9dagogiques et cahiers d\u2019\u00e9l\u00e8ves PREST-Math, commandez-les!<\/title>\n<meta name=\"description\" content=\"Commandez d\u00e8s maintenant vos guides p\u00e9dagogiques et cahiers d&#039;\u00e9l\u00e8ves PREST-Math. Livres scolaires pour enseignants destin\u00e9s aux apprentissages des \u00e9l\u00e8ves.\" \/>\n<meta name=\"robots\" content=\"index, follow, max-snippet:-1, max-image-preview:large, max-video-preview:-1\" \/>\n<link rel=\"canonical\" href=\"https:\/\/prest-math.org\/pt-br\/pedido\/\" \/>\n<meta property=\"og:locale\" content=\"pt_BR\" \/>\n<meta property=\"og:type\" content=\"article\" \/>\n<meta property=\"og:title\" content=\"Guides p\u00e9dagogiques et cahiers d\u2019\u00e9l\u00e8ves PREST-Math, commandez-les!\" \/>\n<meta property=\"og:description\" content=\"Commandez d\u00e8s maintenant vos guides p\u00e9dagogiques et cahiers d&#039;\u00e9l\u00e8ves PREST-Math. Livres scolaires pour enseignants destin\u00e9s aux apprentissages des \u00e9l\u00e8ves.\" \/>\n<meta property=\"og:url\" content=\"https:\/\/prest-math.org\/pt-br\/pedido\/\" \/>\n<meta property=\"og:site_name\" content=\"PREST\" \/>\n<meta property=\"article:modified_time\" content=\"2024-03-26T20:40:24+00:00\" \/>\n<meta property=\"og:image\" content=\"https:\/\/prest-math.org\/wp-content\/uploads\/2020\/03\/prest-math-a-propos.jpg\" \/>\n\t<meta property=\"og:image:width\" content=\"1637\" \/>\n\t<meta property=\"og:image:height\" content=\"434\" \/>\n\t<meta property=\"og:image:type\" content=\"image\/jpeg\" \/>\n<meta name=\"twitter:card\" content=\"summary_large_image\" \/>\n<script type=\"application\/ld+json\" class=\"yoast-schema-graph\">{\"@context\":\"https:\/\/schema.org\",\"@graph\":[{\"@type\":\"WebPage\",\"@id\":\"https:\/\/prest-math.org\/pt-br\/pedido\/\",\"url\":\"https:\/\/prest-math.org\/pt-br\/pedido\/\",\"name\":\"Guides p\u00e9dagogiques et cahiers d\u2019\u00e9l\u00e8ves PREST-Math, commandez-les!\",\"isPartOf\":{\"@id\":\"https:\/\/prest-math.org\/#website\"},\"primaryImageOfPage\":{\"@id\":\"https:\/\/prest-math.org\/pt-br\/pedido\/#primaryimage\"},\"image\":{\"@id\":\"https:\/\/prest-math.org\/pt-br\/pedido\/#primaryimage\"},\"thumbnailUrl\":\"https:\/\/prest-math.org\/wp-content\/uploads\/2020\/03\/prest-math-a-propos.jpg\",\"datePublished\":\"2020-03-24T18:31:43+00:00\",\"dateModified\":\"2024-03-26T20:40:24+00:00\",\"description\":\"Commandez d\u00e8s maintenant vos guides p\u00e9dagogiques et cahiers d'\u00e9l\u00e8ves PREST-Math. Livres scolaires pour enseignants destin\u00e9s aux apprentissages des \u00e9l\u00e8ves.\",\"breadcrumb\":{\"@id\":\"https:\/\/prest-math.org\/pt-br\/pedido\/#breadcrumb\"},\"inLanguage\":\"pt-BR\",\"potentialAction\":[{\"@type\":\"ReadAction\",\"target\":[\"https:\/\/prest-math.org\/pt-br\/pedido\/\"]}]},{\"@type\":\"ImageObject\",\"inLanguage\":\"pt-BR\",\"@id\":\"https:\/\/prest-math.org\/pt-br\/pedido\/#primaryimage\",\"url\":\"https:\/\/prest-math.org\/wp-content\/uploads\/2020\/03\/prest-math-a-propos.jpg\",\"contentUrl\":\"https:\/\/prest-math.org\/wp-content\/uploads\/2020\/03\/prest-math-a-propos.jpg\",\"width\":1637,\"height\":434},{\"@type\":\"BreadcrumbList\",\"@id\":\"https:\/\/prest-math.org\/pt-br\/pedido\/#breadcrumb\",\"itemListElement\":[{\"@type\":\"ListItem\",\"position\":1,\"name\":\"Accueil\",\"item\":\"https:\/\/prest-math.org\/pt-br\/\"},{\"@type\":\"ListItem\",\"position\":2,\"name\":\"Fa\u00e7a seu pedido!\"}]},{\"@type\":\"WebSite\",\"@id\":\"https:\/\/prest-math.org\/#website\",\"url\":\"https:\/\/prest-math.org\/\",\"name\":\"PREST\",\"description\":\"\",\"publisher\":{\"@id\":\"https:\/\/prest-math.org\/#organization\"},\"potentialAction\":[{\"@type\":\"SearchAction\",\"target\":{\"@type\":\"EntryPoint\",\"urlTemplate\":\"https:\/\/prest-math.org\/?s={search_term_string}\"},\"query-input\":\"required name=search_term_string\"}],\"inLanguage\":\"pt-BR\"},{\"@type\":\"Organization\",\"@id\":\"https:\/\/prest-math.org\/#organization\",\"name\":\"PREST\",\"url\":\"https:\/\/prest-math.org\/\",\"logo\":{\"@type\":\"ImageObject\",\"inLanguage\":\"pt-BR\",\"@id\":\"https:\/\/prest-math.org\/#\/schema\/logo\/image\/\",\"url\":\"https:\/\/prest-math.org\/wp-content\/uploads\/2020\/03\/logo_prest-math.png\",\"contentUrl\":\"https:\/\/prest-math.org\/wp-content\/uploads\/2020\/03\/logo_prest-math.png\",\"width\":580,\"height\":54,\"caption\":\"PREST\"},\"image\":{\"@id\":\"https:\/\/prest-math.org\/#\/schema\/logo\/image\/\"}}]}<\/script>\n<!-- \/ Yoast SEO plugin. -->","yoast_head_json":{"title":"Guides p\u00e9dagogiques et cahiers d\u2019\u00e9l\u00e8ves PREST-Math, commandez-les!","description":"Commandez d\u00e8s maintenant vos guides p\u00e9dagogiques et cahiers d'\u00e9l\u00e8ves PREST-Math. Livres scolaires pour enseignants destin\u00e9s aux apprentissages des \u00e9l\u00e8ves.","robots":{"index":"index","follow":"follow","max-snippet":"max-snippet:-1","max-image-preview":"max-image-preview:large","max-video-preview":"max-video-preview:-1"},"canonical":"https:\/\/prest-math.org\/pt-br\/pedido\/","og_locale":"pt_BR","og_type":"article","og_title":"Guides p\u00e9dagogiques et cahiers d\u2019\u00e9l\u00e8ves PREST-Math, commandez-les!","og_description":"Commandez d\u00e8s maintenant vos guides p\u00e9dagogiques et cahiers d'\u00e9l\u00e8ves PREST-Math. Livres scolaires pour enseignants destin\u00e9s aux apprentissages des \u00e9l\u00e8ves.","og_url":"https:\/\/prest-math.org\/pt-br\/pedido\/","og_site_name":"PREST","article_modified_time":"2024-03-26T20:40:24+00:00","og_image":[{"width":1637,"height":434,"url":"https:\/\/prest-math.org\/wp-content\/uploads\/2020\/03\/prest-math-a-propos.jpg","type":"image\/jpeg"}],"twitter_card":"summary_large_image","schema":{"@context":"https:\/\/schema.org","@graph":[{"@type":"WebPage","@id":"https:\/\/prest-math.org\/pt-br\/pedido\/","url":"https:\/\/prest-math.org\/pt-br\/pedido\/","name":"Guides p\u00e9dagogiques et cahiers d\u2019\u00e9l\u00e8ves PREST-Math, commandez-les!","isPartOf":{"@id":"https:\/\/prest-math.org\/#website"},"primaryImageOfPage":{"@id":"https:\/\/prest-math.org\/pt-br\/pedido\/#primaryimage"},"image":{"@id":"https:\/\/prest-math.org\/pt-br\/pedido\/#primaryimage"},"thumbnailUrl":"https:\/\/prest-math.org\/wp-content\/uploads\/2020\/03\/prest-math-a-propos.jpg","datePublished":"2020-03-24T18:31:43+00:00","dateModified":"2024-03-26T20:40:24+00:00","description":"Commandez d\u00e8s maintenant vos guides p\u00e9dagogiques et cahiers d'\u00e9l\u00e8ves PREST-Math. Livres scolaires pour enseignants destin\u00e9s aux apprentissages des \u00e9l\u00e8ves.","breadcrumb":{"@id":"https:\/\/prest-math.org\/pt-br\/pedido\/#breadcrumb"},"inLanguage":"pt-BR","potentialAction":[{"@type":"ReadAction","target":["https:\/\/prest-math.org\/pt-br\/pedido\/"]}]},{"@type":"ImageObject","inLanguage":"pt-BR","@id":"https:\/\/prest-math.org\/pt-br\/pedido\/#primaryimage","url":"https:\/\/prest-math.org\/wp-content\/uploads\/2020\/03\/prest-math-a-propos.jpg","contentUrl":"https:\/\/prest-math.org\/wp-content\/uploads\/2020\/03\/prest-math-a-propos.jpg","width":1637,"height":434},{"@type":"BreadcrumbList","@id":"https:\/\/prest-math.org\/pt-br\/pedido\/#breadcrumb","itemListElement":[{"@type":"ListItem","position":1,"name":"Accueil","item":"https:\/\/prest-math.org\/pt-br\/"},{"@type":"ListItem","position":2,"name":"Fa\u00e7a seu pedido!"}]},{"@type":"WebSite","@id":"https:\/\/prest-math.org\/#website","url":"https:\/\/prest-math.org\/","name":"PREST","description":"","publisher":{"@id":"https:\/\/prest-math.org\/#organization"},"potentialAction":[{"@type":"SearchAction","target":{"@type":"EntryPoint","urlTemplate":"https:\/\/prest-math.org\/?s={search_term_string}"},"query-input":"required name=search_term_string"}],"inLanguage":"pt-BR"},{"@type":"Organization","@id":"https:\/\/prest-math.org\/#organization","name":"PREST","url":"https:\/\/prest-math.org\/","logo":{"@type":"ImageObject","inLanguage":"pt-BR","@id":"https:\/\/prest-math.org\/#\/schema\/logo\/image\/","url":"https:\/\/prest-math.org\/wp-content\/uploads\/2020\/03\/logo_prest-math.png","contentUrl":"https:\/\/prest-math.org\/wp-content\/uploads\/2020\/03\/logo_prest-math.png","width":580,"height":54,"caption":"PREST"},"image":{"@id":"https:\/\/prest-math.org\/#\/schema\/logo\/image\/"}}]}},"_links":{"self":[{"href":"https:\/\/prest-math.org\/pt-br\/wp-json\/wp\/v2\/pages\/1963"}],"collection":[{"href":"https:\/\/prest-math.org\/pt-br\/wp-json\/wp\/v2\/pages"}],"about":[{"href":"https:\/\/prest-math.org\/pt-br\/wp-json\/wp\/v2\/types\/page"}],"author":[{"embeddable":true,"href":"https:\/\/prest-math.org\/pt-br\/wp-json\/wp\/v2\/users\/1"}],"replies":[{"embeddable":true,"href":"https:\/\/prest-math.org\/pt-br\/wp-json\/wp\/v2\/comments?post=1963"}],"version-history":[{"count":4,"href":"https:\/\/prest-math.org\/pt-br\/wp-json\/wp\/v2\/pages\/1963\/revisions"}],"predecessor-version":[{"id":2079,"href":"https:\/\/prest-math.org\/pt-br\/wp-json\/wp\/v2\/pages\/1963\/revisions\/2079"}],"wp:featuredmedia":[{"embeddable":true,"href":"https:\/\/prest-math.org\/pt-br\/wp-json\/wp\/v2\/media\/1845"}],"wp:attachment":[{"href":"https:\/\/prest-math.org\/pt-br\/wp-json\/wp\/v2\/media?parent=1963"}],"curies":[{"name":"wp","href":"https:\/\/api.w.org\/{rel}","templated":true}]}}