{"id":2043,"date":"2020-03-24T14:46:59","date_gmt":"2020-03-24T18:46:59","guid":{"rendered":"https:\/\/prest-math.org\/unirse\/"},"modified":"2024-03-27T09:36:25","modified_gmt":"2024-03-27T13:36:25","slug":"entre-em-contato","status":"publish","type":"page","link":"https:\/\/prest-math.org\/pt-br\/entre-em-contato\/","title":{"rendered":"ENTRE EM CONTATO"},"content":{"rendered":"<h1><strong>Quest\u00f5e<\/strong>s? <em>N\u00e3o hesite em entrar contato<\/em><\/h1>\n\n<div class=\"wpcf7 no-js\" id=\"wpcf7-f2093-o1\" lang=\"fr-FR\" dir=\"ltr\">\n<div class=\"screen-reader-response\"><p role=\"status\" aria-live=\"polite\" aria-atomic=\"true\"><\/p> <ul><\/ul><\/div>\n<form action=\"\/pt-br\/wp-json\/wp\/v2\/pages\/2043#wpcf7-f2093-o1\" method=\"post\" class=\"wpcf7-form init\" aria-label=\"Formulaire de contact\" novalidate=\"novalidate\" data-status=\"init\">\n<div style=\"display: none;\">\n<input type=\"hidden\" name=\"_wpcf7\" value=\"2093\" \/>\n<input type=\"hidden\" name=\"_wpcf7_version\" value=\"5.9.3\" \/>\n<input type=\"hidden\" name=\"_wpcf7_locale\" value=\"fr_FR\" \/>\n<input type=\"hidden\" name=\"_wpcf7_unit_tag\" value=\"wpcf7-f2093-o1\" \/>\n<input type=\"hidden\" name=\"_wpcf7_container_post\" value=\"0\" \/>\n<input type=\"hidden\" name=\"_wpcf7_posted_data_hash\" value=\"\" \/>\n<\/div>\n<div class=\"form_full\">\n\t<p><span class=\"wpcf7-form-control-wrap\" data-name=\"nom\"><input size=\"40\" class=\"wpcf7-form-control wpcf7-text wpcf7-validates-as-required\" aria-required=\"true\" aria-invalid=\"false\" placeholder=\"Seu nome\" value=\"\" type=\"text\" name=\"nom\" \/><\/span>\n\t<\/p>\n<\/div>\n<div class=\"form_full\">\n\t<p><span class=\"wpcf7-form-control-wrap\" data-name=\"courriel\"><input size=\"40\" class=\"wpcf7-form-control wpcf7-email wpcf7-validates-as-required wpcf7-text wpcf7-validates-as-email\" aria-required=\"true\" aria-invalid=\"false\" placeholder=\"O seu e-mail\" value=\"\" type=\"email\" name=\"courriel\" \/><\/span>\n\t<\/p>\n<\/div>\n<div class=\"form_full\">\n\t<p><span class=\"wpcf7-form-control-wrap\" data-name=\"pays\"><input size=\"40\" class=\"wpcf7-form-control wpcf7-text wpcf7-validates-as-required\" aria-required=\"true\" aria-invalid=\"false\" placeholder=\"Seu estado\" value=\"\" type=\"text\" name=\"pays\" \/><\/span>\n\t<\/p>\n<\/div>\n<div class=\"form_full\">\n\t<p><span class=\"wpcf7-form-control-wrap\" data-name=\"telephone\"><input size=\"40\" class=\"wpcf7-form-control wpcf7-tel wpcf7-validates-as-required wpcf7-text wpcf7-validates-as-tel\" aria-required=\"true\" aria-invalid=\"false\" placeholder=\"O seu n\u00famero de telefone\" value=\"\" type=\"tel\" name=\"telephone\" \/><\/span>\n\t<\/p>\n<\/div>\n<div class=\"form_full\">\n\t<p><span class=\"wpcf7-form-control-wrap\" data-name=\"message\"><textarea cols=\"40\" rows=\"10\" class=\"wpcf7-form-control wpcf7-textarea wpcf7-validates-as-required\" aria-required=\"true\" aria-invalid=\"false\" placeholder=\"Deixe-nos uma mensagem\" name=\"message\"><\/textarea><\/span>\n\t<\/p>\n<\/div>\n<div class=\"clear\">\n<\/div>\n<div class=\"form_btn_wrapper\">\n\t<p><input class=\"wpcf7-form-control wpcf7-submit has-spinner\" type=\"submit\" value=\"Enviar\" \/>\n\t<\/p>\n<\/div>\n<div class=\"clear\">\n<\/div>\n<p class=\"small_text\">Este site \u00e9 protegido pelo reCAPTCHA e pelo <a target=\"_blank\" href=\"https:\/\/policies.google.com\/privacy?hl=br\">Pol\u00edtica<\/a> de confidencialidade e <a target=\"_blank\" href=\"https:\/\/policies.google.com\/terms?hl=br\">utilizaci\u00f3n<\/a> do Google aplicar.\n<\/p><div class=\"wpcf7-response-output\" aria-hidden=\"true\"><\/div>\n<\/form>\n<\/div>\n\n","protected":false},"excerpt":{"rendered":"<p>Quest\u00f5es? N\u00e3o hesite em entrar contato<\/p>\n","protected":false},"author":1,"featured_media":1845,"parent":0,"menu_order":22,"comment_status":"closed","ping_status":"closed","template":"page.php","meta":{"_acf_changed":false,"footnotes":""},"acf":[],"yoast_head":"<!-- This site is optimized with the Yoast SEO plugin v22.5 - https:\/\/yoast.com\/wordpress\/plugins\/seo\/ -->\n<title>Contacter PREST-Math, guides p\u00e9dagogiques pour enseignants et \u00e9coles<\/title>\n<meta name=\"description\" content=\"\u00c0 la recherche de guides p\u00e9dagogiques et cahiers d&#039;\u00e9l\u00e8ves offrant des ressources \u00e9ducatives \u00e0 l&#039;ensemble des milieux scolaires? Contactez PREST-Math!\" \/>\n<meta name=\"robots\" content=\"index, follow, max-snippet:-1, max-image-preview:large, max-video-preview:-1\" \/>\n<link rel=\"canonical\" href=\"https:\/\/prest-math.org\/pt-br\/entre-em-contato\/\" \/>\n<meta property=\"og:locale\" content=\"pt_BR\" \/>\n<meta property=\"og:type\" content=\"article\" \/>\n<meta property=\"og:title\" content=\"Contacter PREST-Math, guides p\u00e9dagogiques pour enseignants et \u00e9coles\" \/>\n<meta property=\"og:description\" content=\"\u00c0 la recherche de guides p\u00e9dagogiques et cahiers d&#039;\u00e9l\u00e8ves offrant des ressources \u00e9ducatives \u00e0 l&#039;ensemble des milieux scolaires? Contactez PREST-Math!\" \/>\n<meta property=\"og:url\" content=\"https:\/\/prest-math.org\/pt-br\/entre-em-contato\/\" \/>\n<meta property=\"og:site_name\" content=\"PREST\" \/>\n<meta property=\"article:modified_time\" content=\"2024-03-27T13:36:25+00:00\" \/>\n<meta property=\"og:image\" content=\"https:\/\/prest-math.org\/wp-content\/uploads\/2020\/03\/prest-math-a-propos.jpg\" \/>\n\t<meta property=\"og:image:width\" content=\"1637\" \/>\n\t<meta property=\"og:image:height\" content=\"434\" \/>\n\t<meta property=\"og:image:type\" content=\"image\/jpeg\" \/>\n<meta name=\"twitter:card\" content=\"summary_large_image\" \/>\n<script type=\"application\/ld+json\" class=\"yoast-schema-graph\">{\"@context\":\"https:\/\/schema.org\",\"@graph\":[{\"@type\":\"WebPage\",\"@id\":\"https:\/\/prest-math.org\/pt-br\/entre-em-contato\/\",\"url\":\"https:\/\/prest-math.org\/pt-br\/entre-em-contato\/\",\"name\":\"Contacter PREST-Math, guides p\u00e9dagogiques pour enseignants et \u00e9coles\",\"isPartOf\":{\"@id\":\"https:\/\/prest-math.org\/#website\"},\"primaryImageOfPage\":{\"@id\":\"https:\/\/prest-math.org\/pt-br\/entre-em-contato\/#primaryimage\"},\"image\":{\"@id\":\"https:\/\/prest-math.org\/pt-br\/entre-em-contato\/#primaryimage\"},\"thumbnailUrl\":\"https:\/\/prest-math.org\/wp-content\/uploads\/2020\/03\/prest-math-a-propos.jpg\",\"datePublished\":\"2020-03-24T18:46:59+00:00\",\"dateModified\":\"2024-03-27T13:36:25+00:00\",\"description\":\"\u00c0 la recherche de guides p\u00e9dagogiques et cahiers d'\u00e9l\u00e8ves offrant des ressources \u00e9ducatives \u00e0 l'ensemble des milieux scolaires? Contactez PREST-Math!\",\"breadcrumb\":{\"@id\":\"https:\/\/prest-math.org\/pt-br\/entre-em-contato\/#breadcrumb\"},\"inLanguage\":\"pt-BR\",\"potentialAction\":[{\"@type\":\"ReadAction\",\"target\":[\"https:\/\/prest-math.org\/pt-br\/entre-em-contato\/\"]}]},{\"@type\":\"ImageObject\",\"inLanguage\":\"pt-BR\",\"@id\":\"https:\/\/prest-math.org\/pt-br\/entre-em-contato\/#primaryimage\",\"url\":\"https:\/\/prest-math.org\/wp-content\/uploads\/2020\/03\/prest-math-a-propos.jpg\",\"contentUrl\":\"https:\/\/prest-math.org\/wp-content\/uploads\/2020\/03\/prest-math-a-propos.jpg\",\"width\":1637,\"height\":434},{\"@type\":\"BreadcrumbList\",\"@id\":\"https:\/\/prest-math.org\/pt-br\/entre-em-contato\/#breadcrumb\",\"itemListElement\":[{\"@type\":\"ListItem\",\"position\":1,\"name\":\"Accueil\",\"item\":\"https:\/\/prest-math.org\/pt-br\/\"},{\"@type\":\"ListItem\",\"position\":2,\"name\":\"ENTRE EM CONTATO\"}]},{\"@type\":\"WebSite\",\"@id\":\"https:\/\/prest-math.org\/#website\",\"url\":\"https:\/\/prest-math.org\/\",\"name\":\"PREST\",\"description\":\"\",\"publisher\":{\"@id\":\"https:\/\/prest-math.org\/#organization\"},\"potentialAction\":[{\"@type\":\"SearchAction\",\"target\":{\"@type\":\"EntryPoint\",\"urlTemplate\":\"https:\/\/prest-math.org\/?s={search_term_string}\"},\"query-input\":\"required name=search_term_string\"}],\"inLanguage\":\"pt-BR\"},{\"@type\":\"Organization\",\"@id\":\"https:\/\/prest-math.org\/#organization\",\"name\":\"PREST\",\"url\":\"https:\/\/prest-math.org\/\",\"logo\":{\"@type\":\"ImageObject\",\"inLanguage\":\"pt-BR\",\"@id\":\"https:\/\/prest-math.org\/#\/schema\/logo\/image\/\",\"url\":\"https:\/\/prest-math.org\/wp-content\/uploads\/2020\/03\/logo_prest-math.png\",\"contentUrl\":\"https:\/\/prest-math.org\/wp-content\/uploads\/2020\/03\/logo_prest-math.png\",\"width\":580,\"height\":54,\"caption\":\"PREST\"},\"image\":{\"@id\":\"https:\/\/prest-math.org\/#\/schema\/logo\/image\/\"}}]}<\/script>\n<!-- \/ Yoast SEO plugin. -->","yoast_head_json":{"title":"Contacter PREST-Math, guides p\u00e9dagogiques pour enseignants et \u00e9coles","description":"\u00c0 la recherche de guides p\u00e9dagogiques et cahiers d'\u00e9l\u00e8ves offrant des ressources \u00e9ducatives \u00e0 l'ensemble des milieux scolaires? Contactez PREST-Math!","robots":{"index":"index","follow":"follow","max-snippet":"max-snippet:-1","max-image-preview":"max-image-preview:large","max-video-preview":"max-video-preview:-1"},"canonical":"https:\/\/prest-math.org\/pt-br\/entre-em-contato\/","og_locale":"pt_BR","og_type":"article","og_title":"Contacter PREST-Math, guides p\u00e9dagogiques pour enseignants et \u00e9coles","og_description":"\u00c0 la recherche de guides p\u00e9dagogiques et cahiers d'\u00e9l\u00e8ves offrant des ressources \u00e9ducatives \u00e0 l'ensemble des milieux scolaires? Contactez PREST-Math!","og_url":"https:\/\/prest-math.org\/pt-br\/entre-em-contato\/","og_site_name":"PREST","article_modified_time":"2024-03-27T13:36:25+00:00","og_image":[{"width":1637,"height":434,"url":"https:\/\/prest-math.org\/wp-content\/uploads\/2020\/03\/prest-math-a-propos.jpg","type":"image\/jpeg"}],"twitter_card":"summary_large_image","schema":{"@context":"https:\/\/schema.org","@graph":[{"@type":"WebPage","@id":"https:\/\/prest-math.org\/pt-br\/entre-em-contato\/","url":"https:\/\/prest-math.org\/pt-br\/entre-em-contato\/","name":"Contacter PREST-Math, guides p\u00e9dagogiques pour enseignants et \u00e9coles","isPartOf":{"@id":"https:\/\/prest-math.org\/#website"},"primaryImageOfPage":{"@id":"https:\/\/prest-math.org\/pt-br\/entre-em-contato\/#primaryimage"},"image":{"@id":"https:\/\/prest-math.org\/pt-br\/entre-em-contato\/#primaryimage"},"thumbnailUrl":"https:\/\/prest-math.org\/wp-content\/uploads\/2020\/03\/prest-math-a-propos.jpg","datePublished":"2020-03-24T18:46:59+00:00","dateModified":"2024-03-27T13:36:25+00:00","description":"\u00c0 la recherche de guides p\u00e9dagogiques et cahiers d'\u00e9l\u00e8ves offrant des ressources \u00e9ducatives \u00e0 l'ensemble des milieux scolaires? Contactez PREST-Math!","breadcrumb":{"@id":"https:\/\/prest-math.org\/pt-br\/entre-em-contato\/#breadcrumb"},"inLanguage":"pt-BR","potentialAction":[{"@type":"ReadAction","target":["https:\/\/prest-math.org\/pt-br\/entre-em-contato\/"]}]},{"@type":"ImageObject","inLanguage":"pt-BR","@id":"https:\/\/prest-math.org\/pt-br\/entre-em-contato\/#primaryimage","url":"https:\/\/prest-math.org\/wp-content\/uploads\/2020\/03\/prest-math-a-propos.jpg","contentUrl":"https:\/\/prest-math.org\/wp-content\/uploads\/2020\/03\/prest-math-a-propos.jpg","width":1637,"height":434},{"@type":"BreadcrumbList","@id":"https:\/\/prest-math.org\/pt-br\/entre-em-contato\/#breadcrumb","itemListElement":[{"@type":"ListItem","position":1,"name":"Accueil","item":"https:\/\/prest-math.org\/pt-br\/"},{"@type":"ListItem","position":2,"name":"ENTRE EM CONTATO"}]},{"@type":"WebSite","@id":"https:\/\/prest-math.org\/#website","url":"https:\/\/prest-math.org\/","name":"PREST","description":"","publisher":{"@id":"https:\/\/prest-math.org\/#organization"},"potentialAction":[{"@type":"SearchAction","target":{"@type":"EntryPoint","urlTemplate":"https:\/\/prest-math.org\/?s={search_term_string}"},"query-input":"required name=search_term_string"}],"inLanguage":"pt-BR"},{"@type":"Organization","@id":"https:\/\/prest-math.org\/#organization","name":"PREST","url":"https:\/\/prest-math.org\/","logo":{"@type":"ImageObject","inLanguage":"pt-BR","@id":"https:\/\/prest-math.org\/#\/schema\/logo\/image\/","url":"https:\/\/prest-math.org\/wp-content\/uploads\/2020\/03\/logo_prest-math.png","contentUrl":"https:\/\/prest-math.org\/wp-content\/uploads\/2020\/03\/logo_prest-math.png","width":580,"height":54,"caption":"PREST"},"image":{"@id":"https:\/\/prest-math.org\/#\/schema\/logo\/image\/"}}]}},"_links":{"self":[{"href":"https:\/\/prest-math.org\/pt-br\/wp-json\/wp\/v2\/pages\/2043"}],"collection":[{"href":"https:\/\/prest-math.org\/pt-br\/wp-json\/wp\/v2\/pages"}],"about":[{"href":"https:\/\/prest-math.org\/pt-br\/wp-json\/wp\/v2\/types\/page"}],"author":[{"embeddable":true,"href":"https:\/\/prest-math.org\/pt-br\/wp-json\/wp\/v2\/users\/1"}],"replies":[{"embeddable":true,"href":"https:\/\/prest-math.org\/pt-br\/wp-json\/wp\/v2\/comments?post=2043"}],"version-history":[{"count":5,"href":"https:\/\/prest-math.org\/pt-br\/wp-json\/wp\/v2\/pages\/2043\/revisions"}],"predecessor-version":[{"id":2095,"href":"https:\/\/prest-math.org\/pt-br\/wp-json\/wp\/v2\/pages\/2043\/revisions\/2095"}],"wp:featuredmedia":[{"embeddable":true,"href":"https:\/\/prest-math.org\/pt-br\/wp-json\/wp\/v2\/media\/1845"}],"wp:attachment":[{"href":"https:\/\/prest-math.org\/pt-br\/wp-json\/wp\/v2\/media?parent=2043"}],"curies":[{"name":"wp","href":"https:\/\/api.w.org\/{rel}","templated":true}]}}