{"id":2047,"date":"2020-03-25T16:28:26","date_gmt":"2020-03-25T20:28:26","guid":{"rendered":"https:\/\/prest-math.org\/inscripcion-conexion\/"},"modified":"2024-03-28T11:17:34","modified_gmt":"2024-03-28T15:17:34","slug":"conexao","status":"publish","type":"page","link":"https:\/\/prest-math.org\/pt-br\/conexao\/","title":{"rendered":"Conex\u00e3o"},"content":{"rendered":"<p><strong>Conex\u00e3o<\/strong><\/p>\n<h6><a href=\"https:\/\/moodle.prest-math.org\/login\/index.php\" target=\"_blank\" rel=\"noopener\">Conecte-se<\/a><\/h6>\n","protected":false},"excerpt":{"rendered":"<p>Conex\u00e3o Conecte-se<\/p>\n","protected":false},"author":1,"featured_media":1845,"parent":0,"menu_order":50,"comment_status":"closed","ping_status":"closed","template":"page-inscription-connexion.php","meta":{"_acf_changed":false,"footnotes":""},"acf":[],"yoast_head":"<!-- This site is optimized with the Yoast SEO plugin v22.5 - https:\/\/yoast.com\/wordpress\/plugins\/seo\/ -->\n<title>PREST-Math guides p\u00e9dagogiques, inscription et connexion<\/title>\n<meta name=\"description\" content=\"Connectez-vous aux ressources p\u00e9dagogiques PREST-Math, guides p\u00e9dagogiques et cahiers d&#039;\u00e9l\u00e8ves pour enseignants et l&#039;ensemble des milieux scolaires.\" \/>\n<meta name=\"robots\" content=\"index, follow, max-snippet:-1, max-image-preview:large, max-video-preview:-1\" \/>\n<link rel=\"canonical\" href=\"https:\/\/prest-math.org\/pt-br\/conexao\/\" \/>\n<meta property=\"og:locale\" content=\"pt_BR\" \/>\n<meta property=\"og:type\" content=\"article\" \/>\n<meta property=\"og:title\" content=\"PREST-Math guides p\u00e9dagogiques, inscription et connexion\" \/>\n<meta property=\"og:description\" content=\"Connectez-vous aux ressources p\u00e9dagogiques PREST-Math, guides p\u00e9dagogiques et cahiers d&#039;\u00e9l\u00e8ves pour enseignants et l&#039;ensemble des milieux scolaires.\" \/>\n<meta property=\"og:url\" content=\"https:\/\/prest-math.org\/pt-br\/conexao\/\" \/>\n<meta property=\"og:site_name\" content=\"PREST\" \/>\n<meta property=\"article:modified_time\" content=\"2024-03-28T15:17:34+00:00\" \/>\n<meta property=\"og:image\" content=\"https:\/\/prest-math.org\/wp-content\/uploads\/2020\/03\/prest-math-a-propos.jpg\" \/>\n\t<meta property=\"og:image:width\" content=\"1637\" \/>\n\t<meta property=\"og:image:height\" content=\"434\" \/>\n\t<meta property=\"og:image:type\" content=\"image\/jpeg\" \/>\n<meta name=\"twitter:card\" content=\"summary_large_image\" \/>\n<script type=\"application\/ld+json\" class=\"yoast-schema-graph\">{\"@context\":\"https:\/\/schema.org\",\"@graph\":[{\"@type\":\"WebPage\",\"@id\":\"https:\/\/prest-math.org\/pt-br\/conexao\/\",\"url\":\"https:\/\/prest-math.org\/pt-br\/conexao\/\",\"name\":\"PREST-Math guides p\u00e9dagogiques, inscription et connexion\",\"isPartOf\":{\"@id\":\"https:\/\/prest-math.org\/#website\"},\"primaryImageOfPage\":{\"@id\":\"https:\/\/prest-math.org\/pt-br\/conexao\/#primaryimage\"},\"image\":{\"@id\":\"https:\/\/prest-math.org\/pt-br\/conexao\/#primaryimage\"},\"thumbnailUrl\":\"https:\/\/prest-math.org\/wp-content\/uploads\/2020\/03\/prest-math-a-propos.jpg\",\"datePublished\":\"2020-03-25T20:28:26+00:00\",\"dateModified\":\"2024-03-28T15:17:34+00:00\",\"description\":\"Connectez-vous aux ressources p\u00e9dagogiques PREST-Math, guides p\u00e9dagogiques et cahiers d'\u00e9l\u00e8ves pour enseignants et l'ensemble des milieux scolaires.\",\"breadcrumb\":{\"@id\":\"https:\/\/prest-math.org\/pt-br\/conexao\/#breadcrumb\"},\"inLanguage\":\"pt-BR\",\"potentialAction\":[{\"@type\":\"ReadAction\",\"target\":[\"https:\/\/prest-math.org\/pt-br\/conexao\/\"]}]},{\"@type\":\"ImageObject\",\"inLanguage\":\"pt-BR\",\"@id\":\"https:\/\/prest-math.org\/pt-br\/conexao\/#primaryimage\",\"url\":\"https:\/\/prest-math.org\/wp-content\/uploads\/2020\/03\/prest-math-a-propos.jpg\",\"contentUrl\":\"https:\/\/prest-math.org\/wp-content\/uploads\/2020\/03\/prest-math-a-propos.jpg\",\"width\":1637,\"height\":434},{\"@type\":\"BreadcrumbList\",\"@id\":\"https:\/\/prest-math.org\/pt-br\/conexao\/#breadcrumb\",\"itemListElement\":[{\"@type\":\"ListItem\",\"position\":1,\"name\":\"Accueil\",\"item\":\"https:\/\/prest-math.org\/pt-br\/\"},{\"@type\":\"ListItem\",\"position\":2,\"name\":\"Conex\u00e3o\"}]},{\"@type\":\"WebSite\",\"@id\":\"https:\/\/prest-math.org\/#website\",\"url\":\"https:\/\/prest-math.org\/\",\"name\":\"PREST\",\"description\":\"\",\"publisher\":{\"@id\":\"https:\/\/prest-math.org\/#organization\"},\"potentialAction\":[{\"@type\":\"SearchAction\",\"target\":{\"@type\":\"EntryPoint\",\"urlTemplate\":\"https:\/\/prest-math.org\/?s={search_term_string}\"},\"query-input\":\"required name=search_term_string\"}],\"inLanguage\":\"pt-BR\"},{\"@type\":\"Organization\",\"@id\":\"https:\/\/prest-math.org\/#organization\",\"name\":\"PREST\",\"url\":\"https:\/\/prest-math.org\/\",\"logo\":{\"@type\":\"ImageObject\",\"inLanguage\":\"pt-BR\",\"@id\":\"https:\/\/prest-math.org\/#\/schema\/logo\/image\/\",\"url\":\"https:\/\/prest-math.org\/wp-content\/uploads\/2020\/03\/logo_prest-math.png\",\"contentUrl\":\"https:\/\/prest-math.org\/wp-content\/uploads\/2020\/03\/logo_prest-math.png\",\"width\":580,\"height\":54,\"caption\":\"PREST\"},\"image\":{\"@id\":\"https:\/\/prest-math.org\/#\/schema\/logo\/image\/\"}}]}<\/script>\n<!-- \/ Yoast SEO plugin. -->","yoast_head_json":{"title":"PREST-Math guides p\u00e9dagogiques, inscription et connexion","description":"Connectez-vous aux ressources p\u00e9dagogiques PREST-Math, guides p\u00e9dagogiques et cahiers d'\u00e9l\u00e8ves pour enseignants et l'ensemble des milieux scolaires.","robots":{"index":"index","follow":"follow","max-snippet":"max-snippet:-1","max-image-preview":"max-image-preview:large","max-video-preview":"max-video-preview:-1"},"canonical":"https:\/\/prest-math.org\/pt-br\/conexao\/","og_locale":"pt_BR","og_type":"article","og_title":"PREST-Math guides p\u00e9dagogiques, inscription et connexion","og_description":"Connectez-vous aux ressources p\u00e9dagogiques PREST-Math, guides p\u00e9dagogiques et cahiers d'\u00e9l\u00e8ves pour enseignants et l'ensemble des milieux scolaires.","og_url":"https:\/\/prest-math.org\/pt-br\/conexao\/","og_site_name":"PREST","article_modified_time":"2024-03-28T15:17:34+00:00","og_image":[{"width":1637,"height":434,"url":"https:\/\/prest-math.org\/wp-content\/uploads\/2020\/03\/prest-math-a-propos.jpg","type":"image\/jpeg"}],"twitter_card":"summary_large_image","schema":{"@context":"https:\/\/schema.org","@graph":[{"@type":"WebPage","@id":"https:\/\/prest-math.org\/pt-br\/conexao\/","url":"https:\/\/prest-math.org\/pt-br\/conexao\/","name":"PREST-Math guides p\u00e9dagogiques, inscription et connexion","isPartOf":{"@id":"https:\/\/prest-math.org\/#website"},"primaryImageOfPage":{"@id":"https:\/\/prest-math.org\/pt-br\/conexao\/#primaryimage"},"image":{"@id":"https:\/\/prest-math.org\/pt-br\/conexao\/#primaryimage"},"thumbnailUrl":"https:\/\/prest-math.org\/wp-content\/uploads\/2020\/03\/prest-math-a-propos.jpg","datePublished":"2020-03-25T20:28:26+00:00","dateModified":"2024-03-28T15:17:34+00:00","description":"Connectez-vous aux ressources p\u00e9dagogiques PREST-Math, guides p\u00e9dagogiques et cahiers d'\u00e9l\u00e8ves pour enseignants et l'ensemble des milieux scolaires.","breadcrumb":{"@id":"https:\/\/prest-math.org\/pt-br\/conexao\/#breadcrumb"},"inLanguage":"pt-BR","potentialAction":[{"@type":"ReadAction","target":["https:\/\/prest-math.org\/pt-br\/conexao\/"]}]},{"@type":"ImageObject","inLanguage":"pt-BR","@id":"https:\/\/prest-math.org\/pt-br\/conexao\/#primaryimage","url":"https:\/\/prest-math.org\/wp-content\/uploads\/2020\/03\/prest-math-a-propos.jpg","contentUrl":"https:\/\/prest-math.org\/wp-content\/uploads\/2020\/03\/prest-math-a-propos.jpg","width":1637,"height":434},{"@type":"BreadcrumbList","@id":"https:\/\/prest-math.org\/pt-br\/conexao\/#breadcrumb","itemListElement":[{"@type":"ListItem","position":1,"name":"Accueil","item":"https:\/\/prest-math.org\/pt-br\/"},{"@type":"ListItem","position":2,"name":"Conex\u00e3o"}]},{"@type":"WebSite","@id":"https:\/\/prest-math.org\/#website","url":"https:\/\/prest-math.org\/","name":"PREST","description":"","publisher":{"@id":"https:\/\/prest-math.org\/#organization"},"potentialAction":[{"@type":"SearchAction","target":{"@type":"EntryPoint","urlTemplate":"https:\/\/prest-math.org\/?s={search_term_string}"},"query-input":"required name=search_term_string"}],"inLanguage":"pt-BR"},{"@type":"Organization","@id":"https:\/\/prest-math.org\/#organization","name":"PREST","url":"https:\/\/prest-math.org\/","logo":{"@type":"ImageObject","inLanguage":"pt-BR","@id":"https:\/\/prest-math.org\/#\/schema\/logo\/image\/","url":"https:\/\/prest-math.org\/wp-content\/uploads\/2020\/03\/logo_prest-math.png","contentUrl":"https:\/\/prest-math.org\/wp-content\/uploads\/2020\/03\/logo_prest-math.png","width":580,"height":54,"caption":"PREST"},"image":{"@id":"https:\/\/prest-math.org\/#\/schema\/logo\/image\/"}}]}},"_links":{"self":[{"href":"https:\/\/prest-math.org\/pt-br\/wp-json\/wp\/v2\/pages\/2047"}],"collection":[{"href":"https:\/\/prest-math.org\/pt-br\/wp-json\/wp\/v2\/pages"}],"about":[{"href":"https:\/\/prest-math.org\/pt-br\/wp-json\/wp\/v2\/types\/page"}],"author":[{"embeddable":true,"href":"https:\/\/prest-math.org\/pt-br\/wp-json\/wp\/v2\/users\/1"}],"replies":[{"embeddable":true,"href":"https:\/\/prest-math.org\/pt-br\/wp-json\/wp\/v2\/comments?post=2047"}],"version-history":[{"count":4,"href":"https:\/\/prest-math.org\/pt-br\/wp-json\/wp\/v2\/pages\/2047\/revisions"}],"predecessor-version":[{"id":2172,"href":"https:\/\/prest-math.org\/pt-br\/wp-json\/wp\/v2\/pages\/2047\/revisions\/2172"}],"wp:featuredmedia":[{"embeddable":true,"href":"https:\/\/prest-math.org\/pt-br\/wp-json\/wp\/v2\/media\/1845"}],"wp:attachment":[{"href":"https:\/\/prest-math.org\/pt-br\/wp-json\/wp\/v2\/media?parent=2047"}],"curies":[{"name":"wp","href":"https:\/\/api.w.org\/{rel}","templated":true}]}}