{"id":2050,"date":"2020-03-23T18:34:14","date_gmt":"2020-03-23T17:34:14","guid":{"rendered":"https:\/\/prest-math.org\/politica-de-confidencialidad\/"},"modified":"2024-03-27T09:24:54","modified_gmt":"2024-03-27T13:24:54","slug":"politica-de-confidencialidade","status":"publish","type":"page","link":"https:\/\/prest-math.org\/pt-br\/politica-de-confidencialidade\/","title":{"rendered":"Pol\u00edtica de confidencialidade"},"content":{"rendered":"<h1>Pol\u00edtica de confidencialidade<\/h1>\n<p><strong>Introdu\u00e7\u00e3o<\/strong><br \/>\nDado o desenvolvimento de novas ferramentas de comunica\u00e7\u00e3o, \u00e9 necess\u00e1rio prestar especial aten\u00e7\u00e3o \u00e0 protec\u00e7\u00e3o da privacidade. \u00c9 por isso que estamos empenhados em respeitar a confidencialidade das informa\u00e7\u00f5es pessoais que recolhemos.<\/p>\n<hr \/>\n<h3>Coleta de informa\u00e7\u00f5es pessoais<\/h3>\n<ul>\n<li>\n<p>Sobrenome<\/p>\n<\/li>\n<li>\n<p>Nome<\/p>\n<\/li>\n<li>\n<p>Correio eletr\u00f4nico<\/p>\n<\/li>\n<li>\n<p>N\u00famero de telefone<\/p>\n<p>As informa\u00e7\u00f5es pessoais que coletamos s\u00e3o capturadas por meio de formul\u00e1rios e da interatividade entre voc\u00ea e nosso site. Tamb\u00e9m utilizamos, conforme indicado na se\u00e7\u00e3o a seguir, cookies e\/ou registros para coletar informa\u00e7\u00f5es sobre voc\u00ea.<\/p>\n<\/li>\n<\/ul>\n<hr \/>\n<h3>Formul\u00e1rios e interatividade<\/h3>\n<p>A sua informa\u00e7\u00e3o pessoal \u00e9 recolhida atrav\u00e9s de formul\u00e1rios, nomeadamente:<\/p>\n<ul>\n<li>Formul\u00e1rio de solicita\u00e7\u00e3o de informa\u00e7\u00f5es<\/li>\n<li>Formul\u00e1rio de Candidatura a Emprego<\/li>\n<li>Formul\u00e1rio de solicita\u00e7\u00e3o de reuni\u00e3o<\/li>\n<\/ul>\n<p>Utilizamos as informa\u00e7\u00f5es assim coletadas para os seguintes fins:<\/p>\n<ul>\n<li>Contato<\/li>\n<li>Gerenciamento de sites WEB<\/li>\n<li>Rastreamento de clientes<\/li>\n<\/ul>\n<hr \/>\n<h3>Arquivos de log e cookies<\/h3>\n<p>Coletamos informa\u00e7\u00f5es atrav\u00e9s de arquivos de log e cookies:<\/p>\n<h3>Dados anal\u00edticos an\u00f4nimos<\/h3>\n<p>Utilizamos ferramentas de recupera\u00e7\u00e3o de dados an\u00f4nimos, como origem, tipo de navegador utilizado, n\u00famero de visualiza\u00e7\u00f5es de p\u00e1ginas, para melhorar nosso site e lhe fornecer um melhor servi\u00e7o.<\/p>\n<ul>\n<li>Google Analytics &#8211; <a href=\"https:\/\/policies.google.com\/privacy?hl=fr\">Pol\u00edtica de Privacidade do Google<\/a><\/li>\n<li>Remarketing (publicidade)<\/li>\n<li>Estes dados permitem-nos exibir publicidade noutros sites com base nos seus interesses quando navega no nosso site. Voc\u00ea pode retirar essas informa\u00e7\u00f5es a qualquer momento seguindo o procedimento \u2013 <a href=\"https:\/\/policies.google.com\/privacy?hl=es\">Pol\u00edtica de Privacidade do Google<\/a><\/li>\n<\/ul>\n<p>O uso de tais arquivos nos permite:<\/p>\n<ul>\n<li>Obtenha estat\u00edsticas an\u00f4nimas sobre o uso do site.<\/li>\n<li>Melhore a qualidade do conte\u00fado, a exibi\u00e7\u00e3o e o desempenho do site.<\/li>\n<\/ul>\n<ul>\n<li>\u00a0<\/li>\n<\/ul>\n<hr \/>\n<h3>Direito de oposi\u00e7\u00e3o e retirada.<\/h3>\n<p>Estamos empenhados em oferecer-lhe o direito de se opor e remover as suas informa\u00e7\u00f5es pessoais. O direito de oposi\u00e7\u00e3o \u00e9 entendido como a possibilidade oferecida aos internautas de rejeitar a utiliza\u00e7\u00e3o de suas informa\u00e7\u00f5es pessoais para determinados fins mencionados durante a coleta.<\/p>\n<p>Entende-se por direito de rescis\u00e3o a possibilidade oferecida aos internautas de solicitar que os seus dados pessoais deixem de aparecer, por exemplo, numa mailing list.<\/p>\n<p>Para exercer estes direitos, voc\u00ea pode nos escrever:<\/p>\n<p>2121, 119e Rue Est Saint-Georges (Qu\u00e9bec) G5Y 5S1<br \/>\ne-mail: info@prest-math.org<\/p>\n<hr \/>\n<h3>Direito de acesso<\/h3>\n<p>Assumimos o compromisso de reconhecer o direito de acesso e retifica\u00e7\u00e3o aos interessados \u200b\u200bque pretendam consultar, modificar ou mesmo eliminar informa\u00e7\u00f5es sobre os mesmos.<\/p>\n<p>O exerc\u00edcio deste direito far-se-\u00e1 por escrito ou por telefone:<\/p>\n<p>2121, 119e Rue Est Saint-Georges (Qu\u00e9bec) G5Y 5S1<br \/>\ne-mail: info@prest-math.org<\/p>\n<hr \/>\n<h3>Seguran\u00e7a<\/h3>\n<p>As informa\u00e7\u00f5es pessoais que coletamos s\u00e3o mantidas em um ambiente seguro. As pessoas que trabalham para n\u00f3s devem respeitar a confidencialidade das suas informa\u00e7\u00f5es.<\/p>\n<p>Para garantir a seguran\u00e7a das suas informa\u00e7\u00f5es pessoais, utilizamos as seguintes medidas:<\/p>\n<ul>\n<li>Protocolo SSL (Secure Sockets Layer)<\/li>\n<li>Backup de dados<\/li>\n<li>Usu\u00e1rio senha<\/li>\n<li>Firewalls<\/li>\n<\/ul>\n<p>Estamos empenhados em manter um elevado grau de confidencialidade, incorporando as mais recentes inova\u00e7\u00f5es tecnol\u00f3gicas para garantir a confidencialidade das suas transa\u00e7\u00f5es. Por\u00e9m, como nenhum mecanismo oferece seguran\u00e7a m\u00e1xima, existe sempre um risco ao utilizar a Internet para transmitir informa\u00e7\u00f5es pessoais.<\/p>\n","protected":false},"excerpt":{"rendered":"<p>Pol\u00edtica de confidencialidade Introdu\u00e7\u00e3o Dado o desenvolvimento de novas ferramentas de comunica\u00e7\u00e3o, \u00e9 necess\u00e1rio prestar especial aten\u00e7\u00e3o \u00e0 protec\u00e7\u00e3o da privacidade. \u00c9 por isso que estamos empenhados em respeitar a confidencialidade das informa\u00e7\u00f5es pessoais que recolhemos. Coleta de informa\u00e7\u00f5es pessoais Sobrenome Nome Correio eletr\u00f4nico N\u00famero de telefone As informa\u00e7\u00f5es pessoais que coletamos s\u00e3o capturadas por [&hellip;]<\/p>\n","protected":false},"author":1,"featured_media":1845,"parent":0,"menu_order":100,"comment_status":"closed","ping_status":"open","template":"","meta":{"_acf_changed":false,"footnotes":""},"acf":[],"yoast_head":"<!-- This site is optimized with the Yoast SEO plugin v22.5 - https:\/\/yoast.com\/wordpress\/plugins\/seo\/ -->\n<title>Politique de confidentialit\u00e9 | PREST-Math, guides p\u00e9dagogiques<\/title>\n<meta name=\"description\" content=\"Politique de confidentialit\u00e9 de PREST-Math, ressources p\u00e9dagogiques, cahiers d&#039;\u00e9l\u00e8ves, livres scolaires pour enseignants, \u00e9coles et milieux scolaires.\" \/>\n<meta name=\"robots\" content=\"index, follow, max-snippet:-1, max-image-preview:large, max-video-preview:-1\" \/>\n<link rel=\"canonical\" href=\"https:\/\/prest-math.org\/pt-br\/politica-de-confidencialidade\/\" \/>\n<meta property=\"og:locale\" content=\"pt_BR\" \/>\n<meta property=\"og:type\" content=\"article\" \/>\n<meta property=\"og:title\" content=\"Politique de confidentialit\u00e9 | PREST-Math, guides p\u00e9dagogiques\" \/>\n<meta property=\"og:description\" content=\"Politique de confidentialit\u00e9 de PREST-Math, ressources p\u00e9dagogiques, cahiers d&#039;\u00e9l\u00e8ves, livres scolaires pour enseignants, \u00e9coles et milieux scolaires.\" \/>\n<meta property=\"og:url\" content=\"https:\/\/prest-math.org\/pt-br\/politica-de-confidencialidade\/\" \/>\n<meta property=\"og:site_name\" content=\"PREST\" \/>\n<meta property=\"article:modified_time\" content=\"2024-03-27T13:24:54+00:00\" \/>\n<meta property=\"og:image\" content=\"https:\/\/prest-math.org\/wp-content\/uploads\/2020\/03\/prest-math-a-propos.jpg\" \/>\n\t<meta property=\"og:image:width\" content=\"1637\" \/>\n\t<meta property=\"og:image:height\" content=\"434\" \/>\n\t<meta property=\"og:image:type\" content=\"image\/jpeg\" \/>\n<meta name=\"twitter:card\" content=\"summary_large_image\" \/>\n<meta name=\"twitter:label1\" content=\"Est. tempo de leitura\" \/>\n\t<meta name=\"twitter:data1\" content=\"3 minutos\" \/>\n<script type=\"application\/ld+json\" class=\"yoast-schema-graph\">{\"@context\":\"https:\/\/schema.org\",\"@graph\":[{\"@type\":\"WebPage\",\"@id\":\"https:\/\/prest-math.org\/pt-br\/politica-de-confidencialidade\/\",\"url\":\"https:\/\/prest-math.org\/pt-br\/politica-de-confidencialidade\/\",\"name\":\"Politique de confidentialit\u00e9 | PREST-Math, guides p\u00e9dagogiques\",\"isPartOf\":{\"@id\":\"https:\/\/prest-math.org\/#website\"},\"primaryImageOfPage\":{\"@id\":\"https:\/\/prest-math.org\/pt-br\/politica-de-confidencialidade\/#primaryimage\"},\"image\":{\"@id\":\"https:\/\/prest-math.org\/pt-br\/politica-de-confidencialidade\/#primaryimage\"},\"thumbnailUrl\":\"https:\/\/prest-math.org\/wp-content\/uploads\/2020\/03\/prest-math-a-propos.jpg\",\"datePublished\":\"2020-03-23T17:34:14+00:00\",\"dateModified\":\"2024-03-27T13:24:54+00:00\",\"description\":\"Politique de confidentialit\u00e9 de PREST-Math, ressources p\u00e9dagogiques, cahiers d'\u00e9l\u00e8ves, livres scolaires pour enseignants, \u00e9coles et milieux scolaires.\",\"breadcrumb\":{\"@id\":\"https:\/\/prest-math.org\/pt-br\/politica-de-confidencialidade\/#breadcrumb\"},\"inLanguage\":\"pt-BR\",\"potentialAction\":[{\"@type\":\"ReadAction\",\"target\":[\"https:\/\/prest-math.org\/pt-br\/politica-de-confidencialidade\/\"]}]},{\"@type\":\"ImageObject\",\"inLanguage\":\"pt-BR\",\"@id\":\"https:\/\/prest-math.org\/pt-br\/politica-de-confidencialidade\/#primaryimage\",\"url\":\"https:\/\/prest-math.org\/wp-content\/uploads\/2020\/03\/prest-math-a-propos.jpg\",\"contentUrl\":\"https:\/\/prest-math.org\/wp-content\/uploads\/2020\/03\/prest-math-a-propos.jpg\",\"width\":1637,\"height\":434},{\"@type\":\"BreadcrumbList\",\"@id\":\"https:\/\/prest-math.org\/pt-br\/politica-de-confidencialidade\/#breadcrumb\",\"itemListElement\":[{\"@type\":\"ListItem\",\"position\":1,\"name\":\"Accueil\",\"item\":\"https:\/\/prest-math.org\/pt-br\/\"},{\"@type\":\"ListItem\",\"position\":2,\"name\":\"Pol\u00edtica de confidencialidade\"}]},{\"@type\":\"WebSite\",\"@id\":\"https:\/\/prest-math.org\/#website\",\"url\":\"https:\/\/prest-math.org\/\",\"name\":\"PREST\",\"description\":\"\",\"publisher\":{\"@id\":\"https:\/\/prest-math.org\/#organization\"},\"potentialAction\":[{\"@type\":\"SearchAction\",\"target\":{\"@type\":\"EntryPoint\",\"urlTemplate\":\"https:\/\/prest-math.org\/?s={search_term_string}\"},\"query-input\":\"required name=search_term_string\"}],\"inLanguage\":\"pt-BR\"},{\"@type\":\"Organization\",\"@id\":\"https:\/\/prest-math.org\/#organization\",\"name\":\"PREST\",\"url\":\"https:\/\/prest-math.org\/\",\"logo\":{\"@type\":\"ImageObject\",\"inLanguage\":\"pt-BR\",\"@id\":\"https:\/\/prest-math.org\/#\/schema\/logo\/image\/\",\"url\":\"https:\/\/prest-math.org\/wp-content\/uploads\/2020\/03\/logo_prest-math.png\",\"contentUrl\":\"https:\/\/prest-math.org\/wp-content\/uploads\/2020\/03\/logo_prest-math.png\",\"width\":580,\"height\":54,\"caption\":\"PREST\"},\"image\":{\"@id\":\"https:\/\/prest-math.org\/#\/schema\/logo\/image\/\"}}]}<\/script>\n<!-- \/ Yoast SEO plugin. -->","yoast_head_json":{"title":"Politique de confidentialit\u00e9 | PREST-Math, guides p\u00e9dagogiques","description":"Politique de confidentialit\u00e9 de PREST-Math, ressources p\u00e9dagogiques, cahiers d'\u00e9l\u00e8ves, livres scolaires pour enseignants, \u00e9coles et milieux scolaires.","robots":{"index":"index","follow":"follow","max-snippet":"max-snippet:-1","max-image-preview":"max-image-preview:large","max-video-preview":"max-video-preview:-1"},"canonical":"https:\/\/prest-math.org\/pt-br\/politica-de-confidencialidade\/","og_locale":"pt_BR","og_type":"article","og_title":"Politique de confidentialit\u00e9 | PREST-Math, guides p\u00e9dagogiques","og_description":"Politique de confidentialit\u00e9 de PREST-Math, ressources p\u00e9dagogiques, cahiers d'\u00e9l\u00e8ves, livres scolaires pour enseignants, \u00e9coles et milieux scolaires.","og_url":"https:\/\/prest-math.org\/pt-br\/politica-de-confidencialidade\/","og_site_name":"PREST","article_modified_time":"2024-03-27T13:24:54+00:00","og_image":[{"width":1637,"height":434,"url":"https:\/\/prest-math.org\/wp-content\/uploads\/2020\/03\/prest-math-a-propos.jpg","type":"image\/jpeg"}],"twitter_card":"summary_large_image","twitter_misc":{"Est. tempo de leitura":"3 minutos"},"schema":{"@context":"https:\/\/schema.org","@graph":[{"@type":"WebPage","@id":"https:\/\/prest-math.org\/pt-br\/politica-de-confidencialidade\/","url":"https:\/\/prest-math.org\/pt-br\/politica-de-confidencialidade\/","name":"Politique de confidentialit\u00e9 | PREST-Math, guides p\u00e9dagogiques","isPartOf":{"@id":"https:\/\/prest-math.org\/#website"},"primaryImageOfPage":{"@id":"https:\/\/prest-math.org\/pt-br\/politica-de-confidencialidade\/#primaryimage"},"image":{"@id":"https:\/\/prest-math.org\/pt-br\/politica-de-confidencialidade\/#primaryimage"},"thumbnailUrl":"https:\/\/prest-math.org\/wp-content\/uploads\/2020\/03\/prest-math-a-propos.jpg","datePublished":"2020-03-23T17:34:14+00:00","dateModified":"2024-03-27T13:24:54+00:00","description":"Politique de confidentialit\u00e9 de PREST-Math, ressources p\u00e9dagogiques, cahiers d'\u00e9l\u00e8ves, livres scolaires pour enseignants, \u00e9coles et milieux scolaires.","breadcrumb":{"@id":"https:\/\/prest-math.org\/pt-br\/politica-de-confidencialidade\/#breadcrumb"},"inLanguage":"pt-BR","potentialAction":[{"@type":"ReadAction","target":["https:\/\/prest-math.org\/pt-br\/politica-de-confidencialidade\/"]}]},{"@type":"ImageObject","inLanguage":"pt-BR","@id":"https:\/\/prest-math.org\/pt-br\/politica-de-confidencialidade\/#primaryimage","url":"https:\/\/prest-math.org\/wp-content\/uploads\/2020\/03\/prest-math-a-propos.jpg","contentUrl":"https:\/\/prest-math.org\/wp-content\/uploads\/2020\/03\/prest-math-a-propos.jpg","width":1637,"height":434},{"@type":"BreadcrumbList","@id":"https:\/\/prest-math.org\/pt-br\/politica-de-confidencialidade\/#breadcrumb","itemListElement":[{"@type":"ListItem","position":1,"name":"Accueil","item":"https:\/\/prest-math.org\/pt-br\/"},{"@type":"ListItem","position":2,"name":"Pol\u00edtica de confidencialidade"}]},{"@type":"WebSite","@id":"https:\/\/prest-math.org\/#website","url":"https:\/\/prest-math.org\/","name":"PREST","description":"","publisher":{"@id":"https:\/\/prest-math.org\/#organization"},"potentialAction":[{"@type":"SearchAction","target":{"@type":"EntryPoint","urlTemplate":"https:\/\/prest-math.org\/?s={search_term_string}"},"query-input":"required name=search_term_string"}],"inLanguage":"pt-BR"},{"@type":"Organization","@id":"https:\/\/prest-math.org\/#organization","name":"PREST","url":"https:\/\/prest-math.org\/","logo":{"@type":"ImageObject","inLanguage":"pt-BR","@id":"https:\/\/prest-math.org\/#\/schema\/logo\/image\/","url":"https:\/\/prest-math.org\/wp-content\/uploads\/2020\/03\/logo_prest-math.png","contentUrl":"https:\/\/prest-math.org\/wp-content\/uploads\/2020\/03\/logo_prest-math.png","width":580,"height":54,"caption":"PREST"},"image":{"@id":"https:\/\/prest-math.org\/#\/schema\/logo\/image\/"}}]}},"_links":{"self":[{"href":"https:\/\/prest-math.org\/pt-br\/wp-json\/wp\/v2\/pages\/2050"}],"collection":[{"href":"https:\/\/prest-math.org\/pt-br\/wp-json\/wp\/v2\/pages"}],"about":[{"href":"https:\/\/prest-math.org\/pt-br\/wp-json\/wp\/v2\/types\/page"}],"author":[{"embeddable":true,"href":"https:\/\/prest-math.org\/pt-br\/wp-json\/wp\/v2\/users\/1"}],"replies":[{"embeddable":true,"href":"https:\/\/prest-math.org\/pt-br\/wp-json\/wp\/v2\/comments?post=2050"}],"version-history":[{"count":3,"href":"https:\/\/prest-math.org\/pt-br\/wp-json\/wp\/v2\/pages\/2050\/revisions"}],"predecessor-version":[{"id":2091,"href":"https:\/\/prest-math.org\/pt-br\/wp-json\/wp\/v2\/pages\/2050\/revisions\/2091"}],"wp:featuredmedia":[{"embeddable":true,"href":"https:\/\/prest-math.org\/pt-br\/wp-json\/wp\/v2\/media\/1845"}],"wp:attachment":[{"href":"https:\/\/prest-math.org\/pt-br\/wp-json\/wp\/v2\/media?parent=2050"}],"curies":[{"name":"wp","href":"https:\/\/api.w.org\/{rel}","templated":true}]}}